{"id":49472,"date":"2025-12-05T20:47:52","date_gmt":"2026-04-29T11:25:39","guid":{"rendered":"https:\/\/chrisopigi.gr\/product\/eukalyptus-5ml\/"},"modified":"2026-04-29T14:25:39","modified_gmt":"2026-04-29T11:25:39","slug":"eukalyptus-5ml","status":"publish","type":"product","link":"https:\/\/chrisopigi.gr\/de\/product\/eukalyptus-5ml\/","title":{"rendered":"Eukalyptus 5ml"},"content":{"rendered":"<p data-start=\"234\" data-end=\"497\">Das \u00e4therische Eukalyptus\u00f6l zeichnet sich durch sein intensives, klares und k\u00fchles Aroma aus, das ein Gef\u00fchl von Frische und Erneuerung in den Raum bringt. Mit seinem charakteristischen Eukalyptusaroma \u2013 k\u00fchl, gr\u00fcn und lebendig \u2013 schafft es eine Atmosph\u00e4re von Reinheit und Klarheit.<\/p>\n<p data-start=\"499\" data-end=\"664\">Es wird aus biologisch angebauten Eukalyptusbl\u00e4ttern hergestellt und mit nat\u00fcrlichen Methoden destilliert, um seine Authentizit\u00e4t und reine aromatische Energie zu bewahren.<\/p>\n<h4 data-start=\"666\" data-end=\"871\">\ud83c\udf3f Anwendungen<\/h4>\n<p data-start=\"666\" data-end=\"871\">\u2022 Im Aromadiffusor f\u00fcr ein klares, k\u00fchles Aroma \u2022 F\u00fcr eine Atmosph\u00e4re der Erneuerung und nat\u00fcrlichen Frische im Raum \u2022 In Mischungen mit Minze, Zitrone oder Rosmarin f\u00fcr frische Kompositionen<\/p>\n<p data-start=\"873\" data-end=\"928\"><em data-start=\"873\" data-end=\"928\">(Nicht unverd\u00fcnnt direkt auf der Haut anwenden.)<\/em><\/p>\n<h4 data-start=\"930\" data-end=\"1083\">\ud83c\udf3f Qualit\u00e4t<\/h4>\n<p data-start=\"930\" data-end=\"1083\">100% reines, biologisches \u00e4therisches Eukalyptus\u00f6l Ohne Zusatzstoffe oder synthetische Duftstoffe Auf Kreta mit traditioneller Dampfdestillation destilliert<\/p>\n<p data-start=\"1085\" data-end=\"1169\">Ein kr\u00e4ftiges, klares Aroma, das jedem Raum ein Gef\u00fchl von Frische und Belebung verleiht.<\/p>\n","protected":false},"excerpt":{"rendered":"<p>Das \u00e4therische Eukalyptus\u00f6l zeichnet sich durch sein intensives, klares und k\u00fchles Aroma aus, das ein Gef\u00fchl von Frische und Erneuerung in den Raum bringt. Mit seinem charakteristischen Eukalyptusaroma \u2013 k\u00fchl, gr\u00fcn und lebendig \u2013 schafft es eine Atmosph\u00e4re von Reinheit und Klarheit. Es wird aus biologisch angebauten Eukalyptusbl\u00e4ttern hergestellt und mit nat\u00fcrlichen Methoden destilliert, um seine Authentizit\u00e4t und reine aromatische Energie zu bewahren. [&hellip;]<\/p>\n","protected":false},"featured_media":49473,"comment_status":"closed","ping_status":"closed","template":"","meta":[],"product_cat":[1826],"product_tag":[],"yoast_head":"<!-- This site is optimized with the Yoast SEO plugin v27.2 - https:\/\/yoast.com\/product\/yoast-seo-wordpress\/ -->\n<title>Eukalyptus 5ml - Chrisopigi<\/title>\n<meta name=\"robots\" content=\"index, follow, max-snippet:-1, max-image-preview:large, max-video-preview:-1\" \/>\n<link rel=\"canonical\" href=\"https:\/\/chrisopigi.gr\/de\/product\/eukalyptus-5ml\/\" \/>\n<meta property=\"og:locale\" content=\"de_DE\" \/>\n<meta property=\"og:type\" content=\"article\" \/>\n<meta property=\"og:title\" content=\"Eukalyptus 5ml - Chrisopigi\" \/>\n<meta property=\"og:description\" content=\"Das \u00e4therische Eukalyptus\u00f6l zeichnet sich durch sein intensives, klares und k\u00fchles Aroma aus, das ein Gef\u00fchl von Frische und Erneuerung in den Raum bringt. Mit seinem charakteristischen Eukalyptusaroma \u2013 k\u00fchl, gr\u00fcn und lebendig \u2013 schafft es eine Atmosph\u00e4re von Reinheit und Klarheit. Es wird aus biologisch angebauten Eukalyptusbl\u00e4ttern hergestellt und mit nat\u00fcrlichen Methoden destilliert, um seine Authentizit\u00e4t und reine aromatische Energie zu bewahren. [&hellip;]\" \/>\n<meta property=\"og:url\" content=\"https:\/\/chrisopigi.gr\/de\/product\/eukalyptus-5ml\/\" \/>\n<meta property=\"og:site_name\" content=\"Chrisopigi\" \/>\n<meta name=\"twitter:card\" content=\"summary_large_image\" \/>\n<meta name=\"twitter:label1\" content=\"Gesch\u00e4tzte Lesezeit\" \/>\n\t<meta name=\"twitter:data1\" content=\"1\u00a0Minute\" \/>\n<script type=\"application\/ld+json\" class=\"yoast-schema-graph\">{\"@context\":\"https:\/\/schema.org\",\"@graph\":[{\"@type\":\"WebPage\",\"@id\":\"https:\/\/chrisopigi.gr\/de\/product\/eukalyptus-5ml\/\",\"url\":\"https:\/\/chrisopigi.gr\/de\/product\/eukalyptus-5ml\/\",\"name\":\"Eukalyptus 5ml - Chrisopigi\",\"isPartOf\":{\"@id\":\"https:\/\/chrisopigi.gr\/de\/#website\"},\"primaryImageOfPage\":{\"@id\":\"https:\/\/chrisopigi.gr\/de\/product\/eukalyptus-5ml\/#primaryimage\"},\"image\":{\"@id\":\"https:\/\/chrisopigi.gr\/de\/product\/eukalyptus-5ml\/#primaryimage\"},\"thumbnailUrl\":\"https:\/\/chrisopigi.gr\/wp-content\/uploads\/2025\/12\/image-36.png\",\"datePublished\":\"2026-04-29T11:25:39+00:00\",\"breadcrumb\":{\"@id\":\"https:\/\/chrisopigi.gr\/de\/product\/eukalyptus-5ml\/#breadcrumb\"},\"inLanguage\":\"de\",\"potentialAction\":[{\"@type\":\"ReadAction\",\"target\":[\"https:\/\/chrisopigi.gr\/de\/product\/eukalyptus-5ml\/\"]}]},{\"@type\":\"ImageObject\",\"inLanguage\":\"de\",\"@id\":\"https:\/\/chrisopigi.gr\/de\/product\/eukalyptus-5ml\/#primaryimage\",\"url\":\"https:\/\/chrisopigi.gr\/wp-content\/uploads\/2025\/12\/image-36.png\",\"contentUrl\":\"https:\/\/chrisopigi.gr\/wp-content\/uploads\/2025\/12\/image-36.png\",\"width\":500,\"height\":700},{\"@type\":\"BreadcrumbList\",\"@id\":\"https:\/\/chrisopigi.gr\/de\/product\/eukalyptus-5ml\/#breadcrumb\",\"itemListElement\":[{\"@type\":\"ListItem\",\"position\":1,\"name\":\"\u0391\u03c1\u03c7\u03b9\u03ba\u03ae\",\"item\":\"https:\/\/chrisopigi.gr\/de\/\"},{\"@type\":\"ListItem\",\"position\":2,\"name\":\"Online-Shop\",\"item\":\"https:\/\/chrisopigi.gr\/online-shop\/\"},{\"@type\":\"ListItem\",\"position\":3,\"name\":\"Eukalyptus 5ml\"}]},{\"@type\":\"WebSite\",\"@id\":\"https:\/\/chrisopigi.gr\/de\/#website\",\"url\":\"https:\/\/chrisopigi.gr\/de\/\",\"name\":\"Chrisopigi\",\"description\":\"\u039a\u03c1\u03b7\u03c4\u03b9\u03ba\u03cc \u03b5\u03bb\u03b1\u03b9\u03cc\u03bb\u03b1\u03b4\u03bf &amp; \u03bc\u03ad\u03bb\u03b9 \u03b1\u03c0\u03cc \u03c4\u03b7\u03bd \u03a7\u03c1\u03c5\u03c3\u03bf\u03c0\u03b7\u03b3\u03ae \u03a3\u03b7\u03c4\u03b5\u03af\u03b1\u03c2\",\"potentialAction\":[{\"@type\":\"SearchAction\",\"target\":{\"@type\":\"EntryPoint\",\"urlTemplate\":\"https:\/\/chrisopigi.gr\/de\/?s={search_term_string}\"},\"query-input\":{\"@type\":\"PropertyValueSpecification\",\"valueRequired\":true,\"valueName\":\"search_term_string\"}}],\"inLanguage\":\"de\"}]}<\/script>\n<!-- \/ Yoast SEO plugin. -->","yoast_head_json":{"title":"Eukalyptus 5ml - Chrisopigi","robots":{"index":"index","follow":"follow","max-snippet":"max-snippet:-1","max-image-preview":"max-image-preview:large","max-video-preview":"max-video-preview:-1"},"canonical":"https:\/\/chrisopigi.gr\/de\/product\/eukalyptus-5ml\/","og_locale":"de_DE","og_type":"article","og_title":"Eukalyptus 5ml - Chrisopigi","og_description":"Das \u00e4therische Eukalyptus\u00f6l zeichnet sich durch sein intensives, klares und k\u00fchles Aroma aus, das ein Gef\u00fchl von Frische und Erneuerung in den Raum bringt. Mit seinem charakteristischen Eukalyptusaroma \u2013 k\u00fchl, gr\u00fcn und lebendig \u2013 schafft es eine Atmosph\u00e4re von Reinheit und Klarheit. Es wird aus biologisch angebauten Eukalyptusbl\u00e4ttern hergestellt und mit nat\u00fcrlichen Methoden destilliert, um seine Authentizit\u00e4t und reine aromatische Energie zu bewahren. [&hellip;]","og_url":"https:\/\/chrisopigi.gr\/de\/product\/eukalyptus-5ml\/","og_site_name":"Chrisopigi","twitter_card":"summary_large_image","twitter_misc":{"Gesch\u00e4tzte Lesezeit":"1\u00a0Minute"},"schema":{"@context":"https:\/\/schema.org","@graph":[{"@type":"WebPage","@id":"https:\/\/chrisopigi.gr\/de\/product\/eukalyptus-5ml\/","url":"https:\/\/chrisopigi.gr\/de\/product\/eukalyptus-5ml\/","name":"Eukalyptus 5ml - Chrisopigi","isPartOf":{"@id":"https:\/\/chrisopigi.gr\/de\/#website"},"primaryImageOfPage":{"@id":"https:\/\/chrisopigi.gr\/de\/product\/eukalyptus-5ml\/#primaryimage"},"image":{"@id":"https:\/\/chrisopigi.gr\/de\/product\/eukalyptus-5ml\/#primaryimage"},"thumbnailUrl":"https:\/\/chrisopigi.gr\/wp-content\/uploads\/2025\/12\/image-36.png","datePublished":"2026-04-29T11:25:39+00:00","breadcrumb":{"@id":"https:\/\/chrisopigi.gr\/de\/product\/eukalyptus-5ml\/#breadcrumb"},"inLanguage":"de","potentialAction":[{"@type":"ReadAction","target":["https:\/\/chrisopigi.gr\/de\/product\/eukalyptus-5ml\/"]}]},{"@type":"ImageObject","inLanguage":"de","@id":"https:\/\/chrisopigi.gr\/de\/product\/eukalyptus-5ml\/#primaryimage","url":"https:\/\/chrisopigi.gr\/wp-content\/uploads\/2025\/12\/image-36.png","contentUrl":"https:\/\/chrisopigi.gr\/wp-content\/uploads\/2025\/12\/image-36.png","width":500,"height":700},{"@type":"BreadcrumbList","@id":"https:\/\/chrisopigi.gr\/de\/product\/eukalyptus-5ml\/#breadcrumb","itemListElement":[{"@type":"ListItem","position":1,"name":"\u0391\u03c1\u03c7\u03b9\u03ba\u03ae","item":"https:\/\/chrisopigi.gr\/de\/"},{"@type":"ListItem","position":2,"name":"Online-Shop","item":"https:\/\/chrisopigi.gr\/online-shop\/"},{"@type":"ListItem","position":3,"name":"Eukalyptus 5ml"}]},{"@type":"WebSite","@id":"https:\/\/chrisopigi.gr\/de\/#website","url":"https:\/\/chrisopigi.gr\/de\/","name":"Chrisopigi","description":"\u039a\u03c1\u03b7\u03c4\u03b9\u03ba\u03cc \u03b5\u03bb\u03b1\u03b9\u03cc\u03bb\u03b1\u03b4\u03bf &amp; \u03bc\u03ad\u03bb\u03b9 \u03b1\u03c0\u03cc \u03c4\u03b7\u03bd \u03a7\u03c1\u03c5\u03c3\u03bf\u03c0\u03b7\u03b3\u03ae \u03a3\u03b7\u03c4\u03b5\u03af\u03b1\u03c2","potentialAction":[{"@type":"SearchAction","target":{"@type":"EntryPoint","urlTemplate":"https:\/\/chrisopigi.gr\/de\/?s={search_term_string}"},"query-input":{"@type":"PropertyValueSpecification","valueRequired":true,"valueName":"search_term_string"}}],"inLanguage":"de"}]}},"_links":{"self":[{"href":"https:\/\/chrisopigi.gr\/de\/wp-json\/wp\/v2\/product\/49472"}],"collection":[{"href":"https:\/\/chrisopigi.gr\/de\/wp-json\/wp\/v2\/product"}],"about":[{"href":"https:\/\/chrisopigi.gr\/de\/wp-json\/wp\/v2\/types\/product"}],"replies":[{"embeddable":true,"href":"https:\/\/chrisopigi.gr\/de\/wp-json\/wp\/v2\/comments?post=49472"}],"wp:featuredmedia":[{"embeddable":true,"href":"https:\/\/chrisopigi.gr\/de\/wp-json\/wp\/v2\/media\/49473"}],"wp:attachment":[{"href":"https:\/\/chrisopigi.gr\/de\/wp-json\/wp\/v2\/media?parent=49472"}],"wp:term":[{"taxonomy":"product_cat","embeddable":true,"href":"https:\/\/chrisopigi.gr\/de\/wp-json\/wp\/v2\/product_cat?post=49472"},{"taxonomy":"product_tag","embeddable":true,"href":"https:\/\/chrisopigi.gr\/de\/wp-json\/wp\/v2\/product_tag?post=49472"}],"curies":[{"name":"wp","href":"https:\/\/api.w.org\/{rel}","templated":true}]}}