{"id":49474,"date":"2025-12-05T20:41:35","date_gmt":"2026-04-29T11:29:15","guid":{"rendered":"https:\/\/chrisopigi.gr\/product\/salbei-5ml\/"},"modified":"2026-04-29T14:29:15","modified_gmt":"2026-04-29T11:29:15","slug":"salbei-5ml","status":"publish","type":"product","link":"https:\/\/chrisopigi.gr\/de\/product\/salbei-5ml\/","title":{"rendered":"Salbei 5ml"},"content":{"rendered":"<p data-start=\"236\" data-end=\"476\">Das \u00e4therische Salbei\u00f6l hat ein warmes, erdiges und charakteristisches botanisches Aroma, das an die mediterrane Natur und die Tradition Kretas erinnert. Reichhaltig und aromatisch, schafft es eine Atmosph\u00e4re von Reinheit und nat\u00fcrlicher Ruhe. <\/p>\n<p data-start=\"478\" data-end=\"728\">Sein Aroma ist tief, leicht w\u00fcrzig und mit botanischem Charakter, ideal f\u00fcr Momente der Entspannung, aber auch zur Erfrischung des Raumes. Seine aromatherapeutische Wirkung ist sanft, nat\u00fcrlich und angenehm, was es zu einem der beliebtesten \u00e4therischen \u00d6le macht. <\/p>\n<h4 data-start=\"730\" data-end=\"935\">\ud83c\udf3f Anwendungen<\/h4>\n<p data-start=\"730\" data-end=\"935\">\u2022 Im Aromadiffusor f\u00fcr ein warmes, botanisches Aroma \u2022 F\u00fcr eine Atmosph\u00e4re von Reinheit und Ausgeglichenheit zu Hause oder im B\u00fcro \u2022 In Duftmischungen mit Lavendel, Thymian oder Zitrusfr\u00fcchten<\/p>\n<p data-start=\"937\" data-end=\"992\"><em data-start=\"937\" data-end=\"992\">(Nicht unverd\u00fcnnt direkt auf der Haut anwenden.)<\/em><\/p>\n<h4 data-start=\"994\" data-end=\"1139\">\ud83c\udf3f Qualit\u00e4t<\/h4>\n<p data-start=\"994\" data-end=\"1139\">100% reines, biologisches \u00e4therisches Salbei\u00f6l Ohne Zusatzstoffe oder synthetische Duftstoffe Auf Kreta mit nat\u00fcrlichen Methoden destilliert<\/p>\n<p data-start=\"1141\" data-end=\"1228\">Ein tiefes, aromatisches \u00d6l, das dem Raum nat\u00fcrliche Reinheit und erdige W\u00e4rme verleiht.<\/p>\n","protected":false},"excerpt":{"rendered":"<p>Das \u00e4therische Salbei\u00f6l hat ein warmes, erdiges und charakteristisches botanisches Aroma, das an die mediterrane Natur und die Tradition Kretas erinnert. Reichhaltig und aromatisch, schafft es eine Atmosph\u00e4re von Reinheit und nat\u00fcrlicher Ruhe. Sein Aroma ist tief, leicht w\u00fcrzig und mit botanischem Charakter, ideal f\u00fcr Momente der Entspannung, aber auch zur Erfrischung des Raumes. Seine aromatherapeutische Wirkung ist sanft, nat\u00fcrlich und angenehm, was [&hellip;]<\/p>\n","protected":false},"featured_media":49475,"comment_status":"closed","ping_status":"closed","template":"","meta":[],"product_cat":[1826],"product_tag":[],"yoast_head":"<!-- This site is optimized with the Yoast SEO plugin v27.2 - https:\/\/yoast.com\/product\/yoast-seo-wordpress\/ -->\n<title>Salbei 5ml - Chrisopigi<\/title>\n<meta name=\"robots\" content=\"index, follow, max-snippet:-1, max-image-preview:large, max-video-preview:-1\" \/>\n<link rel=\"canonical\" href=\"https:\/\/chrisopigi.gr\/de\/product\/salbei-5ml\/\" \/>\n<meta property=\"og:locale\" content=\"de_DE\" \/>\n<meta property=\"og:type\" content=\"article\" \/>\n<meta property=\"og:title\" content=\"Salbei 5ml - Chrisopigi\" \/>\n<meta property=\"og:description\" content=\"Das \u00e4therische Salbei\u00f6l hat ein warmes, erdiges und charakteristisches botanisches Aroma, das an die mediterrane Natur und die Tradition Kretas erinnert. Reichhaltig und aromatisch, schafft es eine Atmosph\u00e4re von Reinheit und nat\u00fcrlicher Ruhe. Sein Aroma ist tief, leicht w\u00fcrzig und mit botanischem Charakter, ideal f\u00fcr Momente der Entspannung, aber auch zur Erfrischung des Raumes. Seine aromatherapeutische Wirkung ist sanft, nat\u00fcrlich und angenehm, was [&hellip;]\" \/>\n<meta property=\"og:url\" content=\"https:\/\/chrisopigi.gr\/de\/product\/salbei-5ml\/\" \/>\n<meta property=\"og:site_name\" content=\"Chrisopigi\" \/>\n<meta name=\"twitter:card\" content=\"summary_large_image\" \/>\n<meta name=\"twitter:label1\" content=\"Gesch\u00e4tzte Lesezeit\" \/>\n\t<meta name=\"twitter:data1\" content=\"1\u00a0Minute\" \/>\n<script type=\"application\/ld+json\" class=\"yoast-schema-graph\">{\"@context\":\"https:\/\/schema.org\",\"@graph\":[{\"@type\":\"WebPage\",\"@id\":\"https:\/\/chrisopigi.gr\/de\/product\/salbei-5ml\/\",\"url\":\"https:\/\/chrisopigi.gr\/de\/product\/salbei-5ml\/\",\"name\":\"Salbei 5ml - Chrisopigi\",\"isPartOf\":{\"@id\":\"https:\/\/chrisopigi.gr\/de\/#website\"},\"primaryImageOfPage\":{\"@id\":\"https:\/\/chrisopigi.gr\/de\/product\/salbei-5ml\/#primaryimage\"},\"image\":{\"@id\":\"https:\/\/chrisopigi.gr\/de\/product\/salbei-5ml\/#primaryimage\"},\"thumbnailUrl\":\"https:\/\/chrisopigi.gr\/wp-content\/uploads\/2025\/12\/image-35.png\",\"datePublished\":\"2026-04-29T11:29:15+00:00\",\"breadcrumb\":{\"@id\":\"https:\/\/chrisopigi.gr\/de\/product\/salbei-5ml\/#breadcrumb\"},\"inLanguage\":\"de\",\"potentialAction\":[{\"@type\":\"ReadAction\",\"target\":[\"https:\/\/chrisopigi.gr\/de\/product\/salbei-5ml\/\"]}]},{\"@type\":\"ImageObject\",\"inLanguage\":\"de\",\"@id\":\"https:\/\/chrisopigi.gr\/de\/product\/salbei-5ml\/#primaryimage\",\"url\":\"https:\/\/chrisopigi.gr\/wp-content\/uploads\/2025\/12\/image-35.png\",\"contentUrl\":\"https:\/\/chrisopigi.gr\/wp-content\/uploads\/2025\/12\/image-35.png\",\"width\":500,\"height\":700},{\"@type\":\"BreadcrumbList\",\"@id\":\"https:\/\/chrisopigi.gr\/de\/product\/salbei-5ml\/#breadcrumb\",\"itemListElement\":[{\"@type\":\"ListItem\",\"position\":1,\"name\":\"\u0391\u03c1\u03c7\u03b9\u03ba\u03ae\",\"item\":\"https:\/\/chrisopigi.gr\/de\/\"},{\"@type\":\"ListItem\",\"position\":2,\"name\":\"Online-Shop\",\"item\":\"https:\/\/chrisopigi.gr\/online-shop\/\"},{\"@type\":\"ListItem\",\"position\":3,\"name\":\"Salbei 5ml\"}]},{\"@type\":\"WebSite\",\"@id\":\"https:\/\/chrisopigi.gr\/de\/#website\",\"url\":\"https:\/\/chrisopigi.gr\/de\/\",\"name\":\"Chrisopigi\",\"description\":\"\u039a\u03c1\u03b7\u03c4\u03b9\u03ba\u03cc \u03b5\u03bb\u03b1\u03b9\u03cc\u03bb\u03b1\u03b4\u03bf &amp; \u03bc\u03ad\u03bb\u03b9 \u03b1\u03c0\u03cc \u03c4\u03b7\u03bd \u03a7\u03c1\u03c5\u03c3\u03bf\u03c0\u03b7\u03b3\u03ae \u03a3\u03b7\u03c4\u03b5\u03af\u03b1\u03c2\",\"potentialAction\":[{\"@type\":\"SearchAction\",\"target\":{\"@type\":\"EntryPoint\",\"urlTemplate\":\"https:\/\/chrisopigi.gr\/de\/?s={search_term_string}\"},\"query-input\":{\"@type\":\"PropertyValueSpecification\",\"valueRequired\":true,\"valueName\":\"search_term_string\"}}],\"inLanguage\":\"de\"}]}<\/script>\n<!-- \/ Yoast SEO plugin. -->","yoast_head_json":{"title":"Salbei 5ml - Chrisopigi","robots":{"index":"index","follow":"follow","max-snippet":"max-snippet:-1","max-image-preview":"max-image-preview:large","max-video-preview":"max-video-preview:-1"},"canonical":"https:\/\/chrisopigi.gr\/de\/product\/salbei-5ml\/","og_locale":"de_DE","og_type":"article","og_title":"Salbei 5ml - Chrisopigi","og_description":"Das \u00e4therische Salbei\u00f6l hat ein warmes, erdiges und charakteristisches botanisches Aroma, das an die mediterrane Natur und die Tradition Kretas erinnert. Reichhaltig und aromatisch, schafft es eine Atmosph\u00e4re von Reinheit und nat\u00fcrlicher Ruhe. Sein Aroma ist tief, leicht w\u00fcrzig und mit botanischem Charakter, ideal f\u00fcr Momente der Entspannung, aber auch zur Erfrischung des Raumes. Seine aromatherapeutische Wirkung ist sanft, nat\u00fcrlich und angenehm, was [&hellip;]","og_url":"https:\/\/chrisopigi.gr\/de\/product\/salbei-5ml\/","og_site_name":"Chrisopigi","twitter_card":"summary_large_image","twitter_misc":{"Gesch\u00e4tzte Lesezeit":"1\u00a0Minute"},"schema":{"@context":"https:\/\/schema.org","@graph":[{"@type":"WebPage","@id":"https:\/\/chrisopigi.gr\/de\/product\/salbei-5ml\/","url":"https:\/\/chrisopigi.gr\/de\/product\/salbei-5ml\/","name":"Salbei 5ml - Chrisopigi","isPartOf":{"@id":"https:\/\/chrisopigi.gr\/de\/#website"},"primaryImageOfPage":{"@id":"https:\/\/chrisopigi.gr\/de\/product\/salbei-5ml\/#primaryimage"},"image":{"@id":"https:\/\/chrisopigi.gr\/de\/product\/salbei-5ml\/#primaryimage"},"thumbnailUrl":"https:\/\/chrisopigi.gr\/wp-content\/uploads\/2025\/12\/image-35.png","datePublished":"2026-04-29T11:29:15+00:00","breadcrumb":{"@id":"https:\/\/chrisopigi.gr\/de\/product\/salbei-5ml\/#breadcrumb"},"inLanguage":"de","potentialAction":[{"@type":"ReadAction","target":["https:\/\/chrisopigi.gr\/de\/product\/salbei-5ml\/"]}]},{"@type":"ImageObject","inLanguage":"de","@id":"https:\/\/chrisopigi.gr\/de\/product\/salbei-5ml\/#primaryimage","url":"https:\/\/chrisopigi.gr\/wp-content\/uploads\/2025\/12\/image-35.png","contentUrl":"https:\/\/chrisopigi.gr\/wp-content\/uploads\/2025\/12\/image-35.png","width":500,"height":700},{"@type":"BreadcrumbList","@id":"https:\/\/chrisopigi.gr\/de\/product\/salbei-5ml\/#breadcrumb","itemListElement":[{"@type":"ListItem","position":1,"name":"\u0391\u03c1\u03c7\u03b9\u03ba\u03ae","item":"https:\/\/chrisopigi.gr\/de\/"},{"@type":"ListItem","position":2,"name":"Online-Shop","item":"https:\/\/chrisopigi.gr\/online-shop\/"},{"@type":"ListItem","position":3,"name":"Salbei 5ml"}]},{"@type":"WebSite","@id":"https:\/\/chrisopigi.gr\/de\/#website","url":"https:\/\/chrisopigi.gr\/de\/","name":"Chrisopigi","description":"\u039a\u03c1\u03b7\u03c4\u03b9\u03ba\u03cc \u03b5\u03bb\u03b1\u03b9\u03cc\u03bb\u03b1\u03b4\u03bf &amp; \u03bc\u03ad\u03bb\u03b9 \u03b1\u03c0\u03cc \u03c4\u03b7\u03bd \u03a7\u03c1\u03c5\u03c3\u03bf\u03c0\u03b7\u03b3\u03ae \u03a3\u03b7\u03c4\u03b5\u03af\u03b1\u03c2","potentialAction":[{"@type":"SearchAction","target":{"@type":"EntryPoint","urlTemplate":"https:\/\/chrisopigi.gr\/de\/?s={search_term_string}"},"query-input":{"@type":"PropertyValueSpecification","valueRequired":true,"valueName":"search_term_string"}}],"inLanguage":"de"}]}},"_links":{"self":[{"href":"https:\/\/chrisopigi.gr\/de\/wp-json\/wp\/v2\/product\/49474"}],"collection":[{"href":"https:\/\/chrisopigi.gr\/de\/wp-json\/wp\/v2\/product"}],"about":[{"href":"https:\/\/chrisopigi.gr\/de\/wp-json\/wp\/v2\/types\/product"}],"replies":[{"embeddable":true,"href":"https:\/\/chrisopigi.gr\/de\/wp-json\/wp\/v2\/comments?post=49474"}],"wp:featuredmedia":[{"embeddable":true,"href":"https:\/\/chrisopigi.gr\/de\/wp-json\/wp\/v2\/media\/49475"}],"wp:attachment":[{"href":"https:\/\/chrisopigi.gr\/de\/wp-json\/wp\/v2\/media?parent=49474"}],"wp:term":[{"taxonomy":"product_cat","embeddable":true,"href":"https:\/\/chrisopigi.gr\/de\/wp-json\/wp\/v2\/product_cat?post=49474"},{"taxonomy":"product_tag","embeddable":true,"href":"https:\/\/chrisopigi.gr\/de\/wp-json\/wp\/v2\/product_tag?post=49474"}],"curies":[{"name":"wp","href":"https:\/\/api.w.org\/{rel}","templated":true}]}}