{"id":49476,"date":"2025-12-05T20:33:36","date_gmt":"2026-04-29T11:32:58","guid":{"rendered":"https:\/\/chrisopigi.gr\/product\/thymian-5ml\/"},"modified":"2026-04-29T14:32:58","modified_gmt":"2026-04-29T11:32:58","slug":"thymian-5ml","status":"publish","type":"product","link":"https:\/\/chrisopigi.gr\/de\/product\/thymian-5ml\/","title":{"rendered":"Thymian 5ml"},"content":{"rendered":"<p data-start=\"231\" data-end=\"517\">Das \u00e4therische Thymian\u00f6l hat ein intensives, klares und charakteristisches botanisches Aroma, das die Kraft und Frische der mediterranen Natur einf\u00e4ngt. Mit seinen aromatischen Noten \u2013 warm, erdig und leicht w\u00fcrzig \u2013 schafft es eine Atmosph\u00e4re von Reinheit und nat\u00fcrlicher Energie im Raum. <\/p>\n<p data-start=\"519\" data-end=\"667\">Es wird aus biologisch angebautem Thymian hergestellt und mit nat\u00fcrlichen Methoden destilliert, um sein authentisches Aroma und die Lebendigkeit der Pflanze zu bewahren.<\/p>\n<h4 data-start=\"669\" data-end=\"865\">\ud83c\udf3f Anwendungen<\/h4>\n<p data-start=\"669\" data-end=\"865\">\u2022 Im Aromadiffusor f\u00fcr ein klares, botanisches Aroma \u2022 F\u00fcr ein Gef\u00fchl von Erneuerung und nat\u00fcrlicher Klarheit im Raum \u2022 In Duftmischungen mit Zitrone, Rosmarin oder anderen Kr\u00e4utern<\/p>\n<p data-start=\"867\" data-end=\"922\"><em data-start=\"867\" data-end=\"922\">(Nicht unverd\u00fcnnt direkt auf der Haut anwenden.)<\/em><\/p>\n<h4 data-start=\"924\" data-end=\"1075\">\ud83c\udf3f Qualit\u00e4t<\/h4>\n<p data-start=\"924\" data-end=\"1075\">100% reines, biologisches \u00e4therisches Thymian\u00f6l Ohne Zusatzstoffe oder synthetische Duftstoffe Auf Kreta mit traditioneller Dampfdestillation destilliert<\/p>\n<p data-start=\"1077\" data-end=\"1175\">Ein kr\u00e4ftiges, klares Aroma, das die W\u00e4rme und Lebendigkeit mediterraner Kr\u00e4uter in den Raum bringt.<\/p>\n","protected":false},"excerpt":{"rendered":"<p>Das \u00e4therische Thymian\u00f6l hat ein intensives, klares und charakteristisches botanisches Aroma, das die Kraft und Frische der mediterranen Natur einf\u00e4ngt. Mit seinen aromatischen Noten \u2013 warm, erdig und leicht w\u00fcrzig \u2013 schafft es eine Atmosph\u00e4re von Reinheit und nat\u00fcrlicher Energie im Raum. Es wird aus biologisch angebautem Thymian hergestellt und mit nat\u00fcrlichen Methoden destilliert, um sein authentisches Aroma und die Lebendigkeit der Pflanze [&hellip;]<\/p>\n","protected":false},"featured_media":49477,"comment_status":"closed","ping_status":"closed","template":"","meta":[],"product_cat":[1826],"product_tag":[],"yoast_head":"<!-- This site is optimized with the Yoast SEO plugin v27.2 - https:\/\/yoast.com\/product\/yoast-seo-wordpress\/ -->\n<title>Thymian 5ml - Chrisopigi<\/title>\n<meta name=\"robots\" content=\"index, follow, max-snippet:-1, max-image-preview:large, max-video-preview:-1\" \/>\n<link rel=\"canonical\" href=\"https:\/\/chrisopigi.gr\/de\/product\/thymian-5ml\/\" \/>\n<meta property=\"og:locale\" content=\"de_DE\" \/>\n<meta property=\"og:type\" content=\"article\" \/>\n<meta property=\"og:title\" content=\"Thymian 5ml - Chrisopigi\" \/>\n<meta property=\"og:description\" content=\"Das \u00e4therische Thymian\u00f6l hat ein intensives, klares und charakteristisches botanisches Aroma, das die Kraft und Frische der mediterranen Natur einf\u00e4ngt. Mit seinen aromatischen Noten \u2013 warm, erdig und leicht w\u00fcrzig \u2013 schafft es eine Atmosph\u00e4re von Reinheit und nat\u00fcrlicher Energie im Raum. Es wird aus biologisch angebautem Thymian hergestellt und mit nat\u00fcrlichen Methoden destilliert, um sein authentisches Aroma und die Lebendigkeit der Pflanze [&hellip;]\" \/>\n<meta property=\"og:url\" content=\"https:\/\/chrisopigi.gr\/de\/product\/thymian-5ml\/\" \/>\n<meta property=\"og:site_name\" content=\"Chrisopigi\" \/>\n<meta name=\"twitter:card\" content=\"summary_large_image\" \/>\n<meta name=\"twitter:label1\" content=\"Gesch\u00e4tzte Lesezeit\" \/>\n\t<meta name=\"twitter:data1\" content=\"1\u00a0Minute\" \/>\n<script type=\"application\/ld+json\" class=\"yoast-schema-graph\">{\"@context\":\"https:\/\/schema.org\",\"@graph\":[{\"@type\":\"WebPage\",\"@id\":\"https:\/\/chrisopigi.gr\/de\/product\/thymian-5ml\/\",\"url\":\"https:\/\/chrisopigi.gr\/de\/product\/thymian-5ml\/\",\"name\":\"Thymian 5ml - Chrisopigi\",\"isPartOf\":{\"@id\":\"https:\/\/chrisopigi.gr\/de\/#website\"},\"primaryImageOfPage\":{\"@id\":\"https:\/\/chrisopigi.gr\/de\/product\/thymian-5ml\/#primaryimage\"},\"image\":{\"@id\":\"https:\/\/chrisopigi.gr\/de\/product\/thymian-5ml\/#primaryimage\"},\"thumbnailUrl\":\"https:\/\/chrisopigi.gr\/wp-content\/uploads\/2025\/12\/image-34.png\",\"datePublished\":\"2026-04-29T11:32:58+00:00\",\"breadcrumb\":{\"@id\":\"https:\/\/chrisopigi.gr\/de\/product\/thymian-5ml\/#breadcrumb\"},\"inLanguage\":\"de\",\"potentialAction\":[{\"@type\":\"ReadAction\",\"target\":[\"https:\/\/chrisopigi.gr\/de\/product\/thymian-5ml\/\"]}]},{\"@type\":\"ImageObject\",\"inLanguage\":\"de\",\"@id\":\"https:\/\/chrisopigi.gr\/de\/product\/thymian-5ml\/#primaryimage\",\"url\":\"https:\/\/chrisopigi.gr\/wp-content\/uploads\/2025\/12\/image-34.png\",\"contentUrl\":\"https:\/\/chrisopigi.gr\/wp-content\/uploads\/2025\/12\/image-34.png\",\"width\":500,\"height\":700},{\"@type\":\"BreadcrumbList\",\"@id\":\"https:\/\/chrisopigi.gr\/de\/product\/thymian-5ml\/#breadcrumb\",\"itemListElement\":[{\"@type\":\"ListItem\",\"position\":1,\"name\":\"\u0391\u03c1\u03c7\u03b9\u03ba\u03ae\",\"item\":\"https:\/\/chrisopigi.gr\/de\/\"},{\"@type\":\"ListItem\",\"position\":2,\"name\":\"Online-Shop\",\"item\":\"https:\/\/chrisopigi.gr\/online-shop\/\"},{\"@type\":\"ListItem\",\"position\":3,\"name\":\"Thymian 5ml\"}]},{\"@type\":\"WebSite\",\"@id\":\"https:\/\/chrisopigi.gr\/de\/#website\",\"url\":\"https:\/\/chrisopigi.gr\/de\/\",\"name\":\"Chrisopigi\",\"description\":\"\u039a\u03c1\u03b7\u03c4\u03b9\u03ba\u03cc \u03b5\u03bb\u03b1\u03b9\u03cc\u03bb\u03b1\u03b4\u03bf &amp; \u03bc\u03ad\u03bb\u03b9 \u03b1\u03c0\u03cc \u03c4\u03b7\u03bd \u03a7\u03c1\u03c5\u03c3\u03bf\u03c0\u03b7\u03b3\u03ae \u03a3\u03b7\u03c4\u03b5\u03af\u03b1\u03c2\",\"potentialAction\":[{\"@type\":\"SearchAction\",\"target\":{\"@type\":\"EntryPoint\",\"urlTemplate\":\"https:\/\/chrisopigi.gr\/de\/?s={search_term_string}\"},\"query-input\":{\"@type\":\"PropertyValueSpecification\",\"valueRequired\":true,\"valueName\":\"search_term_string\"}}],\"inLanguage\":\"de\"}]}<\/script>\n<!-- \/ Yoast SEO plugin. -->","yoast_head_json":{"title":"Thymian 5ml - Chrisopigi","robots":{"index":"index","follow":"follow","max-snippet":"max-snippet:-1","max-image-preview":"max-image-preview:large","max-video-preview":"max-video-preview:-1"},"canonical":"https:\/\/chrisopigi.gr\/de\/product\/thymian-5ml\/","og_locale":"de_DE","og_type":"article","og_title":"Thymian 5ml - Chrisopigi","og_description":"Das \u00e4therische Thymian\u00f6l hat ein intensives, klares und charakteristisches botanisches Aroma, das die Kraft und Frische der mediterranen Natur einf\u00e4ngt. Mit seinen aromatischen Noten \u2013 warm, erdig und leicht w\u00fcrzig \u2013 schafft es eine Atmosph\u00e4re von Reinheit und nat\u00fcrlicher Energie im Raum. Es wird aus biologisch angebautem Thymian hergestellt und mit nat\u00fcrlichen Methoden destilliert, um sein authentisches Aroma und die Lebendigkeit der Pflanze [&hellip;]","og_url":"https:\/\/chrisopigi.gr\/de\/product\/thymian-5ml\/","og_site_name":"Chrisopigi","twitter_card":"summary_large_image","twitter_misc":{"Gesch\u00e4tzte Lesezeit":"1\u00a0Minute"},"schema":{"@context":"https:\/\/schema.org","@graph":[{"@type":"WebPage","@id":"https:\/\/chrisopigi.gr\/de\/product\/thymian-5ml\/","url":"https:\/\/chrisopigi.gr\/de\/product\/thymian-5ml\/","name":"Thymian 5ml - Chrisopigi","isPartOf":{"@id":"https:\/\/chrisopigi.gr\/de\/#website"},"primaryImageOfPage":{"@id":"https:\/\/chrisopigi.gr\/de\/product\/thymian-5ml\/#primaryimage"},"image":{"@id":"https:\/\/chrisopigi.gr\/de\/product\/thymian-5ml\/#primaryimage"},"thumbnailUrl":"https:\/\/chrisopigi.gr\/wp-content\/uploads\/2025\/12\/image-34.png","datePublished":"2026-04-29T11:32:58+00:00","breadcrumb":{"@id":"https:\/\/chrisopigi.gr\/de\/product\/thymian-5ml\/#breadcrumb"},"inLanguage":"de","potentialAction":[{"@type":"ReadAction","target":["https:\/\/chrisopigi.gr\/de\/product\/thymian-5ml\/"]}]},{"@type":"ImageObject","inLanguage":"de","@id":"https:\/\/chrisopigi.gr\/de\/product\/thymian-5ml\/#primaryimage","url":"https:\/\/chrisopigi.gr\/wp-content\/uploads\/2025\/12\/image-34.png","contentUrl":"https:\/\/chrisopigi.gr\/wp-content\/uploads\/2025\/12\/image-34.png","width":500,"height":700},{"@type":"BreadcrumbList","@id":"https:\/\/chrisopigi.gr\/de\/product\/thymian-5ml\/#breadcrumb","itemListElement":[{"@type":"ListItem","position":1,"name":"\u0391\u03c1\u03c7\u03b9\u03ba\u03ae","item":"https:\/\/chrisopigi.gr\/de\/"},{"@type":"ListItem","position":2,"name":"Online-Shop","item":"https:\/\/chrisopigi.gr\/online-shop\/"},{"@type":"ListItem","position":3,"name":"Thymian 5ml"}]},{"@type":"WebSite","@id":"https:\/\/chrisopigi.gr\/de\/#website","url":"https:\/\/chrisopigi.gr\/de\/","name":"Chrisopigi","description":"\u039a\u03c1\u03b7\u03c4\u03b9\u03ba\u03cc \u03b5\u03bb\u03b1\u03b9\u03cc\u03bb\u03b1\u03b4\u03bf &amp; \u03bc\u03ad\u03bb\u03b9 \u03b1\u03c0\u03cc \u03c4\u03b7\u03bd \u03a7\u03c1\u03c5\u03c3\u03bf\u03c0\u03b7\u03b3\u03ae \u03a3\u03b7\u03c4\u03b5\u03af\u03b1\u03c2","potentialAction":[{"@type":"SearchAction","target":{"@type":"EntryPoint","urlTemplate":"https:\/\/chrisopigi.gr\/de\/?s={search_term_string}"},"query-input":{"@type":"PropertyValueSpecification","valueRequired":true,"valueName":"search_term_string"}}],"inLanguage":"de"}]}},"_links":{"self":[{"href":"https:\/\/chrisopigi.gr\/de\/wp-json\/wp\/v2\/product\/49476"}],"collection":[{"href":"https:\/\/chrisopigi.gr\/de\/wp-json\/wp\/v2\/product"}],"about":[{"href":"https:\/\/chrisopigi.gr\/de\/wp-json\/wp\/v2\/types\/product"}],"replies":[{"embeddable":true,"href":"https:\/\/chrisopigi.gr\/de\/wp-json\/wp\/v2\/comments?post=49476"}],"wp:featuredmedia":[{"embeddable":true,"href":"https:\/\/chrisopigi.gr\/de\/wp-json\/wp\/v2\/media\/49477"}],"wp:attachment":[{"href":"https:\/\/chrisopigi.gr\/de\/wp-json\/wp\/v2\/media?parent=49476"}],"wp:term":[{"taxonomy":"product_cat","embeddable":true,"href":"https:\/\/chrisopigi.gr\/de\/wp-json\/wp\/v2\/product_cat?post=49476"},{"taxonomy":"product_tag","embeddable":true,"href":"https:\/\/chrisopigi.gr\/de\/wp-json\/wp\/v2\/product_tag?post=49476"}],"curies":[{"name":"wp","href":"https:\/\/api.w.org\/{rel}","templated":true}]}}