{"id":49478,"date":"2025-12-05T20:29:45","date_gmt":"2026-04-29T11:37:35","guid":{"rendered":"https:\/\/chrisopigi.gr\/product\/basilikum-5ml\/"},"modified":"2026-04-29T14:37:35","modified_gmt":"2026-04-29T11:37:35","slug":"basilikum-5ml","status":"publish","type":"product","link":"https:\/\/chrisopigi.gr\/de\/product\/basilikum-5ml\/","title":{"rendered":"Basilikum 5ml"},"content":{"rendered":"<p data-start=\"229\" data-end=\"462\">Das \u00e4therische Basilikum\u00f6l hat ein intensives, frisches und botanisches Aroma, das perfekt an die aromatischen Bl\u00e4tter von frischem Basilikum erinnert. Lebendig und gr\u00fcn bringt es ein Gef\u00fchl von Reinheit, Ausgeglichenheit und eine nostalgische mediterrane Aura in den Raum.<\/p>\n<p data-start=\"464\" data-end=\"645\">Sein Aroma ist besonders angenehm, mit k\u00fchlem Charakter und sanfter S\u00fc\u00dfe, ideal f\u00fcr die Aromatherapie oder zur nat\u00fcrlichen Beduftung von R\u00e4umen, in denen wir Reinheit und Erneuerung w\u00fcnschen.<\/p>\n<h4 data-start=\"647\" data-end=\"855\">\ud83c\udf3f Anwendungen<\/h4>\n<p data-start=\"647\" data-end=\"855\">\u2022 Im Aromadiffusor f\u00fcr ein frisches, gr\u00fcnes Aroma \u2022 F\u00fcr eine Atmosph\u00e4re von Reinheit, Konzentration und Vitalit\u00e4t \u2022 In Mischungen mit Zitrusfr\u00fcchten oder Kr\u00e4utern f\u00fcr ein komplexeres aromatisches Profil<\/p>\n<p data-start=\"857\" data-end=\"912\"><em data-start=\"857\" data-end=\"912\">(Nicht unverd\u00fcnnt direkt auf der Haut anwenden.)<\/em><\/p>\n<h4 data-start=\"914\" data-end=\"1068\">\ud83c\udf3f Qualit\u00e4t<\/h4>\n<p data-start=\"914\" data-end=\"1068\">100% reines, biologisches \u00e4therisches Basilikum\u00f6l Ohne Zusatzstoffe oder synthetische Duftstoffe Auf Kreta mit nat\u00fcrlichen Destillationsmethoden hergestellt<\/p>\n<p data-start=\"1070\" data-end=\"1168\">Ein frisches, lebendiges botanisches Aroma, das den Raum erfrischt und die mediterrane Natur ins Haus bringt.<\/p>\n","protected":false},"excerpt":{"rendered":"<p>Das \u00e4therische Basilikum\u00f6l hat ein intensives, frisches und botanisches Aroma, das perfekt an die aromatischen Bl\u00e4tter von frischem Basilikum erinnert. Lebendig und gr\u00fcn bringt es ein Gef\u00fchl von Reinheit, Ausgeglichenheit und eine nostalgische mediterrane Aura in den Raum. Sein Aroma ist besonders angenehm, mit k\u00fchlem Charakter und sanfter S\u00fc\u00dfe, ideal f\u00fcr die Aromatherapie oder zur nat\u00fcrlichen Beduftung von R\u00e4umen, in denen wir Reinheit [&hellip;]<\/p>\n","protected":false},"featured_media":49479,"comment_status":"closed","ping_status":"closed","template":"","meta":[],"product_cat":[1826],"product_tag":[],"yoast_head":"<!-- This site is optimized with the Yoast SEO plugin v27.2 - https:\/\/yoast.com\/product\/yoast-seo-wordpress\/ -->\n<title>Basilikum 5ml - Chrisopigi<\/title>\n<meta name=\"robots\" content=\"index, follow, max-snippet:-1, max-image-preview:large, max-video-preview:-1\" \/>\n<link rel=\"canonical\" href=\"https:\/\/chrisopigi.gr\/de\/product\/basilikum-5ml\/\" \/>\n<meta property=\"og:locale\" content=\"de_DE\" \/>\n<meta property=\"og:type\" content=\"article\" \/>\n<meta property=\"og:title\" content=\"Basilikum 5ml - Chrisopigi\" \/>\n<meta property=\"og:description\" content=\"Das \u00e4therische Basilikum\u00f6l hat ein intensives, frisches und botanisches Aroma, das perfekt an die aromatischen Bl\u00e4tter von frischem Basilikum erinnert. Lebendig und gr\u00fcn bringt es ein Gef\u00fchl von Reinheit, Ausgeglichenheit und eine nostalgische mediterrane Aura in den Raum. Sein Aroma ist besonders angenehm, mit k\u00fchlem Charakter und sanfter S\u00fc\u00dfe, ideal f\u00fcr die Aromatherapie oder zur nat\u00fcrlichen Beduftung von R\u00e4umen, in denen wir Reinheit [&hellip;]\" \/>\n<meta property=\"og:url\" content=\"https:\/\/chrisopigi.gr\/de\/product\/basilikum-5ml\/\" \/>\n<meta property=\"og:site_name\" content=\"Chrisopigi\" \/>\n<meta name=\"twitter:card\" content=\"summary_large_image\" \/>\n<meta name=\"twitter:label1\" content=\"Gesch\u00e4tzte Lesezeit\" \/>\n\t<meta name=\"twitter:data1\" content=\"1\u00a0Minute\" \/>\n<script type=\"application\/ld+json\" class=\"yoast-schema-graph\">{\"@context\":\"https:\/\/schema.org\",\"@graph\":[{\"@type\":\"WebPage\",\"@id\":\"https:\/\/chrisopigi.gr\/de\/product\/basilikum-5ml\/\",\"url\":\"https:\/\/chrisopigi.gr\/de\/product\/basilikum-5ml\/\",\"name\":\"Basilikum 5ml - Chrisopigi\",\"isPartOf\":{\"@id\":\"https:\/\/chrisopigi.gr\/de\/#website\"},\"primaryImageOfPage\":{\"@id\":\"https:\/\/chrisopigi.gr\/de\/product\/basilikum-5ml\/#primaryimage\"},\"image\":{\"@id\":\"https:\/\/chrisopigi.gr\/de\/product\/basilikum-5ml\/#primaryimage\"},\"thumbnailUrl\":\"https:\/\/chrisopigi.gr\/wp-content\/uploads\/2025\/12\/image-33.png\",\"datePublished\":\"2026-04-29T11:37:35+00:00\",\"breadcrumb\":{\"@id\":\"https:\/\/chrisopigi.gr\/de\/product\/basilikum-5ml\/#breadcrumb\"},\"inLanguage\":\"de\",\"potentialAction\":[{\"@type\":\"ReadAction\",\"target\":[\"https:\/\/chrisopigi.gr\/de\/product\/basilikum-5ml\/\"]}]},{\"@type\":\"ImageObject\",\"inLanguage\":\"de\",\"@id\":\"https:\/\/chrisopigi.gr\/de\/product\/basilikum-5ml\/#primaryimage\",\"url\":\"https:\/\/chrisopigi.gr\/wp-content\/uploads\/2025\/12\/image-33.png\",\"contentUrl\":\"https:\/\/chrisopigi.gr\/wp-content\/uploads\/2025\/12\/image-33.png\",\"width\":500,\"height\":700},{\"@type\":\"BreadcrumbList\",\"@id\":\"https:\/\/chrisopigi.gr\/de\/product\/basilikum-5ml\/#breadcrumb\",\"itemListElement\":[{\"@type\":\"ListItem\",\"position\":1,\"name\":\"\u0391\u03c1\u03c7\u03b9\u03ba\u03ae\",\"item\":\"https:\/\/chrisopigi.gr\/de\/\"},{\"@type\":\"ListItem\",\"position\":2,\"name\":\"Online-Shop\",\"item\":\"https:\/\/chrisopigi.gr\/online-shop\/\"},{\"@type\":\"ListItem\",\"position\":3,\"name\":\"Basilikum 5ml\"}]},{\"@type\":\"WebSite\",\"@id\":\"https:\/\/chrisopigi.gr\/de\/#website\",\"url\":\"https:\/\/chrisopigi.gr\/de\/\",\"name\":\"Chrisopigi\",\"description\":\"\u039a\u03c1\u03b7\u03c4\u03b9\u03ba\u03cc \u03b5\u03bb\u03b1\u03b9\u03cc\u03bb\u03b1\u03b4\u03bf &amp; \u03bc\u03ad\u03bb\u03b9 \u03b1\u03c0\u03cc \u03c4\u03b7\u03bd \u03a7\u03c1\u03c5\u03c3\u03bf\u03c0\u03b7\u03b3\u03ae \u03a3\u03b7\u03c4\u03b5\u03af\u03b1\u03c2\",\"potentialAction\":[{\"@type\":\"SearchAction\",\"target\":{\"@type\":\"EntryPoint\",\"urlTemplate\":\"https:\/\/chrisopigi.gr\/de\/?s={search_term_string}\"},\"query-input\":{\"@type\":\"PropertyValueSpecification\",\"valueRequired\":true,\"valueName\":\"search_term_string\"}}],\"inLanguage\":\"de\"}]}<\/script>\n<!-- \/ Yoast SEO plugin. -->","yoast_head_json":{"title":"Basilikum 5ml - Chrisopigi","robots":{"index":"index","follow":"follow","max-snippet":"max-snippet:-1","max-image-preview":"max-image-preview:large","max-video-preview":"max-video-preview:-1"},"canonical":"https:\/\/chrisopigi.gr\/de\/product\/basilikum-5ml\/","og_locale":"de_DE","og_type":"article","og_title":"Basilikum 5ml - Chrisopigi","og_description":"Das \u00e4therische Basilikum\u00f6l hat ein intensives, frisches und botanisches Aroma, das perfekt an die aromatischen Bl\u00e4tter von frischem Basilikum erinnert. Lebendig und gr\u00fcn bringt es ein Gef\u00fchl von Reinheit, Ausgeglichenheit und eine nostalgische mediterrane Aura in den Raum. Sein Aroma ist besonders angenehm, mit k\u00fchlem Charakter und sanfter S\u00fc\u00dfe, ideal f\u00fcr die Aromatherapie oder zur nat\u00fcrlichen Beduftung von R\u00e4umen, in denen wir Reinheit [&hellip;]","og_url":"https:\/\/chrisopigi.gr\/de\/product\/basilikum-5ml\/","og_site_name":"Chrisopigi","twitter_card":"summary_large_image","twitter_misc":{"Gesch\u00e4tzte Lesezeit":"1\u00a0Minute"},"schema":{"@context":"https:\/\/schema.org","@graph":[{"@type":"WebPage","@id":"https:\/\/chrisopigi.gr\/de\/product\/basilikum-5ml\/","url":"https:\/\/chrisopigi.gr\/de\/product\/basilikum-5ml\/","name":"Basilikum 5ml - Chrisopigi","isPartOf":{"@id":"https:\/\/chrisopigi.gr\/de\/#website"},"primaryImageOfPage":{"@id":"https:\/\/chrisopigi.gr\/de\/product\/basilikum-5ml\/#primaryimage"},"image":{"@id":"https:\/\/chrisopigi.gr\/de\/product\/basilikum-5ml\/#primaryimage"},"thumbnailUrl":"https:\/\/chrisopigi.gr\/wp-content\/uploads\/2025\/12\/image-33.png","datePublished":"2026-04-29T11:37:35+00:00","breadcrumb":{"@id":"https:\/\/chrisopigi.gr\/de\/product\/basilikum-5ml\/#breadcrumb"},"inLanguage":"de","potentialAction":[{"@type":"ReadAction","target":["https:\/\/chrisopigi.gr\/de\/product\/basilikum-5ml\/"]}]},{"@type":"ImageObject","inLanguage":"de","@id":"https:\/\/chrisopigi.gr\/de\/product\/basilikum-5ml\/#primaryimage","url":"https:\/\/chrisopigi.gr\/wp-content\/uploads\/2025\/12\/image-33.png","contentUrl":"https:\/\/chrisopigi.gr\/wp-content\/uploads\/2025\/12\/image-33.png","width":500,"height":700},{"@type":"BreadcrumbList","@id":"https:\/\/chrisopigi.gr\/de\/product\/basilikum-5ml\/#breadcrumb","itemListElement":[{"@type":"ListItem","position":1,"name":"\u0391\u03c1\u03c7\u03b9\u03ba\u03ae","item":"https:\/\/chrisopigi.gr\/de\/"},{"@type":"ListItem","position":2,"name":"Online-Shop","item":"https:\/\/chrisopigi.gr\/online-shop\/"},{"@type":"ListItem","position":3,"name":"Basilikum 5ml"}]},{"@type":"WebSite","@id":"https:\/\/chrisopigi.gr\/de\/#website","url":"https:\/\/chrisopigi.gr\/de\/","name":"Chrisopigi","description":"\u039a\u03c1\u03b7\u03c4\u03b9\u03ba\u03cc \u03b5\u03bb\u03b1\u03b9\u03cc\u03bb\u03b1\u03b4\u03bf &amp; \u03bc\u03ad\u03bb\u03b9 \u03b1\u03c0\u03cc \u03c4\u03b7\u03bd \u03a7\u03c1\u03c5\u03c3\u03bf\u03c0\u03b7\u03b3\u03ae \u03a3\u03b7\u03c4\u03b5\u03af\u03b1\u03c2","potentialAction":[{"@type":"SearchAction","target":{"@type":"EntryPoint","urlTemplate":"https:\/\/chrisopigi.gr\/de\/?s={search_term_string}"},"query-input":{"@type":"PropertyValueSpecification","valueRequired":true,"valueName":"search_term_string"}}],"inLanguage":"de"}]}},"_links":{"self":[{"href":"https:\/\/chrisopigi.gr\/de\/wp-json\/wp\/v2\/product\/49478"}],"collection":[{"href":"https:\/\/chrisopigi.gr\/de\/wp-json\/wp\/v2\/product"}],"about":[{"href":"https:\/\/chrisopigi.gr\/de\/wp-json\/wp\/v2\/types\/product"}],"replies":[{"embeddable":true,"href":"https:\/\/chrisopigi.gr\/de\/wp-json\/wp\/v2\/comments?post=49478"}],"wp:featuredmedia":[{"embeddable":true,"href":"https:\/\/chrisopigi.gr\/de\/wp-json\/wp\/v2\/media\/49479"}],"wp:attachment":[{"href":"https:\/\/chrisopigi.gr\/de\/wp-json\/wp\/v2\/media?parent=49478"}],"wp:term":[{"taxonomy":"product_cat","embeddable":true,"href":"https:\/\/chrisopigi.gr\/de\/wp-json\/wp\/v2\/product_cat?post=49478"},{"taxonomy":"product_tag","embeddable":true,"href":"https:\/\/chrisopigi.gr\/de\/wp-json\/wp\/v2\/product_tag?post=49478"}],"curies":[{"name":"wp","href":"https:\/\/api.w.org\/{rel}","templated":true}]}}