{"id":49481,"date":"2025-12-05T20:25:35","date_gmt":"2026-04-29T12:33:47","guid":{"rendered":"https:\/\/chrisopigi.gr\/product\/lavendel-5ml\/"},"modified":"2026-04-29T15:33:47","modified_gmt":"2026-04-29T12:33:47","slug":"lavendel-5ml","status":"publish","type":"product","link":"https:\/\/chrisopigi.gr\/de\/product\/lavendel-5ml\/","title":{"rendered":"Lavendel 5ml"},"content":{"rendered":"<p data-start=\"239\" data-end=\"552\">Das \u00e4therische Lavendel\u00f6l ist dank seines weichen, blumigen Aromas, das ein Gef\u00fchl von Ruhe und Entspannung vermittelt, eines der beliebtesten und am weitesten verbreiteten \u00e4therischen \u00d6le. Mit dem zarten, reinen Duft von Lavendelbl\u00fcten schafft es eine friedliche Atmosph\u00e4re, die Ausgeglichenheit und Reinheit in den Raum bringt. <\/p>\n<p data-start=\"554\" data-end=\"720\">Es wird aus biologisch angebautem Lavendel hergestellt und mit nat\u00fcrlichen Methoden destilliert, um seinen charakteristischen Duft zu bewahren \u2013 weich, rein und nat\u00fcrlich aromatisch.<\/p>\n<h4 style=\"text-align: center\" data-start=\"722\" data-end=\"934\">\ud83c\udf3f Anwendungen<\/h4>\n<p data-start=\"722\" data-end=\"934\">\u2022 Im Aromadiffusor f\u00fcr ein entspannendes, blumiges Aroma \u2022 F\u00fcr eine ruhige, angenehme Atmosph\u00e4re im Schlafzimmer oder zu Hause \u2022 In Mischungen mit anderen \u00e4therischen \u00d6len f\u00fcr sanfte, aromatische Kompositionen<\/p>\n<p data-start=\"936\" data-end=\"991\"><em data-start=\"936\" data-end=\"991\">(Nicht unverd\u00fcnnt direkt auf der Haut anwenden.)<\/em><\/p>\n<h4 style=\"text-align: center\" data-start=\"993\" data-end=\"1144\">\ud83c\udf3f Qualit\u00e4t<\/h4>\n<p data-start=\"993\" data-end=\"1144\">100% reines, biologisches \u00e4therisches Lavendel\u00f6l Ohne Zusatzstoffe oder synthetische Duftstoffe Auf Kreta mit traditioneller Dampfdestillation hergestellt<\/p>\n<p data-start=\"1146\" data-end=\"1230\">Ein weiches, klares Aroma, das ein Gef\u00fchl von Ruhe und nat\u00fcrlicher S\u00fc\u00dfe in den Raum bringt.<\/p>\n","protected":false},"excerpt":{"rendered":"<p>Das \u00e4therische Lavendel\u00f6l ist dank seines weichen, blumigen Aromas, das ein Gef\u00fchl von Ruhe und Entspannung vermittelt, eines der beliebtesten und am weitesten verbreiteten \u00e4therischen \u00d6le. Mit dem zarten, reinen Duft von Lavendelbl\u00fcten schafft es eine friedliche Atmosph\u00e4re, die Ausgeglichenheit und Reinheit in den Raum bringt. Es wird aus biologisch angebautem Lavendel hergestellt und mit nat\u00fcrlichen Methoden destilliert, um seinen charakteristischen Duft zu [&hellip;]<\/p>\n","protected":false},"featured_media":49482,"comment_status":"closed","ping_status":"closed","template":"","meta":[],"product_cat":[1826],"product_tag":[],"yoast_head":"<!-- This site is optimized with the Yoast SEO plugin v27.2 - https:\/\/yoast.com\/product\/yoast-seo-wordpress\/ -->\n<title>Lavendel 5ml - Chrisopigi<\/title>\n<meta name=\"robots\" content=\"index, follow, max-snippet:-1, max-image-preview:large, max-video-preview:-1\" \/>\n<link rel=\"canonical\" href=\"https:\/\/chrisopigi.gr\/de\/product\/lavendel-5ml\/\" \/>\n<meta property=\"og:locale\" content=\"de_DE\" \/>\n<meta property=\"og:type\" content=\"article\" \/>\n<meta property=\"og:title\" content=\"Lavendel 5ml - Chrisopigi\" \/>\n<meta property=\"og:description\" content=\"Das \u00e4therische Lavendel\u00f6l ist dank seines weichen, blumigen Aromas, das ein Gef\u00fchl von Ruhe und Entspannung vermittelt, eines der beliebtesten und am weitesten verbreiteten \u00e4therischen \u00d6le. Mit dem zarten, reinen Duft von Lavendelbl\u00fcten schafft es eine friedliche Atmosph\u00e4re, die Ausgeglichenheit und Reinheit in den Raum bringt. Es wird aus biologisch angebautem Lavendel hergestellt und mit nat\u00fcrlichen Methoden destilliert, um seinen charakteristischen Duft zu [&hellip;]\" \/>\n<meta property=\"og:url\" content=\"https:\/\/chrisopigi.gr\/de\/product\/lavendel-5ml\/\" \/>\n<meta property=\"og:site_name\" content=\"Chrisopigi\" \/>\n<meta name=\"twitter:card\" content=\"summary_large_image\" \/>\n<meta name=\"twitter:label1\" content=\"Gesch\u00e4tzte Lesezeit\" \/>\n\t<meta name=\"twitter:data1\" content=\"1\u00a0Minute\" \/>\n<script type=\"application\/ld+json\" class=\"yoast-schema-graph\">{\"@context\":\"https:\/\/schema.org\",\"@graph\":[{\"@type\":\"WebPage\",\"@id\":\"https:\/\/chrisopigi.gr\/de\/product\/lavendel-5ml\/\",\"url\":\"https:\/\/chrisopigi.gr\/de\/product\/lavendel-5ml\/\",\"name\":\"Lavendel 5ml - Chrisopigi\",\"isPartOf\":{\"@id\":\"https:\/\/chrisopigi.gr\/de\/#website\"},\"primaryImageOfPage\":{\"@id\":\"https:\/\/chrisopigi.gr\/de\/product\/lavendel-5ml\/#primaryimage\"},\"image\":{\"@id\":\"https:\/\/chrisopigi.gr\/de\/product\/lavendel-5ml\/#primaryimage\"},\"thumbnailUrl\":\"https:\/\/chrisopigi.gr\/wp-content\/uploads\/2025\/12\/image-32.png\",\"datePublished\":\"2026-04-29T12:33:47+00:00\",\"breadcrumb\":{\"@id\":\"https:\/\/chrisopigi.gr\/de\/product\/lavendel-5ml\/#breadcrumb\"},\"inLanguage\":\"de\",\"potentialAction\":[{\"@type\":\"ReadAction\",\"target\":[\"https:\/\/chrisopigi.gr\/de\/product\/lavendel-5ml\/\"]}]},{\"@type\":\"ImageObject\",\"inLanguage\":\"de\",\"@id\":\"https:\/\/chrisopigi.gr\/de\/product\/lavendel-5ml\/#primaryimage\",\"url\":\"https:\/\/chrisopigi.gr\/wp-content\/uploads\/2025\/12\/image-32.png\",\"contentUrl\":\"https:\/\/chrisopigi.gr\/wp-content\/uploads\/2025\/12\/image-32.png\",\"width\":500,\"height\":700},{\"@type\":\"BreadcrumbList\",\"@id\":\"https:\/\/chrisopigi.gr\/de\/product\/lavendel-5ml\/#breadcrumb\",\"itemListElement\":[{\"@type\":\"ListItem\",\"position\":1,\"name\":\"\u0391\u03c1\u03c7\u03b9\u03ba\u03ae\",\"item\":\"https:\/\/chrisopigi.gr\/de\/\"},{\"@type\":\"ListItem\",\"position\":2,\"name\":\"Online-Shop\",\"item\":\"https:\/\/chrisopigi.gr\/online-shop\/\"},{\"@type\":\"ListItem\",\"position\":3,\"name\":\"Lavendel 5ml\"}]},{\"@type\":\"WebSite\",\"@id\":\"https:\/\/chrisopigi.gr\/de\/#website\",\"url\":\"https:\/\/chrisopigi.gr\/de\/\",\"name\":\"Chrisopigi\",\"description\":\"\u039a\u03c1\u03b7\u03c4\u03b9\u03ba\u03cc \u03b5\u03bb\u03b1\u03b9\u03cc\u03bb\u03b1\u03b4\u03bf &amp; \u03bc\u03ad\u03bb\u03b9 \u03b1\u03c0\u03cc \u03c4\u03b7\u03bd \u03a7\u03c1\u03c5\u03c3\u03bf\u03c0\u03b7\u03b3\u03ae \u03a3\u03b7\u03c4\u03b5\u03af\u03b1\u03c2\",\"potentialAction\":[{\"@type\":\"SearchAction\",\"target\":{\"@type\":\"EntryPoint\",\"urlTemplate\":\"https:\/\/chrisopigi.gr\/de\/?s={search_term_string}\"},\"query-input\":{\"@type\":\"PropertyValueSpecification\",\"valueRequired\":true,\"valueName\":\"search_term_string\"}}],\"inLanguage\":\"de\"}]}<\/script>\n<!-- \/ Yoast SEO plugin. -->","yoast_head_json":{"title":"Lavendel 5ml - Chrisopigi","robots":{"index":"index","follow":"follow","max-snippet":"max-snippet:-1","max-image-preview":"max-image-preview:large","max-video-preview":"max-video-preview:-1"},"canonical":"https:\/\/chrisopigi.gr\/de\/product\/lavendel-5ml\/","og_locale":"de_DE","og_type":"article","og_title":"Lavendel 5ml - Chrisopigi","og_description":"Das \u00e4therische Lavendel\u00f6l ist dank seines weichen, blumigen Aromas, das ein Gef\u00fchl von Ruhe und Entspannung vermittelt, eines der beliebtesten und am weitesten verbreiteten \u00e4therischen \u00d6le. Mit dem zarten, reinen Duft von Lavendelbl\u00fcten schafft es eine friedliche Atmosph\u00e4re, die Ausgeglichenheit und Reinheit in den Raum bringt. Es wird aus biologisch angebautem Lavendel hergestellt und mit nat\u00fcrlichen Methoden destilliert, um seinen charakteristischen Duft zu [&hellip;]","og_url":"https:\/\/chrisopigi.gr\/de\/product\/lavendel-5ml\/","og_site_name":"Chrisopigi","twitter_card":"summary_large_image","twitter_misc":{"Gesch\u00e4tzte Lesezeit":"1\u00a0Minute"},"schema":{"@context":"https:\/\/schema.org","@graph":[{"@type":"WebPage","@id":"https:\/\/chrisopigi.gr\/de\/product\/lavendel-5ml\/","url":"https:\/\/chrisopigi.gr\/de\/product\/lavendel-5ml\/","name":"Lavendel 5ml - Chrisopigi","isPartOf":{"@id":"https:\/\/chrisopigi.gr\/de\/#website"},"primaryImageOfPage":{"@id":"https:\/\/chrisopigi.gr\/de\/product\/lavendel-5ml\/#primaryimage"},"image":{"@id":"https:\/\/chrisopigi.gr\/de\/product\/lavendel-5ml\/#primaryimage"},"thumbnailUrl":"https:\/\/chrisopigi.gr\/wp-content\/uploads\/2025\/12\/image-32.png","datePublished":"2026-04-29T12:33:47+00:00","breadcrumb":{"@id":"https:\/\/chrisopigi.gr\/de\/product\/lavendel-5ml\/#breadcrumb"},"inLanguage":"de","potentialAction":[{"@type":"ReadAction","target":["https:\/\/chrisopigi.gr\/de\/product\/lavendel-5ml\/"]}]},{"@type":"ImageObject","inLanguage":"de","@id":"https:\/\/chrisopigi.gr\/de\/product\/lavendel-5ml\/#primaryimage","url":"https:\/\/chrisopigi.gr\/wp-content\/uploads\/2025\/12\/image-32.png","contentUrl":"https:\/\/chrisopigi.gr\/wp-content\/uploads\/2025\/12\/image-32.png","width":500,"height":700},{"@type":"BreadcrumbList","@id":"https:\/\/chrisopigi.gr\/de\/product\/lavendel-5ml\/#breadcrumb","itemListElement":[{"@type":"ListItem","position":1,"name":"\u0391\u03c1\u03c7\u03b9\u03ba\u03ae","item":"https:\/\/chrisopigi.gr\/de\/"},{"@type":"ListItem","position":2,"name":"Online-Shop","item":"https:\/\/chrisopigi.gr\/online-shop\/"},{"@type":"ListItem","position":3,"name":"Lavendel 5ml"}]},{"@type":"WebSite","@id":"https:\/\/chrisopigi.gr\/de\/#website","url":"https:\/\/chrisopigi.gr\/de\/","name":"Chrisopigi","description":"\u039a\u03c1\u03b7\u03c4\u03b9\u03ba\u03cc \u03b5\u03bb\u03b1\u03b9\u03cc\u03bb\u03b1\u03b4\u03bf &amp; \u03bc\u03ad\u03bb\u03b9 \u03b1\u03c0\u03cc \u03c4\u03b7\u03bd \u03a7\u03c1\u03c5\u03c3\u03bf\u03c0\u03b7\u03b3\u03ae \u03a3\u03b7\u03c4\u03b5\u03af\u03b1\u03c2","potentialAction":[{"@type":"SearchAction","target":{"@type":"EntryPoint","urlTemplate":"https:\/\/chrisopigi.gr\/de\/?s={search_term_string}"},"query-input":{"@type":"PropertyValueSpecification","valueRequired":true,"valueName":"search_term_string"}}],"inLanguage":"de"}]}},"_links":{"self":[{"href":"https:\/\/chrisopigi.gr\/de\/wp-json\/wp\/v2\/product\/49481"}],"collection":[{"href":"https:\/\/chrisopigi.gr\/de\/wp-json\/wp\/v2\/product"}],"about":[{"href":"https:\/\/chrisopigi.gr\/de\/wp-json\/wp\/v2\/types\/product"}],"replies":[{"embeddable":true,"href":"https:\/\/chrisopigi.gr\/de\/wp-json\/wp\/v2\/comments?post=49481"}],"wp:featuredmedia":[{"embeddable":true,"href":"https:\/\/chrisopigi.gr\/de\/wp-json\/wp\/v2\/media\/49482"}],"wp:attachment":[{"href":"https:\/\/chrisopigi.gr\/de\/wp-json\/wp\/v2\/media?parent=49481"}],"wp:term":[{"taxonomy":"product_cat","embeddable":true,"href":"https:\/\/chrisopigi.gr\/de\/wp-json\/wp\/v2\/product_cat?post=49481"},{"taxonomy":"product_tag","embeddable":true,"href":"https:\/\/chrisopigi.gr\/de\/wp-json\/wp\/v2\/product_tag?post=49481"}],"curies":[{"name":"wp","href":"https:\/\/api.w.org\/{rel}","templated":true}]}}