{"id":49483,"date":"2025-12-05T20:21:28","date_gmt":"2026-04-29T12:38:28","guid":{"rendered":"https:\/\/chrisopigi.gr\/product\/diptam-5ml\/"},"modified":"2026-04-29T15:38:28","modified_gmt":"2026-04-29T12:38:28","slug":"diptam-5ml","status":"publish","type":"product","link":"https:\/\/chrisopigi.gr\/de\/product\/diptam-5ml\/","title":{"rendered":"Diptam 5ml"},"content":{"rendered":"<p data-start=\"238\" data-end=\"495\">Das \u00e4therische Diptam\u00f6l ist ein einzigartiges, aromatisches \u00d6l aus dem ber\u00fchmten Kraut Kretas. Mit seinem warmen, botanischen Aroma und den feinen erdigen Noten schafft es eine nat\u00fcrliche, friedliche Atmosph\u00e4re, die an die Reinheit und Kraft der kretischen Erde erinnert.<\/p>\n<p data-start=\"497\" data-end=\"670\">Es wird aus sorgf\u00e4ltig gesammelten Pflanzen aus biologischem Anbau in Sitia, Kreta, gewonnen und bewahrt das authentische Aroma des Diptams unverf\u00e4lscht \u2013 fein, sanft und charaktervoll.<\/p>\n<h4 style=\"text-align: center\" data-start=\"672\" data-end=\"862\">\ud83c\udf3f Anwendungen<\/h4>\n<p data-start=\"672\" data-end=\"862\">\u2022 Im Aromadiffusor f\u00fcr ein warmes, erdiges Aroma \u2022 Zur Schaffung einer entspannenden Atmosph\u00e4re zu Hause \u2022 In Mischungen mit anderen \u00e4therischen \u00d6len f\u00fcr ein tieferes botanisches Profil<\/p>\n<p data-start=\"864\" data-end=\"919\"><em data-start=\"864\" data-end=\"919\">(Nicht unverd\u00fcnnt direkt auf der Haut anwenden.)<\/em><\/p>\n<h4 style=\"text-align: center\" data-start=\"921\" data-end=\"1081\">\ud83c\udf3f Qualit\u00e4t<\/h4>\n<p data-start=\"921\" data-end=\"1081\">100% reines, biologisches \u00e4therisches Diptam\u00f6l Ohne Zusatzstoffe oder synthetische Duftstoffe Hergestellt ausschlie\u00dflich aus griechischen Pflanzen in Sitia, Kreta<\/p>\n<p data-start=\"1083\" data-end=\"1182\">Ein besonderes \u00e4therisches \u00d6l, das die nat\u00fcrliche Aura und das Aroma der kretischen Landschaft in den Raum bringt.<\/p>\n","protected":false},"excerpt":{"rendered":"<p>Das \u00e4therische Diptam\u00f6l ist ein einzigartiges, aromatisches \u00d6l aus dem ber\u00fchmten Kraut Kretas. Mit seinem warmen, botanischen Aroma und den feinen erdigen Noten schafft es eine nat\u00fcrliche, friedliche Atmosph\u00e4re, die an die Reinheit und Kraft der kretischen Erde erinnert. Es wird aus sorgf\u00e4ltig gesammelten Pflanzen aus biologischem Anbau in Sitia, Kreta, gewonnen und bewahrt das authentische Aroma des Diptams unverf\u00e4lscht \u2013 fein, sanft [&hellip;]<\/p>\n","protected":false},"featured_media":49484,"comment_status":"closed","ping_status":"closed","template":"","meta":[],"product_cat":[1826],"product_tag":[],"yoast_head":"<!-- This site is optimized with the Yoast SEO plugin v27.2 - https:\/\/yoast.com\/product\/yoast-seo-wordpress\/ -->\n<title>Diptam 5ml - Chrisopigi<\/title>\n<meta name=\"robots\" content=\"index, follow, max-snippet:-1, max-image-preview:large, max-video-preview:-1\" \/>\n<link rel=\"canonical\" href=\"https:\/\/chrisopigi.gr\/de\/product\/diptam-5ml\/\" \/>\n<meta property=\"og:locale\" content=\"de_DE\" \/>\n<meta property=\"og:type\" content=\"article\" \/>\n<meta property=\"og:title\" content=\"Diptam 5ml - Chrisopigi\" \/>\n<meta property=\"og:description\" content=\"Das \u00e4therische Diptam\u00f6l ist ein einzigartiges, aromatisches \u00d6l aus dem ber\u00fchmten Kraut Kretas. Mit seinem warmen, botanischen Aroma und den feinen erdigen Noten schafft es eine nat\u00fcrliche, friedliche Atmosph\u00e4re, die an die Reinheit und Kraft der kretischen Erde erinnert. Es wird aus sorgf\u00e4ltig gesammelten Pflanzen aus biologischem Anbau in Sitia, Kreta, gewonnen und bewahrt das authentische Aroma des Diptams unverf\u00e4lscht \u2013 fein, sanft [&hellip;]\" \/>\n<meta property=\"og:url\" content=\"https:\/\/chrisopigi.gr\/de\/product\/diptam-5ml\/\" \/>\n<meta property=\"og:site_name\" content=\"Chrisopigi\" \/>\n<meta name=\"twitter:card\" content=\"summary_large_image\" \/>\n<meta name=\"twitter:label1\" content=\"Gesch\u00e4tzte Lesezeit\" \/>\n\t<meta name=\"twitter:data1\" content=\"1\u00a0Minute\" \/>\n<script type=\"application\/ld+json\" class=\"yoast-schema-graph\">{\"@context\":\"https:\/\/schema.org\",\"@graph\":[{\"@type\":\"WebPage\",\"@id\":\"https:\/\/chrisopigi.gr\/de\/product\/diptam-5ml\/\",\"url\":\"https:\/\/chrisopigi.gr\/de\/product\/diptam-5ml\/\",\"name\":\"Diptam 5ml - Chrisopigi\",\"isPartOf\":{\"@id\":\"https:\/\/chrisopigi.gr\/de\/#website\"},\"primaryImageOfPage\":{\"@id\":\"https:\/\/chrisopigi.gr\/de\/product\/diptam-5ml\/#primaryimage\"},\"image\":{\"@id\":\"https:\/\/chrisopigi.gr\/de\/product\/diptam-5ml\/#primaryimage\"},\"thumbnailUrl\":\"https:\/\/chrisopigi.gr\/wp-content\/uploads\/2025\/12\/image-31.png\",\"datePublished\":\"2026-04-29T12:38:28+00:00\",\"breadcrumb\":{\"@id\":\"https:\/\/chrisopigi.gr\/de\/product\/diptam-5ml\/#breadcrumb\"},\"inLanguage\":\"de\",\"potentialAction\":[{\"@type\":\"ReadAction\",\"target\":[\"https:\/\/chrisopigi.gr\/de\/product\/diptam-5ml\/\"]}]},{\"@type\":\"ImageObject\",\"inLanguage\":\"de\",\"@id\":\"https:\/\/chrisopigi.gr\/de\/product\/diptam-5ml\/#primaryimage\",\"url\":\"https:\/\/chrisopigi.gr\/wp-content\/uploads\/2025\/12\/image-31.png\",\"contentUrl\":\"https:\/\/chrisopigi.gr\/wp-content\/uploads\/2025\/12\/image-31.png\",\"width\":500,\"height\":700},{\"@type\":\"BreadcrumbList\",\"@id\":\"https:\/\/chrisopigi.gr\/de\/product\/diptam-5ml\/#breadcrumb\",\"itemListElement\":[{\"@type\":\"ListItem\",\"position\":1,\"name\":\"\u0391\u03c1\u03c7\u03b9\u03ba\u03ae\",\"item\":\"https:\/\/chrisopigi.gr\/de\/\"},{\"@type\":\"ListItem\",\"position\":2,\"name\":\"Online-Shop\",\"item\":\"https:\/\/chrisopigi.gr\/online-shop\/\"},{\"@type\":\"ListItem\",\"position\":3,\"name\":\"Diptam 5ml\"}]},{\"@type\":\"WebSite\",\"@id\":\"https:\/\/chrisopigi.gr\/de\/#website\",\"url\":\"https:\/\/chrisopigi.gr\/de\/\",\"name\":\"Chrisopigi\",\"description\":\"\u039a\u03c1\u03b7\u03c4\u03b9\u03ba\u03cc \u03b5\u03bb\u03b1\u03b9\u03cc\u03bb\u03b1\u03b4\u03bf &amp; \u03bc\u03ad\u03bb\u03b9 \u03b1\u03c0\u03cc \u03c4\u03b7\u03bd \u03a7\u03c1\u03c5\u03c3\u03bf\u03c0\u03b7\u03b3\u03ae \u03a3\u03b7\u03c4\u03b5\u03af\u03b1\u03c2\",\"potentialAction\":[{\"@type\":\"SearchAction\",\"target\":{\"@type\":\"EntryPoint\",\"urlTemplate\":\"https:\/\/chrisopigi.gr\/de\/?s={search_term_string}\"},\"query-input\":{\"@type\":\"PropertyValueSpecification\",\"valueRequired\":true,\"valueName\":\"search_term_string\"}}],\"inLanguage\":\"de\"}]}<\/script>\n<!-- \/ Yoast SEO plugin. -->","yoast_head_json":{"title":"Diptam 5ml - Chrisopigi","robots":{"index":"index","follow":"follow","max-snippet":"max-snippet:-1","max-image-preview":"max-image-preview:large","max-video-preview":"max-video-preview:-1"},"canonical":"https:\/\/chrisopigi.gr\/de\/product\/diptam-5ml\/","og_locale":"de_DE","og_type":"article","og_title":"Diptam 5ml - Chrisopigi","og_description":"Das \u00e4therische Diptam\u00f6l ist ein einzigartiges, aromatisches \u00d6l aus dem ber\u00fchmten Kraut Kretas. Mit seinem warmen, botanischen Aroma und den feinen erdigen Noten schafft es eine nat\u00fcrliche, friedliche Atmosph\u00e4re, die an die Reinheit und Kraft der kretischen Erde erinnert. Es wird aus sorgf\u00e4ltig gesammelten Pflanzen aus biologischem Anbau in Sitia, Kreta, gewonnen und bewahrt das authentische Aroma des Diptams unverf\u00e4lscht \u2013 fein, sanft [&hellip;]","og_url":"https:\/\/chrisopigi.gr\/de\/product\/diptam-5ml\/","og_site_name":"Chrisopigi","twitter_card":"summary_large_image","twitter_misc":{"Gesch\u00e4tzte Lesezeit":"1\u00a0Minute"},"schema":{"@context":"https:\/\/schema.org","@graph":[{"@type":"WebPage","@id":"https:\/\/chrisopigi.gr\/de\/product\/diptam-5ml\/","url":"https:\/\/chrisopigi.gr\/de\/product\/diptam-5ml\/","name":"Diptam 5ml - Chrisopigi","isPartOf":{"@id":"https:\/\/chrisopigi.gr\/de\/#website"},"primaryImageOfPage":{"@id":"https:\/\/chrisopigi.gr\/de\/product\/diptam-5ml\/#primaryimage"},"image":{"@id":"https:\/\/chrisopigi.gr\/de\/product\/diptam-5ml\/#primaryimage"},"thumbnailUrl":"https:\/\/chrisopigi.gr\/wp-content\/uploads\/2025\/12\/image-31.png","datePublished":"2026-04-29T12:38:28+00:00","breadcrumb":{"@id":"https:\/\/chrisopigi.gr\/de\/product\/diptam-5ml\/#breadcrumb"},"inLanguage":"de","potentialAction":[{"@type":"ReadAction","target":["https:\/\/chrisopigi.gr\/de\/product\/diptam-5ml\/"]}]},{"@type":"ImageObject","inLanguage":"de","@id":"https:\/\/chrisopigi.gr\/de\/product\/diptam-5ml\/#primaryimage","url":"https:\/\/chrisopigi.gr\/wp-content\/uploads\/2025\/12\/image-31.png","contentUrl":"https:\/\/chrisopigi.gr\/wp-content\/uploads\/2025\/12\/image-31.png","width":500,"height":700},{"@type":"BreadcrumbList","@id":"https:\/\/chrisopigi.gr\/de\/product\/diptam-5ml\/#breadcrumb","itemListElement":[{"@type":"ListItem","position":1,"name":"\u0391\u03c1\u03c7\u03b9\u03ba\u03ae","item":"https:\/\/chrisopigi.gr\/de\/"},{"@type":"ListItem","position":2,"name":"Online-Shop","item":"https:\/\/chrisopigi.gr\/online-shop\/"},{"@type":"ListItem","position":3,"name":"Diptam 5ml"}]},{"@type":"WebSite","@id":"https:\/\/chrisopigi.gr\/de\/#website","url":"https:\/\/chrisopigi.gr\/de\/","name":"Chrisopigi","description":"\u039a\u03c1\u03b7\u03c4\u03b9\u03ba\u03cc \u03b5\u03bb\u03b1\u03b9\u03cc\u03bb\u03b1\u03b4\u03bf &amp; \u03bc\u03ad\u03bb\u03b9 \u03b1\u03c0\u03cc \u03c4\u03b7\u03bd \u03a7\u03c1\u03c5\u03c3\u03bf\u03c0\u03b7\u03b3\u03ae \u03a3\u03b7\u03c4\u03b5\u03af\u03b1\u03c2","potentialAction":[{"@type":"SearchAction","target":{"@type":"EntryPoint","urlTemplate":"https:\/\/chrisopigi.gr\/de\/?s={search_term_string}"},"query-input":{"@type":"PropertyValueSpecification","valueRequired":true,"valueName":"search_term_string"}}],"inLanguage":"de"}]}},"_links":{"self":[{"href":"https:\/\/chrisopigi.gr\/de\/wp-json\/wp\/v2\/product\/49483"}],"collection":[{"href":"https:\/\/chrisopigi.gr\/de\/wp-json\/wp\/v2\/product"}],"about":[{"href":"https:\/\/chrisopigi.gr\/de\/wp-json\/wp\/v2\/types\/product"}],"replies":[{"embeddable":true,"href":"https:\/\/chrisopigi.gr\/de\/wp-json\/wp\/v2\/comments?post=49483"}],"wp:featuredmedia":[{"embeddable":true,"href":"https:\/\/chrisopigi.gr\/de\/wp-json\/wp\/v2\/media\/49484"}],"wp:attachment":[{"href":"https:\/\/chrisopigi.gr\/de\/wp-json\/wp\/v2\/media?parent=49483"}],"wp:term":[{"taxonomy":"product_cat","embeddable":true,"href":"https:\/\/chrisopigi.gr\/de\/wp-json\/wp\/v2\/product_cat?post=49483"},{"taxonomy":"product_tag","embeddable":true,"href":"https:\/\/chrisopigi.gr\/de\/wp-json\/wp\/v2\/product_tag?post=49483"}],"curies":[{"name":"wp","href":"https:\/\/api.w.org\/{rel}","templated":true}]}}