{"id":49488,"date":"2025-12-05T20:12:37","date_gmt":"2026-04-29T13:51:55","guid":{"rendered":"https:\/\/chrisopigi.gr\/product\/zitrone-5ml\/"},"modified":"2026-04-29T16:51:55","modified_gmt":"2026-04-29T13:51:55","slug":"zitrone-5ml","status":"publish","type":"product","link":"https:\/\/chrisopigi.gr\/de\/product\/zitrone-5ml\/","title":{"rendered":"Zitrone 5ml"},"content":{"rendered":"<p data-start=\"213\" data-end=\"477\">Das \u00e4therische Zitronen\u00f6l ist ein helles, klares und erfrischendes Aroma, das die Frische frisch geschnittener Zitronen in den Raum bringt. Es wird durch Kaltpressung der Schale gewonnen und bewahrt die gesamte nat\u00fcrliche Reinheit und sein charakteristisches, k\u00fchles Aroma. <\/p>\n<p data-start=\"479\" data-end=\"712\">\u03a4\u03bf \u03ac\u03c1\u03c9\u03bc\u03ac \u03c4\u03bf\u03c5 \u03b5\u03af\u03bd\u03b1\u03b9 \u03b6\u03c9\u03b7\u03c1\u03cc, \u03b5\u03c5\u03c7\u03ac\u03c1\u03b9\u03c3\u03c4\u03b1 \u03cc\u03be\u03b9\u03bd\u03bf \u03ba\u03b1\u03b9 \u03b3\u03b5\u03bc\u03ac\u03c4\u03bf \u03b5\u03bd\u03ad\u03c1\u03b3\u03b5\u03b9\u03b1, \u03b9\u03b4\u03b1\u03bd\u03b9\u03ba\u03cc \u03b3\u03b9\u03b1 \u03bd\u03b1 \u03b4\u03b7\u03bc\u03b9\u03bf\u03c5\u03c1\u03b3\u03ae\u03c3\u03b5\u03b9 \u03bc\u03b9\u03b1 \u03b1\u03af\u03c3\u03b8\u03b7\u03c3\u03b7 \u03ba\u03b1\u03b8\u03b1\u03c1\u03b9\u03cc\u03c4\u03b7\u03c4\u03b1\u03c2, \u03c6\u03c1\u03b5\u03c3\u03ba\u03ac\u03b4\u03b1\u03c2 \u03ba\u03b1\u03b9 \u03b1\u03bd\u03b1\u03bd\u03ad\u03c9\u03c3\u03b7\u03c2 \u03c3\u03b5 \u03ba\u03ac\u03b8\u03b5 \u03b4\u03c9\u03bc\u03ac\u03c4\u03b9\u03bf. \u03a4\u03b1\u03b9\u03c1\u03b9\u03ac\u03b6\u03b5\u03b9 \u03b5\u03be\u03b1\u03b9\u03c1\u03b5\u03c4\u03b9\u03ba\u03ac \u03c3\u03b5 \u03c3\u03c4\u03b9\u03b3\u03bc\u03ad\u03c2 \u03c3\u03c5\u03b3\u03ba\u03ad\u03bd\u03c4\u03c1\u03c9\u03c3\u03b7\u03c2, \u03c4\u03cc\u03bd\u03c9\u03c3\u03b7\u03c2 \u03ae \u03b5\u03bb\u03b1\u03c6\u03c1\u03b9\u03ac\u03c2 \u03c7\u03b1\u03bb\u03ac\u03c1\u03c9\u03c3\u03b7\u03c2. <\/p>\n<h4 style=\"text-align: center\" data-start=\"714\" data-end=\"888\">\ud83c\udf3f Anwendungen<\/h4>\n<p data-start=\"714\" data-end=\"888\">\u2022 Im Aromadiffusor f\u00fcr ein klares, k\u00fchles Aroma \u2022 In nat\u00fcrlichen Reinigungsmitteln f\u00fcr ein Gef\u00fchl von Frische \u2022 In Duftmischungen mit Zitrusfr\u00fcchten oder Kr\u00e4utern<\/p>\n<p data-start=\"890\" data-end=\"945\"><em data-start=\"890\" data-end=\"945\">(Nicht unverd\u00fcnnt direkt auf der Haut anwenden.)<\/em><\/p>\n<h4 style=\"text-align: center\" data-start=\"947\" data-end=\"1088\">\ud83c\udf3f Qualit\u00e4t<\/h4>\n<p data-start=\"947\" data-end=\"1088\">100% reines \u00e4therisches Zitronen\u00f6l Ohne Zusatzstoffe oder k\u00fcnstliche Aromen Auf Kreta mit nat\u00fcrlichen Extraktionsmethoden hergestellt<\/p>\n<p data-start=\"1090\" data-end=\"1159\">Ein klares, erfrischendes Aroma, das jeden Raum erhellt und erfrischt.<\/p>\n","protected":false},"excerpt":{"rendered":"<p>Das \u00e4therische Zitronen\u00f6l ist ein helles, klares und erfrischendes Aroma, das die Frische frisch geschnittener Zitronen in den Raum bringt. Es wird durch Kaltpressung der Schale gewonnen und bewahrt die gesamte nat\u00fcrliche Reinheit und sein charakteristisches, k\u00fchles Aroma. \u03a4\u03bf \u03ac\u03c1\u03c9\u03bc\u03ac \u03c4\u03bf\u03c5 \u03b5\u03af\u03bd\u03b1\u03b9 \u03b6\u03c9\u03b7\u03c1\u03cc, \u03b5\u03c5\u03c7\u03ac\u03c1\u03b9\u03c3\u03c4\u03b1 \u03cc\u03be\u03b9\u03bd\u03bf \u03ba\u03b1\u03b9 \u03b3\u03b5\u03bc\u03ac\u03c4\u03bf \u03b5\u03bd\u03ad\u03c1\u03b3\u03b5\u03b9\u03b1, \u03b9\u03b4\u03b1\u03bd\u03b9\u03ba\u03cc \u03b3\u03b9\u03b1 \u03bd\u03b1 \u03b4\u03b7\u03bc\u03b9\u03bf\u03c5\u03c1\u03b3\u03ae\u03c3\u03b5\u03b9 \u03bc\u03b9\u03b1 \u03b1\u03af\u03c3\u03b8\u03b7\u03c3\u03b7 \u03ba\u03b1\u03b8\u03b1\u03c1\u03b9\u03cc\u03c4\u03b7\u03c4\u03b1\u03c2, \u03c6\u03c1\u03b5\u03c3\u03ba\u03ac\u03b4\u03b1\u03c2 \u03ba\u03b1\u03b9 \u03b1\u03bd\u03b1\u03bd\u03ad\u03c9\u03c3\u03b7\u03c2 \u03c3\u03b5 \u03ba\u03ac\u03b8\u03b5 \u03b4\u03c9\u03bc\u03ac\u03c4\u03b9\u03bf. \u03a4\u03b1\u03b9\u03c1\u03b9\u03ac\u03b6\u03b5\u03b9 \u03b5\u03be\u03b1\u03b9\u03c1\u03b5\u03c4\u03b9\u03ba\u03ac [&hellip;]<\/p>\n","protected":false},"featured_media":49489,"comment_status":"closed","ping_status":"closed","template":"","meta":[],"product_cat":[1826],"product_tag":[],"yoast_head":"<!-- This site is optimized with the Yoast SEO plugin v27.2 - https:\/\/yoast.com\/product\/yoast-seo-wordpress\/ -->\n<title>Zitrone 5ml - Chrisopigi<\/title>\n<meta name=\"robots\" content=\"index, follow, max-snippet:-1, max-image-preview:large, max-video-preview:-1\" \/>\n<link rel=\"canonical\" href=\"https:\/\/chrisopigi.gr\/de\/product\/zitrone-5ml\/\" \/>\n<meta property=\"og:locale\" content=\"de_DE\" \/>\n<meta property=\"og:type\" content=\"article\" \/>\n<meta property=\"og:title\" content=\"Zitrone 5ml - Chrisopigi\" \/>\n<meta property=\"og:description\" content=\"Das \u00e4therische Zitronen\u00f6l ist ein helles, klares und erfrischendes Aroma, das die Frische frisch geschnittener Zitronen in den Raum bringt. Es wird durch Kaltpressung der Schale gewonnen und bewahrt die gesamte nat\u00fcrliche Reinheit und sein charakteristisches, k\u00fchles Aroma. \u03a4\u03bf \u03ac\u03c1\u03c9\u03bc\u03ac \u03c4\u03bf\u03c5 \u03b5\u03af\u03bd\u03b1\u03b9 \u03b6\u03c9\u03b7\u03c1\u03cc, \u03b5\u03c5\u03c7\u03ac\u03c1\u03b9\u03c3\u03c4\u03b1 \u03cc\u03be\u03b9\u03bd\u03bf \u03ba\u03b1\u03b9 \u03b3\u03b5\u03bc\u03ac\u03c4\u03bf \u03b5\u03bd\u03ad\u03c1\u03b3\u03b5\u03b9\u03b1, \u03b9\u03b4\u03b1\u03bd\u03b9\u03ba\u03cc \u03b3\u03b9\u03b1 \u03bd\u03b1 \u03b4\u03b7\u03bc\u03b9\u03bf\u03c5\u03c1\u03b3\u03ae\u03c3\u03b5\u03b9 \u03bc\u03b9\u03b1 \u03b1\u03af\u03c3\u03b8\u03b7\u03c3\u03b7 \u03ba\u03b1\u03b8\u03b1\u03c1\u03b9\u03cc\u03c4\u03b7\u03c4\u03b1\u03c2, \u03c6\u03c1\u03b5\u03c3\u03ba\u03ac\u03b4\u03b1\u03c2 \u03ba\u03b1\u03b9 \u03b1\u03bd\u03b1\u03bd\u03ad\u03c9\u03c3\u03b7\u03c2 \u03c3\u03b5 \u03ba\u03ac\u03b8\u03b5 \u03b4\u03c9\u03bc\u03ac\u03c4\u03b9\u03bf. \u03a4\u03b1\u03b9\u03c1\u03b9\u03ac\u03b6\u03b5\u03b9 \u03b5\u03be\u03b1\u03b9\u03c1\u03b5\u03c4\u03b9\u03ba\u03ac [&hellip;]\" \/>\n<meta property=\"og:url\" content=\"https:\/\/chrisopigi.gr\/de\/product\/zitrone-5ml\/\" \/>\n<meta property=\"og:site_name\" content=\"Chrisopigi\" \/>\n<meta name=\"twitter:card\" content=\"summary_large_image\" \/>\n<meta name=\"twitter:label1\" content=\"Gesch\u00e4tzte Lesezeit\" \/>\n\t<meta name=\"twitter:data1\" content=\"1\u00a0Minute\" \/>\n<script type=\"application\/ld+json\" class=\"yoast-schema-graph\">{\"@context\":\"https:\/\/schema.org\",\"@graph\":[{\"@type\":\"WebPage\",\"@id\":\"https:\/\/chrisopigi.gr\/de\/product\/zitrone-5ml\/\",\"url\":\"https:\/\/chrisopigi.gr\/de\/product\/zitrone-5ml\/\",\"name\":\"Zitrone 5ml - Chrisopigi\",\"isPartOf\":{\"@id\":\"https:\/\/chrisopigi.gr\/de\/#website\"},\"primaryImageOfPage\":{\"@id\":\"https:\/\/chrisopigi.gr\/de\/product\/zitrone-5ml\/#primaryimage\"},\"image\":{\"@id\":\"https:\/\/chrisopigi.gr\/de\/product\/zitrone-5ml\/#primaryimage\"},\"thumbnailUrl\":\"https:\/\/chrisopigi.gr\/wp-content\/uploads\/2025\/12\/image-29.png\",\"datePublished\":\"2026-04-29T13:51:55+00:00\",\"breadcrumb\":{\"@id\":\"https:\/\/chrisopigi.gr\/de\/product\/zitrone-5ml\/#breadcrumb\"},\"inLanguage\":\"de\",\"potentialAction\":[{\"@type\":\"ReadAction\",\"target\":[\"https:\/\/chrisopigi.gr\/de\/product\/zitrone-5ml\/\"]}]},{\"@type\":\"ImageObject\",\"inLanguage\":\"de\",\"@id\":\"https:\/\/chrisopigi.gr\/de\/product\/zitrone-5ml\/#primaryimage\",\"url\":\"https:\/\/chrisopigi.gr\/wp-content\/uploads\/2025\/12\/image-29.png\",\"contentUrl\":\"https:\/\/chrisopigi.gr\/wp-content\/uploads\/2025\/12\/image-29.png\",\"width\":500,\"height\":700},{\"@type\":\"BreadcrumbList\",\"@id\":\"https:\/\/chrisopigi.gr\/de\/product\/zitrone-5ml\/#breadcrumb\",\"itemListElement\":[{\"@type\":\"ListItem\",\"position\":1,\"name\":\"\u0391\u03c1\u03c7\u03b9\u03ba\u03ae\",\"item\":\"https:\/\/chrisopigi.gr\/de\/\"},{\"@type\":\"ListItem\",\"position\":2,\"name\":\"Online-Shop\",\"item\":\"https:\/\/chrisopigi.gr\/online-shop\/\"},{\"@type\":\"ListItem\",\"position\":3,\"name\":\"Zitrone 5ml\"}]},{\"@type\":\"WebSite\",\"@id\":\"https:\/\/chrisopigi.gr\/de\/#website\",\"url\":\"https:\/\/chrisopigi.gr\/de\/\",\"name\":\"Chrisopigi\",\"description\":\"\u039a\u03c1\u03b7\u03c4\u03b9\u03ba\u03cc \u03b5\u03bb\u03b1\u03b9\u03cc\u03bb\u03b1\u03b4\u03bf &amp; \u03bc\u03ad\u03bb\u03b9 \u03b1\u03c0\u03cc \u03c4\u03b7\u03bd \u03a7\u03c1\u03c5\u03c3\u03bf\u03c0\u03b7\u03b3\u03ae \u03a3\u03b7\u03c4\u03b5\u03af\u03b1\u03c2\",\"potentialAction\":[{\"@type\":\"SearchAction\",\"target\":{\"@type\":\"EntryPoint\",\"urlTemplate\":\"https:\/\/chrisopigi.gr\/de\/?s={search_term_string}\"},\"query-input\":{\"@type\":\"PropertyValueSpecification\",\"valueRequired\":true,\"valueName\":\"search_term_string\"}}],\"inLanguage\":\"de\"}]}<\/script>\n<!-- \/ Yoast SEO plugin. -->","yoast_head_json":{"title":"Zitrone 5ml - Chrisopigi","robots":{"index":"index","follow":"follow","max-snippet":"max-snippet:-1","max-image-preview":"max-image-preview:large","max-video-preview":"max-video-preview:-1"},"canonical":"https:\/\/chrisopigi.gr\/de\/product\/zitrone-5ml\/","og_locale":"de_DE","og_type":"article","og_title":"Zitrone 5ml - Chrisopigi","og_description":"Das \u00e4therische Zitronen\u00f6l ist ein helles, klares und erfrischendes Aroma, das die Frische frisch geschnittener Zitronen in den Raum bringt. Es wird durch Kaltpressung der Schale gewonnen und bewahrt die gesamte nat\u00fcrliche Reinheit und sein charakteristisches, k\u00fchles Aroma. \u03a4\u03bf \u03ac\u03c1\u03c9\u03bc\u03ac \u03c4\u03bf\u03c5 \u03b5\u03af\u03bd\u03b1\u03b9 \u03b6\u03c9\u03b7\u03c1\u03cc, \u03b5\u03c5\u03c7\u03ac\u03c1\u03b9\u03c3\u03c4\u03b1 \u03cc\u03be\u03b9\u03bd\u03bf \u03ba\u03b1\u03b9 \u03b3\u03b5\u03bc\u03ac\u03c4\u03bf \u03b5\u03bd\u03ad\u03c1\u03b3\u03b5\u03b9\u03b1, \u03b9\u03b4\u03b1\u03bd\u03b9\u03ba\u03cc \u03b3\u03b9\u03b1 \u03bd\u03b1 \u03b4\u03b7\u03bc\u03b9\u03bf\u03c5\u03c1\u03b3\u03ae\u03c3\u03b5\u03b9 \u03bc\u03b9\u03b1 \u03b1\u03af\u03c3\u03b8\u03b7\u03c3\u03b7 \u03ba\u03b1\u03b8\u03b1\u03c1\u03b9\u03cc\u03c4\u03b7\u03c4\u03b1\u03c2, \u03c6\u03c1\u03b5\u03c3\u03ba\u03ac\u03b4\u03b1\u03c2 \u03ba\u03b1\u03b9 \u03b1\u03bd\u03b1\u03bd\u03ad\u03c9\u03c3\u03b7\u03c2 \u03c3\u03b5 \u03ba\u03ac\u03b8\u03b5 \u03b4\u03c9\u03bc\u03ac\u03c4\u03b9\u03bf. \u03a4\u03b1\u03b9\u03c1\u03b9\u03ac\u03b6\u03b5\u03b9 \u03b5\u03be\u03b1\u03b9\u03c1\u03b5\u03c4\u03b9\u03ba\u03ac [&hellip;]","og_url":"https:\/\/chrisopigi.gr\/de\/product\/zitrone-5ml\/","og_site_name":"Chrisopigi","twitter_card":"summary_large_image","twitter_misc":{"Gesch\u00e4tzte Lesezeit":"1\u00a0Minute"},"schema":{"@context":"https:\/\/schema.org","@graph":[{"@type":"WebPage","@id":"https:\/\/chrisopigi.gr\/de\/product\/zitrone-5ml\/","url":"https:\/\/chrisopigi.gr\/de\/product\/zitrone-5ml\/","name":"Zitrone 5ml - Chrisopigi","isPartOf":{"@id":"https:\/\/chrisopigi.gr\/de\/#website"},"primaryImageOfPage":{"@id":"https:\/\/chrisopigi.gr\/de\/product\/zitrone-5ml\/#primaryimage"},"image":{"@id":"https:\/\/chrisopigi.gr\/de\/product\/zitrone-5ml\/#primaryimage"},"thumbnailUrl":"https:\/\/chrisopigi.gr\/wp-content\/uploads\/2025\/12\/image-29.png","datePublished":"2026-04-29T13:51:55+00:00","breadcrumb":{"@id":"https:\/\/chrisopigi.gr\/de\/product\/zitrone-5ml\/#breadcrumb"},"inLanguage":"de","potentialAction":[{"@type":"ReadAction","target":["https:\/\/chrisopigi.gr\/de\/product\/zitrone-5ml\/"]}]},{"@type":"ImageObject","inLanguage":"de","@id":"https:\/\/chrisopigi.gr\/de\/product\/zitrone-5ml\/#primaryimage","url":"https:\/\/chrisopigi.gr\/wp-content\/uploads\/2025\/12\/image-29.png","contentUrl":"https:\/\/chrisopigi.gr\/wp-content\/uploads\/2025\/12\/image-29.png","width":500,"height":700},{"@type":"BreadcrumbList","@id":"https:\/\/chrisopigi.gr\/de\/product\/zitrone-5ml\/#breadcrumb","itemListElement":[{"@type":"ListItem","position":1,"name":"\u0391\u03c1\u03c7\u03b9\u03ba\u03ae","item":"https:\/\/chrisopigi.gr\/de\/"},{"@type":"ListItem","position":2,"name":"Online-Shop","item":"https:\/\/chrisopigi.gr\/online-shop\/"},{"@type":"ListItem","position":3,"name":"Zitrone 5ml"}]},{"@type":"WebSite","@id":"https:\/\/chrisopigi.gr\/de\/#website","url":"https:\/\/chrisopigi.gr\/de\/","name":"Chrisopigi","description":"\u039a\u03c1\u03b7\u03c4\u03b9\u03ba\u03cc \u03b5\u03bb\u03b1\u03b9\u03cc\u03bb\u03b1\u03b4\u03bf &amp; \u03bc\u03ad\u03bb\u03b9 \u03b1\u03c0\u03cc \u03c4\u03b7\u03bd \u03a7\u03c1\u03c5\u03c3\u03bf\u03c0\u03b7\u03b3\u03ae \u03a3\u03b7\u03c4\u03b5\u03af\u03b1\u03c2","potentialAction":[{"@type":"SearchAction","target":{"@type":"EntryPoint","urlTemplate":"https:\/\/chrisopigi.gr\/de\/?s={search_term_string}"},"query-input":{"@type":"PropertyValueSpecification","valueRequired":true,"valueName":"search_term_string"}}],"inLanguage":"de"}]}},"_links":{"self":[{"href":"https:\/\/chrisopigi.gr\/de\/wp-json\/wp\/v2\/product\/49488"}],"collection":[{"href":"https:\/\/chrisopigi.gr\/de\/wp-json\/wp\/v2\/product"}],"about":[{"href":"https:\/\/chrisopigi.gr\/de\/wp-json\/wp\/v2\/types\/product"}],"replies":[{"embeddable":true,"href":"https:\/\/chrisopigi.gr\/de\/wp-json\/wp\/v2\/comments?post=49488"}],"wp:featuredmedia":[{"embeddable":true,"href":"https:\/\/chrisopigi.gr\/de\/wp-json\/wp\/v2\/media\/49489"}],"wp:attachment":[{"href":"https:\/\/chrisopigi.gr\/de\/wp-json\/wp\/v2\/media?parent=49488"}],"wp:term":[{"taxonomy":"product_cat","embeddable":true,"href":"https:\/\/chrisopigi.gr\/de\/wp-json\/wp\/v2\/product_cat?post=49488"},{"taxonomy":"product_tag","embeddable":true,"href":"https:\/\/chrisopigi.gr\/de\/wp-json\/wp\/v2\/product_tag?post=49488"}],"curies":[{"name":"wp","href":"https:\/\/api.w.org\/{rel}","templated":true}]}}