{"id":49490,"date":"2025-12-05T20:07:30","date_gmt":"2026-04-29T14:29:27","guid":{"rendered":"https:\/\/chrisopigi.gr\/product\/orange-5ml\/"},"modified":"2026-04-29T17:29:27","modified_gmt":"2026-04-29T14:29:27","slug":"orange-5ml","status":"publish","type":"product","link":"https:\/\/chrisopigi.gr\/de\/product\/orange-5ml\/","title":{"rendered":"Orange 5ml"},"content":{"rendered":"<p data-start=\"253\" data-end=\"497\">Das \u00e4therische Orangen\u00f6l ist ein lebendiges, helles Aroma, das Frische und W\u00e4rme ausstrahlt. Es wird durch Kaltpressung der Orangenschale gewonnen und bewahrt seine nat\u00fcrliche Reinheit und seinen authentischen mediterranen Duft unverf\u00e4lscht. <\/p>\n<p data-start=\"499\" data-end=\"761\">Sein warmes, bitters\u00fc\u00dfes Aroma schafft eine angenehme Atmosph\u00e4re im Raum, ideal f\u00fcr Momente der Entspannung, Erneuerung und einer positiven Stimmung. Es ist eine ausgezeichnete Wahl f\u00fcr die Beduftung von zu Hause oder dem B\u00fcro und bietet ein Gef\u00fchl von Sauberkeit und Frische. <\/p>\n<h4 style=\"text-align: center\" data-start=\"763\" data-end=\"968\">\ud83c\udf3f Anwendungen<\/h4>\n<p data-start=\"763\" data-end=\"968\">\u2022 Im Aromadiffusor f\u00fcr ein angenehmes, erfrischendes Aroma \u2022 In nat\u00fcrlichen Haushaltsreinigern f\u00fcr Frische \u2022 In Mischungen mit anderen \u00e4therischen \u00d6len f\u00fcr ein komplexeres aromatisches Ergebnis<\/p>\n<p data-start=\"970\" data-end=\"1025\"><em data-start=\"970\" data-end=\"1025\">(Nicht unverd\u00fcnnt direkt auf der Haut anwenden.)<\/em><\/p>\n<h4 style=\"text-align: center\" data-start=\"1027\" data-end=\"1170\">\ud83c\udf3f Qualit\u00e4t<\/h4>\n<p data-start=\"1027\" data-end=\"1170\">100% reines \u00e4therisches \u00d6l, ohne Zusatzstoffe, Konservierungsstoffe oder k\u00fcnstliche Aromen.<br data-start=\"1116\" data-end=\"1119\">Auf Kreta mit nat\u00fcrlichen Extraktionsmethoden hergestellt.<\/p>\n<p data-start=\"1172\" data-end=\"1244\">Ein helles, k\u00fchles Aroma, das den Raum mit Lebendigkeit und Positivit\u00e4t erf\u00fcllt.<\/p>\n","protected":false},"excerpt":{"rendered":"<p>Das \u00e4therische Orangen\u00f6l ist ein lebendiges, helles Aroma, das Frische und W\u00e4rme ausstrahlt. Es wird durch Kaltpressung der Orangenschale gewonnen und bewahrt seine nat\u00fcrliche Reinheit und seinen authentischen mediterranen Duft unverf\u00e4lscht. Sein warmes, bitters\u00fc\u00dfes Aroma schafft eine angenehme Atmosph\u00e4re im Raum, ideal f\u00fcr Momente der Entspannung, Erneuerung und einer positiven Stimmung. Es ist eine ausgezeichnete Wahl f\u00fcr die Beduftung von zu Hause oder [&hellip;]<\/p>\n","protected":false},"featured_media":49491,"comment_status":"closed","ping_status":"closed","template":"","meta":[],"product_cat":[1826],"product_tag":[],"yoast_head":"<!-- This site is optimized with the Yoast SEO plugin v27.2 - https:\/\/yoast.com\/product\/yoast-seo-wordpress\/ -->\n<title>Orange 5ml - Chrisopigi<\/title>\n<meta name=\"robots\" content=\"index, follow, max-snippet:-1, max-image-preview:large, max-video-preview:-1\" \/>\n<link rel=\"canonical\" href=\"https:\/\/chrisopigi.gr\/de\/product\/orange-5ml\/\" \/>\n<meta property=\"og:locale\" content=\"de_DE\" \/>\n<meta property=\"og:type\" content=\"article\" \/>\n<meta property=\"og:title\" content=\"Orange 5ml - Chrisopigi\" \/>\n<meta property=\"og:description\" content=\"Das \u00e4therische Orangen\u00f6l ist ein lebendiges, helles Aroma, das Frische und W\u00e4rme ausstrahlt. Es wird durch Kaltpressung der Orangenschale gewonnen und bewahrt seine nat\u00fcrliche Reinheit und seinen authentischen mediterranen Duft unverf\u00e4lscht. Sein warmes, bitters\u00fc\u00dfes Aroma schafft eine angenehme Atmosph\u00e4re im Raum, ideal f\u00fcr Momente der Entspannung, Erneuerung und einer positiven Stimmung. Es ist eine ausgezeichnete Wahl f\u00fcr die Beduftung von zu Hause oder [&hellip;]\" \/>\n<meta property=\"og:url\" content=\"https:\/\/chrisopigi.gr\/de\/product\/orange-5ml\/\" \/>\n<meta property=\"og:site_name\" content=\"Chrisopigi\" \/>\n<meta name=\"twitter:card\" content=\"summary_large_image\" \/>\n<meta name=\"twitter:label1\" content=\"Gesch\u00e4tzte Lesezeit\" \/>\n\t<meta name=\"twitter:data1\" content=\"1\u00a0Minute\" \/>\n<script type=\"application\/ld+json\" class=\"yoast-schema-graph\">{\"@context\":\"https:\/\/schema.org\",\"@graph\":[{\"@type\":\"WebPage\",\"@id\":\"https:\/\/chrisopigi.gr\/de\/product\/orange-5ml\/\",\"url\":\"https:\/\/chrisopigi.gr\/de\/product\/orange-5ml\/\",\"name\":\"Orange 5ml - Chrisopigi\",\"isPartOf\":{\"@id\":\"https:\/\/chrisopigi.gr\/de\/#website\"},\"primaryImageOfPage\":{\"@id\":\"https:\/\/chrisopigi.gr\/de\/product\/orange-5ml\/#primaryimage\"},\"image\":{\"@id\":\"https:\/\/chrisopigi.gr\/de\/product\/orange-5ml\/#primaryimage\"},\"thumbnailUrl\":\"https:\/\/chrisopigi.gr\/wp-content\/uploads\/2025\/12\/image-28.png\",\"datePublished\":\"2026-04-29T14:29:27+00:00\",\"breadcrumb\":{\"@id\":\"https:\/\/chrisopigi.gr\/de\/product\/orange-5ml\/#breadcrumb\"},\"inLanguage\":\"de\",\"potentialAction\":[{\"@type\":\"ReadAction\",\"target\":[\"https:\/\/chrisopigi.gr\/de\/product\/orange-5ml\/\"]}]},{\"@type\":\"ImageObject\",\"inLanguage\":\"de\",\"@id\":\"https:\/\/chrisopigi.gr\/de\/product\/orange-5ml\/#primaryimage\",\"url\":\"https:\/\/chrisopigi.gr\/wp-content\/uploads\/2025\/12\/image-28.png\",\"contentUrl\":\"https:\/\/chrisopigi.gr\/wp-content\/uploads\/2025\/12\/image-28.png\",\"width\":500,\"height\":700},{\"@type\":\"BreadcrumbList\",\"@id\":\"https:\/\/chrisopigi.gr\/de\/product\/orange-5ml\/#breadcrumb\",\"itemListElement\":[{\"@type\":\"ListItem\",\"position\":1,\"name\":\"\u0391\u03c1\u03c7\u03b9\u03ba\u03ae\",\"item\":\"https:\/\/chrisopigi.gr\/de\/\"},{\"@type\":\"ListItem\",\"position\":2,\"name\":\"Online-Shop\",\"item\":\"https:\/\/chrisopigi.gr\/online-shop\/\"},{\"@type\":\"ListItem\",\"position\":3,\"name\":\"Orange 5ml\"}]},{\"@type\":\"WebSite\",\"@id\":\"https:\/\/chrisopigi.gr\/de\/#website\",\"url\":\"https:\/\/chrisopigi.gr\/de\/\",\"name\":\"Chrisopigi\",\"description\":\"\u039a\u03c1\u03b7\u03c4\u03b9\u03ba\u03cc \u03b5\u03bb\u03b1\u03b9\u03cc\u03bb\u03b1\u03b4\u03bf &amp; \u03bc\u03ad\u03bb\u03b9 \u03b1\u03c0\u03cc \u03c4\u03b7\u03bd \u03a7\u03c1\u03c5\u03c3\u03bf\u03c0\u03b7\u03b3\u03ae \u03a3\u03b7\u03c4\u03b5\u03af\u03b1\u03c2\",\"potentialAction\":[{\"@type\":\"SearchAction\",\"target\":{\"@type\":\"EntryPoint\",\"urlTemplate\":\"https:\/\/chrisopigi.gr\/de\/?s={search_term_string}\"},\"query-input\":{\"@type\":\"PropertyValueSpecification\",\"valueRequired\":true,\"valueName\":\"search_term_string\"}}],\"inLanguage\":\"de\"}]}<\/script>\n<!-- \/ Yoast SEO plugin. -->","yoast_head_json":{"title":"Orange 5ml - Chrisopigi","robots":{"index":"index","follow":"follow","max-snippet":"max-snippet:-1","max-image-preview":"max-image-preview:large","max-video-preview":"max-video-preview:-1"},"canonical":"https:\/\/chrisopigi.gr\/de\/product\/orange-5ml\/","og_locale":"de_DE","og_type":"article","og_title":"Orange 5ml - Chrisopigi","og_description":"Das \u00e4therische Orangen\u00f6l ist ein lebendiges, helles Aroma, das Frische und W\u00e4rme ausstrahlt. Es wird durch Kaltpressung der Orangenschale gewonnen und bewahrt seine nat\u00fcrliche Reinheit und seinen authentischen mediterranen Duft unverf\u00e4lscht. Sein warmes, bitters\u00fc\u00dfes Aroma schafft eine angenehme Atmosph\u00e4re im Raum, ideal f\u00fcr Momente der Entspannung, Erneuerung und einer positiven Stimmung. Es ist eine ausgezeichnete Wahl f\u00fcr die Beduftung von zu Hause oder [&hellip;]","og_url":"https:\/\/chrisopigi.gr\/de\/product\/orange-5ml\/","og_site_name":"Chrisopigi","twitter_card":"summary_large_image","twitter_misc":{"Gesch\u00e4tzte Lesezeit":"1\u00a0Minute"},"schema":{"@context":"https:\/\/schema.org","@graph":[{"@type":"WebPage","@id":"https:\/\/chrisopigi.gr\/de\/product\/orange-5ml\/","url":"https:\/\/chrisopigi.gr\/de\/product\/orange-5ml\/","name":"Orange 5ml - Chrisopigi","isPartOf":{"@id":"https:\/\/chrisopigi.gr\/de\/#website"},"primaryImageOfPage":{"@id":"https:\/\/chrisopigi.gr\/de\/product\/orange-5ml\/#primaryimage"},"image":{"@id":"https:\/\/chrisopigi.gr\/de\/product\/orange-5ml\/#primaryimage"},"thumbnailUrl":"https:\/\/chrisopigi.gr\/wp-content\/uploads\/2025\/12\/image-28.png","datePublished":"2026-04-29T14:29:27+00:00","breadcrumb":{"@id":"https:\/\/chrisopigi.gr\/de\/product\/orange-5ml\/#breadcrumb"},"inLanguage":"de","potentialAction":[{"@type":"ReadAction","target":["https:\/\/chrisopigi.gr\/de\/product\/orange-5ml\/"]}]},{"@type":"ImageObject","inLanguage":"de","@id":"https:\/\/chrisopigi.gr\/de\/product\/orange-5ml\/#primaryimage","url":"https:\/\/chrisopigi.gr\/wp-content\/uploads\/2025\/12\/image-28.png","contentUrl":"https:\/\/chrisopigi.gr\/wp-content\/uploads\/2025\/12\/image-28.png","width":500,"height":700},{"@type":"BreadcrumbList","@id":"https:\/\/chrisopigi.gr\/de\/product\/orange-5ml\/#breadcrumb","itemListElement":[{"@type":"ListItem","position":1,"name":"\u0391\u03c1\u03c7\u03b9\u03ba\u03ae","item":"https:\/\/chrisopigi.gr\/de\/"},{"@type":"ListItem","position":2,"name":"Online-Shop","item":"https:\/\/chrisopigi.gr\/online-shop\/"},{"@type":"ListItem","position":3,"name":"Orange 5ml"}]},{"@type":"WebSite","@id":"https:\/\/chrisopigi.gr\/de\/#website","url":"https:\/\/chrisopigi.gr\/de\/","name":"Chrisopigi","description":"\u039a\u03c1\u03b7\u03c4\u03b9\u03ba\u03cc \u03b5\u03bb\u03b1\u03b9\u03cc\u03bb\u03b1\u03b4\u03bf &amp; \u03bc\u03ad\u03bb\u03b9 \u03b1\u03c0\u03cc \u03c4\u03b7\u03bd \u03a7\u03c1\u03c5\u03c3\u03bf\u03c0\u03b7\u03b3\u03ae \u03a3\u03b7\u03c4\u03b5\u03af\u03b1\u03c2","potentialAction":[{"@type":"SearchAction","target":{"@type":"EntryPoint","urlTemplate":"https:\/\/chrisopigi.gr\/de\/?s={search_term_string}"},"query-input":{"@type":"PropertyValueSpecification","valueRequired":true,"valueName":"search_term_string"}}],"inLanguage":"de"}]}},"_links":{"self":[{"href":"https:\/\/chrisopigi.gr\/de\/wp-json\/wp\/v2\/product\/49490"}],"collection":[{"href":"https:\/\/chrisopigi.gr\/de\/wp-json\/wp\/v2\/product"}],"about":[{"href":"https:\/\/chrisopigi.gr\/de\/wp-json\/wp\/v2\/types\/product"}],"replies":[{"embeddable":true,"href":"https:\/\/chrisopigi.gr\/de\/wp-json\/wp\/v2\/comments?post=49490"}],"wp:featuredmedia":[{"embeddable":true,"href":"https:\/\/chrisopigi.gr\/de\/wp-json\/wp\/v2\/media\/49491"}],"wp:attachment":[{"href":"https:\/\/chrisopigi.gr\/de\/wp-json\/wp\/v2\/media?parent=49490"}],"wp:term":[{"taxonomy":"product_cat","embeddable":true,"href":"https:\/\/chrisopigi.gr\/de\/wp-json\/wp\/v2\/product_cat?post=49490"},{"taxonomy":"product_tag","embeddable":true,"href":"https:\/\/chrisopigi.gr\/de\/wp-json\/wp\/v2\/product_tag?post=49490"}],"curies":[{"name":"wp","href":"https:\/\/api.w.org\/{rel}","templated":true}]}}