{"id":49492,"date":"2025-12-05T19:59:31","date_gmt":"2026-04-29T14:33:49","guid":{"rendered":"https:\/\/chrisopigi.gr\/product\/meersalz-mit-kraeutern-100g\/"},"modified":"2026-04-29T17:33:49","modified_gmt":"2026-04-29T14:33:49","slug":"meersalz-mit-kraeutern-100g","status":"publish","type":"product","link":"https:\/\/chrisopigi.gr\/de\/product\/meersalz-mit-kraeutern-100g\/","title":{"rendered":"Meersalz mit Kr\u00e4utern 100g"},"content":{"rendered":"<p data-start=\"255\" data-end=\"556\">Das Fleur de Sel mit Kr\u00e4utern ist eine exquisite gastronomische Kombination, die die Reinheit des nat\u00fcrlichen Fleur de Sel mit aromatischen Kr\u00e4utern der mediterranen Erde vereint. Das Ergebnis ist ein Salz mit reichem Aroma, warmem Geschmack und unverwechselbarem Charakter, das selbst die einfachsten Gerichte aufwerten kann. <\/p>\n<p data-start=\"558\" data-end=\"817\">Die nat\u00fcrlichen Flocken des Fleur de Sel werden durch eine Kr\u00e4utermischung verst\u00e4rkt, die Tiefe und Intensit\u00e4t bietet und dem Essen eine vollere und aromatischere Dimension verleiht. Es ist ideal f\u00fcr gegrilltes Fleisch, Fisch, Ofenkartoffeln, Gem\u00fcse, Saucen, Marinaden und Salate. <\/p>\n<p data-start=\"819\" data-end=\"984\">Die feine Textur des Fleur de Sel beh\u00e4lt ihre knusprige Haptik, wenn sie als Finish f\u00fcr das Gericht verwendet wird, w\u00e4hrend die Kr\u00e4uter mit jeder Prise ihr Aroma entfalten.<\/p>\n<h4 style=\"text-align: center\" data-start=\"986\" data-end=\"1194\">\ud83c\udf3f Eigenschaften<\/h4>\n<p data-start=\"986\" data-end=\"1194\">\u2022 100% nat\u00fcrliches Fleur de Sel mit mediterranen Kr\u00e4utern \u2022 Ohne Zusatzstoffe, unbehandelt \u2022 Ideal zum Kochen &amp; als finales Bestreuen \u2022 Reiches Aroma \u2013 warmer und ausgewogener Geschmack<\/p>\n<p data-start=\"1196\" data-end=\"1287\">Ein Premium-Gew\u00fcrz, das den Gerichten das authentische Gef\u00fchl der mediterranen K\u00fcche verleiht.<\/p>\n","protected":false},"excerpt":{"rendered":"<p>Das Fleur de Sel mit Kr\u00e4utern ist eine exquisite gastronomische Kombination, die die Reinheit des nat\u00fcrlichen Fleur de Sel mit aromatischen Kr\u00e4utern der mediterranen Erde vereint. Das Ergebnis ist ein Salz mit reichem Aroma, warmem Geschmack und unverwechselbarem Charakter, das selbst die einfachsten Gerichte aufwerten kann. Die nat\u00fcrlichen Flocken des Fleur de Sel werden durch eine Kr\u00e4utermischung verst\u00e4rkt, die Tiefe und Intensit\u00e4t bietet [&hellip;]<\/p>\n","protected":false},"featured_media":49493,"comment_status":"closed","ping_status":"closed","template":"","meta":[],"product_cat":[1836],"product_tag":[],"yoast_head":"<!-- This site is optimized with the Yoast SEO plugin v27.2 - https:\/\/yoast.com\/product\/yoast-seo-wordpress\/ -->\n<title>Meersalz mit Kr\u00e4utern 100g - Chrisopigi<\/title>\n<meta name=\"robots\" content=\"index, follow, max-snippet:-1, max-image-preview:large, max-video-preview:-1\" \/>\n<link rel=\"canonical\" href=\"https:\/\/chrisopigi.gr\/de\/product\/meersalz-mit-kraeutern-100g\/\" \/>\n<meta property=\"og:locale\" content=\"de_DE\" \/>\n<meta property=\"og:type\" content=\"article\" \/>\n<meta property=\"og:title\" content=\"Meersalz mit Kr\u00e4utern 100g - Chrisopigi\" \/>\n<meta property=\"og:description\" content=\"Das Fleur de Sel mit Kr\u00e4utern ist eine exquisite gastronomische Kombination, die die Reinheit des nat\u00fcrlichen Fleur de Sel mit aromatischen Kr\u00e4utern der mediterranen Erde vereint. Das Ergebnis ist ein Salz mit reichem Aroma, warmem Geschmack und unverwechselbarem Charakter, das selbst die einfachsten Gerichte aufwerten kann. Die nat\u00fcrlichen Flocken des Fleur de Sel werden durch eine Kr\u00e4utermischung verst\u00e4rkt, die Tiefe und Intensit\u00e4t bietet [&hellip;]\" \/>\n<meta property=\"og:url\" content=\"https:\/\/chrisopigi.gr\/de\/product\/meersalz-mit-kraeutern-100g\/\" \/>\n<meta property=\"og:site_name\" content=\"Chrisopigi\" \/>\n<meta name=\"twitter:card\" content=\"summary_large_image\" \/>\n<meta name=\"twitter:label1\" content=\"Gesch\u00e4tzte Lesezeit\" \/>\n\t<meta name=\"twitter:data1\" content=\"1\u00a0Minute\" \/>\n<script type=\"application\/ld+json\" class=\"yoast-schema-graph\">{\"@context\":\"https:\/\/schema.org\",\"@graph\":[{\"@type\":\"WebPage\",\"@id\":\"https:\/\/chrisopigi.gr\/de\/product\/meersalz-mit-kraeutern-100g\/\",\"url\":\"https:\/\/chrisopigi.gr\/de\/product\/meersalz-mit-kraeutern-100g\/\",\"name\":\"Meersalz mit Kr\u00e4utern 100g - Chrisopigi\",\"isPartOf\":{\"@id\":\"https:\/\/chrisopigi.gr\/de\/#website\"},\"primaryImageOfPage\":{\"@id\":\"https:\/\/chrisopigi.gr\/de\/product\/meersalz-mit-kraeutern-100g\/#primaryimage\"},\"image\":{\"@id\":\"https:\/\/chrisopigi.gr\/de\/product\/meersalz-mit-kraeutern-100g\/#primaryimage\"},\"thumbnailUrl\":\"https:\/\/chrisopigi.gr\/wp-content\/uploads\/2025\/12\/image-27.png\",\"datePublished\":\"2026-04-29T14:33:49+00:00\",\"breadcrumb\":{\"@id\":\"https:\/\/chrisopigi.gr\/de\/product\/meersalz-mit-kraeutern-100g\/#breadcrumb\"},\"inLanguage\":\"de\",\"potentialAction\":[{\"@type\":\"ReadAction\",\"target\":[\"https:\/\/chrisopigi.gr\/de\/product\/meersalz-mit-kraeutern-100g\/\"]}]},{\"@type\":\"ImageObject\",\"inLanguage\":\"de\",\"@id\":\"https:\/\/chrisopigi.gr\/de\/product\/meersalz-mit-kraeutern-100g\/#primaryimage\",\"url\":\"https:\/\/chrisopigi.gr\/wp-content\/uploads\/2025\/12\/image-27.png\",\"contentUrl\":\"https:\/\/chrisopigi.gr\/wp-content\/uploads\/2025\/12\/image-27.png\",\"width\":500,\"height\":700},{\"@type\":\"BreadcrumbList\",\"@id\":\"https:\/\/chrisopigi.gr\/de\/product\/meersalz-mit-kraeutern-100g\/#breadcrumb\",\"itemListElement\":[{\"@type\":\"ListItem\",\"position\":1,\"name\":\"\u0391\u03c1\u03c7\u03b9\u03ba\u03ae\",\"item\":\"https:\/\/chrisopigi.gr\/de\/\"},{\"@type\":\"ListItem\",\"position\":2,\"name\":\"Online-Shop\",\"item\":\"https:\/\/chrisopigi.gr\/online-shop\/\"},{\"@type\":\"ListItem\",\"position\":3,\"name\":\"Meersalz mit Kr\u00e4utern 100g\"}]},{\"@type\":\"WebSite\",\"@id\":\"https:\/\/chrisopigi.gr\/de\/#website\",\"url\":\"https:\/\/chrisopigi.gr\/de\/\",\"name\":\"Chrisopigi\",\"description\":\"\u039a\u03c1\u03b7\u03c4\u03b9\u03ba\u03cc \u03b5\u03bb\u03b1\u03b9\u03cc\u03bb\u03b1\u03b4\u03bf &amp; \u03bc\u03ad\u03bb\u03b9 \u03b1\u03c0\u03cc \u03c4\u03b7\u03bd \u03a7\u03c1\u03c5\u03c3\u03bf\u03c0\u03b7\u03b3\u03ae \u03a3\u03b7\u03c4\u03b5\u03af\u03b1\u03c2\",\"potentialAction\":[{\"@type\":\"SearchAction\",\"target\":{\"@type\":\"EntryPoint\",\"urlTemplate\":\"https:\/\/chrisopigi.gr\/de\/?s={search_term_string}\"},\"query-input\":{\"@type\":\"PropertyValueSpecification\",\"valueRequired\":true,\"valueName\":\"search_term_string\"}}],\"inLanguage\":\"de\"}]}<\/script>\n<!-- \/ Yoast SEO plugin. -->","yoast_head_json":{"title":"Meersalz mit Kr\u00e4utern 100g - Chrisopigi","robots":{"index":"index","follow":"follow","max-snippet":"max-snippet:-1","max-image-preview":"max-image-preview:large","max-video-preview":"max-video-preview:-1"},"canonical":"https:\/\/chrisopigi.gr\/de\/product\/meersalz-mit-kraeutern-100g\/","og_locale":"de_DE","og_type":"article","og_title":"Meersalz mit Kr\u00e4utern 100g - Chrisopigi","og_description":"Das Fleur de Sel mit Kr\u00e4utern ist eine exquisite gastronomische Kombination, die die Reinheit des nat\u00fcrlichen Fleur de Sel mit aromatischen Kr\u00e4utern der mediterranen Erde vereint. Das Ergebnis ist ein Salz mit reichem Aroma, warmem Geschmack und unverwechselbarem Charakter, das selbst die einfachsten Gerichte aufwerten kann. Die nat\u00fcrlichen Flocken des Fleur de Sel werden durch eine Kr\u00e4utermischung verst\u00e4rkt, die Tiefe und Intensit\u00e4t bietet [&hellip;]","og_url":"https:\/\/chrisopigi.gr\/de\/product\/meersalz-mit-kraeutern-100g\/","og_site_name":"Chrisopigi","twitter_card":"summary_large_image","twitter_misc":{"Gesch\u00e4tzte Lesezeit":"1\u00a0Minute"},"schema":{"@context":"https:\/\/schema.org","@graph":[{"@type":"WebPage","@id":"https:\/\/chrisopigi.gr\/de\/product\/meersalz-mit-kraeutern-100g\/","url":"https:\/\/chrisopigi.gr\/de\/product\/meersalz-mit-kraeutern-100g\/","name":"Meersalz mit Kr\u00e4utern 100g - Chrisopigi","isPartOf":{"@id":"https:\/\/chrisopigi.gr\/de\/#website"},"primaryImageOfPage":{"@id":"https:\/\/chrisopigi.gr\/de\/product\/meersalz-mit-kraeutern-100g\/#primaryimage"},"image":{"@id":"https:\/\/chrisopigi.gr\/de\/product\/meersalz-mit-kraeutern-100g\/#primaryimage"},"thumbnailUrl":"https:\/\/chrisopigi.gr\/wp-content\/uploads\/2025\/12\/image-27.png","datePublished":"2026-04-29T14:33:49+00:00","breadcrumb":{"@id":"https:\/\/chrisopigi.gr\/de\/product\/meersalz-mit-kraeutern-100g\/#breadcrumb"},"inLanguage":"de","potentialAction":[{"@type":"ReadAction","target":["https:\/\/chrisopigi.gr\/de\/product\/meersalz-mit-kraeutern-100g\/"]}]},{"@type":"ImageObject","inLanguage":"de","@id":"https:\/\/chrisopigi.gr\/de\/product\/meersalz-mit-kraeutern-100g\/#primaryimage","url":"https:\/\/chrisopigi.gr\/wp-content\/uploads\/2025\/12\/image-27.png","contentUrl":"https:\/\/chrisopigi.gr\/wp-content\/uploads\/2025\/12\/image-27.png","width":500,"height":700},{"@type":"BreadcrumbList","@id":"https:\/\/chrisopigi.gr\/de\/product\/meersalz-mit-kraeutern-100g\/#breadcrumb","itemListElement":[{"@type":"ListItem","position":1,"name":"\u0391\u03c1\u03c7\u03b9\u03ba\u03ae","item":"https:\/\/chrisopigi.gr\/de\/"},{"@type":"ListItem","position":2,"name":"Online-Shop","item":"https:\/\/chrisopigi.gr\/online-shop\/"},{"@type":"ListItem","position":3,"name":"Meersalz mit Kr\u00e4utern 100g"}]},{"@type":"WebSite","@id":"https:\/\/chrisopigi.gr\/de\/#website","url":"https:\/\/chrisopigi.gr\/de\/","name":"Chrisopigi","description":"\u039a\u03c1\u03b7\u03c4\u03b9\u03ba\u03cc \u03b5\u03bb\u03b1\u03b9\u03cc\u03bb\u03b1\u03b4\u03bf &amp; \u03bc\u03ad\u03bb\u03b9 \u03b1\u03c0\u03cc \u03c4\u03b7\u03bd \u03a7\u03c1\u03c5\u03c3\u03bf\u03c0\u03b7\u03b3\u03ae \u03a3\u03b7\u03c4\u03b5\u03af\u03b1\u03c2","potentialAction":[{"@type":"SearchAction","target":{"@type":"EntryPoint","urlTemplate":"https:\/\/chrisopigi.gr\/de\/?s={search_term_string}"},"query-input":{"@type":"PropertyValueSpecification","valueRequired":true,"valueName":"search_term_string"}}],"inLanguage":"de"}]}},"_links":{"self":[{"href":"https:\/\/chrisopigi.gr\/de\/wp-json\/wp\/v2\/product\/49492"}],"collection":[{"href":"https:\/\/chrisopigi.gr\/de\/wp-json\/wp\/v2\/product"}],"about":[{"href":"https:\/\/chrisopigi.gr\/de\/wp-json\/wp\/v2\/types\/product"}],"replies":[{"embeddable":true,"href":"https:\/\/chrisopigi.gr\/de\/wp-json\/wp\/v2\/comments?post=49492"}],"wp:featuredmedia":[{"embeddable":true,"href":"https:\/\/chrisopigi.gr\/de\/wp-json\/wp\/v2\/media\/49493"}],"wp:attachment":[{"href":"https:\/\/chrisopigi.gr\/de\/wp-json\/wp\/v2\/media?parent=49492"}],"wp:term":[{"taxonomy":"product_cat","embeddable":true,"href":"https:\/\/chrisopigi.gr\/de\/wp-json\/wp\/v2\/product_cat?post=49492"},{"taxonomy":"product_tag","embeddable":true,"href":"https:\/\/chrisopigi.gr\/de\/wp-json\/wp\/v2\/product_tag?post=49492"}],"curies":[{"name":"wp","href":"https:\/\/api.w.org\/{rel}","templated":true}]}}