{"id":49494,"date":"2025-12-05T19:55:49","date_gmt":"2026-04-29T14:45:16","guid":{"rendered":"https:\/\/chrisopigi.gr\/product\/meersalz-100g\/"},"modified":"2026-04-29T17:45:16","modified_gmt":"2026-04-29T14:45:16","slug":"meersalz-100g","status":"publish","type":"product","link":"https:\/\/chrisopigi.gr\/de\/product\/meersalz-100g\/","title":{"rendered":"\u0398\u03b1\u03bb\u03b1\u03c3\u03c3\u03b9\u03bd\u03cc \u0391\u03bb\u03ac\u03c4\u03b9 100gr"},"content":{"rendered":"<p data-start=\"276\" data-end=\"594\">Fleur de Sel ist die exquisiteste und feinste Art von Meersalz. Es wird von Hand aus den Oberfl\u00e4chenkristallen geerntet, die sich in den reinsten Momenten des Meeres auf nat\u00fcrliche Weise in den Salzg\u00e4rten bilden. Seine Textur ist flockig und zart, mit einem weichen, reinen Geschmack, der jedes Gericht hervorhebt, ohne es zu \u00fcberlagern.<\/p>\n<p data-start=\"596\" data-end=\"872\">Es wird haupts\u00e4chlich als &#8220;Finishing-Salz&#8221; verwendet und verleiht Fleisch, Fisch, Salaten, Gem\u00fcse, Gegrilltem und Backwaren eine dezente Knusprigkeit und eine nat\u00fcrlichere, feine Salzigkeit. Es ist ein idealer Verb\u00fcndeter f\u00fcr Liebhaber der authentischen und hochwertigen K\u00fcche.<\/p>\n<p data-start=\"874\" data-end=\"1111\">Das Fleur de Sel von Creta Votanica stammt aus sauberen griechischen Meeren und wird mit nat\u00fcrlichen Methoden geerntet, v\u00f6llig unbehandelt und ohne Zusatzstoffe. Seine Reinheit und Klarheit machen es zu einem der wertvollsten nat\u00fcrlichen Gew\u00fcrze.<\/p>\n<h4 style=\"text-align: center\" data-start=\"1113\" data-end=\"1280\">\ud83c\udf3f Eigenschaften<\/h4>\n<p data-start=\"1113\" data-end=\"1280\">\u2022 100% nat\u00fcrliches Fleur de Sel \u2022 Ohne Zusatzstoffe &amp; unbehandelt \u2022 Ideal als Finish zum Bestreuen \u2022 Feine Textur &amp; reiner, zarter Geschmack<\/p>\n<p data-start=\"1282\" data-end=\"1361\">Ein Premium-Produkt, das dem Geschmack des t\u00e4glichen Kochens eine neue Dimension verleiht.<\/p>\n","protected":false},"excerpt":{"rendered":"<p>Fleur de Sel ist die exquisiteste und feinste Art von Meersalz. Es wird von Hand aus den Oberfl\u00e4chenkristallen geerntet, die sich in den reinsten Momenten des Meeres auf nat\u00fcrliche Weise in den Salzg\u00e4rten bilden. Seine Textur ist flockig und zart, mit einem weichen, reinen Geschmack, der jedes Gericht hervorhebt, ohne es zu \u00fcberlagern. Es wird haupts\u00e4chlich als &#8220;Finishing-Salz&#8221; verwendet und verleiht Fleisch, Fisch, [&hellip;]<\/p>\n","protected":false},"featured_media":49495,"comment_status":"closed","ping_status":"closed","template":"","meta":[],"product_cat":[1836],"product_tag":[],"yoast_head":"<!-- This site is optimized with the Yoast SEO plugin v27.2 - https:\/\/yoast.com\/product\/yoast-seo-wordpress\/ -->\n<title>\u0398\u03b1\u03bb\u03b1\u03c3\u03c3\u03b9\u03bd\u03cc \u0391\u03bb\u03ac\u03c4\u03b9 100gr - Chrisopigi<\/title>\n<meta name=\"robots\" content=\"index, follow, max-snippet:-1, max-image-preview:large, max-video-preview:-1\" \/>\n<link rel=\"canonical\" href=\"https:\/\/chrisopigi.gr\/de\/product\/meersalz-100g\/\" \/>\n<meta property=\"og:locale\" content=\"de_DE\" \/>\n<meta property=\"og:type\" content=\"article\" \/>\n<meta property=\"og:title\" content=\"\u0398\u03b1\u03bb\u03b1\u03c3\u03c3\u03b9\u03bd\u03cc \u0391\u03bb\u03ac\u03c4\u03b9 100gr - Chrisopigi\" \/>\n<meta property=\"og:description\" content=\"Fleur de Sel ist die exquisiteste und feinste Art von Meersalz. Es wird von Hand aus den Oberfl\u00e4chenkristallen geerntet, die sich in den reinsten Momenten des Meeres auf nat\u00fcrliche Weise in den Salzg\u00e4rten bilden. Seine Textur ist flockig und zart, mit einem weichen, reinen Geschmack, der jedes Gericht hervorhebt, ohne es zu \u00fcberlagern. Es wird haupts\u00e4chlich als &#8220;Finishing-Salz&#8221; verwendet und verleiht Fleisch, Fisch, [&hellip;]\" \/>\n<meta property=\"og:url\" content=\"https:\/\/chrisopigi.gr\/de\/product\/meersalz-100g\/\" \/>\n<meta property=\"og:site_name\" content=\"Chrisopigi\" \/>\n<meta name=\"twitter:card\" content=\"summary_large_image\" \/>\n<meta name=\"twitter:label1\" content=\"Gesch\u00e4tzte Lesezeit\" \/>\n\t<meta name=\"twitter:data1\" content=\"1\u00a0Minute\" \/>\n<script type=\"application\/ld+json\" class=\"yoast-schema-graph\">{\"@context\":\"https:\/\/schema.org\",\"@graph\":[{\"@type\":\"WebPage\",\"@id\":\"https:\/\/chrisopigi.gr\/de\/product\/meersalz-100g\/\",\"url\":\"https:\/\/chrisopigi.gr\/de\/product\/meersalz-100g\/\",\"name\":\"\u0398\u03b1\u03bb\u03b1\u03c3\u03c3\u03b9\u03bd\u03cc \u0391\u03bb\u03ac\u03c4\u03b9 100gr - Chrisopigi\",\"isPartOf\":{\"@id\":\"https:\/\/chrisopigi.gr\/de\/#website\"},\"primaryImageOfPage\":{\"@id\":\"https:\/\/chrisopigi.gr\/de\/product\/meersalz-100g\/#primaryimage\"},\"image\":{\"@id\":\"https:\/\/chrisopigi.gr\/de\/product\/meersalz-100g\/#primaryimage\"},\"thumbnailUrl\":\"https:\/\/chrisopigi.gr\/wp-content\/uploads\/2025\/12\/image-26.png\",\"datePublished\":\"2026-04-29T14:45:16+00:00\",\"breadcrumb\":{\"@id\":\"https:\/\/chrisopigi.gr\/de\/product\/meersalz-100g\/#breadcrumb\"},\"inLanguage\":\"de\",\"potentialAction\":[{\"@type\":\"ReadAction\",\"target\":[\"https:\/\/chrisopigi.gr\/de\/product\/meersalz-100g\/\"]}]},{\"@type\":\"ImageObject\",\"inLanguage\":\"de\",\"@id\":\"https:\/\/chrisopigi.gr\/de\/product\/meersalz-100g\/#primaryimage\",\"url\":\"https:\/\/chrisopigi.gr\/wp-content\/uploads\/2025\/12\/image-26.png\",\"contentUrl\":\"https:\/\/chrisopigi.gr\/wp-content\/uploads\/2025\/12\/image-26.png\",\"width\":500,\"height\":700},{\"@type\":\"BreadcrumbList\",\"@id\":\"https:\/\/chrisopigi.gr\/de\/product\/meersalz-100g\/#breadcrumb\",\"itemListElement\":[{\"@type\":\"ListItem\",\"position\":1,\"name\":\"\u0391\u03c1\u03c7\u03b9\u03ba\u03ae\",\"item\":\"https:\/\/chrisopigi.gr\/de\/\"},{\"@type\":\"ListItem\",\"position\":2,\"name\":\"Online-Shop\",\"item\":\"https:\/\/chrisopigi.gr\/online-shop\/\"},{\"@type\":\"ListItem\",\"position\":3,\"name\":\"\u0398\u03b1\u03bb\u03b1\u03c3\u03c3\u03b9\u03bd\u03cc \u0391\u03bb\u03ac\u03c4\u03b9 100gr\"}]},{\"@type\":\"WebSite\",\"@id\":\"https:\/\/chrisopigi.gr\/de\/#website\",\"url\":\"https:\/\/chrisopigi.gr\/de\/\",\"name\":\"Chrisopigi\",\"description\":\"\u039a\u03c1\u03b7\u03c4\u03b9\u03ba\u03cc \u03b5\u03bb\u03b1\u03b9\u03cc\u03bb\u03b1\u03b4\u03bf &amp; \u03bc\u03ad\u03bb\u03b9 \u03b1\u03c0\u03cc \u03c4\u03b7\u03bd \u03a7\u03c1\u03c5\u03c3\u03bf\u03c0\u03b7\u03b3\u03ae \u03a3\u03b7\u03c4\u03b5\u03af\u03b1\u03c2\",\"potentialAction\":[{\"@type\":\"SearchAction\",\"target\":{\"@type\":\"EntryPoint\",\"urlTemplate\":\"https:\/\/chrisopigi.gr\/de\/?s={search_term_string}\"},\"query-input\":{\"@type\":\"PropertyValueSpecification\",\"valueRequired\":true,\"valueName\":\"search_term_string\"}}],\"inLanguage\":\"de\"}]}<\/script>\n<!-- \/ Yoast SEO plugin. -->","yoast_head_json":{"title":"\u0398\u03b1\u03bb\u03b1\u03c3\u03c3\u03b9\u03bd\u03cc \u0391\u03bb\u03ac\u03c4\u03b9 100gr - Chrisopigi","robots":{"index":"index","follow":"follow","max-snippet":"max-snippet:-1","max-image-preview":"max-image-preview:large","max-video-preview":"max-video-preview:-1"},"canonical":"https:\/\/chrisopigi.gr\/de\/product\/meersalz-100g\/","og_locale":"de_DE","og_type":"article","og_title":"\u0398\u03b1\u03bb\u03b1\u03c3\u03c3\u03b9\u03bd\u03cc \u0391\u03bb\u03ac\u03c4\u03b9 100gr - Chrisopigi","og_description":"Fleur de Sel ist die exquisiteste und feinste Art von Meersalz. Es wird von Hand aus den Oberfl\u00e4chenkristallen geerntet, die sich in den reinsten Momenten des Meeres auf nat\u00fcrliche Weise in den Salzg\u00e4rten bilden. Seine Textur ist flockig und zart, mit einem weichen, reinen Geschmack, der jedes Gericht hervorhebt, ohne es zu \u00fcberlagern. Es wird haupts\u00e4chlich als &#8220;Finishing-Salz&#8221; verwendet und verleiht Fleisch, Fisch, [&hellip;]","og_url":"https:\/\/chrisopigi.gr\/de\/product\/meersalz-100g\/","og_site_name":"Chrisopigi","twitter_card":"summary_large_image","twitter_misc":{"Gesch\u00e4tzte Lesezeit":"1\u00a0Minute"},"schema":{"@context":"https:\/\/schema.org","@graph":[{"@type":"WebPage","@id":"https:\/\/chrisopigi.gr\/de\/product\/meersalz-100g\/","url":"https:\/\/chrisopigi.gr\/de\/product\/meersalz-100g\/","name":"\u0398\u03b1\u03bb\u03b1\u03c3\u03c3\u03b9\u03bd\u03cc \u0391\u03bb\u03ac\u03c4\u03b9 100gr - Chrisopigi","isPartOf":{"@id":"https:\/\/chrisopigi.gr\/de\/#website"},"primaryImageOfPage":{"@id":"https:\/\/chrisopigi.gr\/de\/product\/meersalz-100g\/#primaryimage"},"image":{"@id":"https:\/\/chrisopigi.gr\/de\/product\/meersalz-100g\/#primaryimage"},"thumbnailUrl":"https:\/\/chrisopigi.gr\/wp-content\/uploads\/2025\/12\/image-26.png","datePublished":"2026-04-29T14:45:16+00:00","breadcrumb":{"@id":"https:\/\/chrisopigi.gr\/de\/product\/meersalz-100g\/#breadcrumb"},"inLanguage":"de","potentialAction":[{"@type":"ReadAction","target":["https:\/\/chrisopigi.gr\/de\/product\/meersalz-100g\/"]}]},{"@type":"ImageObject","inLanguage":"de","@id":"https:\/\/chrisopigi.gr\/de\/product\/meersalz-100g\/#primaryimage","url":"https:\/\/chrisopigi.gr\/wp-content\/uploads\/2025\/12\/image-26.png","contentUrl":"https:\/\/chrisopigi.gr\/wp-content\/uploads\/2025\/12\/image-26.png","width":500,"height":700},{"@type":"BreadcrumbList","@id":"https:\/\/chrisopigi.gr\/de\/product\/meersalz-100g\/#breadcrumb","itemListElement":[{"@type":"ListItem","position":1,"name":"\u0391\u03c1\u03c7\u03b9\u03ba\u03ae","item":"https:\/\/chrisopigi.gr\/de\/"},{"@type":"ListItem","position":2,"name":"Online-Shop","item":"https:\/\/chrisopigi.gr\/online-shop\/"},{"@type":"ListItem","position":3,"name":"\u0398\u03b1\u03bb\u03b1\u03c3\u03c3\u03b9\u03bd\u03cc \u0391\u03bb\u03ac\u03c4\u03b9 100gr"}]},{"@type":"WebSite","@id":"https:\/\/chrisopigi.gr\/de\/#website","url":"https:\/\/chrisopigi.gr\/de\/","name":"Chrisopigi","description":"\u039a\u03c1\u03b7\u03c4\u03b9\u03ba\u03cc \u03b5\u03bb\u03b1\u03b9\u03cc\u03bb\u03b1\u03b4\u03bf &amp; \u03bc\u03ad\u03bb\u03b9 \u03b1\u03c0\u03cc \u03c4\u03b7\u03bd \u03a7\u03c1\u03c5\u03c3\u03bf\u03c0\u03b7\u03b3\u03ae \u03a3\u03b7\u03c4\u03b5\u03af\u03b1\u03c2","potentialAction":[{"@type":"SearchAction","target":{"@type":"EntryPoint","urlTemplate":"https:\/\/chrisopigi.gr\/de\/?s={search_term_string}"},"query-input":{"@type":"PropertyValueSpecification","valueRequired":true,"valueName":"search_term_string"}}],"inLanguage":"de"}]}},"_links":{"self":[{"href":"https:\/\/chrisopigi.gr\/de\/wp-json\/wp\/v2\/product\/49494"}],"collection":[{"href":"https:\/\/chrisopigi.gr\/de\/wp-json\/wp\/v2\/product"}],"about":[{"href":"https:\/\/chrisopigi.gr\/de\/wp-json\/wp\/v2\/types\/product"}],"replies":[{"embeddable":true,"href":"https:\/\/chrisopigi.gr\/de\/wp-json\/wp\/v2\/comments?post=49494"}],"wp:featuredmedia":[{"embeddable":true,"href":"https:\/\/chrisopigi.gr\/de\/wp-json\/wp\/v2\/media\/49495"}],"wp:attachment":[{"href":"https:\/\/chrisopigi.gr\/de\/wp-json\/wp\/v2\/media?parent=49494"}],"wp:term":[{"taxonomy":"product_cat","embeddable":true,"href":"https:\/\/chrisopigi.gr\/de\/wp-json\/wp\/v2\/product_cat?post=49494"},{"taxonomy":"product_tag","embeddable":true,"href":"https:\/\/chrisopigi.gr\/de\/wp-json\/wp\/v2\/product_tag?post=49494"}],"curies":[{"name":"wp","href":"https:\/\/api.w.org\/{rel}","templated":true}]}}