{"id":49496,"date":"2025-12-05T19:40:29","date_gmt":"2026-04-29T14:52:41","guid":{"rendered":"https:\/\/chrisopigi.gr\/product\/schwarztee\/"},"modified":"2026-04-29T17:52:41","modified_gmt":"2026-04-29T14:52:41","slug":"schwarztee","status":"publish","type":"product","link":"https:\/\/chrisopigi.gr\/de\/product\/schwarztee\/","title":{"rendered":"Schwarztee"},"content":{"rendered":"<p data-start=\"202\" data-end=\"514\">Schwarzer Tee ist ein klassisches, vollmundiges und aromatisches Getr\u00e4nk mit einer tiefen Farbe und einem reichen Charakter, das jeder Tasse Intensit\u00e4t und Ausgewogenheit verleiht. Sein kr\u00e4ftiger, erdiger Geschmack mit Noten von Karamell und milder S\u00fc\u00dfe macht ihn ideal f\u00fcr den Start in den Tag oder f\u00fcr einen einfachen Moment des Genusses zwischendurch. <\/p>\n<p data-start=\"516\" data-end=\"755\">Jeder Teebeutel bietet ein best\u00e4ndiges und hochwertiges Ergebnis mit einem klaren Geschmack und Aroma, das die Sinne &#8220;weckt&#8221;. Schwarzer Tee ist eine beliebte Wahl f\u00fcr diejenigen, die ein kr\u00e4ftigeres Getr\u00e4nk ohne Zusatzstoffe und mit nat\u00fcrlicher Eleganz bevorzugen. <\/p>\n<p data-start=\"757\" data-end=\"966\">Er wird nach biologischen Verfahren hergestellt und schonend getrocknet, um seinen tiefen Geschmack und sein charakteristisches Aroma zu bewahren. Man kann ihn je nach Vorliebe pur, mit Honig oder Zitrone genie\u00dfen. <\/p>\n<h4 style=\"text-align: center\" data-start=\"968\" data-end=\"1134\">\ud83c\udf3f Qualit\u00e4t &amp; Genuss<\/h4>\n<p data-start=\"968\" data-end=\"1134\">Der Schwarztee von Creta Votanica bietet ein authentisches, vollmundiges Getr\u00e4nk mit einem intensiv aromatischen Profil und gleichbleibender Qualit\u00e4t in jeder Tasse.<\/p>\n<p data-start=\"1136\" data-end=\"1215\">Ein eleganter, reichhaltiger Tee f\u00fcr alle, die Intensit\u00e4t und Geschmack mit Charakter lieben.<\/p>\n","protected":false},"excerpt":{"rendered":"<p>Schwarzer Tee ist ein klassisches, vollmundiges und aromatisches Getr\u00e4nk mit einer tiefen Farbe und einem reichen Charakter, das jeder Tasse Intensit\u00e4t und Ausgewogenheit verleiht. Sein kr\u00e4ftiger, erdiger Geschmack mit Noten von Karamell und milder S\u00fc\u00dfe macht ihn ideal f\u00fcr den Start in den Tag oder f\u00fcr einen einfachen Moment des Genusses zwischendurch. Jeder Teebeutel bietet ein best\u00e4ndiges und hochwertiges Ergebnis mit einem klaren [&hellip;]<\/p>\n","protected":false},"featured_media":49497,"comment_status":"closed","ping_status":"closed","template":"","meta":[],"product_cat":[1837],"product_tag":[],"yoast_head":"<!-- This site is optimized with the Yoast SEO plugin v27.2 - https:\/\/yoast.com\/product\/yoast-seo-wordpress\/ -->\n<title>Schwarztee - Chrisopigi<\/title>\n<meta name=\"robots\" content=\"index, follow, max-snippet:-1, max-image-preview:large, max-video-preview:-1\" \/>\n<link rel=\"canonical\" href=\"https:\/\/chrisopigi.gr\/de\/product\/schwarztee\/\" \/>\n<meta property=\"og:locale\" content=\"de_DE\" \/>\n<meta property=\"og:type\" content=\"article\" \/>\n<meta property=\"og:title\" content=\"Schwarztee - Chrisopigi\" \/>\n<meta property=\"og:description\" content=\"Schwarzer Tee ist ein klassisches, vollmundiges und aromatisches Getr\u00e4nk mit einer tiefen Farbe und einem reichen Charakter, das jeder Tasse Intensit\u00e4t und Ausgewogenheit verleiht. Sein kr\u00e4ftiger, erdiger Geschmack mit Noten von Karamell und milder S\u00fc\u00dfe macht ihn ideal f\u00fcr den Start in den Tag oder f\u00fcr einen einfachen Moment des Genusses zwischendurch. Jeder Teebeutel bietet ein best\u00e4ndiges und hochwertiges Ergebnis mit einem klaren [&hellip;]\" \/>\n<meta property=\"og:url\" content=\"https:\/\/chrisopigi.gr\/de\/product\/schwarztee\/\" \/>\n<meta property=\"og:site_name\" content=\"Chrisopigi\" \/>\n<meta name=\"twitter:card\" content=\"summary_large_image\" \/>\n<meta name=\"twitter:label1\" content=\"Gesch\u00e4tzte Lesezeit\" \/>\n\t<meta name=\"twitter:data1\" content=\"1\u00a0Minute\" \/>\n<script type=\"application\/ld+json\" class=\"yoast-schema-graph\">{\"@context\":\"https:\/\/schema.org\",\"@graph\":[{\"@type\":\"WebPage\",\"@id\":\"https:\/\/chrisopigi.gr\/de\/product\/schwarztee\/\",\"url\":\"https:\/\/chrisopigi.gr\/de\/product\/schwarztee\/\",\"name\":\"Schwarztee - Chrisopigi\",\"isPartOf\":{\"@id\":\"https:\/\/chrisopigi.gr\/de\/#website\"},\"primaryImageOfPage\":{\"@id\":\"https:\/\/chrisopigi.gr\/de\/product\/schwarztee\/#primaryimage\"},\"image\":{\"@id\":\"https:\/\/chrisopigi.gr\/de\/product\/schwarztee\/#primaryimage\"},\"thumbnailUrl\":\"https:\/\/chrisopigi.gr\/wp-content\/uploads\/2025\/12\/image-25.png\",\"datePublished\":\"2026-04-29T14:52:41+00:00\",\"breadcrumb\":{\"@id\":\"https:\/\/chrisopigi.gr\/de\/product\/schwarztee\/#breadcrumb\"},\"inLanguage\":\"de\",\"potentialAction\":[{\"@type\":\"ReadAction\",\"target\":[\"https:\/\/chrisopigi.gr\/de\/product\/schwarztee\/\"]}]},{\"@type\":\"ImageObject\",\"inLanguage\":\"de\",\"@id\":\"https:\/\/chrisopigi.gr\/de\/product\/schwarztee\/#primaryimage\",\"url\":\"https:\/\/chrisopigi.gr\/wp-content\/uploads\/2025\/12\/image-25.png\",\"contentUrl\":\"https:\/\/chrisopigi.gr\/wp-content\/uploads\/2025\/12\/image-25.png\",\"width\":500,\"height\":700},{\"@type\":\"BreadcrumbList\",\"@id\":\"https:\/\/chrisopigi.gr\/de\/product\/schwarztee\/#breadcrumb\",\"itemListElement\":[{\"@type\":\"ListItem\",\"position\":1,\"name\":\"\u0391\u03c1\u03c7\u03b9\u03ba\u03ae\",\"item\":\"https:\/\/chrisopigi.gr\/de\/\"},{\"@type\":\"ListItem\",\"position\":2,\"name\":\"Online-Shop\",\"item\":\"https:\/\/chrisopigi.gr\/online-shop\/\"},{\"@type\":\"ListItem\",\"position\":3,\"name\":\"Schwarztee\"}]},{\"@type\":\"WebSite\",\"@id\":\"https:\/\/chrisopigi.gr\/de\/#website\",\"url\":\"https:\/\/chrisopigi.gr\/de\/\",\"name\":\"Chrisopigi\",\"description\":\"\u039a\u03c1\u03b7\u03c4\u03b9\u03ba\u03cc \u03b5\u03bb\u03b1\u03b9\u03cc\u03bb\u03b1\u03b4\u03bf &amp; \u03bc\u03ad\u03bb\u03b9 \u03b1\u03c0\u03cc \u03c4\u03b7\u03bd \u03a7\u03c1\u03c5\u03c3\u03bf\u03c0\u03b7\u03b3\u03ae \u03a3\u03b7\u03c4\u03b5\u03af\u03b1\u03c2\",\"potentialAction\":[{\"@type\":\"SearchAction\",\"target\":{\"@type\":\"EntryPoint\",\"urlTemplate\":\"https:\/\/chrisopigi.gr\/de\/?s={search_term_string}\"},\"query-input\":{\"@type\":\"PropertyValueSpecification\",\"valueRequired\":true,\"valueName\":\"search_term_string\"}}],\"inLanguage\":\"de\"}]}<\/script>\n<!-- \/ Yoast SEO plugin. -->","yoast_head_json":{"title":"Schwarztee - Chrisopigi","robots":{"index":"index","follow":"follow","max-snippet":"max-snippet:-1","max-image-preview":"max-image-preview:large","max-video-preview":"max-video-preview:-1"},"canonical":"https:\/\/chrisopigi.gr\/de\/product\/schwarztee\/","og_locale":"de_DE","og_type":"article","og_title":"Schwarztee - Chrisopigi","og_description":"Schwarzer Tee ist ein klassisches, vollmundiges und aromatisches Getr\u00e4nk mit einer tiefen Farbe und einem reichen Charakter, das jeder Tasse Intensit\u00e4t und Ausgewogenheit verleiht. Sein kr\u00e4ftiger, erdiger Geschmack mit Noten von Karamell und milder S\u00fc\u00dfe macht ihn ideal f\u00fcr den Start in den Tag oder f\u00fcr einen einfachen Moment des Genusses zwischendurch. Jeder Teebeutel bietet ein best\u00e4ndiges und hochwertiges Ergebnis mit einem klaren [&hellip;]","og_url":"https:\/\/chrisopigi.gr\/de\/product\/schwarztee\/","og_site_name":"Chrisopigi","twitter_card":"summary_large_image","twitter_misc":{"Gesch\u00e4tzte Lesezeit":"1\u00a0Minute"},"schema":{"@context":"https:\/\/schema.org","@graph":[{"@type":"WebPage","@id":"https:\/\/chrisopigi.gr\/de\/product\/schwarztee\/","url":"https:\/\/chrisopigi.gr\/de\/product\/schwarztee\/","name":"Schwarztee - Chrisopigi","isPartOf":{"@id":"https:\/\/chrisopigi.gr\/de\/#website"},"primaryImageOfPage":{"@id":"https:\/\/chrisopigi.gr\/de\/product\/schwarztee\/#primaryimage"},"image":{"@id":"https:\/\/chrisopigi.gr\/de\/product\/schwarztee\/#primaryimage"},"thumbnailUrl":"https:\/\/chrisopigi.gr\/wp-content\/uploads\/2025\/12\/image-25.png","datePublished":"2026-04-29T14:52:41+00:00","breadcrumb":{"@id":"https:\/\/chrisopigi.gr\/de\/product\/schwarztee\/#breadcrumb"},"inLanguage":"de","potentialAction":[{"@type":"ReadAction","target":["https:\/\/chrisopigi.gr\/de\/product\/schwarztee\/"]}]},{"@type":"ImageObject","inLanguage":"de","@id":"https:\/\/chrisopigi.gr\/de\/product\/schwarztee\/#primaryimage","url":"https:\/\/chrisopigi.gr\/wp-content\/uploads\/2025\/12\/image-25.png","contentUrl":"https:\/\/chrisopigi.gr\/wp-content\/uploads\/2025\/12\/image-25.png","width":500,"height":700},{"@type":"BreadcrumbList","@id":"https:\/\/chrisopigi.gr\/de\/product\/schwarztee\/#breadcrumb","itemListElement":[{"@type":"ListItem","position":1,"name":"\u0391\u03c1\u03c7\u03b9\u03ba\u03ae","item":"https:\/\/chrisopigi.gr\/de\/"},{"@type":"ListItem","position":2,"name":"Online-Shop","item":"https:\/\/chrisopigi.gr\/online-shop\/"},{"@type":"ListItem","position":3,"name":"Schwarztee"}]},{"@type":"WebSite","@id":"https:\/\/chrisopigi.gr\/de\/#website","url":"https:\/\/chrisopigi.gr\/de\/","name":"Chrisopigi","description":"\u039a\u03c1\u03b7\u03c4\u03b9\u03ba\u03cc \u03b5\u03bb\u03b1\u03b9\u03cc\u03bb\u03b1\u03b4\u03bf &amp; \u03bc\u03ad\u03bb\u03b9 \u03b1\u03c0\u03cc \u03c4\u03b7\u03bd \u03a7\u03c1\u03c5\u03c3\u03bf\u03c0\u03b7\u03b3\u03ae \u03a3\u03b7\u03c4\u03b5\u03af\u03b1\u03c2","potentialAction":[{"@type":"SearchAction","target":{"@type":"EntryPoint","urlTemplate":"https:\/\/chrisopigi.gr\/de\/?s={search_term_string}"},"query-input":{"@type":"PropertyValueSpecification","valueRequired":true,"valueName":"search_term_string"}}],"inLanguage":"de"}]}},"_links":{"self":[{"href":"https:\/\/chrisopigi.gr\/de\/wp-json\/wp\/v2\/product\/49496"}],"collection":[{"href":"https:\/\/chrisopigi.gr\/de\/wp-json\/wp\/v2\/product"}],"about":[{"href":"https:\/\/chrisopigi.gr\/de\/wp-json\/wp\/v2\/types\/product"}],"replies":[{"embeddable":true,"href":"https:\/\/chrisopigi.gr\/de\/wp-json\/wp\/v2\/comments?post=49496"}],"wp:featuredmedia":[{"embeddable":true,"href":"https:\/\/chrisopigi.gr\/de\/wp-json\/wp\/v2\/media\/49497"}],"wp:attachment":[{"href":"https:\/\/chrisopigi.gr\/de\/wp-json\/wp\/v2\/media?parent=49496"}],"wp:term":[{"taxonomy":"product_cat","embeddable":true,"href":"https:\/\/chrisopigi.gr\/de\/wp-json\/wp\/v2\/product_cat?post=49496"},{"taxonomy":"product_tag","embeddable":true,"href":"https:\/\/chrisopigi.gr\/de\/wp-json\/wp\/v2\/product_tag?post=49496"}],"curies":[{"name":"wp","href":"https:\/\/api.w.org\/{rel}","templated":true}]}}