{"id":49498,"date":"2025-12-05T19:36:51","date_gmt":"2026-04-29T14:57:46","guid":{"rendered":"https:\/\/chrisopigi.gr\/product\/salbeitee\/"},"modified":"2026-04-29T17:57:46","modified_gmt":"2026-04-29T14:57:46","slug":"salbeitee","status":"publish","type":"product","link":"https:\/\/chrisopigi.gr\/de\/product\/salbeitee\/","title":{"rendered":"Salbeitee"},"content":{"rendered":"<p data-start=\"216\" data-end=\"499\">Der kretische Salbeitee ist ein aromatisches und charaktervolles Getr\u00e4nk mit dem tiefen, erdigen Aroma und dem warmen Geschmack, der Salbei in der kretischen Tradition so besonders macht. Jede Tasse bietet ein Gef\u00fchl von Reinheit und Wohlbefinden, ideal f\u00fcr Momente der Entspannung und W\u00e4rme.<\/p>\n<p data-start=\"501\" data-end=\"772\">Das nat\u00fcrlich intensive Aroma des Salbeis \u2013 mit Noten von Kr\u00e4utern, Erde und einer milden S\u00fc\u00dfe \u2013 schafft ein vollmundiges, ausgewogenes Getr\u00e4nk, das man sowohl morgens als auch abends gut genie\u00dfen kann. Koffeinfrei und ohne Zusatzstoffe ist er eine authentische Wahl f\u00fcr das t\u00e4gliche Wohlbefinden.<\/p>\n<p data-start=\"774\" data-end=\"929\">Die biologisch angebauten Salbeibl\u00e4tter sind in praktischen Teebeuteln verpackt, wodurch das nat\u00fcrliche Aroma und der charakteristische Geschmack der Pflanze vollst\u00e4ndig erhalten bleiben.<\/p>\n<h4 style=\"text-align: center\" data-start=\"931\" data-end=\"1134\">\ud83c\udf3f Herkunft &amp; Qualit\u00e4t<\/h4>\n<p data-start=\"931\" data-end=\"1134\">Angebaut in den sauberen Regionen Kretas, erh\u00e4lt der Salbei die Intensit\u00e4t und den besonderen Charakter, die ihn zu einem wichtigen Teil der lokalen botanischen Tradition gemacht haben.<\/p>\n<p data-start=\"1136\" data-end=\"1226\">Ein warmer, aromatischer Tee, der die Reinheit und die Erde Kretas in Ihre Tasse bringt.<\/p>\n","protected":false},"excerpt":{"rendered":"<p>Der kretische Salbeitee ist ein aromatisches und charaktervolles Getr\u00e4nk mit dem tiefen, erdigen Aroma und dem warmen Geschmack, der Salbei in der kretischen Tradition so besonders macht. Jede Tasse bietet ein Gef\u00fchl von Reinheit und Wohlbefinden, ideal f\u00fcr Momente der Entspannung und W\u00e4rme. Das nat\u00fcrlich intensive Aroma des Salbeis \u2013 mit Noten von Kr\u00e4utern, Erde und einer milden S\u00fc\u00dfe \u2013 schafft ein vollmundiges, [&hellip;]<\/p>\n","protected":false},"featured_media":49499,"comment_status":"closed","ping_status":"closed","template":"","meta":[],"product_cat":[1837],"product_tag":[],"yoast_head":"<!-- This site is optimized with the Yoast SEO plugin v27.2 - https:\/\/yoast.com\/product\/yoast-seo-wordpress\/ -->\n<title>Salbeitee - Chrisopigi<\/title>\n<meta name=\"robots\" content=\"index, follow, max-snippet:-1, max-image-preview:large, max-video-preview:-1\" \/>\n<link rel=\"canonical\" href=\"https:\/\/chrisopigi.gr\/de\/product\/salbeitee\/\" \/>\n<meta property=\"og:locale\" content=\"de_DE\" \/>\n<meta property=\"og:type\" content=\"article\" \/>\n<meta property=\"og:title\" content=\"Salbeitee - Chrisopigi\" \/>\n<meta property=\"og:description\" content=\"Der kretische Salbeitee ist ein aromatisches und charaktervolles Getr\u00e4nk mit dem tiefen, erdigen Aroma und dem warmen Geschmack, der Salbei in der kretischen Tradition so besonders macht. Jede Tasse bietet ein Gef\u00fchl von Reinheit und Wohlbefinden, ideal f\u00fcr Momente der Entspannung und W\u00e4rme. Das nat\u00fcrlich intensive Aroma des Salbeis \u2013 mit Noten von Kr\u00e4utern, Erde und einer milden S\u00fc\u00dfe \u2013 schafft ein vollmundiges, [&hellip;]\" \/>\n<meta property=\"og:url\" content=\"https:\/\/chrisopigi.gr\/de\/product\/salbeitee\/\" \/>\n<meta property=\"og:site_name\" content=\"Chrisopigi\" \/>\n<meta name=\"twitter:card\" content=\"summary_large_image\" \/>\n<meta name=\"twitter:label1\" content=\"Gesch\u00e4tzte Lesezeit\" \/>\n\t<meta name=\"twitter:data1\" content=\"1\u00a0Minute\" \/>\n<script type=\"application\/ld+json\" class=\"yoast-schema-graph\">{\"@context\":\"https:\/\/schema.org\",\"@graph\":[{\"@type\":\"WebPage\",\"@id\":\"https:\/\/chrisopigi.gr\/de\/product\/salbeitee\/\",\"url\":\"https:\/\/chrisopigi.gr\/de\/product\/salbeitee\/\",\"name\":\"Salbeitee - Chrisopigi\",\"isPartOf\":{\"@id\":\"https:\/\/chrisopigi.gr\/de\/#website\"},\"primaryImageOfPage\":{\"@id\":\"https:\/\/chrisopigi.gr\/de\/product\/salbeitee\/#primaryimage\"},\"image\":{\"@id\":\"https:\/\/chrisopigi.gr\/de\/product\/salbeitee\/#primaryimage\"},\"thumbnailUrl\":\"https:\/\/chrisopigi.gr\/wp-content\/uploads\/2025\/12\/image-24.png\",\"datePublished\":\"2026-04-29T14:57:46+00:00\",\"breadcrumb\":{\"@id\":\"https:\/\/chrisopigi.gr\/de\/product\/salbeitee\/#breadcrumb\"},\"inLanguage\":\"de\",\"potentialAction\":[{\"@type\":\"ReadAction\",\"target\":[\"https:\/\/chrisopigi.gr\/de\/product\/salbeitee\/\"]}]},{\"@type\":\"ImageObject\",\"inLanguage\":\"de\",\"@id\":\"https:\/\/chrisopigi.gr\/de\/product\/salbeitee\/#primaryimage\",\"url\":\"https:\/\/chrisopigi.gr\/wp-content\/uploads\/2025\/12\/image-24.png\",\"contentUrl\":\"https:\/\/chrisopigi.gr\/wp-content\/uploads\/2025\/12\/image-24.png\",\"width\":500,\"height\":700},{\"@type\":\"BreadcrumbList\",\"@id\":\"https:\/\/chrisopigi.gr\/de\/product\/salbeitee\/#breadcrumb\",\"itemListElement\":[{\"@type\":\"ListItem\",\"position\":1,\"name\":\"\u0391\u03c1\u03c7\u03b9\u03ba\u03ae\",\"item\":\"https:\/\/chrisopigi.gr\/de\/\"},{\"@type\":\"ListItem\",\"position\":2,\"name\":\"Online-Shop\",\"item\":\"https:\/\/chrisopigi.gr\/online-shop\/\"},{\"@type\":\"ListItem\",\"position\":3,\"name\":\"Salbeitee\"}]},{\"@type\":\"WebSite\",\"@id\":\"https:\/\/chrisopigi.gr\/de\/#website\",\"url\":\"https:\/\/chrisopigi.gr\/de\/\",\"name\":\"Chrisopigi\",\"description\":\"\u039a\u03c1\u03b7\u03c4\u03b9\u03ba\u03cc \u03b5\u03bb\u03b1\u03b9\u03cc\u03bb\u03b1\u03b4\u03bf &amp; \u03bc\u03ad\u03bb\u03b9 \u03b1\u03c0\u03cc \u03c4\u03b7\u03bd \u03a7\u03c1\u03c5\u03c3\u03bf\u03c0\u03b7\u03b3\u03ae \u03a3\u03b7\u03c4\u03b5\u03af\u03b1\u03c2\",\"potentialAction\":[{\"@type\":\"SearchAction\",\"target\":{\"@type\":\"EntryPoint\",\"urlTemplate\":\"https:\/\/chrisopigi.gr\/de\/?s={search_term_string}\"},\"query-input\":{\"@type\":\"PropertyValueSpecification\",\"valueRequired\":true,\"valueName\":\"search_term_string\"}}],\"inLanguage\":\"de\"}]}<\/script>\n<!-- \/ Yoast SEO plugin. -->","yoast_head_json":{"title":"Salbeitee - Chrisopigi","robots":{"index":"index","follow":"follow","max-snippet":"max-snippet:-1","max-image-preview":"max-image-preview:large","max-video-preview":"max-video-preview:-1"},"canonical":"https:\/\/chrisopigi.gr\/de\/product\/salbeitee\/","og_locale":"de_DE","og_type":"article","og_title":"Salbeitee - Chrisopigi","og_description":"Der kretische Salbeitee ist ein aromatisches und charaktervolles Getr\u00e4nk mit dem tiefen, erdigen Aroma und dem warmen Geschmack, der Salbei in der kretischen Tradition so besonders macht. Jede Tasse bietet ein Gef\u00fchl von Reinheit und Wohlbefinden, ideal f\u00fcr Momente der Entspannung und W\u00e4rme. Das nat\u00fcrlich intensive Aroma des Salbeis \u2013 mit Noten von Kr\u00e4utern, Erde und einer milden S\u00fc\u00dfe \u2013 schafft ein vollmundiges, [&hellip;]","og_url":"https:\/\/chrisopigi.gr\/de\/product\/salbeitee\/","og_site_name":"Chrisopigi","twitter_card":"summary_large_image","twitter_misc":{"Gesch\u00e4tzte Lesezeit":"1\u00a0Minute"},"schema":{"@context":"https:\/\/schema.org","@graph":[{"@type":"WebPage","@id":"https:\/\/chrisopigi.gr\/de\/product\/salbeitee\/","url":"https:\/\/chrisopigi.gr\/de\/product\/salbeitee\/","name":"Salbeitee - Chrisopigi","isPartOf":{"@id":"https:\/\/chrisopigi.gr\/de\/#website"},"primaryImageOfPage":{"@id":"https:\/\/chrisopigi.gr\/de\/product\/salbeitee\/#primaryimage"},"image":{"@id":"https:\/\/chrisopigi.gr\/de\/product\/salbeitee\/#primaryimage"},"thumbnailUrl":"https:\/\/chrisopigi.gr\/wp-content\/uploads\/2025\/12\/image-24.png","datePublished":"2026-04-29T14:57:46+00:00","breadcrumb":{"@id":"https:\/\/chrisopigi.gr\/de\/product\/salbeitee\/#breadcrumb"},"inLanguage":"de","potentialAction":[{"@type":"ReadAction","target":["https:\/\/chrisopigi.gr\/de\/product\/salbeitee\/"]}]},{"@type":"ImageObject","inLanguage":"de","@id":"https:\/\/chrisopigi.gr\/de\/product\/salbeitee\/#primaryimage","url":"https:\/\/chrisopigi.gr\/wp-content\/uploads\/2025\/12\/image-24.png","contentUrl":"https:\/\/chrisopigi.gr\/wp-content\/uploads\/2025\/12\/image-24.png","width":500,"height":700},{"@type":"BreadcrumbList","@id":"https:\/\/chrisopigi.gr\/de\/product\/salbeitee\/#breadcrumb","itemListElement":[{"@type":"ListItem","position":1,"name":"\u0391\u03c1\u03c7\u03b9\u03ba\u03ae","item":"https:\/\/chrisopigi.gr\/de\/"},{"@type":"ListItem","position":2,"name":"Online-Shop","item":"https:\/\/chrisopigi.gr\/online-shop\/"},{"@type":"ListItem","position":3,"name":"Salbeitee"}]},{"@type":"WebSite","@id":"https:\/\/chrisopigi.gr\/de\/#website","url":"https:\/\/chrisopigi.gr\/de\/","name":"Chrisopigi","description":"\u039a\u03c1\u03b7\u03c4\u03b9\u03ba\u03cc \u03b5\u03bb\u03b1\u03b9\u03cc\u03bb\u03b1\u03b4\u03bf &amp; \u03bc\u03ad\u03bb\u03b9 \u03b1\u03c0\u03cc \u03c4\u03b7\u03bd \u03a7\u03c1\u03c5\u03c3\u03bf\u03c0\u03b7\u03b3\u03ae \u03a3\u03b7\u03c4\u03b5\u03af\u03b1\u03c2","potentialAction":[{"@type":"SearchAction","target":{"@type":"EntryPoint","urlTemplate":"https:\/\/chrisopigi.gr\/de\/?s={search_term_string}"},"query-input":{"@type":"PropertyValueSpecification","valueRequired":true,"valueName":"search_term_string"}}],"inLanguage":"de"}]}},"_links":{"self":[{"href":"https:\/\/chrisopigi.gr\/de\/wp-json\/wp\/v2\/product\/49498"}],"collection":[{"href":"https:\/\/chrisopigi.gr\/de\/wp-json\/wp\/v2\/product"}],"about":[{"href":"https:\/\/chrisopigi.gr\/de\/wp-json\/wp\/v2\/types\/product"}],"replies":[{"embeddable":true,"href":"https:\/\/chrisopigi.gr\/de\/wp-json\/wp\/v2\/comments?post=49498"}],"wp:featuredmedia":[{"embeddable":true,"href":"https:\/\/chrisopigi.gr\/de\/wp-json\/wp\/v2\/media\/49499"}],"wp:attachment":[{"href":"https:\/\/chrisopigi.gr\/de\/wp-json\/wp\/v2\/media?parent=49498"}],"wp:term":[{"taxonomy":"product_cat","embeddable":true,"href":"https:\/\/chrisopigi.gr\/de\/wp-json\/wp\/v2\/product_cat?post=49498"},{"taxonomy":"product_tag","embeddable":true,"href":"https:\/\/chrisopigi.gr\/de\/wp-json\/wp\/v2\/product_tag?post=49498"}],"curies":[{"name":"wp","href":"https:\/\/api.w.org\/{rel}","templated":true}]}}