{"id":49500,"date":"2025-12-05T19:33:12","date_gmt":"2026-04-29T15:03:57","guid":{"rendered":"https:\/\/chrisopigi.gr\/product\/gruener-tee\/"},"modified":"2026-04-29T18:03:57","modified_gmt":"2026-04-29T15:03:57","slug":"gruener-tee","status":"publish","type":"product","link":"https:\/\/chrisopigi.gr\/de\/product\/gruener-tee\/","title":{"rendered":"Gr\u00fcner Tee"},"content":{"rendered":"<p data-start=\"195\" data-end=\"474\">Gr\u00fcner Tee ist ein leichtes, erfrischendes Getr\u00e4nk mit einem klaren, pflanzlichen Geschmack und einem zarten Aroma. Seine nat\u00fcrliche Frische und die milde S\u00fc\u00dfe im Abgang machen ihn zu einer hervorragenden Wahl f\u00fcr alle, die einen angenehmen, ausgewogenen Tee f\u00fcr jede Tageszeit suchen. <\/p>\n<p data-start=\"476\" data-end=\"729\">Mit seiner sanft anregenden Wirkung ist Gr\u00fcner Tee der ideale Begleiter f\u00fcr den Start in den Tag, aber auch f\u00fcr kleine Pausen im Alltag. Jeder Teebeutel entfaltet ein klares, goldgr\u00fcnes Getr\u00e4nk von hoher Qualit\u00e4t und nat\u00fcrlicher Eleganz, ganz ohne Zusatzstoffe. <\/p>\n<p data-start=\"731\" data-end=\"872\">Sein charakteristisches Aroma \u2013 Frische, gr\u00fcne Bl\u00e4tter, feine pflanzliche Noten \u2013 verwandelt jede Tasse in einen Moment der Ruhe und leichten Belebung.<\/p>\n<h4 style=\"text-align: center\" data-start=\"874\" data-end=\"1082\">\ud83c\udf3f Herkunft &amp; Qualit\u00e4t<\/h4>\n<p data-start=\"874\" data-end=\"1082\">Der Gr\u00fcne Tee von Creta Votanica stammt aus biologisch angebauten Pflanzen und ist in praktischen Teebeuteln verpackt, die seine Nat\u00fcrlichkeit und sein Aroma unverf\u00e4lscht bewahren.<\/p>\n<p data-start=\"1084\" data-end=\"1144\">Ein klarer, angenehmer Tee, ideal f\u00fcr den t\u00e4glichen Genuss.<\/p>\n","protected":false},"excerpt":{"rendered":"<p>Gr\u00fcner Tee ist ein leichtes, erfrischendes Getr\u00e4nk mit einem klaren, pflanzlichen Geschmack und einem zarten Aroma. Seine nat\u00fcrliche Frische und die milde S\u00fc\u00dfe im Abgang machen ihn zu einer hervorragenden Wahl f\u00fcr alle, die einen angenehmen, ausgewogenen Tee f\u00fcr jede Tageszeit suchen. Mit seiner sanft anregenden Wirkung ist Gr\u00fcner Tee der ideale Begleiter f\u00fcr den Start in den Tag, aber auch f\u00fcr kleine [&hellip;]<\/p>\n","protected":false},"featured_media":49501,"comment_status":"closed","ping_status":"closed","template":"","meta":[],"product_cat":[1837],"product_tag":[],"yoast_head":"<!-- This site is optimized with the Yoast SEO plugin v27.2 - https:\/\/yoast.com\/product\/yoast-seo-wordpress\/ -->\n<title>Gr\u00fcner Tee - Chrisopigi<\/title>\n<meta name=\"robots\" content=\"index, follow, max-snippet:-1, max-image-preview:large, max-video-preview:-1\" \/>\n<link rel=\"canonical\" href=\"https:\/\/chrisopigi.gr\/de\/product\/gruener-tee\/\" \/>\n<meta property=\"og:locale\" content=\"de_DE\" \/>\n<meta property=\"og:type\" content=\"article\" \/>\n<meta property=\"og:title\" content=\"Gr\u00fcner Tee - Chrisopigi\" \/>\n<meta property=\"og:description\" content=\"Gr\u00fcner Tee ist ein leichtes, erfrischendes Getr\u00e4nk mit einem klaren, pflanzlichen Geschmack und einem zarten Aroma. Seine nat\u00fcrliche Frische und die milde S\u00fc\u00dfe im Abgang machen ihn zu einer hervorragenden Wahl f\u00fcr alle, die einen angenehmen, ausgewogenen Tee f\u00fcr jede Tageszeit suchen. Mit seiner sanft anregenden Wirkung ist Gr\u00fcner Tee der ideale Begleiter f\u00fcr den Start in den Tag, aber auch f\u00fcr kleine [&hellip;]\" \/>\n<meta property=\"og:url\" content=\"https:\/\/chrisopigi.gr\/de\/product\/gruener-tee\/\" \/>\n<meta property=\"og:site_name\" content=\"Chrisopigi\" \/>\n<meta name=\"twitter:card\" content=\"summary_large_image\" \/>\n<meta name=\"twitter:label1\" content=\"Gesch\u00e4tzte Lesezeit\" \/>\n\t<meta name=\"twitter:data1\" content=\"1\u00a0Minute\" \/>\n<script type=\"application\/ld+json\" class=\"yoast-schema-graph\">{\"@context\":\"https:\/\/schema.org\",\"@graph\":[{\"@type\":\"WebPage\",\"@id\":\"https:\/\/chrisopigi.gr\/de\/product\/gruener-tee\/\",\"url\":\"https:\/\/chrisopigi.gr\/de\/product\/gruener-tee\/\",\"name\":\"Gr\u00fcner Tee - Chrisopigi\",\"isPartOf\":{\"@id\":\"https:\/\/chrisopigi.gr\/de\/#website\"},\"primaryImageOfPage\":{\"@id\":\"https:\/\/chrisopigi.gr\/de\/product\/gruener-tee\/#primaryimage\"},\"image\":{\"@id\":\"https:\/\/chrisopigi.gr\/de\/product\/gruener-tee\/#primaryimage\"},\"thumbnailUrl\":\"https:\/\/chrisopigi.gr\/wp-content\/uploads\/2025\/12\/image-23.png\",\"datePublished\":\"2026-04-29T15:03:57+00:00\",\"breadcrumb\":{\"@id\":\"https:\/\/chrisopigi.gr\/de\/product\/gruener-tee\/#breadcrumb\"},\"inLanguage\":\"de\",\"potentialAction\":[{\"@type\":\"ReadAction\",\"target\":[\"https:\/\/chrisopigi.gr\/de\/product\/gruener-tee\/\"]}]},{\"@type\":\"ImageObject\",\"inLanguage\":\"de\",\"@id\":\"https:\/\/chrisopigi.gr\/de\/product\/gruener-tee\/#primaryimage\",\"url\":\"https:\/\/chrisopigi.gr\/wp-content\/uploads\/2025\/12\/image-23.png\",\"contentUrl\":\"https:\/\/chrisopigi.gr\/wp-content\/uploads\/2025\/12\/image-23.png\",\"width\":500,\"height\":700},{\"@type\":\"BreadcrumbList\",\"@id\":\"https:\/\/chrisopigi.gr\/de\/product\/gruener-tee\/#breadcrumb\",\"itemListElement\":[{\"@type\":\"ListItem\",\"position\":1,\"name\":\"\u0391\u03c1\u03c7\u03b9\u03ba\u03ae\",\"item\":\"https:\/\/chrisopigi.gr\/de\/\"},{\"@type\":\"ListItem\",\"position\":2,\"name\":\"Online-Shop\",\"item\":\"https:\/\/chrisopigi.gr\/online-shop\/\"},{\"@type\":\"ListItem\",\"position\":3,\"name\":\"Gr\u00fcner Tee\"}]},{\"@type\":\"WebSite\",\"@id\":\"https:\/\/chrisopigi.gr\/de\/#website\",\"url\":\"https:\/\/chrisopigi.gr\/de\/\",\"name\":\"Chrisopigi\",\"description\":\"\u039a\u03c1\u03b7\u03c4\u03b9\u03ba\u03cc \u03b5\u03bb\u03b1\u03b9\u03cc\u03bb\u03b1\u03b4\u03bf &amp; \u03bc\u03ad\u03bb\u03b9 \u03b1\u03c0\u03cc \u03c4\u03b7\u03bd \u03a7\u03c1\u03c5\u03c3\u03bf\u03c0\u03b7\u03b3\u03ae \u03a3\u03b7\u03c4\u03b5\u03af\u03b1\u03c2\",\"potentialAction\":[{\"@type\":\"SearchAction\",\"target\":{\"@type\":\"EntryPoint\",\"urlTemplate\":\"https:\/\/chrisopigi.gr\/de\/?s={search_term_string}\"},\"query-input\":{\"@type\":\"PropertyValueSpecification\",\"valueRequired\":true,\"valueName\":\"search_term_string\"}}],\"inLanguage\":\"de\"}]}<\/script>\n<!-- \/ Yoast SEO plugin. -->","yoast_head_json":{"title":"Gr\u00fcner Tee - Chrisopigi","robots":{"index":"index","follow":"follow","max-snippet":"max-snippet:-1","max-image-preview":"max-image-preview:large","max-video-preview":"max-video-preview:-1"},"canonical":"https:\/\/chrisopigi.gr\/de\/product\/gruener-tee\/","og_locale":"de_DE","og_type":"article","og_title":"Gr\u00fcner Tee - Chrisopigi","og_description":"Gr\u00fcner Tee ist ein leichtes, erfrischendes Getr\u00e4nk mit einem klaren, pflanzlichen Geschmack und einem zarten Aroma. Seine nat\u00fcrliche Frische und die milde S\u00fc\u00dfe im Abgang machen ihn zu einer hervorragenden Wahl f\u00fcr alle, die einen angenehmen, ausgewogenen Tee f\u00fcr jede Tageszeit suchen. Mit seiner sanft anregenden Wirkung ist Gr\u00fcner Tee der ideale Begleiter f\u00fcr den Start in den Tag, aber auch f\u00fcr kleine [&hellip;]","og_url":"https:\/\/chrisopigi.gr\/de\/product\/gruener-tee\/","og_site_name":"Chrisopigi","twitter_card":"summary_large_image","twitter_misc":{"Gesch\u00e4tzte Lesezeit":"1\u00a0Minute"},"schema":{"@context":"https:\/\/schema.org","@graph":[{"@type":"WebPage","@id":"https:\/\/chrisopigi.gr\/de\/product\/gruener-tee\/","url":"https:\/\/chrisopigi.gr\/de\/product\/gruener-tee\/","name":"Gr\u00fcner Tee - Chrisopigi","isPartOf":{"@id":"https:\/\/chrisopigi.gr\/de\/#website"},"primaryImageOfPage":{"@id":"https:\/\/chrisopigi.gr\/de\/product\/gruener-tee\/#primaryimage"},"image":{"@id":"https:\/\/chrisopigi.gr\/de\/product\/gruener-tee\/#primaryimage"},"thumbnailUrl":"https:\/\/chrisopigi.gr\/wp-content\/uploads\/2025\/12\/image-23.png","datePublished":"2026-04-29T15:03:57+00:00","breadcrumb":{"@id":"https:\/\/chrisopigi.gr\/de\/product\/gruener-tee\/#breadcrumb"},"inLanguage":"de","potentialAction":[{"@type":"ReadAction","target":["https:\/\/chrisopigi.gr\/de\/product\/gruener-tee\/"]}]},{"@type":"ImageObject","inLanguage":"de","@id":"https:\/\/chrisopigi.gr\/de\/product\/gruener-tee\/#primaryimage","url":"https:\/\/chrisopigi.gr\/wp-content\/uploads\/2025\/12\/image-23.png","contentUrl":"https:\/\/chrisopigi.gr\/wp-content\/uploads\/2025\/12\/image-23.png","width":500,"height":700},{"@type":"BreadcrumbList","@id":"https:\/\/chrisopigi.gr\/de\/product\/gruener-tee\/#breadcrumb","itemListElement":[{"@type":"ListItem","position":1,"name":"\u0391\u03c1\u03c7\u03b9\u03ba\u03ae","item":"https:\/\/chrisopigi.gr\/de\/"},{"@type":"ListItem","position":2,"name":"Online-Shop","item":"https:\/\/chrisopigi.gr\/online-shop\/"},{"@type":"ListItem","position":3,"name":"Gr\u00fcner Tee"}]},{"@type":"WebSite","@id":"https:\/\/chrisopigi.gr\/de\/#website","url":"https:\/\/chrisopigi.gr\/de\/","name":"Chrisopigi","description":"\u039a\u03c1\u03b7\u03c4\u03b9\u03ba\u03cc \u03b5\u03bb\u03b1\u03b9\u03cc\u03bb\u03b1\u03b4\u03bf &amp; \u03bc\u03ad\u03bb\u03b9 \u03b1\u03c0\u03cc \u03c4\u03b7\u03bd \u03a7\u03c1\u03c5\u03c3\u03bf\u03c0\u03b7\u03b3\u03ae \u03a3\u03b7\u03c4\u03b5\u03af\u03b1\u03c2","potentialAction":[{"@type":"SearchAction","target":{"@type":"EntryPoint","urlTemplate":"https:\/\/chrisopigi.gr\/de\/?s={search_term_string}"},"query-input":{"@type":"PropertyValueSpecification","valueRequired":true,"valueName":"search_term_string"}}],"inLanguage":"de"}]}},"_links":{"self":[{"href":"https:\/\/chrisopigi.gr\/de\/wp-json\/wp\/v2\/product\/49500"}],"collection":[{"href":"https:\/\/chrisopigi.gr\/de\/wp-json\/wp\/v2\/product"}],"about":[{"href":"https:\/\/chrisopigi.gr\/de\/wp-json\/wp\/v2\/types\/product"}],"replies":[{"embeddable":true,"href":"https:\/\/chrisopigi.gr\/de\/wp-json\/wp\/v2\/comments?post=49500"}],"wp:featuredmedia":[{"embeddable":true,"href":"https:\/\/chrisopigi.gr\/de\/wp-json\/wp\/v2\/media\/49501"}],"wp:attachment":[{"href":"https:\/\/chrisopigi.gr\/de\/wp-json\/wp\/v2\/media?parent=49500"}],"wp:term":[{"taxonomy":"product_cat","embeddable":true,"href":"https:\/\/chrisopigi.gr\/de\/wp-json\/wp\/v2\/product_cat?post=49500"},{"taxonomy":"product_tag","embeddable":true,"href":"https:\/\/chrisopigi.gr\/de\/wp-json\/wp\/v2\/product_tag?post=49500"}],"curies":[{"name":"wp","href":"https:\/\/api.w.org\/{rel}","templated":true}]}}