{"id":49503,"date":"2025-12-05T19:28:30","date_gmt":"2026-04-29T15:09:23","guid":{"rendered":"https:\/\/chrisopigi.gr\/product\/kamille-20g\/"},"modified":"2026-04-29T18:09:23","modified_gmt":"2026-04-29T15:09:23","slug":"kamille-20g","status":"publish","type":"product","link":"https:\/\/chrisopigi.gr\/de\/product\/kamille-20g\/","title":{"rendered":"\u03a7\u03b1\u03bc\u03bf\u03bc\u03ae\u03bb\u03b9 20gr"},"content":{"rendered":"<p data-start=\"207\" data-end=\"502\">Kamille ist eines der beliebtesten und bekanntesten Kr\u00e4uter der griechischen Natur, bekannt f\u00fcr ihr sanftes Aroma und ihren s\u00fc\u00dfen, warmen Geschmack. Seit der Antike wird sie als Pflanze der Ruhe und Pflege verwendet und bietet denjenigen, die sie genie\u00dfen, ein nat\u00fcrliches Gef\u00fchl von Entspannung und Wohlbefinden. <\/p>\n<p data-start=\"504\" data-end=\"545\">Traditionell wird Kamille verwendet:<\/p>\n<p data-start=\"547\" data-end=\"788\">\u2022 zur Unterst\u00fctzung einer ruhigen und erholsamen Nachtruhe, \u2022 als nat\u00fcrliches Beruhigungsmittel in Zeiten der Anspannung, \u2022 zur Linderung leichter Magenbeschwerden, \u2022 f\u00fcr die Zubereitung eines warmen, sanften Getr\u00e4nks, das den K\u00f6rper beruhigt.<\/p>\n<p data-start=\"790\" data-end=\"986\">Als Kraut f\u00fcr Aufg\u00fcsse zeichnet sich die Kamille durch ihren sanften, goldenen Aufguss und ihr charakteristisches blumiges Aroma aus, was sie ideal f\u00fcr entspannende Momente am Nachmittag und Abend macht.<\/p>\n<h4 style=\"text-align: center\" data-start=\"988\" data-end=\"1308\">\ud83c\udf3f Kr\u00e4uteranbau<\/h4>\n<p data-start=\"988\" data-end=\"1308\">Unsere Kamille wird auf nat\u00fcrliche Weise auf unseren eigenen L\u00e4ndereien auf Kreta angebaut, in einer Umgebung, die das Wachstum von hochwertigen, aromatischen Bl\u00fcten beg\u00fcnstigt. Sie wird sorgf\u00e4ltig geerntet und schonend getrocknet, um ihr Aroma, ihre Farbe und ihre wohltuenden Bestandteile unverf\u00e4lscht zu erhalten. <\/p>\n<p data-start=\"1310\" data-end=\"1478\">Mit Respekt f\u00fcr Natur und Mensch wenden wir zertifizierte biologische Praktiken und traditionelle Verarbeitungsmethoden an, um ein reines und authentisches Produkt anzubieten.<\/p>\n","protected":false},"excerpt":{"rendered":"<p>Kamille ist eines der beliebtesten und bekanntesten Kr\u00e4uter der griechischen Natur, bekannt f\u00fcr ihr sanftes Aroma und ihren s\u00fc\u00dfen, warmen Geschmack. Seit der Antike wird sie als Pflanze der Ruhe und Pflege verwendet und bietet denjenigen, die sie genie\u00dfen, ein nat\u00fcrliches Gef\u00fchl von Entspannung und Wohlbefinden. Traditionell wird Kamille verwendet: \u2022 zur Unterst\u00fctzung einer ruhigen und erholsamen Nachtruhe, \u2022 als nat\u00fcrliches Beruhigungsmittel in [&hellip;]<\/p>\n","protected":false},"featured_media":49504,"comment_status":"closed","ping_status":"closed","template":"","meta":[],"product_cat":[1838],"product_tag":[],"yoast_head":"<!-- This site is optimized with the Yoast SEO plugin v27.2 - https:\/\/yoast.com\/product\/yoast-seo-wordpress\/ -->\n<title>\u03a7\u03b1\u03bc\u03bf\u03bc\u03ae\u03bb\u03b9 20gr - Chrisopigi<\/title>\n<meta name=\"robots\" content=\"index, follow, max-snippet:-1, max-image-preview:large, max-video-preview:-1\" \/>\n<link rel=\"canonical\" href=\"https:\/\/chrisopigi.gr\/de\/product\/kamille-20g\/\" \/>\n<meta property=\"og:locale\" content=\"de_DE\" \/>\n<meta property=\"og:type\" content=\"article\" \/>\n<meta property=\"og:title\" content=\"\u03a7\u03b1\u03bc\u03bf\u03bc\u03ae\u03bb\u03b9 20gr - Chrisopigi\" \/>\n<meta property=\"og:description\" content=\"Kamille ist eines der beliebtesten und bekanntesten Kr\u00e4uter der griechischen Natur, bekannt f\u00fcr ihr sanftes Aroma und ihren s\u00fc\u00dfen, warmen Geschmack. Seit der Antike wird sie als Pflanze der Ruhe und Pflege verwendet und bietet denjenigen, die sie genie\u00dfen, ein nat\u00fcrliches Gef\u00fchl von Entspannung und Wohlbefinden. Traditionell wird Kamille verwendet: \u2022 zur Unterst\u00fctzung einer ruhigen und erholsamen Nachtruhe, \u2022 als nat\u00fcrliches Beruhigungsmittel in [&hellip;]\" \/>\n<meta property=\"og:url\" content=\"https:\/\/chrisopigi.gr\/de\/product\/kamille-20g\/\" \/>\n<meta property=\"og:site_name\" content=\"Chrisopigi\" \/>\n<meta name=\"twitter:card\" content=\"summary_large_image\" \/>\n<meta name=\"twitter:label1\" content=\"Gesch\u00e4tzte Lesezeit\" \/>\n\t<meta name=\"twitter:data1\" content=\"1\u00a0Minute\" \/>\n<script type=\"application\/ld+json\" class=\"yoast-schema-graph\">{\"@context\":\"https:\/\/schema.org\",\"@graph\":[{\"@type\":\"WebPage\",\"@id\":\"https:\/\/chrisopigi.gr\/de\/product\/kamille-20g\/\",\"url\":\"https:\/\/chrisopigi.gr\/de\/product\/kamille-20g\/\",\"name\":\"\u03a7\u03b1\u03bc\u03bf\u03bc\u03ae\u03bb\u03b9 20gr - Chrisopigi\",\"isPartOf\":{\"@id\":\"https:\/\/chrisopigi.gr\/de\/#website\"},\"primaryImageOfPage\":{\"@id\":\"https:\/\/chrisopigi.gr\/de\/product\/kamille-20g\/#primaryimage\"},\"image\":{\"@id\":\"https:\/\/chrisopigi.gr\/de\/product\/kamille-20g\/#primaryimage\"},\"thumbnailUrl\":\"https:\/\/chrisopigi.gr\/wp-content\/uploads\/2025\/12\/image-22.png\",\"datePublished\":\"2026-04-29T15:09:23+00:00\",\"breadcrumb\":{\"@id\":\"https:\/\/chrisopigi.gr\/de\/product\/kamille-20g\/#breadcrumb\"},\"inLanguage\":\"de\",\"potentialAction\":[{\"@type\":\"ReadAction\",\"target\":[\"https:\/\/chrisopigi.gr\/de\/product\/kamille-20g\/\"]}]},{\"@type\":\"ImageObject\",\"inLanguage\":\"de\",\"@id\":\"https:\/\/chrisopigi.gr\/de\/product\/kamille-20g\/#primaryimage\",\"url\":\"https:\/\/chrisopigi.gr\/wp-content\/uploads\/2025\/12\/image-22.png\",\"contentUrl\":\"https:\/\/chrisopigi.gr\/wp-content\/uploads\/2025\/12\/image-22.png\",\"width\":500,\"height\":700},{\"@type\":\"BreadcrumbList\",\"@id\":\"https:\/\/chrisopigi.gr\/de\/product\/kamille-20g\/#breadcrumb\",\"itemListElement\":[{\"@type\":\"ListItem\",\"position\":1,\"name\":\"\u0391\u03c1\u03c7\u03b9\u03ba\u03ae\",\"item\":\"https:\/\/chrisopigi.gr\/de\/\"},{\"@type\":\"ListItem\",\"position\":2,\"name\":\"Online-Shop\",\"item\":\"https:\/\/chrisopigi.gr\/online-shop\/\"},{\"@type\":\"ListItem\",\"position\":3,\"name\":\"\u03a7\u03b1\u03bc\u03bf\u03bc\u03ae\u03bb\u03b9 20gr\"}]},{\"@type\":\"WebSite\",\"@id\":\"https:\/\/chrisopigi.gr\/de\/#website\",\"url\":\"https:\/\/chrisopigi.gr\/de\/\",\"name\":\"Chrisopigi\",\"description\":\"\u039a\u03c1\u03b7\u03c4\u03b9\u03ba\u03cc \u03b5\u03bb\u03b1\u03b9\u03cc\u03bb\u03b1\u03b4\u03bf &amp; \u03bc\u03ad\u03bb\u03b9 \u03b1\u03c0\u03cc \u03c4\u03b7\u03bd \u03a7\u03c1\u03c5\u03c3\u03bf\u03c0\u03b7\u03b3\u03ae \u03a3\u03b7\u03c4\u03b5\u03af\u03b1\u03c2\",\"potentialAction\":[{\"@type\":\"SearchAction\",\"target\":{\"@type\":\"EntryPoint\",\"urlTemplate\":\"https:\/\/chrisopigi.gr\/de\/?s={search_term_string}\"},\"query-input\":{\"@type\":\"PropertyValueSpecification\",\"valueRequired\":true,\"valueName\":\"search_term_string\"}}],\"inLanguage\":\"de\"}]}<\/script>\n<!-- \/ Yoast SEO plugin. -->","yoast_head_json":{"title":"\u03a7\u03b1\u03bc\u03bf\u03bc\u03ae\u03bb\u03b9 20gr - Chrisopigi","robots":{"index":"index","follow":"follow","max-snippet":"max-snippet:-1","max-image-preview":"max-image-preview:large","max-video-preview":"max-video-preview:-1"},"canonical":"https:\/\/chrisopigi.gr\/de\/product\/kamille-20g\/","og_locale":"de_DE","og_type":"article","og_title":"\u03a7\u03b1\u03bc\u03bf\u03bc\u03ae\u03bb\u03b9 20gr - Chrisopigi","og_description":"Kamille ist eines der beliebtesten und bekanntesten Kr\u00e4uter der griechischen Natur, bekannt f\u00fcr ihr sanftes Aroma und ihren s\u00fc\u00dfen, warmen Geschmack. Seit der Antike wird sie als Pflanze der Ruhe und Pflege verwendet und bietet denjenigen, die sie genie\u00dfen, ein nat\u00fcrliches Gef\u00fchl von Entspannung und Wohlbefinden. Traditionell wird Kamille verwendet: \u2022 zur Unterst\u00fctzung einer ruhigen und erholsamen Nachtruhe, \u2022 als nat\u00fcrliches Beruhigungsmittel in [&hellip;]","og_url":"https:\/\/chrisopigi.gr\/de\/product\/kamille-20g\/","og_site_name":"Chrisopigi","twitter_card":"summary_large_image","twitter_misc":{"Gesch\u00e4tzte Lesezeit":"1\u00a0Minute"},"schema":{"@context":"https:\/\/schema.org","@graph":[{"@type":"WebPage","@id":"https:\/\/chrisopigi.gr\/de\/product\/kamille-20g\/","url":"https:\/\/chrisopigi.gr\/de\/product\/kamille-20g\/","name":"\u03a7\u03b1\u03bc\u03bf\u03bc\u03ae\u03bb\u03b9 20gr - Chrisopigi","isPartOf":{"@id":"https:\/\/chrisopigi.gr\/de\/#website"},"primaryImageOfPage":{"@id":"https:\/\/chrisopigi.gr\/de\/product\/kamille-20g\/#primaryimage"},"image":{"@id":"https:\/\/chrisopigi.gr\/de\/product\/kamille-20g\/#primaryimage"},"thumbnailUrl":"https:\/\/chrisopigi.gr\/wp-content\/uploads\/2025\/12\/image-22.png","datePublished":"2026-04-29T15:09:23+00:00","breadcrumb":{"@id":"https:\/\/chrisopigi.gr\/de\/product\/kamille-20g\/#breadcrumb"},"inLanguage":"de","potentialAction":[{"@type":"ReadAction","target":["https:\/\/chrisopigi.gr\/de\/product\/kamille-20g\/"]}]},{"@type":"ImageObject","inLanguage":"de","@id":"https:\/\/chrisopigi.gr\/de\/product\/kamille-20g\/#primaryimage","url":"https:\/\/chrisopigi.gr\/wp-content\/uploads\/2025\/12\/image-22.png","contentUrl":"https:\/\/chrisopigi.gr\/wp-content\/uploads\/2025\/12\/image-22.png","width":500,"height":700},{"@type":"BreadcrumbList","@id":"https:\/\/chrisopigi.gr\/de\/product\/kamille-20g\/#breadcrumb","itemListElement":[{"@type":"ListItem","position":1,"name":"\u0391\u03c1\u03c7\u03b9\u03ba\u03ae","item":"https:\/\/chrisopigi.gr\/de\/"},{"@type":"ListItem","position":2,"name":"Online-Shop","item":"https:\/\/chrisopigi.gr\/online-shop\/"},{"@type":"ListItem","position":3,"name":"\u03a7\u03b1\u03bc\u03bf\u03bc\u03ae\u03bb\u03b9 20gr"}]},{"@type":"WebSite","@id":"https:\/\/chrisopigi.gr\/de\/#website","url":"https:\/\/chrisopigi.gr\/de\/","name":"Chrisopigi","description":"\u039a\u03c1\u03b7\u03c4\u03b9\u03ba\u03cc \u03b5\u03bb\u03b1\u03b9\u03cc\u03bb\u03b1\u03b4\u03bf &amp; \u03bc\u03ad\u03bb\u03b9 \u03b1\u03c0\u03cc \u03c4\u03b7\u03bd \u03a7\u03c1\u03c5\u03c3\u03bf\u03c0\u03b7\u03b3\u03ae \u03a3\u03b7\u03c4\u03b5\u03af\u03b1\u03c2","potentialAction":[{"@type":"SearchAction","target":{"@type":"EntryPoint","urlTemplate":"https:\/\/chrisopigi.gr\/de\/?s={search_term_string}"},"query-input":{"@type":"PropertyValueSpecification","valueRequired":true,"valueName":"search_term_string"}}],"inLanguage":"de"}]}},"_links":{"self":[{"href":"https:\/\/chrisopigi.gr\/de\/wp-json\/wp\/v2\/product\/49503"}],"collection":[{"href":"https:\/\/chrisopigi.gr\/de\/wp-json\/wp\/v2\/product"}],"about":[{"href":"https:\/\/chrisopigi.gr\/de\/wp-json\/wp\/v2\/types\/product"}],"replies":[{"embeddable":true,"href":"https:\/\/chrisopigi.gr\/de\/wp-json\/wp\/v2\/comments?post=49503"}],"wp:featuredmedia":[{"embeddable":true,"href":"https:\/\/chrisopigi.gr\/de\/wp-json\/wp\/v2\/media\/49504"}],"wp:attachment":[{"href":"https:\/\/chrisopigi.gr\/de\/wp-json\/wp\/v2\/media?parent=49503"}],"wp:term":[{"taxonomy":"product_cat","embeddable":true,"href":"https:\/\/chrisopigi.gr\/de\/wp-json\/wp\/v2\/product_cat?post=49503"},{"taxonomy":"product_tag","embeddable":true,"href":"https:\/\/chrisopigi.gr\/de\/wp-json\/wp\/v2\/product_tag?post=49503"}],"curies":[{"name":"wp","href":"https:\/\/api.w.org\/{rel}","templated":true}]}}