{"id":49505,"date":"2025-12-05T19:24:35","date_gmt":"2026-04-29T15:15:13","guid":{"rendered":"https:\/\/chrisopigi.gr\/product\/poleiminze-20g\/"},"modified":"2026-04-29T18:15:13","modified_gmt":"2026-04-29T15:15:13","slug":"poleiminze-20g","status":"publish","type":"product","link":"https:\/\/chrisopigi.gr\/de\/product\/poleiminze-20g\/","title":{"rendered":"Poleiminze 20g"},"content":{"rendered":"<p data-start=\"220\" data-end=\"531\">Poleiminze ist eine der charakteristischsten aromatischen Pflanzen der griechischen Landschaft, bekannt f\u00fcr ihr intensives, k\u00fchles Aroma und ihre lebendige Pr\u00e4senz in der mediterranen Natur. Mit ihrem tiefen, minzigen Geschmack und ihrem frischen Aroma bietet sie ein erfrischendes Getr\u00e4nk, das den K\u00f6rper belebt und die Sinne kl\u00e4rt.<\/p>\n<p data-start=\"533\" data-end=\"576\">Traditionell wurde Poleiminze verwendet:<\/p>\n<p data-start=\"578\" data-end=\"845\">\u2022 zur Belebung und Erfrischung des K\u00f6rpers, \u2022 zur Unterst\u00fctzung der Verdauung und zur Verringerung von Bl\u00e4hungen, \u2022 zur Linderung der Atemwege dank ihres intensiv aromatischen Profils, \u2022 als nat\u00fcrliche Wahl f\u00fcr Reinheit und Wohlbefinden im Alltag.<\/p>\n<p data-start=\"847\" data-end=\"1021\">Als Getr\u00e4nk zeichnet sich die Poleiminze durch ihren k\u00fchlen, lebendigen Geschmack und ihr charakteristisches Aroma aus, was sie sowohl pur als auch in Mischungen mit anderen Kr\u00e4utern ideal macht.<\/p>\n<h4 style=\"text-align: center\" data-start=\"1023\" data-end=\"1349\">\ud83c\udf3f Kr\u00e4uteranbau<\/h4>\n<p data-start=\"1023\" data-end=\"1349\">Unsere Poleiminze wird auf nat\u00fcrliche Weise auf unseren eigenen L\u00e4ndereien auf Kreta angebaut, in einer Umgebung, die ideal f\u00fcr das Wachstum aromatischer Pflanzen ist. Sie wird sorgf\u00e4ltig im richtigen Reifestadium geerntet und schonend getrocknet, um ihr Aroma, ihre Frische und ihre wohltuenden Bestandteile zu bewahren.<\/p>\n<p data-start=\"1351\" data-end=\"1536\">Mit Respekt f\u00fcr Natur und Mensch wenden wir zertifizierte biologische Landwirtschaft und traditionelle Verarbeitungsmethoden an. Das Ergebnis ist ein reines, authentisches Kraut von hoher Qualit\u00e4t.<\/p>\n","protected":false},"excerpt":{"rendered":"<p>Poleiminze ist eine der charakteristischsten aromatischen Pflanzen der griechischen Landschaft, bekannt f\u00fcr ihr intensives, k\u00fchles Aroma und ihre lebendige Pr\u00e4senz in der mediterranen Natur. Mit ihrem tiefen, minzigen Geschmack und ihrem frischen Aroma bietet sie ein erfrischendes Getr\u00e4nk, das den K\u00f6rper belebt und die Sinne kl\u00e4rt. Traditionell wurde Poleiminze verwendet: \u2022 zur Belebung und Erfrischung des K\u00f6rpers, \u2022 zur Unterst\u00fctzung der Verdauung und [&hellip;]<\/p>\n","protected":false},"featured_media":49506,"comment_status":"closed","ping_status":"closed","template":"","meta":[],"product_cat":[1838],"product_tag":[],"yoast_head":"<!-- This site is optimized with the Yoast SEO plugin v27.2 - https:\/\/yoast.com\/product\/yoast-seo-wordpress\/ -->\n<title>Poleiminze 20g - Chrisopigi<\/title>\n<meta name=\"robots\" content=\"index, follow, max-snippet:-1, max-image-preview:large, max-video-preview:-1\" \/>\n<link rel=\"canonical\" href=\"https:\/\/chrisopigi.gr\/de\/product\/poleiminze-20g\/\" \/>\n<meta property=\"og:locale\" content=\"de_DE\" \/>\n<meta property=\"og:type\" content=\"article\" \/>\n<meta property=\"og:title\" content=\"Poleiminze 20g - Chrisopigi\" \/>\n<meta property=\"og:description\" content=\"Poleiminze ist eine der charakteristischsten aromatischen Pflanzen der griechischen Landschaft, bekannt f\u00fcr ihr intensives, k\u00fchles Aroma und ihre lebendige Pr\u00e4senz in der mediterranen Natur. Mit ihrem tiefen, minzigen Geschmack und ihrem frischen Aroma bietet sie ein erfrischendes Getr\u00e4nk, das den K\u00f6rper belebt und die Sinne kl\u00e4rt. Traditionell wurde Poleiminze verwendet: \u2022 zur Belebung und Erfrischung des K\u00f6rpers, \u2022 zur Unterst\u00fctzung der Verdauung und [&hellip;]\" \/>\n<meta property=\"og:url\" content=\"https:\/\/chrisopigi.gr\/de\/product\/poleiminze-20g\/\" \/>\n<meta property=\"og:site_name\" content=\"Chrisopigi\" \/>\n<meta name=\"twitter:card\" content=\"summary_large_image\" \/>\n<meta name=\"twitter:label1\" content=\"Gesch\u00e4tzte Lesezeit\" \/>\n\t<meta name=\"twitter:data1\" content=\"1\u00a0Minute\" \/>\n<script type=\"application\/ld+json\" class=\"yoast-schema-graph\">{\"@context\":\"https:\/\/schema.org\",\"@graph\":[{\"@type\":\"WebPage\",\"@id\":\"https:\/\/chrisopigi.gr\/de\/product\/poleiminze-20g\/\",\"url\":\"https:\/\/chrisopigi.gr\/de\/product\/poleiminze-20g\/\",\"name\":\"Poleiminze 20g - Chrisopigi\",\"isPartOf\":{\"@id\":\"https:\/\/chrisopigi.gr\/de\/#website\"},\"primaryImageOfPage\":{\"@id\":\"https:\/\/chrisopigi.gr\/de\/product\/poleiminze-20g\/#primaryimage\"},\"image\":{\"@id\":\"https:\/\/chrisopigi.gr\/de\/product\/poleiminze-20g\/#primaryimage\"},\"thumbnailUrl\":\"https:\/\/chrisopigi.gr\/wp-content\/uploads\/2025\/12\/image-21.png\",\"datePublished\":\"2026-04-29T15:15:13+00:00\",\"breadcrumb\":{\"@id\":\"https:\/\/chrisopigi.gr\/de\/product\/poleiminze-20g\/#breadcrumb\"},\"inLanguage\":\"de\",\"potentialAction\":[{\"@type\":\"ReadAction\",\"target\":[\"https:\/\/chrisopigi.gr\/de\/product\/poleiminze-20g\/\"]}]},{\"@type\":\"ImageObject\",\"inLanguage\":\"de\",\"@id\":\"https:\/\/chrisopigi.gr\/de\/product\/poleiminze-20g\/#primaryimage\",\"url\":\"https:\/\/chrisopigi.gr\/wp-content\/uploads\/2025\/12\/image-21.png\",\"contentUrl\":\"https:\/\/chrisopigi.gr\/wp-content\/uploads\/2025\/12\/image-21.png\",\"width\":500,\"height\":700},{\"@type\":\"BreadcrumbList\",\"@id\":\"https:\/\/chrisopigi.gr\/de\/product\/poleiminze-20g\/#breadcrumb\",\"itemListElement\":[{\"@type\":\"ListItem\",\"position\":1,\"name\":\"\u0391\u03c1\u03c7\u03b9\u03ba\u03ae\",\"item\":\"https:\/\/chrisopigi.gr\/de\/\"},{\"@type\":\"ListItem\",\"position\":2,\"name\":\"Online-Shop\",\"item\":\"https:\/\/chrisopigi.gr\/online-shop\/\"},{\"@type\":\"ListItem\",\"position\":3,\"name\":\"Poleiminze 20g\"}]},{\"@type\":\"WebSite\",\"@id\":\"https:\/\/chrisopigi.gr\/de\/#website\",\"url\":\"https:\/\/chrisopigi.gr\/de\/\",\"name\":\"Chrisopigi\",\"description\":\"\u039a\u03c1\u03b7\u03c4\u03b9\u03ba\u03cc \u03b5\u03bb\u03b1\u03b9\u03cc\u03bb\u03b1\u03b4\u03bf &amp; \u03bc\u03ad\u03bb\u03b9 \u03b1\u03c0\u03cc \u03c4\u03b7\u03bd \u03a7\u03c1\u03c5\u03c3\u03bf\u03c0\u03b7\u03b3\u03ae \u03a3\u03b7\u03c4\u03b5\u03af\u03b1\u03c2\",\"potentialAction\":[{\"@type\":\"SearchAction\",\"target\":{\"@type\":\"EntryPoint\",\"urlTemplate\":\"https:\/\/chrisopigi.gr\/de\/?s={search_term_string}\"},\"query-input\":{\"@type\":\"PropertyValueSpecification\",\"valueRequired\":true,\"valueName\":\"search_term_string\"}}],\"inLanguage\":\"de\"}]}<\/script>\n<!-- \/ Yoast SEO plugin. -->","yoast_head_json":{"title":"Poleiminze 20g - Chrisopigi","robots":{"index":"index","follow":"follow","max-snippet":"max-snippet:-1","max-image-preview":"max-image-preview:large","max-video-preview":"max-video-preview:-1"},"canonical":"https:\/\/chrisopigi.gr\/de\/product\/poleiminze-20g\/","og_locale":"de_DE","og_type":"article","og_title":"Poleiminze 20g - Chrisopigi","og_description":"Poleiminze ist eine der charakteristischsten aromatischen Pflanzen der griechischen Landschaft, bekannt f\u00fcr ihr intensives, k\u00fchles Aroma und ihre lebendige Pr\u00e4senz in der mediterranen Natur. Mit ihrem tiefen, minzigen Geschmack und ihrem frischen Aroma bietet sie ein erfrischendes Getr\u00e4nk, das den K\u00f6rper belebt und die Sinne kl\u00e4rt. Traditionell wurde Poleiminze verwendet: \u2022 zur Belebung und Erfrischung des K\u00f6rpers, \u2022 zur Unterst\u00fctzung der Verdauung und [&hellip;]","og_url":"https:\/\/chrisopigi.gr\/de\/product\/poleiminze-20g\/","og_site_name":"Chrisopigi","twitter_card":"summary_large_image","twitter_misc":{"Gesch\u00e4tzte Lesezeit":"1\u00a0Minute"},"schema":{"@context":"https:\/\/schema.org","@graph":[{"@type":"WebPage","@id":"https:\/\/chrisopigi.gr\/de\/product\/poleiminze-20g\/","url":"https:\/\/chrisopigi.gr\/de\/product\/poleiminze-20g\/","name":"Poleiminze 20g - Chrisopigi","isPartOf":{"@id":"https:\/\/chrisopigi.gr\/de\/#website"},"primaryImageOfPage":{"@id":"https:\/\/chrisopigi.gr\/de\/product\/poleiminze-20g\/#primaryimage"},"image":{"@id":"https:\/\/chrisopigi.gr\/de\/product\/poleiminze-20g\/#primaryimage"},"thumbnailUrl":"https:\/\/chrisopigi.gr\/wp-content\/uploads\/2025\/12\/image-21.png","datePublished":"2026-04-29T15:15:13+00:00","breadcrumb":{"@id":"https:\/\/chrisopigi.gr\/de\/product\/poleiminze-20g\/#breadcrumb"},"inLanguage":"de","potentialAction":[{"@type":"ReadAction","target":["https:\/\/chrisopigi.gr\/de\/product\/poleiminze-20g\/"]}]},{"@type":"ImageObject","inLanguage":"de","@id":"https:\/\/chrisopigi.gr\/de\/product\/poleiminze-20g\/#primaryimage","url":"https:\/\/chrisopigi.gr\/wp-content\/uploads\/2025\/12\/image-21.png","contentUrl":"https:\/\/chrisopigi.gr\/wp-content\/uploads\/2025\/12\/image-21.png","width":500,"height":700},{"@type":"BreadcrumbList","@id":"https:\/\/chrisopigi.gr\/de\/product\/poleiminze-20g\/#breadcrumb","itemListElement":[{"@type":"ListItem","position":1,"name":"\u0391\u03c1\u03c7\u03b9\u03ba\u03ae","item":"https:\/\/chrisopigi.gr\/de\/"},{"@type":"ListItem","position":2,"name":"Online-Shop","item":"https:\/\/chrisopigi.gr\/online-shop\/"},{"@type":"ListItem","position":3,"name":"Poleiminze 20g"}]},{"@type":"WebSite","@id":"https:\/\/chrisopigi.gr\/de\/#website","url":"https:\/\/chrisopigi.gr\/de\/","name":"Chrisopigi","description":"\u039a\u03c1\u03b7\u03c4\u03b9\u03ba\u03cc \u03b5\u03bb\u03b1\u03b9\u03cc\u03bb\u03b1\u03b4\u03bf &amp; \u03bc\u03ad\u03bb\u03b9 \u03b1\u03c0\u03cc \u03c4\u03b7\u03bd \u03a7\u03c1\u03c5\u03c3\u03bf\u03c0\u03b7\u03b3\u03ae \u03a3\u03b7\u03c4\u03b5\u03af\u03b1\u03c2","potentialAction":[{"@type":"SearchAction","target":{"@type":"EntryPoint","urlTemplate":"https:\/\/chrisopigi.gr\/de\/?s={search_term_string}"},"query-input":{"@type":"PropertyValueSpecification","valueRequired":true,"valueName":"search_term_string"}}],"inLanguage":"de"}]}},"_links":{"self":[{"href":"https:\/\/chrisopigi.gr\/de\/wp-json\/wp\/v2\/product\/49505"}],"collection":[{"href":"https:\/\/chrisopigi.gr\/de\/wp-json\/wp\/v2\/product"}],"about":[{"href":"https:\/\/chrisopigi.gr\/de\/wp-json\/wp\/v2\/types\/product"}],"replies":[{"embeddable":true,"href":"https:\/\/chrisopigi.gr\/de\/wp-json\/wp\/v2\/comments?post=49505"}],"wp:featuredmedia":[{"embeddable":true,"href":"https:\/\/chrisopigi.gr\/de\/wp-json\/wp\/v2\/media\/49506"}],"wp:attachment":[{"href":"https:\/\/chrisopigi.gr\/de\/wp-json\/wp\/v2\/media?parent=49505"}],"wp:term":[{"taxonomy":"product_cat","embeddable":true,"href":"https:\/\/chrisopigi.gr\/de\/wp-json\/wp\/v2\/product_cat?post=49505"},{"taxonomy":"product_tag","embeddable":true,"href":"https:\/\/chrisopigi.gr\/de\/wp-json\/wp\/v2\/product_tag?post=49505"}],"curies":[{"name":"wp","href":"https:\/\/api.w.org\/{rel}","templated":true}]}}