{"id":49507,"date":"2025-12-05T19:12:28","date_gmt":"2026-04-29T15:20:19","guid":{"rendered":"https:\/\/chrisopigi.gr\/product\/zitronen-mix\/"},"modified":"2026-04-29T18:20:19","modified_gmt":"2026-04-29T15:20:19","slug":"zitronen-mix","status":"publish","type":"product","link":"https:\/\/chrisopigi.gr\/de\/product\/zitronen-mix\/","title":{"rendered":"Zitronen-Mix"},"content":{"rendered":"<p data-start=\"279\" data-end=\"529\">Der Zitronen-Mix-Tee ist ein helles, erfrischendes und duftendes Getr\u00e4nk, das drei aromatische Pflanzen mit einer einzigartigen Zitronenbalance kombiniert: Zitronenverbene, Zitronenmelisse und Majoran. Eine Mischung, die jeder Tasse Reinheit, Harmonie und einen milden Geschmack verleiht.<\/p>\n<p data-start=\"531\" data-end=\"850\">Die Zitronenverbene bietet ihre charakteristische zitronige Frische, die Zitronenmelisse verst\u00e4rkt die s\u00fc\u00dfe, sanfte aromatische Note, w\u00e4hrend der Majoran eine warme, feine Note hinzuf\u00fcgt, die das Profil des Getr\u00e4nks abrundet. Das Ergebnis ist ein ausgewogener, angenehmer Tee, der zu jeder Tageszeit leicht genossen werden kann.<\/p>\n<p data-start=\"852\" data-end=\"1079\">Der Zitronen-Mix-Tee ist sowohl hei\u00df als auch kalt ideal und bietet ein Gef\u00fchl von Frische und Entspannung. Ohne Koffein und ohne Zusatzstoffe ist er eine reine t\u00e4gliche Wahl f\u00fcr alle, die leichte, erfrischende Getr\u00e4nke lieben.<\/p>\n<h4 data-start=\"1081\" data-end=\"1374\">\ud83c\udf3f Herkunft &amp; Qualit\u00e4t<\/h4>\n<p data-start=\"1081\" data-end=\"1374\">Die Pflanzen der Mischung werden biologisch auf Kreta angebaut und schonend getrocknet, um ihre Intensit\u00e4t, Frische und ihr Aroma zu bewahren. Jeder Teebeutel enth\u00e4lt ein authentisches St\u00fcck mediterraner Natur und bietet Reinheit und Qualit\u00e4t in jedem Schluck.<\/p>\n<p data-start=\"1376\" data-end=\"1462\">Ein erfrischender, aromatischer Tee, der zitronige Frische und nat\u00fcrliche Harmonie vereint.<\/p>\n","protected":false},"excerpt":{"rendered":"<p>Der Zitronen-Mix-Tee ist ein helles, erfrischendes und duftendes Getr\u00e4nk, das drei aromatische Pflanzen mit einer einzigartigen Zitronenbalance kombiniert: Zitronenverbene, Zitronenmelisse und Majoran. Eine Mischung, die jeder Tasse Reinheit, Harmonie und einen milden Geschmack verleiht. Die Zitronenverbene bietet ihre charakteristische zitronige Frische, die Zitronenmelisse verst\u00e4rkt die s\u00fc\u00dfe, sanfte aromatische Note, w\u00e4hrend der Majoran eine warme, feine Note hinzuf\u00fcgt, die das Profil des Getr\u00e4nks abrundet. [&hellip;]<\/p>\n","protected":false},"featured_media":49508,"comment_status":"closed","ping_status":"closed","template":"","meta":[],"product_cat":[1837],"product_tag":[],"yoast_head":"<!-- This site is optimized with the Yoast SEO plugin v27.2 - https:\/\/yoast.com\/product\/yoast-seo-wordpress\/ -->\n<title>Zitronen-Mix - Chrisopigi<\/title>\n<meta name=\"robots\" content=\"index, follow, max-snippet:-1, max-image-preview:large, max-video-preview:-1\" \/>\n<link rel=\"canonical\" href=\"https:\/\/chrisopigi.gr\/de\/product\/zitronen-mix\/\" \/>\n<meta property=\"og:locale\" content=\"de_DE\" \/>\n<meta property=\"og:type\" content=\"article\" \/>\n<meta property=\"og:title\" content=\"Zitronen-Mix - Chrisopigi\" \/>\n<meta property=\"og:description\" content=\"Der Zitronen-Mix-Tee ist ein helles, erfrischendes und duftendes Getr\u00e4nk, das drei aromatische Pflanzen mit einer einzigartigen Zitronenbalance kombiniert: Zitronenverbene, Zitronenmelisse und Majoran. Eine Mischung, die jeder Tasse Reinheit, Harmonie und einen milden Geschmack verleiht. Die Zitronenverbene bietet ihre charakteristische zitronige Frische, die Zitronenmelisse verst\u00e4rkt die s\u00fc\u00dfe, sanfte aromatische Note, w\u00e4hrend der Majoran eine warme, feine Note hinzuf\u00fcgt, die das Profil des Getr\u00e4nks abrundet. [&hellip;]\" \/>\n<meta property=\"og:url\" content=\"https:\/\/chrisopigi.gr\/de\/product\/zitronen-mix\/\" \/>\n<meta property=\"og:site_name\" content=\"Chrisopigi\" \/>\n<meta name=\"twitter:card\" content=\"summary_large_image\" \/>\n<meta name=\"twitter:label1\" content=\"Gesch\u00e4tzte Lesezeit\" \/>\n\t<meta name=\"twitter:data1\" content=\"1\u00a0Minute\" \/>\n<script type=\"application\/ld+json\" class=\"yoast-schema-graph\">{\"@context\":\"https:\/\/schema.org\",\"@graph\":[{\"@type\":\"WebPage\",\"@id\":\"https:\/\/chrisopigi.gr\/de\/product\/zitronen-mix\/\",\"url\":\"https:\/\/chrisopigi.gr\/de\/product\/zitronen-mix\/\",\"name\":\"Zitronen-Mix - Chrisopigi\",\"isPartOf\":{\"@id\":\"https:\/\/chrisopigi.gr\/de\/#website\"},\"primaryImageOfPage\":{\"@id\":\"https:\/\/chrisopigi.gr\/de\/product\/zitronen-mix\/#primaryimage\"},\"image\":{\"@id\":\"https:\/\/chrisopigi.gr\/de\/product\/zitronen-mix\/#primaryimage\"},\"thumbnailUrl\":\"https:\/\/chrisopigi.gr\/wp-content\/uploads\/2025\/12\/image-20.png\",\"datePublished\":\"2026-04-29T15:20:19+00:00\",\"breadcrumb\":{\"@id\":\"https:\/\/chrisopigi.gr\/de\/product\/zitronen-mix\/#breadcrumb\"},\"inLanguage\":\"de\",\"potentialAction\":[{\"@type\":\"ReadAction\",\"target\":[\"https:\/\/chrisopigi.gr\/de\/product\/zitronen-mix\/\"]}]},{\"@type\":\"ImageObject\",\"inLanguage\":\"de\",\"@id\":\"https:\/\/chrisopigi.gr\/de\/product\/zitronen-mix\/#primaryimage\",\"url\":\"https:\/\/chrisopigi.gr\/wp-content\/uploads\/2025\/12\/image-20.png\",\"contentUrl\":\"https:\/\/chrisopigi.gr\/wp-content\/uploads\/2025\/12\/image-20.png\",\"width\":500,\"height\":700},{\"@type\":\"BreadcrumbList\",\"@id\":\"https:\/\/chrisopigi.gr\/de\/product\/zitronen-mix\/#breadcrumb\",\"itemListElement\":[{\"@type\":\"ListItem\",\"position\":1,\"name\":\"\u0391\u03c1\u03c7\u03b9\u03ba\u03ae\",\"item\":\"https:\/\/chrisopigi.gr\/de\/\"},{\"@type\":\"ListItem\",\"position\":2,\"name\":\"Online-Shop\",\"item\":\"https:\/\/chrisopigi.gr\/online-shop\/\"},{\"@type\":\"ListItem\",\"position\":3,\"name\":\"Zitronen-Mix\"}]},{\"@type\":\"WebSite\",\"@id\":\"https:\/\/chrisopigi.gr\/de\/#website\",\"url\":\"https:\/\/chrisopigi.gr\/de\/\",\"name\":\"Chrisopigi\",\"description\":\"\u039a\u03c1\u03b7\u03c4\u03b9\u03ba\u03cc \u03b5\u03bb\u03b1\u03b9\u03cc\u03bb\u03b1\u03b4\u03bf &amp; \u03bc\u03ad\u03bb\u03b9 \u03b1\u03c0\u03cc \u03c4\u03b7\u03bd \u03a7\u03c1\u03c5\u03c3\u03bf\u03c0\u03b7\u03b3\u03ae \u03a3\u03b7\u03c4\u03b5\u03af\u03b1\u03c2\",\"potentialAction\":[{\"@type\":\"SearchAction\",\"target\":{\"@type\":\"EntryPoint\",\"urlTemplate\":\"https:\/\/chrisopigi.gr\/de\/?s={search_term_string}\"},\"query-input\":{\"@type\":\"PropertyValueSpecification\",\"valueRequired\":true,\"valueName\":\"search_term_string\"}}],\"inLanguage\":\"de\"}]}<\/script>\n<!-- \/ Yoast SEO plugin. -->","yoast_head_json":{"title":"Zitronen-Mix - Chrisopigi","robots":{"index":"index","follow":"follow","max-snippet":"max-snippet:-1","max-image-preview":"max-image-preview:large","max-video-preview":"max-video-preview:-1"},"canonical":"https:\/\/chrisopigi.gr\/de\/product\/zitronen-mix\/","og_locale":"de_DE","og_type":"article","og_title":"Zitronen-Mix - Chrisopigi","og_description":"Der Zitronen-Mix-Tee ist ein helles, erfrischendes und duftendes Getr\u00e4nk, das drei aromatische Pflanzen mit einer einzigartigen Zitronenbalance kombiniert: Zitronenverbene, Zitronenmelisse und Majoran. Eine Mischung, die jeder Tasse Reinheit, Harmonie und einen milden Geschmack verleiht. Die Zitronenverbene bietet ihre charakteristische zitronige Frische, die Zitronenmelisse verst\u00e4rkt die s\u00fc\u00dfe, sanfte aromatische Note, w\u00e4hrend der Majoran eine warme, feine Note hinzuf\u00fcgt, die das Profil des Getr\u00e4nks abrundet. [&hellip;]","og_url":"https:\/\/chrisopigi.gr\/de\/product\/zitronen-mix\/","og_site_name":"Chrisopigi","twitter_card":"summary_large_image","twitter_misc":{"Gesch\u00e4tzte Lesezeit":"1\u00a0Minute"},"schema":{"@context":"https:\/\/schema.org","@graph":[{"@type":"WebPage","@id":"https:\/\/chrisopigi.gr\/de\/product\/zitronen-mix\/","url":"https:\/\/chrisopigi.gr\/de\/product\/zitronen-mix\/","name":"Zitronen-Mix - Chrisopigi","isPartOf":{"@id":"https:\/\/chrisopigi.gr\/de\/#website"},"primaryImageOfPage":{"@id":"https:\/\/chrisopigi.gr\/de\/product\/zitronen-mix\/#primaryimage"},"image":{"@id":"https:\/\/chrisopigi.gr\/de\/product\/zitronen-mix\/#primaryimage"},"thumbnailUrl":"https:\/\/chrisopigi.gr\/wp-content\/uploads\/2025\/12\/image-20.png","datePublished":"2026-04-29T15:20:19+00:00","breadcrumb":{"@id":"https:\/\/chrisopigi.gr\/de\/product\/zitronen-mix\/#breadcrumb"},"inLanguage":"de","potentialAction":[{"@type":"ReadAction","target":["https:\/\/chrisopigi.gr\/de\/product\/zitronen-mix\/"]}]},{"@type":"ImageObject","inLanguage":"de","@id":"https:\/\/chrisopigi.gr\/de\/product\/zitronen-mix\/#primaryimage","url":"https:\/\/chrisopigi.gr\/wp-content\/uploads\/2025\/12\/image-20.png","contentUrl":"https:\/\/chrisopigi.gr\/wp-content\/uploads\/2025\/12\/image-20.png","width":500,"height":700},{"@type":"BreadcrumbList","@id":"https:\/\/chrisopigi.gr\/de\/product\/zitronen-mix\/#breadcrumb","itemListElement":[{"@type":"ListItem","position":1,"name":"\u0391\u03c1\u03c7\u03b9\u03ba\u03ae","item":"https:\/\/chrisopigi.gr\/de\/"},{"@type":"ListItem","position":2,"name":"Online-Shop","item":"https:\/\/chrisopigi.gr\/online-shop\/"},{"@type":"ListItem","position":3,"name":"Zitronen-Mix"}]},{"@type":"WebSite","@id":"https:\/\/chrisopigi.gr\/de\/#website","url":"https:\/\/chrisopigi.gr\/de\/","name":"Chrisopigi","description":"\u039a\u03c1\u03b7\u03c4\u03b9\u03ba\u03cc \u03b5\u03bb\u03b1\u03b9\u03cc\u03bb\u03b1\u03b4\u03bf &amp; \u03bc\u03ad\u03bb\u03b9 \u03b1\u03c0\u03cc \u03c4\u03b7\u03bd \u03a7\u03c1\u03c5\u03c3\u03bf\u03c0\u03b7\u03b3\u03ae \u03a3\u03b7\u03c4\u03b5\u03af\u03b1\u03c2","potentialAction":[{"@type":"SearchAction","target":{"@type":"EntryPoint","urlTemplate":"https:\/\/chrisopigi.gr\/de\/?s={search_term_string}"},"query-input":{"@type":"PropertyValueSpecification","valueRequired":true,"valueName":"search_term_string"}}],"inLanguage":"de"}]}},"_links":{"self":[{"href":"https:\/\/chrisopigi.gr\/de\/wp-json\/wp\/v2\/product\/49507"}],"collection":[{"href":"https:\/\/chrisopigi.gr\/de\/wp-json\/wp\/v2\/product"}],"about":[{"href":"https:\/\/chrisopigi.gr\/de\/wp-json\/wp\/v2\/types\/product"}],"replies":[{"embeddable":true,"href":"https:\/\/chrisopigi.gr\/de\/wp-json\/wp\/v2\/comments?post=49507"}],"wp:featuredmedia":[{"embeddable":true,"href":"https:\/\/chrisopigi.gr\/de\/wp-json\/wp\/v2\/media\/49508"}],"wp:attachment":[{"href":"https:\/\/chrisopigi.gr\/de\/wp-json\/wp\/v2\/media?parent=49507"}],"wp:term":[{"taxonomy":"product_cat","embeddable":true,"href":"https:\/\/chrisopigi.gr\/de\/wp-json\/wp\/v2\/product_cat?post=49507"},{"taxonomy":"product_tag","embeddable":true,"href":"https:\/\/chrisopigi.gr\/de\/wp-json\/wp\/v2\/product_tag?post=49507"}],"curies":[{"name":"wp","href":"https:\/\/api.w.org\/{rel}","templated":true}]}}