{"id":49509,"date":"2025-12-05T19:08:11","date_gmt":"2026-04-29T15:27:12","guid":{"rendered":"https:\/\/chrisopigi.gr\/product\/kretischer-mix-tee\/"},"modified":"2026-04-29T18:27:12","modified_gmt":"2026-04-29T15:27:12","slug":"kretischer-mix-tee","status":"publish","type":"product","link":"https:\/\/chrisopigi.gr\/de\/product\/kretischer-mix-tee\/","title":{"rendered":"Kretischer Mix-Tee"},"content":{"rendered":"<p data-start=\"224\" data-end=\"508\">Der kretische Mix-Tee ist ein aromatisches und k\u00f6stliches Getr\u00e4nk, das drei der charakteristischsten Pflanzen der kretischen Natur kombiniert: Diptam, Salbei und Poleiminze. Eine Mischung voller Geschmack, Harmonie und W\u00e4rme, die in jeder Tasse die Tradition und die Erde Kretas einf\u00e4ngt.<\/p>\n<p data-start=\"510\" data-end=\"777\">Diptam verleiht Weichheit und ein erdiges Aroma, Salbei f\u00fcgt Tiefe und reichen Charakter hinzu, w\u00e4hrend die Poleiminze eine frische, aromatische Note bringt. Ihre Kombination schafft ein ausgewogenes Getr\u00e4nk, das Momente der Entspannung und des nat\u00fcrlichen Wohlbefindens ideal begleitet.<\/p>\n<p data-start=\"779\" data-end=\"1027\">Der kretische Mix-Tee ist eine wunderbare Wahl f\u00fcr jede Tageszeit, ob hei\u00df oder lauwarm, und bietet ein sanftes, aber an Aromen reiches Ergebnis. Jeder Teebeutel enth\u00e4lt sorgf\u00e4ltig ausgew\u00e4hlte Pflanzen aus biologischem Anbau, ohne Zusatzstoffe und ohne Koffein.<\/p>\n<h4 style=\"text-align: center\" data-start=\"1029\" data-end=\"1282\">\ud83c\udf3f Herkunft &amp; Qualit\u00e4t<\/h4>\n<p data-start=\"1029\" data-end=\"1282\">Auf kretischem Boden mit nat\u00fcrlichen, biologischen Methoden angebaut, behalten die Pflanzen der Mischung all ihre Aromen und ihren Charakter. Das Ergebnis ist ein authentischer, reiner und reichhaltiger Tee mit einer starken mediterranen Identit\u00e4t.<\/p>\n<p data-start=\"1284\" data-end=\"1363\">Ein traditionelles, aromatisches Getr\u00e4nk, das die Erde Kretas in Ihre Tasse bringt.<\/p>\n","protected":false},"excerpt":{"rendered":"<p>Der kretische Mix-Tee ist ein aromatisches und k\u00f6stliches Getr\u00e4nk, das drei der charakteristischsten Pflanzen der kretischen Natur kombiniert: Diptam, Salbei und Poleiminze. Eine Mischung voller Geschmack, Harmonie und W\u00e4rme, die in jeder Tasse die Tradition und die Erde Kretas einf\u00e4ngt. Diptam verleiht Weichheit und ein erdiges Aroma, Salbei f\u00fcgt Tiefe und reichen Charakter hinzu, w\u00e4hrend die Poleiminze eine frische, aromatische Note bringt. Ihre [&hellip;]<\/p>\n","protected":false},"featured_media":49510,"comment_status":"closed","ping_status":"closed","template":"","meta":[],"product_cat":[1837],"product_tag":[],"yoast_head":"<!-- This site is optimized with the Yoast SEO plugin v27.2 - https:\/\/yoast.com\/product\/yoast-seo-wordpress\/ -->\n<title>Kretischer Mix-Tee - Chrisopigi<\/title>\n<meta name=\"robots\" content=\"index, follow, max-snippet:-1, max-image-preview:large, max-video-preview:-1\" \/>\n<link rel=\"canonical\" href=\"https:\/\/chrisopigi.gr\/de\/product\/kretischer-mix-tee\/\" \/>\n<meta property=\"og:locale\" content=\"de_DE\" \/>\n<meta property=\"og:type\" content=\"article\" \/>\n<meta property=\"og:title\" content=\"Kretischer Mix-Tee - Chrisopigi\" \/>\n<meta property=\"og:description\" content=\"Der kretische Mix-Tee ist ein aromatisches und k\u00f6stliches Getr\u00e4nk, das drei der charakteristischsten Pflanzen der kretischen Natur kombiniert: Diptam, Salbei und Poleiminze. Eine Mischung voller Geschmack, Harmonie und W\u00e4rme, die in jeder Tasse die Tradition und die Erde Kretas einf\u00e4ngt. Diptam verleiht Weichheit und ein erdiges Aroma, Salbei f\u00fcgt Tiefe und reichen Charakter hinzu, w\u00e4hrend die Poleiminze eine frische, aromatische Note bringt. Ihre [&hellip;]\" \/>\n<meta property=\"og:url\" content=\"https:\/\/chrisopigi.gr\/de\/product\/kretischer-mix-tee\/\" \/>\n<meta property=\"og:site_name\" content=\"Chrisopigi\" \/>\n<meta name=\"twitter:card\" content=\"summary_large_image\" \/>\n<meta name=\"twitter:label1\" content=\"Gesch\u00e4tzte Lesezeit\" \/>\n\t<meta name=\"twitter:data1\" content=\"1\u00a0Minute\" \/>\n<script type=\"application\/ld+json\" class=\"yoast-schema-graph\">{\"@context\":\"https:\/\/schema.org\",\"@graph\":[{\"@type\":\"WebPage\",\"@id\":\"https:\/\/chrisopigi.gr\/de\/product\/kretischer-mix-tee\/\",\"url\":\"https:\/\/chrisopigi.gr\/de\/product\/kretischer-mix-tee\/\",\"name\":\"Kretischer Mix-Tee - Chrisopigi\",\"isPartOf\":{\"@id\":\"https:\/\/chrisopigi.gr\/de\/#website\"},\"primaryImageOfPage\":{\"@id\":\"https:\/\/chrisopigi.gr\/de\/product\/kretischer-mix-tee\/#primaryimage\"},\"image\":{\"@id\":\"https:\/\/chrisopigi.gr\/de\/product\/kretischer-mix-tee\/#primaryimage\"},\"thumbnailUrl\":\"https:\/\/chrisopigi.gr\/wp-content\/uploads\/2025\/12\/image-19.png\",\"datePublished\":\"2026-04-29T15:27:12+00:00\",\"breadcrumb\":{\"@id\":\"https:\/\/chrisopigi.gr\/de\/product\/kretischer-mix-tee\/#breadcrumb\"},\"inLanguage\":\"de\",\"potentialAction\":[{\"@type\":\"ReadAction\",\"target\":[\"https:\/\/chrisopigi.gr\/de\/product\/kretischer-mix-tee\/\"]}]},{\"@type\":\"ImageObject\",\"inLanguage\":\"de\",\"@id\":\"https:\/\/chrisopigi.gr\/de\/product\/kretischer-mix-tee\/#primaryimage\",\"url\":\"https:\/\/chrisopigi.gr\/wp-content\/uploads\/2025\/12\/image-19.png\",\"contentUrl\":\"https:\/\/chrisopigi.gr\/wp-content\/uploads\/2025\/12\/image-19.png\",\"width\":500,\"height\":700},{\"@type\":\"BreadcrumbList\",\"@id\":\"https:\/\/chrisopigi.gr\/de\/product\/kretischer-mix-tee\/#breadcrumb\",\"itemListElement\":[{\"@type\":\"ListItem\",\"position\":1,\"name\":\"\u0391\u03c1\u03c7\u03b9\u03ba\u03ae\",\"item\":\"https:\/\/chrisopigi.gr\/de\/\"},{\"@type\":\"ListItem\",\"position\":2,\"name\":\"Online-Shop\",\"item\":\"https:\/\/chrisopigi.gr\/online-shop\/\"},{\"@type\":\"ListItem\",\"position\":3,\"name\":\"Kretischer Mix-Tee\"}]},{\"@type\":\"WebSite\",\"@id\":\"https:\/\/chrisopigi.gr\/de\/#website\",\"url\":\"https:\/\/chrisopigi.gr\/de\/\",\"name\":\"Chrisopigi\",\"description\":\"\u039a\u03c1\u03b7\u03c4\u03b9\u03ba\u03cc \u03b5\u03bb\u03b1\u03b9\u03cc\u03bb\u03b1\u03b4\u03bf &amp; \u03bc\u03ad\u03bb\u03b9 \u03b1\u03c0\u03cc \u03c4\u03b7\u03bd \u03a7\u03c1\u03c5\u03c3\u03bf\u03c0\u03b7\u03b3\u03ae \u03a3\u03b7\u03c4\u03b5\u03af\u03b1\u03c2\",\"potentialAction\":[{\"@type\":\"SearchAction\",\"target\":{\"@type\":\"EntryPoint\",\"urlTemplate\":\"https:\/\/chrisopigi.gr\/de\/?s={search_term_string}\"},\"query-input\":{\"@type\":\"PropertyValueSpecification\",\"valueRequired\":true,\"valueName\":\"search_term_string\"}}],\"inLanguage\":\"de\"}]}<\/script>\n<!-- \/ Yoast SEO plugin. -->","yoast_head_json":{"title":"Kretischer Mix-Tee - Chrisopigi","robots":{"index":"index","follow":"follow","max-snippet":"max-snippet:-1","max-image-preview":"max-image-preview:large","max-video-preview":"max-video-preview:-1"},"canonical":"https:\/\/chrisopigi.gr\/de\/product\/kretischer-mix-tee\/","og_locale":"de_DE","og_type":"article","og_title":"Kretischer Mix-Tee - Chrisopigi","og_description":"Der kretische Mix-Tee ist ein aromatisches und k\u00f6stliches Getr\u00e4nk, das drei der charakteristischsten Pflanzen der kretischen Natur kombiniert: Diptam, Salbei und Poleiminze. Eine Mischung voller Geschmack, Harmonie und W\u00e4rme, die in jeder Tasse die Tradition und die Erde Kretas einf\u00e4ngt. Diptam verleiht Weichheit und ein erdiges Aroma, Salbei f\u00fcgt Tiefe und reichen Charakter hinzu, w\u00e4hrend die Poleiminze eine frische, aromatische Note bringt. Ihre [&hellip;]","og_url":"https:\/\/chrisopigi.gr\/de\/product\/kretischer-mix-tee\/","og_site_name":"Chrisopigi","twitter_card":"summary_large_image","twitter_misc":{"Gesch\u00e4tzte Lesezeit":"1\u00a0Minute"},"schema":{"@context":"https:\/\/schema.org","@graph":[{"@type":"WebPage","@id":"https:\/\/chrisopigi.gr\/de\/product\/kretischer-mix-tee\/","url":"https:\/\/chrisopigi.gr\/de\/product\/kretischer-mix-tee\/","name":"Kretischer Mix-Tee - Chrisopigi","isPartOf":{"@id":"https:\/\/chrisopigi.gr\/de\/#website"},"primaryImageOfPage":{"@id":"https:\/\/chrisopigi.gr\/de\/product\/kretischer-mix-tee\/#primaryimage"},"image":{"@id":"https:\/\/chrisopigi.gr\/de\/product\/kretischer-mix-tee\/#primaryimage"},"thumbnailUrl":"https:\/\/chrisopigi.gr\/wp-content\/uploads\/2025\/12\/image-19.png","datePublished":"2026-04-29T15:27:12+00:00","breadcrumb":{"@id":"https:\/\/chrisopigi.gr\/de\/product\/kretischer-mix-tee\/#breadcrumb"},"inLanguage":"de","potentialAction":[{"@type":"ReadAction","target":["https:\/\/chrisopigi.gr\/de\/product\/kretischer-mix-tee\/"]}]},{"@type":"ImageObject","inLanguage":"de","@id":"https:\/\/chrisopigi.gr\/de\/product\/kretischer-mix-tee\/#primaryimage","url":"https:\/\/chrisopigi.gr\/wp-content\/uploads\/2025\/12\/image-19.png","contentUrl":"https:\/\/chrisopigi.gr\/wp-content\/uploads\/2025\/12\/image-19.png","width":500,"height":700},{"@type":"BreadcrumbList","@id":"https:\/\/chrisopigi.gr\/de\/product\/kretischer-mix-tee\/#breadcrumb","itemListElement":[{"@type":"ListItem","position":1,"name":"\u0391\u03c1\u03c7\u03b9\u03ba\u03ae","item":"https:\/\/chrisopigi.gr\/de\/"},{"@type":"ListItem","position":2,"name":"Online-Shop","item":"https:\/\/chrisopigi.gr\/online-shop\/"},{"@type":"ListItem","position":3,"name":"Kretischer Mix-Tee"}]},{"@type":"WebSite","@id":"https:\/\/chrisopigi.gr\/de\/#website","url":"https:\/\/chrisopigi.gr\/de\/","name":"Chrisopigi","description":"\u039a\u03c1\u03b7\u03c4\u03b9\u03ba\u03cc \u03b5\u03bb\u03b1\u03b9\u03cc\u03bb\u03b1\u03b4\u03bf &amp; \u03bc\u03ad\u03bb\u03b9 \u03b1\u03c0\u03cc \u03c4\u03b7\u03bd \u03a7\u03c1\u03c5\u03c3\u03bf\u03c0\u03b7\u03b3\u03ae \u03a3\u03b7\u03c4\u03b5\u03af\u03b1\u03c2","potentialAction":[{"@type":"SearchAction","target":{"@type":"EntryPoint","urlTemplate":"https:\/\/chrisopigi.gr\/de\/?s={search_term_string}"},"query-input":{"@type":"PropertyValueSpecification","valueRequired":true,"valueName":"search_term_string"}}],"inLanguage":"de"}]}},"_links":{"self":[{"href":"https:\/\/chrisopigi.gr\/de\/wp-json\/wp\/v2\/product\/49509"}],"collection":[{"href":"https:\/\/chrisopigi.gr\/de\/wp-json\/wp\/v2\/product"}],"about":[{"href":"https:\/\/chrisopigi.gr\/de\/wp-json\/wp\/v2\/types\/product"}],"replies":[{"embeddable":true,"href":"https:\/\/chrisopigi.gr\/de\/wp-json\/wp\/v2\/comments?post=49509"}],"wp:featuredmedia":[{"embeddable":true,"href":"https:\/\/chrisopigi.gr\/de\/wp-json\/wp\/v2\/media\/49510"}],"wp:attachment":[{"href":"https:\/\/chrisopigi.gr\/de\/wp-json\/wp\/v2\/media?parent=49509"}],"wp:term":[{"taxonomy":"product_cat","embeddable":true,"href":"https:\/\/chrisopigi.gr\/de\/wp-json\/wp\/v2\/product_cat?post=49509"},{"taxonomy":"product_tag","embeddable":true,"href":"https:\/\/chrisopigi.gr\/de\/wp-json\/wp\/v2\/product_tag?post=49509"}],"curies":[{"name":"wp","href":"https:\/\/api.w.org\/{rel}","templated":true}]}}