{"id":49511,"date":"2025-12-05T19:03:40","date_gmt":"2026-04-29T20:14:08","guid":{"rendered":"https:\/\/chrisopigi.gr\/product\/kamillentee\/"},"modified":"2026-04-29T23:14:08","modified_gmt":"2026-04-29T20:14:08","slug":"kamillentee","status":"publish","type":"product","link":"https:\/\/chrisopigi.gr\/de\/product\/kamillentee\/","title":{"rendered":"Kamillentee"},"content":{"rendered":"<p data-start=\"179\" data-end=\"450\">Der Kamillentee ist ein weiches, warmes und duftendes Getr\u00e4nk, das Momente der Ruhe und des Wohlbefindens schenkt. Mit seinem charakteristischen, milden Geschmack und seinem zarten blumigen Aroma ist Kamille eine zeitlose Wahl f\u00fcr alle, die ein nat\u00fcrliches und beruhigendes Getr\u00e4nk suchen. <\/p>\n<p data-start=\"452\" data-end=\"719\">Schon immer beliebt f\u00fcr seine beruhigende und wohltuende Wirkung, ist er der ideale Begleiter f\u00fcr die Abendstunden oder jeden Moment, in dem K\u00f6rper und Geist eine sanfte Pause der Entspannung brauchen. Jeder Teebeutel entfaltet einen goldenen Aufguss voller Einfachheit und nat\u00fcrlicher S\u00fc\u00dfe. <\/p>\n<p data-start=\"721\" data-end=\"949\">Der Kamillentee ist koffeinfrei und ohne Zusatzstoffe, ideal f\u00fcr Jung und Alt. Der biologische Anbau und die sorgf\u00e4ltige Auswahl der Bl\u00fcten sorgen f\u00fcr ein reines und k\u00f6stliches Getr\u00e4nk mit gleichbleibender Qualit\u00e4t in jeder Tasse. <\/p>\n<h4 style=\"text-align: center\" data-start=\"951\" data-end=\"1182\">\ud83c\udf3f Herkunft &amp; Qualit\u00e4t<\/h4>\n<p data-start=\"951\" data-end=\"1182\">Auf Kreta mit nat\u00fcrlichen Methoden angebaut, beh\u00e4lt die Kamille ihr Aroma und ihre S\u00fc\u00dfe und bietet ein authentisches Erlebnis, das die Reinheit und Ruhe der mediterranen Natur einf\u00e4ngt.<\/p>\n<p data-start=\"1184\" data-end=\"1246\">Ein weicher, entspannender Tee f\u00fcr den t\u00e4glichen Genuss und das Wohlbefinden.<\/p>\n","protected":false},"excerpt":{"rendered":"<p>Der Kamillentee ist ein weiches, warmes und duftendes Getr\u00e4nk, das Momente der Ruhe und des Wohlbefindens schenkt. Mit seinem charakteristischen, milden Geschmack und seinem zarten blumigen Aroma ist Kamille eine zeitlose Wahl f\u00fcr alle, die ein nat\u00fcrliches und beruhigendes Getr\u00e4nk suchen. Schon immer beliebt f\u00fcr seine beruhigende und wohltuende Wirkung, ist er der ideale Begleiter f\u00fcr die Abendstunden oder jeden Moment, in dem [&hellip;]<\/p>\n","protected":false},"featured_media":49512,"comment_status":"closed","ping_status":"closed","template":"","meta":[],"product_cat":[1837],"product_tag":[],"yoast_head":"<!-- This site is optimized with the Yoast SEO plugin v27.2 - https:\/\/yoast.com\/product\/yoast-seo-wordpress\/ -->\n<title>Kamillentee - Chrisopigi<\/title>\n<meta name=\"robots\" content=\"index, follow, max-snippet:-1, max-image-preview:large, max-video-preview:-1\" \/>\n<link rel=\"canonical\" href=\"https:\/\/chrisopigi.gr\/de\/product\/kamillentee\/\" \/>\n<meta property=\"og:locale\" content=\"de_DE\" \/>\n<meta property=\"og:type\" content=\"article\" \/>\n<meta property=\"og:title\" content=\"Kamillentee - Chrisopigi\" \/>\n<meta property=\"og:description\" content=\"Der Kamillentee ist ein weiches, warmes und duftendes Getr\u00e4nk, das Momente der Ruhe und des Wohlbefindens schenkt. Mit seinem charakteristischen, milden Geschmack und seinem zarten blumigen Aroma ist Kamille eine zeitlose Wahl f\u00fcr alle, die ein nat\u00fcrliches und beruhigendes Getr\u00e4nk suchen. Schon immer beliebt f\u00fcr seine beruhigende und wohltuende Wirkung, ist er der ideale Begleiter f\u00fcr die Abendstunden oder jeden Moment, in dem [&hellip;]\" \/>\n<meta property=\"og:url\" content=\"https:\/\/chrisopigi.gr\/de\/product\/kamillentee\/\" \/>\n<meta property=\"og:site_name\" content=\"Chrisopigi\" \/>\n<meta name=\"twitter:card\" content=\"summary_large_image\" \/>\n<meta name=\"twitter:label1\" content=\"Gesch\u00e4tzte Lesezeit\" \/>\n\t<meta name=\"twitter:data1\" content=\"1\u00a0Minute\" \/>\n<script type=\"application\/ld+json\" class=\"yoast-schema-graph\">{\"@context\":\"https:\/\/schema.org\",\"@graph\":[{\"@type\":\"WebPage\",\"@id\":\"https:\/\/chrisopigi.gr\/de\/product\/kamillentee\/\",\"url\":\"https:\/\/chrisopigi.gr\/de\/product\/kamillentee\/\",\"name\":\"Kamillentee - Chrisopigi\",\"isPartOf\":{\"@id\":\"https:\/\/chrisopigi.gr\/de\/#website\"},\"primaryImageOfPage\":{\"@id\":\"https:\/\/chrisopigi.gr\/de\/product\/kamillentee\/#primaryimage\"},\"image\":{\"@id\":\"https:\/\/chrisopigi.gr\/de\/product\/kamillentee\/#primaryimage\"},\"thumbnailUrl\":\"https:\/\/chrisopigi.gr\/wp-content\/uploads\/2025\/12\/image-18.png\",\"datePublished\":\"2026-04-29T20:14:08+00:00\",\"breadcrumb\":{\"@id\":\"https:\/\/chrisopigi.gr\/de\/product\/kamillentee\/#breadcrumb\"},\"inLanguage\":\"de\",\"potentialAction\":[{\"@type\":\"ReadAction\",\"target\":[\"https:\/\/chrisopigi.gr\/de\/product\/kamillentee\/\"]}]},{\"@type\":\"ImageObject\",\"inLanguage\":\"de\",\"@id\":\"https:\/\/chrisopigi.gr\/de\/product\/kamillentee\/#primaryimage\",\"url\":\"https:\/\/chrisopigi.gr\/wp-content\/uploads\/2025\/12\/image-18.png\",\"contentUrl\":\"https:\/\/chrisopigi.gr\/wp-content\/uploads\/2025\/12\/image-18.png\",\"width\":500,\"height\":700},{\"@type\":\"BreadcrumbList\",\"@id\":\"https:\/\/chrisopigi.gr\/de\/product\/kamillentee\/#breadcrumb\",\"itemListElement\":[{\"@type\":\"ListItem\",\"position\":1,\"name\":\"\u0391\u03c1\u03c7\u03b9\u03ba\u03ae\",\"item\":\"https:\/\/chrisopigi.gr\/de\/\"},{\"@type\":\"ListItem\",\"position\":2,\"name\":\"Online-Shop\",\"item\":\"https:\/\/chrisopigi.gr\/online-shop\/\"},{\"@type\":\"ListItem\",\"position\":3,\"name\":\"Kamillentee\"}]},{\"@type\":\"WebSite\",\"@id\":\"https:\/\/chrisopigi.gr\/de\/#website\",\"url\":\"https:\/\/chrisopigi.gr\/de\/\",\"name\":\"Chrisopigi\",\"description\":\"\u039a\u03c1\u03b7\u03c4\u03b9\u03ba\u03cc \u03b5\u03bb\u03b1\u03b9\u03cc\u03bb\u03b1\u03b4\u03bf &amp; \u03bc\u03ad\u03bb\u03b9 \u03b1\u03c0\u03cc \u03c4\u03b7\u03bd \u03a7\u03c1\u03c5\u03c3\u03bf\u03c0\u03b7\u03b3\u03ae \u03a3\u03b7\u03c4\u03b5\u03af\u03b1\u03c2\",\"potentialAction\":[{\"@type\":\"SearchAction\",\"target\":{\"@type\":\"EntryPoint\",\"urlTemplate\":\"https:\/\/chrisopigi.gr\/de\/?s={search_term_string}\"},\"query-input\":{\"@type\":\"PropertyValueSpecification\",\"valueRequired\":true,\"valueName\":\"search_term_string\"}}],\"inLanguage\":\"de\"}]}<\/script>\n<!-- \/ Yoast SEO plugin. -->","yoast_head_json":{"title":"Kamillentee - Chrisopigi","robots":{"index":"index","follow":"follow","max-snippet":"max-snippet:-1","max-image-preview":"max-image-preview:large","max-video-preview":"max-video-preview:-1"},"canonical":"https:\/\/chrisopigi.gr\/de\/product\/kamillentee\/","og_locale":"de_DE","og_type":"article","og_title":"Kamillentee - Chrisopigi","og_description":"Der Kamillentee ist ein weiches, warmes und duftendes Getr\u00e4nk, das Momente der Ruhe und des Wohlbefindens schenkt. Mit seinem charakteristischen, milden Geschmack und seinem zarten blumigen Aroma ist Kamille eine zeitlose Wahl f\u00fcr alle, die ein nat\u00fcrliches und beruhigendes Getr\u00e4nk suchen. Schon immer beliebt f\u00fcr seine beruhigende und wohltuende Wirkung, ist er der ideale Begleiter f\u00fcr die Abendstunden oder jeden Moment, in dem [&hellip;]","og_url":"https:\/\/chrisopigi.gr\/de\/product\/kamillentee\/","og_site_name":"Chrisopigi","twitter_card":"summary_large_image","twitter_misc":{"Gesch\u00e4tzte Lesezeit":"1\u00a0Minute"},"schema":{"@context":"https:\/\/schema.org","@graph":[{"@type":"WebPage","@id":"https:\/\/chrisopigi.gr\/de\/product\/kamillentee\/","url":"https:\/\/chrisopigi.gr\/de\/product\/kamillentee\/","name":"Kamillentee - Chrisopigi","isPartOf":{"@id":"https:\/\/chrisopigi.gr\/de\/#website"},"primaryImageOfPage":{"@id":"https:\/\/chrisopigi.gr\/de\/product\/kamillentee\/#primaryimage"},"image":{"@id":"https:\/\/chrisopigi.gr\/de\/product\/kamillentee\/#primaryimage"},"thumbnailUrl":"https:\/\/chrisopigi.gr\/wp-content\/uploads\/2025\/12\/image-18.png","datePublished":"2026-04-29T20:14:08+00:00","breadcrumb":{"@id":"https:\/\/chrisopigi.gr\/de\/product\/kamillentee\/#breadcrumb"},"inLanguage":"de","potentialAction":[{"@type":"ReadAction","target":["https:\/\/chrisopigi.gr\/de\/product\/kamillentee\/"]}]},{"@type":"ImageObject","inLanguage":"de","@id":"https:\/\/chrisopigi.gr\/de\/product\/kamillentee\/#primaryimage","url":"https:\/\/chrisopigi.gr\/wp-content\/uploads\/2025\/12\/image-18.png","contentUrl":"https:\/\/chrisopigi.gr\/wp-content\/uploads\/2025\/12\/image-18.png","width":500,"height":700},{"@type":"BreadcrumbList","@id":"https:\/\/chrisopigi.gr\/de\/product\/kamillentee\/#breadcrumb","itemListElement":[{"@type":"ListItem","position":1,"name":"\u0391\u03c1\u03c7\u03b9\u03ba\u03ae","item":"https:\/\/chrisopigi.gr\/de\/"},{"@type":"ListItem","position":2,"name":"Online-Shop","item":"https:\/\/chrisopigi.gr\/online-shop\/"},{"@type":"ListItem","position":3,"name":"Kamillentee"}]},{"@type":"WebSite","@id":"https:\/\/chrisopigi.gr\/de\/#website","url":"https:\/\/chrisopigi.gr\/de\/","name":"Chrisopigi","description":"\u039a\u03c1\u03b7\u03c4\u03b9\u03ba\u03cc \u03b5\u03bb\u03b1\u03b9\u03cc\u03bb\u03b1\u03b4\u03bf &amp; \u03bc\u03ad\u03bb\u03b9 \u03b1\u03c0\u03cc \u03c4\u03b7\u03bd \u03a7\u03c1\u03c5\u03c3\u03bf\u03c0\u03b7\u03b3\u03ae \u03a3\u03b7\u03c4\u03b5\u03af\u03b1\u03c2","potentialAction":[{"@type":"SearchAction","target":{"@type":"EntryPoint","urlTemplate":"https:\/\/chrisopigi.gr\/de\/?s={search_term_string}"},"query-input":{"@type":"PropertyValueSpecification","valueRequired":true,"valueName":"search_term_string"}}],"inLanguage":"de"}]}},"_links":{"self":[{"href":"https:\/\/chrisopigi.gr\/de\/wp-json\/wp\/v2\/product\/49511"}],"collection":[{"href":"https:\/\/chrisopigi.gr\/de\/wp-json\/wp\/v2\/product"}],"about":[{"href":"https:\/\/chrisopigi.gr\/de\/wp-json\/wp\/v2\/types\/product"}],"replies":[{"embeddable":true,"href":"https:\/\/chrisopigi.gr\/de\/wp-json\/wp\/v2\/comments?post=49511"}],"wp:featuredmedia":[{"embeddable":true,"href":"https:\/\/chrisopigi.gr\/de\/wp-json\/wp\/v2\/media\/49512"}],"wp:attachment":[{"href":"https:\/\/chrisopigi.gr\/de\/wp-json\/wp\/v2\/media?parent=49511"}],"wp:term":[{"taxonomy":"product_cat","embeddable":true,"href":"https:\/\/chrisopigi.gr\/de\/wp-json\/wp\/v2\/product_cat?post=49511"},{"taxonomy":"product_tag","embeddable":true,"href":"https:\/\/chrisopigi.gr\/de\/wp-json\/wp\/v2\/product_tag?post=49511"}],"curies":[{"name":"wp","href":"https:\/\/api.w.org\/{rel}","templated":true}]}}