{"id":49513,"date":"2025-12-05T18:59:36","date_gmt":"2026-04-29T20:27:15","guid":{"rendered":"https:\/\/chrisopigi.gr\/product\/pfefferminztee\/"},"modified":"2026-04-29T23:27:15","modified_gmt":"2026-04-29T20:27:15","slug":"pfefferminztee","status":"publish","type":"product","link":"https:\/\/chrisopigi.gr\/de\/product\/pfefferminztee\/","title":{"rendered":"Pfefferminztee"},"content":{"rendered":"<p data-start=\"212\" data-end=\"492\">Der Pfefferminztee ist ein k\u00fchles und erfrischendes Getr\u00e4nk, voller charakteristischem Aroma und dem lebendigen, frischen Geschmack der Minze. Jede Tasse bietet ein Gef\u00fchl von Reinheit und Wohlbefinden, ideal, um den K\u00f6rper zu beleben und den Geist zu jeder Tageszeit zu erfrischen.<\/p>\n<p data-start=\"494\" data-end=\"730\">Die nat\u00fcrliche K\u00fchle der Minze macht ihn sowohl hei\u00df als auch kalt zu etwas Besonderem, w\u00e4hrend sein angenehmer, weicher Nachgeschmack ein lang anhaltendes Gef\u00fchl von Frische hinterl\u00e4sst. Er ist eine ideale Wahl nach dem Essen oder wann immer ein leichtes, klares Getr\u00e4nk ben\u00f6tigt wird.<\/p>\n<p data-start=\"732\" data-end=\"937\">Die biologisch angebauten Minzbl\u00e4tter werden in praktischen Teebeuteln verpackt und bieten ein reines, nat\u00fcrliches Getr\u00e4nk ohne Koffein und ohne Zusatzstoffe, mit gleichbleibender Qualit\u00e4t und ausgezeichnetem Aroma bei jeder Zubereitung.<\/p>\n<h4 style=\"text-align: center\" data-start=\"939\" data-end=\"1155\">\ud83c\udf3f Herkunft &amp; Qualit\u00e4t<\/h4>\n<p data-start=\"939\" data-end=\"1155\">Auf Kreta mit nat\u00fcrlichen Methoden angebaut, beh\u00e4lt die Minze ihr gesamtes Aroma und ihre Lebendigkeit und bietet ein Getr\u00e4nk, das die Frische und Reinheit der mediterranen Erde vereint.<\/p>\n<p data-start=\"1157\" data-end=\"1214\">Ein k\u00fchles, erfrischendes Teegetr\u00e4nk f\u00fcr den t\u00e4glichen Genuss.<\/p>\n","protected":false},"excerpt":{"rendered":"<p>Der Pfefferminztee ist ein k\u00fchles und erfrischendes Getr\u00e4nk, voller charakteristischem Aroma und dem lebendigen, frischen Geschmack der Minze. Jede Tasse bietet ein Gef\u00fchl von Reinheit und Wohlbefinden, ideal, um den K\u00f6rper zu beleben und den Geist zu jeder Tageszeit zu erfrischen. Die nat\u00fcrliche K\u00fchle der Minze macht ihn sowohl hei\u00df als auch kalt zu etwas Besonderem, w\u00e4hrend sein angenehmer, weicher Nachgeschmack ein lang [&hellip;]<\/p>\n","protected":false},"featured_media":49514,"comment_status":"closed","ping_status":"closed","template":"","meta":[],"product_cat":[1837],"product_tag":[],"yoast_head":"<!-- This site is optimized with the Yoast SEO plugin v27.2 - https:\/\/yoast.com\/product\/yoast-seo-wordpress\/ -->\n<title>Pfefferminztee - Chrisopigi<\/title>\n<meta name=\"robots\" content=\"index, follow, max-snippet:-1, max-image-preview:large, max-video-preview:-1\" \/>\n<link rel=\"canonical\" href=\"https:\/\/chrisopigi.gr\/de\/product\/pfefferminztee\/\" \/>\n<meta property=\"og:locale\" content=\"de_DE\" \/>\n<meta property=\"og:type\" content=\"article\" \/>\n<meta property=\"og:title\" content=\"Pfefferminztee - Chrisopigi\" \/>\n<meta property=\"og:description\" content=\"Der Pfefferminztee ist ein k\u00fchles und erfrischendes Getr\u00e4nk, voller charakteristischem Aroma und dem lebendigen, frischen Geschmack der Minze. Jede Tasse bietet ein Gef\u00fchl von Reinheit und Wohlbefinden, ideal, um den K\u00f6rper zu beleben und den Geist zu jeder Tageszeit zu erfrischen. Die nat\u00fcrliche K\u00fchle der Minze macht ihn sowohl hei\u00df als auch kalt zu etwas Besonderem, w\u00e4hrend sein angenehmer, weicher Nachgeschmack ein lang [&hellip;]\" \/>\n<meta property=\"og:url\" content=\"https:\/\/chrisopigi.gr\/de\/product\/pfefferminztee\/\" \/>\n<meta property=\"og:site_name\" content=\"Chrisopigi\" \/>\n<meta name=\"twitter:card\" content=\"summary_large_image\" \/>\n<meta name=\"twitter:label1\" content=\"Gesch\u00e4tzte Lesezeit\" \/>\n\t<meta name=\"twitter:data1\" content=\"1\u00a0Minute\" \/>\n<script type=\"application\/ld+json\" class=\"yoast-schema-graph\">{\"@context\":\"https:\/\/schema.org\",\"@graph\":[{\"@type\":\"WebPage\",\"@id\":\"https:\/\/chrisopigi.gr\/de\/product\/pfefferminztee\/\",\"url\":\"https:\/\/chrisopigi.gr\/de\/product\/pfefferminztee\/\",\"name\":\"Pfefferminztee - Chrisopigi\",\"isPartOf\":{\"@id\":\"https:\/\/chrisopigi.gr\/de\/#website\"},\"primaryImageOfPage\":{\"@id\":\"https:\/\/chrisopigi.gr\/de\/product\/pfefferminztee\/#primaryimage\"},\"image\":{\"@id\":\"https:\/\/chrisopigi.gr\/de\/product\/pfefferminztee\/#primaryimage\"},\"thumbnailUrl\":\"https:\/\/chrisopigi.gr\/wp-content\/uploads\/2025\/12\/image-17.png\",\"datePublished\":\"2026-04-29T20:27:15+00:00\",\"breadcrumb\":{\"@id\":\"https:\/\/chrisopigi.gr\/de\/product\/pfefferminztee\/#breadcrumb\"},\"inLanguage\":\"de\",\"potentialAction\":[{\"@type\":\"ReadAction\",\"target\":[\"https:\/\/chrisopigi.gr\/de\/product\/pfefferminztee\/\"]}]},{\"@type\":\"ImageObject\",\"inLanguage\":\"de\",\"@id\":\"https:\/\/chrisopigi.gr\/de\/product\/pfefferminztee\/#primaryimage\",\"url\":\"https:\/\/chrisopigi.gr\/wp-content\/uploads\/2025\/12\/image-17.png\",\"contentUrl\":\"https:\/\/chrisopigi.gr\/wp-content\/uploads\/2025\/12\/image-17.png\",\"width\":500,\"height\":700},{\"@type\":\"BreadcrumbList\",\"@id\":\"https:\/\/chrisopigi.gr\/de\/product\/pfefferminztee\/#breadcrumb\",\"itemListElement\":[{\"@type\":\"ListItem\",\"position\":1,\"name\":\"\u0391\u03c1\u03c7\u03b9\u03ba\u03ae\",\"item\":\"https:\/\/chrisopigi.gr\/de\/\"},{\"@type\":\"ListItem\",\"position\":2,\"name\":\"Online-Shop\",\"item\":\"https:\/\/chrisopigi.gr\/online-shop\/\"},{\"@type\":\"ListItem\",\"position\":3,\"name\":\"Pfefferminztee\"}]},{\"@type\":\"WebSite\",\"@id\":\"https:\/\/chrisopigi.gr\/de\/#website\",\"url\":\"https:\/\/chrisopigi.gr\/de\/\",\"name\":\"Chrisopigi\",\"description\":\"\u039a\u03c1\u03b7\u03c4\u03b9\u03ba\u03cc \u03b5\u03bb\u03b1\u03b9\u03cc\u03bb\u03b1\u03b4\u03bf &amp; \u03bc\u03ad\u03bb\u03b9 \u03b1\u03c0\u03cc \u03c4\u03b7\u03bd \u03a7\u03c1\u03c5\u03c3\u03bf\u03c0\u03b7\u03b3\u03ae \u03a3\u03b7\u03c4\u03b5\u03af\u03b1\u03c2\",\"potentialAction\":[{\"@type\":\"SearchAction\",\"target\":{\"@type\":\"EntryPoint\",\"urlTemplate\":\"https:\/\/chrisopigi.gr\/de\/?s={search_term_string}\"},\"query-input\":{\"@type\":\"PropertyValueSpecification\",\"valueRequired\":true,\"valueName\":\"search_term_string\"}}],\"inLanguage\":\"de\"}]}<\/script>\n<!-- \/ Yoast SEO plugin. -->","yoast_head_json":{"title":"Pfefferminztee - Chrisopigi","robots":{"index":"index","follow":"follow","max-snippet":"max-snippet:-1","max-image-preview":"max-image-preview:large","max-video-preview":"max-video-preview:-1"},"canonical":"https:\/\/chrisopigi.gr\/de\/product\/pfefferminztee\/","og_locale":"de_DE","og_type":"article","og_title":"Pfefferminztee - Chrisopigi","og_description":"Der Pfefferminztee ist ein k\u00fchles und erfrischendes Getr\u00e4nk, voller charakteristischem Aroma und dem lebendigen, frischen Geschmack der Minze. Jede Tasse bietet ein Gef\u00fchl von Reinheit und Wohlbefinden, ideal, um den K\u00f6rper zu beleben und den Geist zu jeder Tageszeit zu erfrischen. Die nat\u00fcrliche K\u00fchle der Minze macht ihn sowohl hei\u00df als auch kalt zu etwas Besonderem, w\u00e4hrend sein angenehmer, weicher Nachgeschmack ein lang [&hellip;]","og_url":"https:\/\/chrisopigi.gr\/de\/product\/pfefferminztee\/","og_site_name":"Chrisopigi","twitter_card":"summary_large_image","twitter_misc":{"Gesch\u00e4tzte Lesezeit":"1\u00a0Minute"},"schema":{"@context":"https:\/\/schema.org","@graph":[{"@type":"WebPage","@id":"https:\/\/chrisopigi.gr\/de\/product\/pfefferminztee\/","url":"https:\/\/chrisopigi.gr\/de\/product\/pfefferminztee\/","name":"Pfefferminztee - Chrisopigi","isPartOf":{"@id":"https:\/\/chrisopigi.gr\/de\/#website"},"primaryImageOfPage":{"@id":"https:\/\/chrisopigi.gr\/de\/product\/pfefferminztee\/#primaryimage"},"image":{"@id":"https:\/\/chrisopigi.gr\/de\/product\/pfefferminztee\/#primaryimage"},"thumbnailUrl":"https:\/\/chrisopigi.gr\/wp-content\/uploads\/2025\/12\/image-17.png","datePublished":"2026-04-29T20:27:15+00:00","breadcrumb":{"@id":"https:\/\/chrisopigi.gr\/de\/product\/pfefferminztee\/#breadcrumb"},"inLanguage":"de","potentialAction":[{"@type":"ReadAction","target":["https:\/\/chrisopigi.gr\/de\/product\/pfefferminztee\/"]}]},{"@type":"ImageObject","inLanguage":"de","@id":"https:\/\/chrisopigi.gr\/de\/product\/pfefferminztee\/#primaryimage","url":"https:\/\/chrisopigi.gr\/wp-content\/uploads\/2025\/12\/image-17.png","contentUrl":"https:\/\/chrisopigi.gr\/wp-content\/uploads\/2025\/12\/image-17.png","width":500,"height":700},{"@type":"BreadcrumbList","@id":"https:\/\/chrisopigi.gr\/de\/product\/pfefferminztee\/#breadcrumb","itemListElement":[{"@type":"ListItem","position":1,"name":"\u0391\u03c1\u03c7\u03b9\u03ba\u03ae","item":"https:\/\/chrisopigi.gr\/de\/"},{"@type":"ListItem","position":2,"name":"Online-Shop","item":"https:\/\/chrisopigi.gr\/online-shop\/"},{"@type":"ListItem","position":3,"name":"Pfefferminztee"}]},{"@type":"WebSite","@id":"https:\/\/chrisopigi.gr\/de\/#website","url":"https:\/\/chrisopigi.gr\/de\/","name":"Chrisopigi","description":"\u039a\u03c1\u03b7\u03c4\u03b9\u03ba\u03cc \u03b5\u03bb\u03b1\u03b9\u03cc\u03bb\u03b1\u03b4\u03bf &amp; \u03bc\u03ad\u03bb\u03b9 \u03b1\u03c0\u03cc \u03c4\u03b7\u03bd \u03a7\u03c1\u03c5\u03c3\u03bf\u03c0\u03b7\u03b3\u03ae \u03a3\u03b7\u03c4\u03b5\u03af\u03b1\u03c2","potentialAction":[{"@type":"SearchAction","target":{"@type":"EntryPoint","urlTemplate":"https:\/\/chrisopigi.gr\/de\/?s={search_term_string}"},"query-input":{"@type":"PropertyValueSpecification","valueRequired":true,"valueName":"search_term_string"}}],"inLanguage":"de"}]}},"_links":{"self":[{"href":"https:\/\/chrisopigi.gr\/de\/wp-json\/wp\/v2\/product\/49513"}],"collection":[{"href":"https:\/\/chrisopigi.gr\/de\/wp-json\/wp\/v2\/product"}],"about":[{"href":"https:\/\/chrisopigi.gr\/de\/wp-json\/wp\/v2\/types\/product"}],"replies":[{"embeddable":true,"href":"https:\/\/chrisopigi.gr\/de\/wp-json\/wp\/v2\/comments?post=49513"}],"wp:featuredmedia":[{"embeddable":true,"href":"https:\/\/chrisopigi.gr\/de\/wp-json\/wp\/v2\/media\/49514"}],"wp:attachment":[{"href":"https:\/\/chrisopigi.gr\/de\/wp-json\/wp\/v2\/media?parent=49513"}],"wp:term":[{"taxonomy":"product_cat","embeddable":true,"href":"https:\/\/chrisopigi.gr\/de\/wp-json\/wp\/v2\/product_cat?post=49513"},{"taxonomy":"product_tag","embeddable":true,"href":"https:\/\/chrisopigi.gr\/de\/wp-json\/wp\/v2\/product_tag?post=49513"}],"curies":[{"name":"wp","href":"https:\/\/api.w.org\/{rel}","templated":true}]}}