{"id":49515,"date":"2025-12-05T18:55:28","date_gmt":"2026-04-29T20:30:36","guid":{"rendered":"https:\/\/chrisopigi.gr\/product\/zitronenverbene\/"},"modified":"2026-04-29T23:30:36","modified_gmt":"2026-04-29T20:30:36","slug":"zitronenverbene","status":"publish","type":"product","link":"https:\/\/chrisopigi.gr\/de\/product\/zitronenverbene\/","title":{"rendered":"Zitronenverbene"},"content":{"rendered":"<p data-start=\"232\" data-end=\"479\">Der Zitronenverbenen-Tee ist ein leichtes, erfrischendes und besonders aromatisches Getr\u00e4nk mit der charakteristischen Zitronennote, die die Zitronenverbene so beliebt macht. Jede Tasse bietet ein Gef\u00fchl von Frische und Entspannung, ideal f\u00fcr ruhige Momente im Laufe des Tages. <\/p>\n<p data-start=\"481\" data-end=\"793\">Der nat\u00fcrliche Zitronengeschmack des Getr\u00e4nks macht es sowohl hei\u00df als auch kalt zu einem Genuss und ist eine einfache und angenehme Wahl f\u00fcr jeden Moment. Der Zitronenverbenen-Tee ist f\u00fcr seinen weichen, beruhigenden Charakter bekannt und begleitet ideal die Momente, in denen K\u00f6rper und Geist eine sanfte Erfrischung brauchen. <\/p>\n<p data-start=\"795\" data-end=\"949\">Jeder Teebeutel enth\u00e4lt sorgf\u00e4ltig ausgew\u00e4hlte, biologisch angebaute Zitronenverbenenbl\u00e4tter f\u00fcr ein reines und authentisches Getr\u00e4nk ohne Koffein und ohne Zusatzstoffe.<\/p>\n<h4 style=\"text-align: center\" data-start=\"951\" data-end=\"1175\">\ud83c\udf3f Herkunft &amp; Qualit\u00e4t<\/h4>\n<p data-start=\"951\" data-end=\"1175\">Nat\u00fcrlich auf Kreta angebaut, verleiht die Zitronenverbene dem Getr\u00e4nk ihre besondere Frische und ihr Aroma und bietet ein Erlebnis, das die Reinheit und die Ruhe der mediterranen Natur vereint.<\/p>\n<p data-start=\"1177\" data-end=\"1242\">Ein angenehmer, erfrischender Tee f\u00fcr den t\u00e4glichen Genuss und zur Entspannung.<\/p>\n","protected":false},"excerpt":{"rendered":"<p>Der Zitronenverbenen-Tee ist ein leichtes, erfrischendes und besonders aromatisches Getr\u00e4nk mit der charakteristischen Zitronennote, die die Zitronenverbene so beliebt macht. Jede Tasse bietet ein Gef\u00fchl von Frische und Entspannung, ideal f\u00fcr ruhige Momente im Laufe des Tages. Der nat\u00fcrliche Zitronengeschmack des Getr\u00e4nks macht es sowohl hei\u00df als auch kalt zu einem Genuss und ist eine einfache und angenehme Wahl f\u00fcr jeden Moment. Der [&hellip;]<\/p>\n","protected":false},"featured_media":49516,"comment_status":"closed","ping_status":"closed","template":"","meta":[],"product_cat":[1837],"product_tag":[],"yoast_head":"<!-- This site is optimized with the Yoast SEO plugin v27.2 - https:\/\/yoast.com\/product\/yoast-seo-wordpress\/ -->\n<title>Zitronenverbene - Chrisopigi<\/title>\n<meta name=\"robots\" content=\"index, follow, max-snippet:-1, max-image-preview:large, max-video-preview:-1\" \/>\n<link rel=\"canonical\" href=\"https:\/\/chrisopigi.gr\/de\/product\/zitronenverbene\/\" \/>\n<meta property=\"og:locale\" content=\"de_DE\" \/>\n<meta property=\"og:type\" content=\"article\" \/>\n<meta property=\"og:title\" content=\"Zitronenverbene - Chrisopigi\" \/>\n<meta property=\"og:description\" content=\"Der Zitronenverbenen-Tee ist ein leichtes, erfrischendes und besonders aromatisches Getr\u00e4nk mit der charakteristischen Zitronennote, die die Zitronenverbene so beliebt macht. Jede Tasse bietet ein Gef\u00fchl von Frische und Entspannung, ideal f\u00fcr ruhige Momente im Laufe des Tages. Der nat\u00fcrliche Zitronengeschmack des Getr\u00e4nks macht es sowohl hei\u00df als auch kalt zu einem Genuss und ist eine einfache und angenehme Wahl f\u00fcr jeden Moment. Der [&hellip;]\" \/>\n<meta property=\"og:url\" content=\"https:\/\/chrisopigi.gr\/de\/product\/zitronenverbene\/\" \/>\n<meta property=\"og:site_name\" content=\"Chrisopigi\" \/>\n<meta name=\"twitter:card\" content=\"summary_large_image\" \/>\n<meta name=\"twitter:label1\" content=\"Gesch\u00e4tzte Lesezeit\" \/>\n\t<meta name=\"twitter:data1\" content=\"1\u00a0Minute\" \/>\n<script type=\"application\/ld+json\" class=\"yoast-schema-graph\">{\"@context\":\"https:\/\/schema.org\",\"@graph\":[{\"@type\":\"WebPage\",\"@id\":\"https:\/\/chrisopigi.gr\/de\/product\/zitronenverbene\/\",\"url\":\"https:\/\/chrisopigi.gr\/de\/product\/zitronenverbene\/\",\"name\":\"Zitronenverbene - Chrisopigi\",\"isPartOf\":{\"@id\":\"https:\/\/chrisopigi.gr\/de\/#website\"},\"primaryImageOfPage\":{\"@id\":\"https:\/\/chrisopigi.gr\/de\/product\/zitronenverbene\/#primaryimage\"},\"image\":{\"@id\":\"https:\/\/chrisopigi.gr\/de\/product\/zitronenverbene\/#primaryimage\"},\"thumbnailUrl\":\"https:\/\/chrisopigi.gr\/wp-content\/uploads\/2025\/12\/image-16.png\",\"datePublished\":\"2026-04-29T20:30:36+00:00\",\"breadcrumb\":{\"@id\":\"https:\/\/chrisopigi.gr\/de\/product\/zitronenverbene\/#breadcrumb\"},\"inLanguage\":\"de\",\"potentialAction\":[{\"@type\":\"ReadAction\",\"target\":[\"https:\/\/chrisopigi.gr\/de\/product\/zitronenverbene\/\"]}]},{\"@type\":\"ImageObject\",\"inLanguage\":\"de\",\"@id\":\"https:\/\/chrisopigi.gr\/de\/product\/zitronenverbene\/#primaryimage\",\"url\":\"https:\/\/chrisopigi.gr\/wp-content\/uploads\/2025\/12\/image-16.png\",\"contentUrl\":\"https:\/\/chrisopigi.gr\/wp-content\/uploads\/2025\/12\/image-16.png\",\"width\":500,\"height\":700},{\"@type\":\"BreadcrumbList\",\"@id\":\"https:\/\/chrisopigi.gr\/de\/product\/zitronenverbene\/#breadcrumb\",\"itemListElement\":[{\"@type\":\"ListItem\",\"position\":1,\"name\":\"\u0391\u03c1\u03c7\u03b9\u03ba\u03ae\",\"item\":\"https:\/\/chrisopigi.gr\/de\/\"},{\"@type\":\"ListItem\",\"position\":2,\"name\":\"Online-Shop\",\"item\":\"https:\/\/chrisopigi.gr\/online-shop\/\"},{\"@type\":\"ListItem\",\"position\":3,\"name\":\"Zitronenverbene\"}]},{\"@type\":\"WebSite\",\"@id\":\"https:\/\/chrisopigi.gr\/de\/#website\",\"url\":\"https:\/\/chrisopigi.gr\/de\/\",\"name\":\"Chrisopigi\",\"description\":\"\u039a\u03c1\u03b7\u03c4\u03b9\u03ba\u03cc \u03b5\u03bb\u03b1\u03b9\u03cc\u03bb\u03b1\u03b4\u03bf &amp; \u03bc\u03ad\u03bb\u03b9 \u03b1\u03c0\u03cc \u03c4\u03b7\u03bd \u03a7\u03c1\u03c5\u03c3\u03bf\u03c0\u03b7\u03b3\u03ae \u03a3\u03b7\u03c4\u03b5\u03af\u03b1\u03c2\",\"potentialAction\":[{\"@type\":\"SearchAction\",\"target\":{\"@type\":\"EntryPoint\",\"urlTemplate\":\"https:\/\/chrisopigi.gr\/de\/?s={search_term_string}\"},\"query-input\":{\"@type\":\"PropertyValueSpecification\",\"valueRequired\":true,\"valueName\":\"search_term_string\"}}],\"inLanguage\":\"de\"}]}<\/script>\n<!-- \/ Yoast SEO plugin. -->","yoast_head_json":{"title":"Zitronenverbene - Chrisopigi","robots":{"index":"index","follow":"follow","max-snippet":"max-snippet:-1","max-image-preview":"max-image-preview:large","max-video-preview":"max-video-preview:-1"},"canonical":"https:\/\/chrisopigi.gr\/de\/product\/zitronenverbene\/","og_locale":"de_DE","og_type":"article","og_title":"Zitronenverbene - Chrisopigi","og_description":"Der Zitronenverbenen-Tee ist ein leichtes, erfrischendes und besonders aromatisches Getr\u00e4nk mit der charakteristischen Zitronennote, die die Zitronenverbene so beliebt macht. Jede Tasse bietet ein Gef\u00fchl von Frische und Entspannung, ideal f\u00fcr ruhige Momente im Laufe des Tages. Der nat\u00fcrliche Zitronengeschmack des Getr\u00e4nks macht es sowohl hei\u00df als auch kalt zu einem Genuss und ist eine einfache und angenehme Wahl f\u00fcr jeden Moment. Der [&hellip;]","og_url":"https:\/\/chrisopigi.gr\/de\/product\/zitronenverbene\/","og_site_name":"Chrisopigi","twitter_card":"summary_large_image","twitter_misc":{"Gesch\u00e4tzte Lesezeit":"1\u00a0Minute"},"schema":{"@context":"https:\/\/schema.org","@graph":[{"@type":"WebPage","@id":"https:\/\/chrisopigi.gr\/de\/product\/zitronenverbene\/","url":"https:\/\/chrisopigi.gr\/de\/product\/zitronenverbene\/","name":"Zitronenverbene - Chrisopigi","isPartOf":{"@id":"https:\/\/chrisopigi.gr\/de\/#website"},"primaryImageOfPage":{"@id":"https:\/\/chrisopigi.gr\/de\/product\/zitronenverbene\/#primaryimage"},"image":{"@id":"https:\/\/chrisopigi.gr\/de\/product\/zitronenverbene\/#primaryimage"},"thumbnailUrl":"https:\/\/chrisopigi.gr\/wp-content\/uploads\/2025\/12\/image-16.png","datePublished":"2026-04-29T20:30:36+00:00","breadcrumb":{"@id":"https:\/\/chrisopigi.gr\/de\/product\/zitronenverbene\/#breadcrumb"},"inLanguage":"de","potentialAction":[{"@type":"ReadAction","target":["https:\/\/chrisopigi.gr\/de\/product\/zitronenverbene\/"]}]},{"@type":"ImageObject","inLanguage":"de","@id":"https:\/\/chrisopigi.gr\/de\/product\/zitronenverbene\/#primaryimage","url":"https:\/\/chrisopigi.gr\/wp-content\/uploads\/2025\/12\/image-16.png","contentUrl":"https:\/\/chrisopigi.gr\/wp-content\/uploads\/2025\/12\/image-16.png","width":500,"height":700},{"@type":"BreadcrumbList","@id":"https:\/\/chrisopigi.gr\/de\/product\/zitronenverbene\/#breadcrumb","itemListElement":[{"@type":"ListItem","position":1,"name":"\u0391\u03c1\u03c7\u03b9\u03ba\u03ae","item":"https:\/\/chrisopigi.gr\/de\/"},{"@type":"ListItem","position":2,"name":"Online-Shop","item":"https:\/\/chrisopigi.gr\/online-shop\/"},{"@type":"ListItem","position":3,"name":"Zitronenverbene"}]},{"@type":"WebSite","@id":"https:\/\/chrisopigi.gr\/de\/#website","url":"https:\/\/chrisopigi.gr\/de\/","name":"Chrisopigi","description":"\u039a\u03c1\u03b7\u03c4\u03b9\u03ba\u03cc \u03b5\u03bb\u03b1\u03b9\u03cc\u03bb\u03b1\u03b4\u03bf &amp; \u03bc\u03ad\u03bb\u03b9 \u03b1\u03c0\u03cc \u03c4\u03b7\u03bd \u03a7\u03c1\u03c5\u03c3\u03bf\u03c0\u03b7\u03b3\u03ae \u03a3\u03b7\u03c4\u03b5\u03af\u03b1\u03c2","potentialAction":[{"@type":"SearchAction","target":{"@type":"EntryPoint","urlTemplate":"https:\/\/chrisopigi.gr\/de\/?s={search_term_string}"},"query-input":{"@type":"PropertyValueSpecification","valueRequired":true,"valueName":"search_term_string"}}],"inLanguage":"de"}]}},"_links":{"self":[{"href":"https:\/\/chrisopigi.gr\/de\/wp-json\/wp\/v2\/product\/49515"}],"collection":[{"href":"https:\/\/chrisopigi.gr\/de\/wp-json\/wp\/v2\/product"}],"about":[{"href":"https:\/\/chrisopigi.gr\/de\/wp-json\/wp\/v2\/types\/product"}],"replies":[{"embeddable":true,"href":"https:\/\/chrisopigi.gr\/de\/wp-json\/wp\/v2\/comments?post=49515"}],"wp:featuredmedia":[{"embeddable":true,"href":"https:\/\/chrisopigi.gr\/de\/wp-json\/wp\/v2\/media\/49516"}],"wp:attachment":[{"href":"https:\/\/chrisopigi.gr\/de\/wp-json\/wp\/v2\/media?parent=49515"}],"wp:term":[{"taxonomy":"product_cat","embeddable":true,"href":"https:\/\/chrisopigi.gr\/de\/wp-json\/wp\/v2\/product_cat?post=49515"},{"taxonomy":"product_tag","embeddable":true,"href":"https:\/\/chrisopigi.gr\/de\/wp-json\/wp\/v2\/product_tag?post=49515"}],"curies":[{"name":"wp","href":"https:\/\/api.w.org\/{rel}","templated":true}]}}