{"id":49517,"date":"2025-12-05T18:48:50","date_gmt":"2026-04-29T20:34:04","guid":{"rendered":"https:\/\/chrisopigi.gr\/product\/zistrose\/"},"modified":"2026-04-29T23:34:04","modified_gmt":"2026-04-29T20:34:04","slug":"zistrose","status":"publish","type":"product","link":"https:\/\/chrisopigi.gr\/de\/product\/zistrose\/","title":{"rendered":"Zistrose"},"content":{"rendered":"<p data-start=\"242\" data-end=\"540\">Cistus-Tee ist ein reichhaltiges, aromatisches Getr\u00e4nk aus kretischer Zistrose, bekannt f\u00fcr seinen tiefen, erdigen Geschmack und sein warmes, harziges Aroma. Die Zistrose, eine der charakteristischsten Pflanzen der mediterranen Natur, liefert einen Tee, der sich durch seine nat\u00fcrliche Intensit\u00e4t und einzigartige Reinheit auszeichnet.<\/p>\n<p data-start=\"542\" data-end=\"827\">Jeder Teebeutel entfaltet einen vollen, runden Geschmack, der ideal zu Momenten der Entspannung und des Wohlbefindens passt. Zistrosentee gilt traditionell als ideal zur Unterst\u00fctzung des t\u00e4glichen Gleichgewichts, w\u00e4hrend seine besondere aromatische Kraft ihn zu jeder Tageszeit zu einem Genuss macht.<\/p>\n<p data-start=\"829\" data-end=\"1007\">Die sorgf\u00e4ltig ausgew\u00e4hlten Zistrosenbl\u00e4tter werden f\u00fcr eine einfache und schnelle Zubereitung in Teebeutel verpackt, wobei das nat\u00fcrliche Aroma und der charakteristische Geschmack der Pflanze unverf\u00e4lscht erhalten bleiben.<\/p>\n<h4 style=\"text-align: center\" data-start=\"1009\" data-end=\"1176\">\ud83c\udf3f Herkunft &amp; Qualit\u00e4t<\/h4>\n<p data-start=\"1009\" data-end=\"1176\">Auf Kreta nach biologischen Verfahren angebaut, dr\u00fcckt der Cistus-Tee die Reinheit der kretischen Erde aus, ganz ohne Zusatzstoffe und ohne Koffein.<\/p>\n<p data-start=\"1178\" data-end=\"1308\">Ein besonderes, authentisches Getr\u00e4nk mit tiefer mediterraner Identit\u00e4t \u2013 ideal f\u00fcr alle, die nat\u00fcrlichen Genuss und t\u00e4gliches Wohlbefinden suchen.<\/p>\n","protected":false},"excerpt":{"rendered":"<p>Cistus-Tee ist ein reichhaltiges, aromatisches Getr\u00e4nk aus kretischer Zistrose, bekannt f\u00fcr seinen tiefen, erdigen Geschmack und sein warmes, harziges Aroma. Die Zistrose, eine der charakteristischsten Pflanzen der mediterranen Natur, liefert einen Tee, der sich durch seine nat\u00fcrliche Intensit\u00e4t und einzigartige Reinheit auszeichnet. Jeder Teebeutel entfaltet einen vollen, runden Geschmack, der ideal zu Momenten der Entspannung und des Wohlbefindens passt. Zistrosentee gilt traditionell als [&hellip;]<\/p>\n","protected":false},"featured_media":49518,"comment_status":"closed","ping_status":"closed","template":"","meta":[],"product_cat":[1837],"product_tag":[],"yoast_head":"<!-- This site is optimized with the Yoast SEO plugin v27.2 - https:\/\/yoast.com\/product\/yoast-seo-wordpress\/ -->\n<title>Zistrose - Chrisopigi<\/title>\n<meta name=\"robots\" content=\"index, follow, max-snippet:-1, max-image-preview:large, max-video-preview:-1\" \/>\n<link rel=\"canonical\" href=\"https:\/\/chrisopigi.gr\/de\/product\/zistrose\/\" \/>\n<meta property=\"og:locale\" content=\"de_DE\" \/>\n<meta property=\"og:type\" content=\"article\" \/>\n<meta property=\"og:title\" content=\"Zistrose - Chrisopigi\" \/>\n<meta property=\"og:description\" content=\"Cistus-Tee ist ein reichhaltiges, aromatisches Getr\u00e4nk aus kretischer Zistrose, bekannt f\u00fcr seinen tiefen, erdigen Geschmack und sein warmes, harziges Aroma. Die Zistrose, eine der charakteristischsten Pflanzen der mediterranen Natur, liefert einen Tee, der sich durch seine nat\u00fcrliche Intensit\u00e4t und einzigartige Reinheit auszeichnet. Jeder Teebeutel entfaltet einen vollen, runden Geschmack, der ideal zu Momenten der Entspannung und des Wohlbefindens passt. Zistrosentee gilt traditionell als [&hellip;]\" \/>\n<meta property=\"og:url\" content=\"https:\/\/chrisopigi.gr\/de\/product\/zistrose\/\" \/>\n<meta property=\"og:site_name\" content=\"Chrisopigi\" \/>\n<meta name=\"twitter:card\" content=\"summary_large_image\" \/>\n<meta name=\"twitter:label1\" content=\"Gesch\u00e4tzte Lesezeit\" \/>\n\t<meta name=\"twitter:data1\" content=\"1\u00a0Minute\" \/>\n<script type=\"application\/ld+json\" class=\"yoast-schema-graph\">{\"@context\":\"https:\/\/schema.org\",\"@graph\":[{\"@type\":\"WebPage\",\"@id\":\"https:\/\/chrisopigi.gr\/de\/product\/zistrose\/\",\"url\":\"https:\/\/chrisopigi.gr\/de\/product\/zistrose\/\",\"name\":\"Zistrose - Chrisopigi\",\"isPartOf\":{\"@id\":\"https:\/\/chrisopigi.gr\/de\/#website\"},\"primaryImageOfPage\":{\"@id\":\"https:\/\/chrisopigi.gr\/de\/product\/zistrose\/#primaryimage\"},\"image\":{\"@id\":\"https:\/\/chrisopigi.gr\/de\/product\/zistrose\/#primaryimage\"},\"thumbnailUrl\":\"https:\/\/chrisopigi.gr\/wp-content\/uploads\/2025\/12\/image-15.png\",\"datePublished\":\"2026-04-29T20:34:04+00:00\",\"breadcrumb\":{\"@id\":\"https:\/\/chrisopigi.gr\/de\/product\/zistrose\/#breadcrumb\"},\"inLanguage\":\"de\",\"potentialAction\":[{\"@type\":\"ReadAction\",\"target\":[\"https:\/\/chrisopigi.gr\/de\/product\/zistrose\/\"]}]},{\"@type\":\"ImageObject\",\"inLanguage\":\"de\",\"@id\":\"https:\/\/chrisopigi.gr\/de\/product\/zistrose\/#primaryimage\",\"url\":\"https:\/\/chrisopigi.gr\/wp-content\/uploads\/2025\/12\/image-15.png\",\"contentUrl\":\"https:\/\/chrisopigi.gr\/wp-content\/uploads\/2025\/12\/image-15.png\",\"width\":500,\"height\":700},{\"@type\":\"BreadcrumbList\",\"@id\":\"https:\/\/chrisopigi.gr\/de\/product\/zistrose\/#breadcrumb\",\"itemListElement\":[{\"@type\":\"ListItem\",\"position\":1,\"name\":\"\u0391\u03c1\u03c7\u03b9\u03ba\u03ae\",\"item\":\"https:\/\/chrisopigi.gr\/de\/\"},{\"@type\":\"ListItem\",\"position\":2,\"name\":\"Online-Shop\",\"item\":\"https:\/\/chrisopigi.gr\/online-shop\/\"},{\"@type\":\"ListItem\",\"position\":3,\"name\":\"Zistrose\"}]},{\"@type\":\"WebSite\",\"@id\":\"https:\/\/chrisopigi.gr\/de\/#website\",\"url\":\"https:\/\/chrisopigi.gr\/de\/\",\"name\":\"Chrisopigi\",\"description\":\"\u039a\u03c1\u03b7\u03c4\u03b9\u03ba\u03cc \u03b5\u03bb\u03b1\u03b9\u03cc\u03bb\u03b1\u03b4\u03bf &amp; \u03bc\u03ad\u03bb\u03b9 \u03b1\u03c0\u03cc \u03c4\u03b7\u03bd \u03a7\u03c1\u03c5\u03c3\u03bf\u03c0\u03b7\u03b3\u03ae \u03a3\u03b7\u03c4\u03b5\u03af\u03b1\u03c2\",\"potentialAction\":[{\"@type\":\"SearchAction\",\"target\":{\"@type\":\"EntryPoint\",\"urlTemplate\":\"https:\/\/chrisopigi.gr\/de\/?s={search_term_string}\"},\"query-input\":{\"@type\":\"PropertyValueSpecification\",\"valueRequired\":true,\"valueName\":\"search_term_string\"}}],\"inLanguage\":\"de\"}]}<\/script>\n<!-- \/ Yoast SEO plugin. -->","yoast_head_json":{"title":"Zistrose - Chrisopigi","robots":{"index":"index","follow":"follow","max-snippet":"max-snippet:-1","max-image-preview":"max-image-preview:large","max-video-preview":"max-video-preview:-1"},"canonical":"https:\/\/chrisopigi.gr\/de\/product\/zistrose\/","og_locale":"de_DE","og_type":"article","og_title":"Zistrose - Chrisopigi","og_description":"Cistus-Tee ist ein reichhaltiges, aromatisches Getr\u00e4nk aus kretischer Zistrose, bekannt f\u00fcr seinen tiefen, erdigen Geschmack und sein warmes, harziges Aroma. Die Zistrose, eine der charakteristischsten Pflanzen der mediterranen Natur, liefert einen Tee, der sich durch seine nat\u00fcrliche Intensit\u00e4t und einzigartige Reinheit auszeichnet. Jeder Teebeutel entfaltet einen vollen, runden Geschmack, der ideal zu Momenten der Entspannung und des Wohlbefindens passt. Zistrosentee gilt traditionell als [&hellip;]","og_url":"https:\/\/chrisopigi.gr\/de\/product\/zistrose\/","og_site_name":"Chrisopigi","twitter_card":"summary_large_image","twitter_misc":{"Gesch\u00e4tzte Lesezeit":"1\u00a0Minute"},"schema":{"@context":"https:\/\/schema.org","@graph":[{"@type":"WebPage","@id":"https:\/\/chrisopigi.gr\/de\/product\/zistrose\/","url":"https:\/\/chrisopigi.gr\/de\/product\/zistrose\/","name":"Zistrose - Chrisopigi","isPartOf":{"@id":"https:\/\/chrisopigi.gr\/de\/#website"},"primaryImageOfPage":{"@id":"https:\/\/chrisopigi.gr\/de\/product\/zistrose\/#primaryimage"},"image":{"@id":"https:\/\/chrisopigi.gr\/de\/product\/zistrose\/#primaryimage"},"thumbnailUrl":"https:\/\/chrisopigi.gr\/wp-content\/uploads\/2025\/12\/image-15.png","datePublished":"2026-04-29T20:34:04+00:00","breadcrumb":{"@id":"https:\/\/chrisopigi.gr\/de\/product\/zistrose\/#breadcrumb"},"inLanguage":"de","potentialAction":[{"@type":"ReadAction","target":["https:\/\/chrisopigi.gr\/de\/product\/zistrose\/"]}]},{"@type":"ImageObject","inLanguage":"de","@id":"https:\/\/chrisopigi.gr\/de\/product\/zistrose\/#primaryimage","url":"https:\/\/chrisopigi.gr\/wp-content\/uploads\/2025\/12\/image-15.png","contentUrl":"https:\/\/chrisopigi.gr\/wp-content\/uploads\/2025\/12\/image-15.png","width":500,"height":700},{"@type":"BreadcrumbList","@id":"https:\/\/chrisopigi.gr\/de\/product\/zistrose\/#breadcrumb","itemListElement":[{"@type":"ListItem","position":1,"name":"\u0391\u03c1\u03c7\u03b9\u03ba\u03ae","item":"https:\/\/chrisopigi.gr\/de\/"},{"@type":"ListItem","position":2,"name":"Online-Shop","item":"https:\/\/chrisopigi.gr\/online-shop\/"},{"@type":"ListItem","position":3,"name":"Zistrose"}]},{"@type":"WebSite","@id":"https:\/\/chrisopigi.gr\/de\/#website","url":"https:\/\/chrisopigi.gr\/de\/","name":"Chrisopigi","description":"\u039a\u03c1\u03b7\u03c4\u03b9\u03ba\u03cc \u03b5\u03bb\u03b1\u03b9\u03cc\u03bb\u03b1\u03b4\u03bf &amp; \u03bc\u03ad\u03bb\u03b9 \u03b1\u03c0\u03cc \u03c4\u03b7\u03bd \u03a7\u03c1\u03c5\u03c3\u03bf\u03c0\u03b7\u03b3\u03ae \u03a3\u03b7\u03c4\u03b5\u03af\u03b1\u03c2","potentialAction":[{"@type":"SearchAction","target":{"@type":"EntryPoint","urlTemplate":"https:\/\/chrisopigi.gr\/de\/?s={search_term_string}"},"query-input":{"@type":"PropertyValueSpecification","valueRequired":true,"valueName":"search_term_string"}}],"inLanguage":"de"}]}},"_links":{"self":[{"href":"https:\/\/chrisopigi.gr\/de\/wp-json\/wp\/v2\/product\/49517"}],"collection":[{"href":"https:\/\/chrisopigi.gr\/de\/wp-json\/wp\/v2\/product"}],"about":[{"href":"https:\/\/chrisopigi.gr\/de\/wp-json\/wp\/v2\/types\/product"}],"replies":[{"embeddable":true,"href":"https:\/\/chrisopigi.gr\/de\/wp-json\/wp\/v2\/comments?post=49517"}],"wp:featuredmedia":[{"embeddable":true,"href":"https:\/\/chrisopigi.gr\/de\/wp-json\/wp\/v2\/media\/49518"}],"wp:attachment":[{"href":"https:\/\/chrisopigi.gr\/de\/wp-json\/wp\/v2\/media?parent=49517"}],"wp:term":[{"taxonomy":"product_cat","embeddable":true,"href":"https:\/\/chrisopigi.gr\/de\/wp-json\/wp\/v2\/product_cat?post=49517"},{"taxonomy":"product_tag","embeddable":true,"href":"https:\/\/chrisopigi.gr\/de\/wp-json\/wp\/v2\/product_tag?post=49517"}],"curies":[{"name":"wp","href":"https:\/\/api.w.org\/{rel}","templated":true}]}}