{"id":49519,"date":"2025-12-05T18:40:07","date_gmt":"2026-04-29T20:38:00","guid":{"rendered":"https:\/\/chrisopigi.gr\/product\/bergtee\/"},"modified":"2026-04-29T23:38:00","modified_gmt":"2026-04-29T20:38:00","slug":"bergtee","status":"publish","type":"product","link":"https:\/\/chrisopigi.gr\/de\/product\/bergtee\/","title":{"rendered":"Bergtee"},"content":{"rendered":"<p data-start=\"308\" data-end=\"604\">Der Bergtee aus kretischem Malotira ist ein weiches und aromatisches Getr\u00e4nk, das die Reinheit und Frische der kretischen Berge einf\u00e4ngt. Mit seinem dezenten, warmen Aroma und seinem goldgelben Aufguss bietet er ein einzigartiges Genusserlebnis, das den K\u00f6rper beruhigt und die Sinne belebt. <\/p>\n<p data-start=\"606\" data-end=\"831\">Seit jeher beliebt f\u00fcr seine nat\u00fcrliche Wirkung, ist dieser Tee der ideale Begleiter f\u00fcr Momente der Entspannung, W\u00e4rme und des Wohlbefindens \u2013 ob morgens als sanfter Start in den Tag genossen oder abends f\u00fcr einen ruhigen und friedlichen Abschluss.<\/p>\n<p data-start=\"833\" data-end=\"1027\">Die sorgf\u00e4ltig ausgew\u00e4hlten Malotira-Bl\u00fcten werden in praktischen Teebeuteln verpackt, sodass jede Tasse das authentische Aroma und den feinen Geschmack der Pflanze entfaltet, ganz ohne Koffein und ohne Zusatzstoffe.<\/p>\n<h4 style=\"text-align: center\" data-start=\"1029\" data-end=\"1204\">\ud83c\udf3f Herkunft<\/h4>\n<p data-start=\"1029\" data-end=\"1204\">Auf nat\u00fcrliche Weise in den Bergregionen Kretas angebaut, unter idealen klimatischen Bedingungen, die dem Malotira sein besonderes aromatisches Profil verleihen.<\/p>\n<p data-start=\"1206\" data-end=\"1331\">Ein reines, biologisches Getr\u00e4nk von hoher Qualit\u00e4t, das Ihnen die authentische Tradition und die Ruhe der kretischen Natur in die Tasse bringt.<\/p>\n","protected":false},"excerpt":{"rendered":"<p>Der Bergtee aus kretischem Malotira ist ein weiches und aromatisches Getr\u00e4nk, das die Reinheit und Frische der kretischen Berge einf\u00e4ngt. Mit seinem dezenten, warmen Aroma und seinem goldgelben Aufguss bietet er ein einzigartiges Genusserlebnis, das den K\u00f6rper beruhigt und die Sinne belebt. Seit jeher beliebt f\u00fcr seine nat\u00fcrliche Wirkung, ist dieser Tee der ideale Begleiter f\u00fcr Momente der Entspannung, W\u00e4rme und des Wohlbefindens [&hellip;]<\/p>\n","protected":false},"featured_media":49520,"comment_status":"closed","ping_status":"closed","template":"","meta":[],"product_cat":[1837],"product_tag":[],"yoast_head":"<!-- This site is optimized with the Yoast SEO plugin v27.2 - https:\/\/yoast.com\/product\/yoast-seo-wordpress\/ -->\n<title>Bergtee - Chrisopigi<\/title>\n<meta name=\"robots\" content=\"index, follow, max-snippet:-1, max-image-preview:large, max-video-preview:-1\" \/>\n<link rel=\"canonical\" href=\"https:\/\/chrisopigi.gr\/de\/product\/bergtee\/\" \/>\n<meta property=\"og:locale\" content=\"de_DE\" \/>\n<meta property=\"og:type\" content=\"article\" \/>\n<meta property=\"og:title\" content=\"Bergtee - Chrisopigi\" \/>\n<meta property=\"og:description\" content=\"Der Bergtee aus kretischem Malotira ist ein weiches und aromatisches Getr\u00e4nk, das die Reinheit und Frische der kretischen Berge einf\u00e4ngt. Mit seinem dezenten, warmen Aroma und seinem goldgelben Aufguss bietet er ein einzigartiges Genusserlebnis, das den K\u00f6rper beruhigt und die Sinne belebt. Seit jeher beliebt f\u00fcr seine nat\u00fcrliche Wirkung, ist dieser Tee der ideale Begleiter f\u00fcr Momente der Entspannung, W\u00e4rme und des Wohlbefindens [&hellip;]\" \/>\n<meta property=\"og:url\" content=\"https:\/\/chrisopigi.gr\/de\/product\/bergtee\/\" \/>\n<meta property=\"og:site_name\" content=\"Chrisopigi\" \/>\n<meta name=\"twitter:card\" content=\"summary_large_image\" \/>\n<meta name=\"twitter:label1\" content=\"Gesch\u00e4tzte Lesezeit\" \/>\n\t<meta name=\"twitter:data1\" content=\"1\u00a0Minute\" \/>\n<script type=\"application\/ld+json\" class=\"yoast-schema-graph\">{\"@context\":\"https:\/\/schema.org\",\"@graph\":[{\"@type\":\"WebPage\",\"@id\":\"https:\/\/chrisopigi.gr\/de\/product\/bergtee\/\",\"url\":\"https:\/\/chrisopigi.gr\/de\/product\/bergtee\/\",\"name\":\"Bergtee - Chrisopigi\",\"isPartOf\":{\"@id\":\"https:\/\/chrisopigi.gr\/de\/#website\"},\"primaryImageOfPage\":{\"@id\":\"https:\/\/chrisopigi.gr\/de\/product\/bergtee\/#primaryimage\"},\"image\":{\"@id\":\"https:\/\/chrisopigi.gr\/de\/product\/bergtee\/#primaryimage\"},\"thumbnailUrl\":\"https:\/\/chrisopigi.gr\/wp-content\/uploads\/2025\/12\/image-14.png\",\"datePublished\":\"2026-04-29T20:38:00+00:00\",\"breadcrumb\":{\"@id\":\"https:\/\/chrisopigi.gr\/de\/product\/bergtee\/#breadcrumb\"},\"inLanguage\":\"de\",\"potentialAction\":[{\"@type\":\"ReadAction\",\"target\":[\"https:\/\/chrisopigi.gr\/de\/product\/bergtee\/\"]}]},{\"@type\":\"ImageObject\",\"inLanguage\":\"de\",\"@id\":\"https:\/\/chrisopigi.gr\/de\/product\/bergtee\/#primaryimage\",\"url\":\"https:\/\/chrisopigi.gr\/wp-content\/uploads\/2025\/12\/image-14.png\",\"contentUrl\":\"https:\/\/chrisopigi.gr\/wp-content\/uploads\/2025\/12\/image-14.png\",\"width\":500,\"height\":700},{\"@type\":\"BreadcrumbList\",\"@id\":\"https:\/\/chrisopigi.gr\/de\/product\/bergtee\/#breadcrumb\",\"itemListElement\":[{\"@type\":\"ListItem\",\"position\":1,\"name\":\"\u0391\u03c1\u03c7\u03b9\u03ba\u03ae\",\"item\":\"https:\/\/chrisopigi.gr\/de\/\"},{\"@type\":\"ListItem\",\"position\":2,\"name\":\"Online-Shop\",\"item\":\"https:\/\/chrisopigi.gr\/online-shop\/\"},{\"@type\":\"ListItem\",\"position\":3,\"name\":\"Bergtee\"}]},{\"@type\":\"WebSite\",\"@id\":\"https:\/\/chrisopigi.gr\/de\/#website\",\"url\":\"https:\/\/chrisopigi.gr\/de\/\",\"name\":\"Chrisopigi\",\"description\":\"\u039a\u03c1\u03b7\u03c4\u03b9\u03ba\u03cc \u03b5\u03bb\u03b1\u03b9\u03cc\u03bb\u03b1\u03b4\u03bf &amp; \u03bc\u03ad\u03bb\u03b9 \u03b1\u03c0\u03cc \u03c4\u03b7\u03bd \u03a7\u03c1\u03c5\u03c3\u03bf\u03c0\u03b7\u03b3\u03ae \u03a3\u03b7\u03c4\u03b5\u03af\u03b1\u03c2\",\"potentialAction\":[{\"@type\":\"SearchAction\",\"target\":{\"@type\":\"EntryPoint\",\"urlTemplate\":\"https:\/\/chrisopigi.gr\/de\/?s={search_term_string}\"},\"query-input\":{\"@type\":\"PropertyValueSpecification\",\"valueRequired\":true,\"valueName\":\"search_term_string\"}}],\"inLanguage\":\"de\"}]}<\/script>\n<!-- \/ Yoast SEO plugin. -->","yoast_head_json":{"title":"Bergtee - Chrisopigi","robots":{"index":"index","follow":"follow","max-snippet":"max-snippet:-1","max-image-preview":"max-image-preview:large","max-video-preview":"max-video-preview:-1"},"canonical":"https:\/\/chrisopigi.gr\/de\/product\/bergtee\/","og_locale":"de_DE","og_type":"article","og_title":"Bergtee - Chrisopigi","og_description":"Der Bergtee aus kretischem Malotira ist ein weiches und aromatisches Getr\u00e4nk, das die Reinheit und Frische der kretischen Berge einf\u00e4ngt. Mit seinem dezenten, warmen Aroma und seinem goldgelben Aufguss bietet er ein einzigartiges Genusserlebnis, das den K\u00f6rper beruhigt und die Sinne belebt. Seit jeher beliebt f\u00fcr seine nat\u00fcrliche Wirkung, ist dieser Tee der ideale Begleiter f\u00fcr Momente der Entspannung, W\u00e4rme und des Wohlbefindens [&hellip;]","og_url":"https:\/\/chrisopigi.gr\/de\/product\/bergtee\/","og_site_name":"Chrisopigi","twitter_card":"summary_large_image","twitter_misc":{"Gesch\u00e4tzte Lesezeit":"1\u00a0Minute"},"schema":{"@context":"https:\/\/schema.org","@graph":[{"@type":"WebPage","@id":"https:\/\/chrisopigi.gr\/de\/product\/bergtee\/","url":"https:\/\/chrisopigi.gr\/de\/product\/bergtee\/","name":"Bergtee - Chrisopigi","isPartOf":{"@id":"https:\/\/chrisopigi.gr\/de\/#website"},"primaryImageOfPage":{"@id":"https:\/\/chrisopigi.gr\/de\/product\/bergtee\/#primaryimage"},"image":{"@id":"https:\/\/chrisopigi.gr\/de\/product\/bergtee\/#primaryimage"},"thumbnailUrl":"https:\/\/chrisopigi.gr\/wp-content\/uploads\/2025\/12\/image-14.png","datePublished":"2026-04-29T20:38:00+00:00","breadcrumb":{"@id":"https:\/\/chrisopigi.gr\/de\/product\/bergtee\/#breadcrumb"},"inLanguage":"de","potentialAction":[{"@type":"ReadAction","target":["https:\/\/chrisopigi.gr\/de\/product\/bergtee\/"]}]},{"@type":"ImageObject","inLanguage":"de","@id":"https:\/\/chrisopigi.gr\/de\/product\/bergtee\/#primaryimage","url":"https:\/\/chrisopigi.gr\/wp-content\/uploads\/2025\/12\/image-14.png","contentUrl":"https:\/\/chrisopigi.gr\/wp-content\/uploads\/2025\/12\/image-14.png","width":500,"height":700},{"@type":"BreadcrumbList","@id":"https:\/\/chrisopigi.gr\/de\/product\/bergtee\/#breadcrumb","itemListElement":[{"@type":"ListItem","position":1,"name":"\u0391\u03c1\u03c7\u03b9\u03ba\u03ae","item":"https:\/\/chrisopigi.gr\/de\/"},{"@type":"ListItem","position":2,"name":"Online-Shop","item":"https:\/\/chrisopigi.gr\/online-shop\/"},{"@type":"ListItem","position":3,"name":"Bergtee"}]},{"@type":"WebSite","@id":"https:\/\/chrisopigi.gr\/de\/#website","url":"https:\/\/chrisopigi.gr\/de\/","name":"Chrisopigi","description":"\u039a\u03c1\u03b7\u03c4\u03b9\u03ba\u03cc \u03b5\u03bb\u03b1\u03b9\u03cc\u03bb\u03b1\u03b4\u03bf &amp; \u03bc\u03ad\u03bb\u03b9 \u03b1\u03c0\u03cc \u03c4\u03b7\u03bd \u03a7\u03c1\u03c5\u03c3\u03bf\u03c0\u03b7\u03b3\u03ae \u03a3\u03b7\u03c4\u03b5\u03af\u03b1\u03c2","potentialAction":[{"@type":"SearchAction","target":{"@type":"EntryPoint","urlTemplate":"https:\/\/chrisopigi.gr\/de\/?s={search_term_string}"},"query-input":{"@type":"PropertyValueSpecification","valueRequired":true,"valueName":"search_term_string"}}],"inLanguage":"de"}]}},"_links":{"self":[{"href":"https:\/\/chrisopigi.gr\/de\/wp-json\/wp\/v2\/product\/49519"}],"collection":[{"href":"https:\/\/chrisopigi.gr\/de\/wp-json\/wp\/v2\/product"}],"about":[{"href":"https:\/\/chrisopigi.gr\/de\/wp-json\/wp\/v2\/types\/product"}],"replies":[{"embeddable":true,"href":"https:\/\/chrisopigi.gr\/de\/wp-json\/wp\/v2\/comments?post=49519"}],"wp:featuredmedia":[{"embeddable":true,"href":"https:\/\/chrisopigi.gr\/de\/wp-json\/wp\/v2\/media\/49520"}],"wp:attachment":[{"href":"https:\/\/chrisopigi.gr\/de\/wp-json\/wp\/v2\/media?parent=49519"}],"wp:term":[{"taxonomy":"product_cat","embeddable":true,"href":"https:\/\/chrisopigi.gr\/de\/wp-json\/wp\/v2\/product_cat?post=49519"},{"taxonomy":"product_tag","embeddable":true,"href":"https:\/\/chrisopigi.gr\/de\/wp-json\/wp\/v2\/product_tag?post=49519"}],"curies":[{"name":"wp","href":"https:\/\/api.w.org\/{rel}","templated":true}]}}