{"id":49521,"date":"2025-12-05T18:16:04","date_gmt":"2026-04-29T20:42:12","guid":{"rendered":"https:\/\/chrisopigi.gr\/product\/zitronenmelisse-15g\/"},"modified":"2026-04-29T23:42:12","modified_gmt":"2026-04-29T20:42:12","slug":"zitronenmelisse-15g","status":"publish","type":"product","link":"https:\/\/chrisopigi.gr\/de\/product\/zitronenmelisse-15g\/","title":{"rendered":"Zitronenmelisse 15g"},"content":{"rendered":"<p data-start=\"193\" data-end=\"621\">Zitronenmelisse, auch bekannt als \u201eBalsam f\u00fcr das Herz\u201c, ist eines der beliebtesten Kr\u00e4uter der griechischen Natur. Mit ihrem charakteristischen, weichen Zitronenaroma und ihrem s\u00fc\u00dfen, feinen Geschmack bietet sie ein Gef\u00fchl von Ruhe und Wohlbefinden, das den K\u00f6rper belebt und den Geist beruhigt. Seit der Antike wird sie als Kraut zur Entspannung und Linderung verwendet und ist bis heute ein st\u00e4ndiger Verb\u00fcndeter in stressigen Alltagsmomenten.<\/p>\n<p data-start=\"623\" data-end=\"667\">Zitronenmelisse wird traditionell verwendet:<\/p>\n<p data-start=\"669\" data-end=\"922\">\u2022 zur Verringerung von Stress und den Anspannungen des Tages, \u2022 zur Unterst\u00fctzung einer hochwertigen und ruhigen Erholung, \u2022 zur Linderung von Magenbeschwerden und leichten Verdauungsst\u00f6rungen, \u2022 zur Stimmungsaufhellung und F\u00f6rderung des geistigen Wohlbefindens.<\/p>\n<p data-start=\"924\" data-end=\"1152\">Als Getr\u00e4nk ist sie besonders k\u00f6stlich und aromatisch, ideal f\u00fcr die Abendstunden oder f\u00fcr Momente, in denen K\u00f6rper und Geist Ruhe brauchen. Das zarte, frische Gef\u00fchl, das sie hinterl\u00e4sst, erinnert an saubere Luft und bl\u00fchende Pfade.<\/p>\n<h4 style=\"text-align: center\" data-start=\"1154\" data-end=\"1475\">\ud83c\udf3f Kr\u00e4uteranbau<\/h4>\n<p data-start=\"1154\" data-end=\"1475\">Unsere Zitronenmelisse wird auf nat\u00fcrliche Weise auf unseren eigenen L\u00e4ndereien auf Kreta angebaut, auf B\u00f6den, die reich und ideal f\u00fcr aromatische Pflanzen sind. Sie wird sorgf\u00e4ltig im richtigen Reifestadium geerntet und schonend getrocknet, um ihr Aroma, ihre Farbe und ihre wohltuenden Bestandteile unverf\u00e4lscht zu erhalten.<\/p>\n<p data-start=\"1477\" data-end=\"1724\">Mit Respekt f\u00fcr Natur und Mensch wenden wir zertifizierte biologische Landwirtschaft und traditionelle Verarbeitungsmethoden an. Das Ergebnis ist ein reines, authentisches Produkt von hoher Qualit\u00e4t, das die Frische und S\u00fc\u00dfe der mediterranen Erde vermittelt.<\/p>\n","protected":false},"excerpt":{"rendered":"<p>Zitronenmelisse, auch bekannt als \u201eBalsam f\u00fcr das Herz\u201c, ist eines der beliebtesten Kr\u00e4uter der griechischen Natur. Mit ihrem charakteristischen, weichen Zitronenaroma und ihrem s\u00fc\u00dfen, feinen Geschmack bietet sie ein Gef\u00fchl von Ruhe und Wohlbefinden, das den K\u00f6rper belebt und den Geist beruhigt. Seit der Antike wird sie als Kraut zur Entspannung und Linderung verwendet und ist bis heute ein st\u00e4ndiger Verb\u00fcndeter in stressigen [&hellip;]<\/p>\n","protected":false},"featured_media":49522,"comment_status":"closed","ping_status":"closed","template":"","meta":[],"product_cat":[1838],"product_tag":[],"yoast_head":"<!-- This site is optimized with the Yoast SEO plugin v27.2 - https:\/\/yoast.com\/product\/yoast-seo-wordpress\/ -->\n<title>Zitronenmelisse 15g - Chrisopigi<\/title>\n<meta name=\"robots\" content=\"index, follow, max-snippet:-1, max-image-preview:large, max-video-preview:-1\" \/>\n<link rel=\"canonical\" href=\"https:\/\/chrisopigi.gr\/de\/product\/zitronenmelisse-15g\/\" \/>\n<meta property=\"og:locale\" content=\"de_DE\" \/>\n<meta property=\"og:type\" content=\"article\" \/>\n<meta property=\"og:title\" content=\"Zitronenmelisse 15g - Chrisopigi\" \/>\n<meta property=\"og:description\" content=\"Zitronenmelisse, auch bekannt als \u201eBalsam f\u00fcr das Herz\u201c, ist eines der beliebtesten Kr\u00e4uter der griechischen Natur. Mit ihrem charakteristischen, weichen Zitronenaroma und ihrem s\u00fc\u00dfen, feinen Geschmack bietet sie ein Gef\u00fchl von Ruhe und Wohlbefinden, das den K\u00f6rper belebt und den Geist beruhigt. Seit der Antike wird sie als Kraut zur Entspannung und Linderung verwendet und ist bis heute ein st\u00e4ndiger Verb\u00fcndeter in stressigen [&hellip;]\" \/>\n<meta property=\"og:url\" content=\"https:\/\/chrisopigi.gr\/de\/product\/zitronenmelisse-15g\/\" \/>\n<meta property=\"og:site_name\" content=\"Chrisopigi\" \/>\n<meta name=\"twitter:card\" content=\"summary_large_image\" \/>\n<meta name=\"twitter:label1\" content=\"Gesch\u00e4tzte Lesezeit\" \/>\n\t<meta name=\"twitter:data1\" content=\"1\u00a0Minute\" \/>\n<script type=\"application\/ld+json\" class=\"yoast-schema-graph\">{\"@context\":\"https:\/\/schema.org\",\"@graph\":[{\"@type\":\"WebPage\",\"@id\":\"https:\/\/chrisopigi.gr\/de\/product\/zitronenmelisse-15g\/\",\"url\":\"https:\/\/chrisopigi.gr\/de\/product\/zitronenmelisse-15g\/\",\"name\":\"Zitronenmelisse 15g - Chrisopigi\",\"isPartOf\":{\"@id\":\"https:\/\/chrisopigi.gr\/de\/#website\"},\"primaryImageOfPage\":{\"@id\":\"https:\/\/chrisopigi.gr\/de\/product\/zitronenmelisse-15g\/#primaryimage\"},\"image\":{\"@id\":\"https:\/\/chrisopigi.gr\/de\/product\/zitronenmelisse-15g\/#primaryimage\"},\"thumbnailUrl\":\"https:\/\/chrisopigi.gr\/wp-content\/uploads\/2025\/12\/image-13.png\",\"datePublished\":\"2026-04-29T20:42:12+00:00\",\"breadcrumb\":{\"@id\":\"https:\/\/chrisopigi.gr\/de\/product\/zitronenmelisse-15g\/#breadcrumb\"},\"inLanguage\":\"de\",\"potentialAction\":[{\"@type\":\"ReadAction\",\"target\":[\"https:\/\/chrisopigi.gr\/de\/product\/zitronenmelisse-15g\/\"]}]},{\"@type\":\"ImageObject\",\"inLanguage\":\"de\",\"@id\":\"https:\/\/chrisopigi.gr\/de\/product\/zitronenmelisse-15g\/#primaryimage\",\"url\":\"https:\/\/chrisopigi.gr\/wp-content\/uploads\/2025\/12\/image-13.png\",\"contentUrl\":\"https:\/\/chrisopigi.gr\/wp-content\/uploads\/2025\/12\/image-13.png\",\"width\":500,\"height\":700},{\"@type\":\"BreadcrumbList\",\"@id\":\"https:\/\/chrisopigi.gr\/de\/product\/zitronenmelisse-15g\/#breadcrumb\",\"itemListElement\":[{\"@type\":\"ListItem\",\"position\":1,\"name\":\"\u0391\u03c1\u03c7\u03b9\u03ba\u03ae\",\"item\":\"https:\/\/chrisopigi.gr\/de\/\"},{\"@type\":\"ListItem\",\"position\":2,\"name\":\"Online-Shop\",\"item\":\"https:\/\/chrisopigi.gr\/online-shop\/\"},{\"@type\":\"ListItem\",\"position\":3,\"name\":\"Zitronenmelisse 15g\"}]},{\"@type\":\"WebSite\",\"@id\":\"https:\/\/chrisopigi.gr\/de\/#website\",\"url\":\"https:\/\/chrisopigi.gr\/de\/\",\"name\":\"Chrisopigi\",\"description\":\"\u039a\u03c1\u03b7\u03c4\u03b9\u03ba\u03cc \u03b5\u03bb\u03b1\u03b9\u03cc\u03bb\u03b1\u03b4\u03bf &amp; \u03bc\u03ad\u03bb\u03b9 \u03b1\u03c0\u03cc \u03c4\u03b7\u03bd \u03a7\u03c1\u03c5\u03c3\u03bf\u03c0\u03b7\u03b3\u03ae \u03a3\u03b7\u03c4\u03b5\u03af\u03b1\u03c2\",\"potentialAction\":[{\"@type\":\"SearchAction\",\"target\":{\"@type\":\"EntryPoint\",\"urlTemplate\":\"https:\/\/chrisopigi.gr\/de\/?s={search_term_string}\"},\"query-input\":{\"@type\":\"PropertyValueSpecification\",\"valueRequired\":true,\"valueName\":\"search_term_string\"}}],\"inLanguage\":\"de\"}]}<\/script>\n<!-- \/ Yoast SEO plugin. -->","yoast_head_json":{"title":"Zitronenmelisse 15g - Chrisopigi","robots":{"index":"index","follow":"follow","max-snippet":"max-snippet:-1","max-image-preview":"max-image-preview:large","max-video-preview":"max-video-preview:-1"},"canonical":"https:\/\/chrisopigi.gr\/de\/product\/zitronenmelisse-15g\/","og_locale":"de_DE","og_type":"article","og_title":"Zitronenmelisse 15g - Chrisopigi","og_description":"Zitronenmelisse, auch bekannt als \u201eBalsam f\u00fcr das Herz\u201c, ist eines der beliebtesten Kr\u00e4uter der griechischen Natur. Mit ihrem charakteristischen, weichen Zitronenaroma und ihrem s\u00fc\u00dfen, feinen Geschmack bietet sie ein Gef\u00fchl von Ruhe und Wohlbefinden, das den K\u00f6rper belebt und den Geist beruhigt. Seit der Antike wird sie als Kraut zur Entspannung und Linderung verwendet und ist bis heute ein st\u00e4ndiger Verb\u00fcndeter in stressigen [&hellip;]","og_url":"https:\/\/chrisopigi.gr\/de\/product\/zitronenmelisse-15g\/","og_site_name":"Chrisopigi","twitter_card":"summary_large_image","twitter_misc":{"Gesch\u00e4tzte Lesezeit":"1\u00a0Minute"},"schema":{"@context":"https:\/\/schema.org","@graph":[{"@type":"WebPage","@id":"https:\/\/chrisopigi.gr\/de\/product\/zitronenmelisse-15g\/","url":"https:\/\/chrisopigi.gr\/de\/product\/zitronenmelisse-15g\/","name":"Zitronenmelisse 15g - Chrisopigi","isPartOf":{"@id":"https:\/\/chrisopigi.gr\/de\/#website"},"primaryImageOfPage":{"@id":"https:\/\/chrisopigi.gr\/de\/product\/zitronenmelisse-15g\/#primaryimage"},"image":{"@id":"https:\/\/chrisopigi.gr\/de\/product\/zitronenmelisse-15g\/#primaryimage"},"thumbnailUrl":"https:\/\/chrisopigi.gr\/wp-content\/uploads\/2025\/12\/image-13.png","datePublished":"2026-04-29T20:42:12+00:00","breadcrumb":{"@id":"https:\/\/chrisopigi.gr\/de\/product\/zitronenmelisse-15g\/#breadcrumb"},"inLanguage":"de","potentialAction":[{"@type":"ReadAction","target":["https:\/\/chrisopigi.gr\/de\/product\/zitronenmelisse-15g\/"]}]},{"@type":"ImageObject","inLanguage":"de","@id":"https:\/\/chrisopigi.gr\/de\/product\/zitronenmelisse-15g\/#primaryimage","url":"https:\/\/chrisopigi.gr\/wp-content\/uploads\/2025\/12\/image-13.png","contentUrl":"https:\/\/chrisopigi.gr\/wp-content\/uploads\/2025\/12\/image-13.png","width":500,"height":700},{"@type":"BreadcrumbList","@id":"https:\/\/chrisopigi.gr\/de\/product\/zitronenmelisse-15g\/#breadcrumb","itemListElement":[{"@type":"ListItem","position":1,"name":"\u0391\u03c1\u03c7\u03b9\u03ba\u03ae","item":"https:\/\/chrisopigi.gr\/de\/"},{"@type":"ListItem","position":2,"name":"Online-Shop","item":"https:\/\/chrisopigi.gr\/online-shop\/"},{"@type":"ListItem","position":3,"name":"Zitronenmelisse 15g"}]},{"@type":"WebSite","@id":"https:\/\/chrisopigi.gr\/de\/#website","url":"https:\/\/chrisopigi.gr\/de\/","name":"Chrisopigi","description":"\u039a\u03c1\u03b7\u03c4\u03b9\u03ba\u03cc \u03b5\u03bb\u03b1\u03b9\u03cc\u03bb\u03b1\u03b4\u03bf &amp; \u03bc\u03ad\u03bb\u03b9 \u03b1\u03c0\u03cc \u03c4\u03b7\u03bd \u03a7\u03c1\u03c5\u03c3\u03bf\u03c0\u03b7\u03b3\u03ae \u03a3\u03b7\u03c4\u03b5\u03af\u03b1\u03c2","potentialAction":[{"@type":"SearchAction","target":{"@type":"EntryPoint","urlTemplate":"https:\/\/chrisopigi.gr\/de\/?s={search_term_string}"},"query-input":{"@type":"PropertyValueSpecification","valueRequired":true,"valueName":"search_term_string"}}],"inLanguage":"de"}]}},"_links":{"self":[{"href":"https:\/\/chrisopigi.gr\/de\/wp-json\/wp\/v2\/product\/49521"}],"collection":[{"href":"https:\/\/chrisopigi.gr\/de\/wp-json\/wp\/v2\/product"}],"about":[{"href":"https:\/\/chrisopigi.gr\/de\/wp-json\/wp\/v2\/types\/product"}],"replies":[{"embeddable":true,"href":"https:\/\/chrisopigi.gr\/de\/wp-json\/wp\/v2\/comments?post=49521"}],"wp:featuredmedia":[{"embeddable":true,"href":"https:\/\/chrisopigi.gr\/de\/wp-json\/wp\/v2\/media\/49522"}],"wp:attachment":[{"href":"https:\/\/chrisopigi.gr\/de\/wp-json\/wp\/v2\/media?parent=49521"}],"wp:term":[{"taxonomy":"product_cat","embeddable":true,"href":"https:\/\/chrisopigi.gr\/de\/wp-json\/wp\/v2\/product_cat?post=49521"},{"taxonomy":"product_tag","embeddable":true,"href":"https:\/\/chrisopigi.gr\/de\/wp-json\/wp\/v2\/product_tag?post=49521"}],"curies":[{"name":"wp","href":"https:\/\/api.w.org\/{rel}","templated":true}]}}