{"id":49525,"date":"2025-12-05T18:05:22","date_gmt":"2026-04-29T20:49:07","guid":{"rendered":"https:\/\/chrisopigi.gr\/product\/diptam-20g\/"},"modified":"2026-04-29T23:49:07","modified_gmt":"2026-04-29T20:49:07","slug":"diptam-20g","status":"publish","type":"product","link":"https:\/\/chrisopigi.gr\/de\/product\/diptam-20g\/","title":{"rendered":"Diptam 20g"},"content":{"rendered":"<p data-start=\"210\" data-end=\"499\">Diptam ist eines der wertvollsten und historischsten Kr\u00e4uter der kretischen Erde, bekannt seit der Antike f\u00fcr seine Kraft und seine therapeutischen Eigenschaften. Mit seinem sanften, erdigen Aroma und seinem charakteristischen, feinen Geschmack ist Diptam seit Jahrhunderten ein Verb\u00fcndeter f\u00fcr Gesundheit und Wohlbefinden.<\/p>\n<p data-start=\"501\" data-end=\"529\">Traditionell wird sie verwendet:<\/p>\n<p data-start=\"531\" data-end=\"820\">\u2022 zur Linderung von Magenbeschwerden und Verdauungsst\u00f6rungen, \u2022 zur Entspannung des Nervensystems und zum Abbau von Anspannung, \u2022 als nat\u00fcrliche Hilfe in Zeiten von M\u00fcdigkeit, Stress oder Schlaflosigkeit, \u2022 zur Unterst\u00fctzung der Atemwegsfunktion bei Erk\u00e4ltungen und Halsbeschwerden.<\/p>\n<p data-start=\"822\" data-end=\"1063\">Als Getr\u00e4nk bietet Diptam ein warmes, mildes und genussvolles Erlebnis, voller Aromen der kretischen Natur. Es ist eines der Kr\u00e4uter, die sich leicht in die t\u00e4glichen Wellness-Gewohnheiten integrieren lassen und ein Gef\u00fchl von Ruhe und nat\u00fcrlicher Erhebung bieten.<\/p>\n<h4 style=\"text-align: center\" data-start=\"1065\" data-end=\"1426\"><strong>\ud83c\udf3f Kr\u00e4uteranbau<\/strong><\/h4>\n<p style=\"text-align: center\" data-start=\"1065\" data-end=\"1426\">Unser Diptam wird auf nat\u00fcrliche Weise auf unseren eigenen L\u00e4ndereien in Sitia, Kreta, angebaut \u2013 einem Ort mit einem einzigartigen Mikroklima, das ideal f\u00fcr aromatische und medizinische Pflanzen ist. Er wird sorgf\u00e4ltig im richtigen Reifestadium geerntet und schonend getrocknet, um sein Aroma, seine Farbe und seine wohltuenden Eigenschaften unverf\u00e4lscht zu erhalten.<\/p>\n<p data-start=\"1428\" data-end=\"1673\">Mit Respekt f\u00fcr Natur und Mensch wenden wir zertifizierte biologische Landwirtschaft und traditionelle Verarbeitungsmethoden an. Das Ergebnis ist ein reines, authentisches Produkt von hoher Qualit\u00e4t, das die Kraft und Authentizit\u00e4t der kretischen Erde vermittelt.<\/p>\n","protected":false},"excerpt":{"rendered":"<p>Diptam ist eines der wertvollsten und historischsten Kr\u00e4uter der kretischen Erde, bekannt seit der Antike f\u00fcr seine Kraft und seine therapeutischen Eigenschaften. Mit seinem sanften, erdigen Aroma und seinem charakteristischen, feinen Geschmack ist Diptam seit Jahrhunderten ein Verb\u00fcndeter f\u00fcr Gesundheit und Wohlbefinden. Traditionell wird sie verwendet: \u2022 zur Linderung von Magenbeschwerden und Verdauungsst\u00f6rungen, \u2022 zur Entspannung des Nervensystems und zum Abbau von Anspannung, [&hellip;]<\/p>\n","protected":false},"featured_media":49526,"comment_status":"closed","ping_status":"closed","template":"","meta":[],"product_cat":[1838],"product_tag":[],"yoast_head":"<!-- This site is optimized with the Yoast SEO plugin v27.2 - https:\/\/yoast.com\/product\/yoast-seo-wordpress\/ -->\n<title>Diptam 20g - Chrisopigi<\/title>\n<meta name=\"robots\" content=\"index, follow, max-snippet:-1, max-image-preview:large, max-video-preview:-1\" \/>\n<link rel=\"canonical\" href=\"https:\/\/chrisopigi.gr\/de\/product\/diptam-20g\/\" \/>\n<meta property=\"og:locale\" content=\"de_DE\" \/>\n<meta property=\"og:type\" content=\"article\" \/>\n<meta property=\"og:title\" content=\"Diptam 20g - Chrisopigi\" \/>\n<meta property=\"og:description\" content=\"Diptam ist eines der wertvollsten und historischsten Kr\u00e4uter der kretischen Erde, bekannt seit der Antike f\u00fcr seine Kraft und seine therapeutischen Eigenschaften. Mit seinem sanften, erdigen Aroma und seinem charakteristischen, feinen Geschmack ist Diptam seit Jahrhunderten ein Verb\u00fcndeter f\u00fcr Gesundheit und Wohlbefinden. Traditionell wird sie verwendet: \u2022 zur Linderung von Magenbeschwerden und Verdauungsst\u00f6rungen, \u2022 zur Entspannung des Nervensystems und zum Abbau von Anspannung, [&hellip;]\" \/>\n<meta property=\"og:url\" content=\"https:\/\/chrisopigi.gr\/de\/product\/diptam-20g\/\" \/>\n<meta property=\"og:site_name\" content=\"Chrisopigi\" \/>\n<meta name=\"twitter:card\" content=\"summary_large_image\" \/>\n<meta name=\"twitter:label1\" content=\"Gesch\u00e4tzte Lesezeit\" \/>\n\t<meta name=\"twitter:data1\" content=\"1\u00a0Minute\" \/>\n<script type=\"application\/ld+json\" class=\"yoast-schema-graph\">{\"@context\":\"https:\/\/schema.org\",\"@graph\":[{\"@type\":\"WebPage\",\"@id\":\"https:\/\/chrisopigi.gr\/de\/product\/diptam-20g\/\",\"url\":\"https:\/\/chrisopigi.gr\/de\/product\/diptam-20g\/\",\"name\":\"Diptam 20g - Chrisopigi\",\"isPartOf\":{\"@id\":\"https:\/\/chrisopigi.gr\/de\/#website\"},\"primaryImageOfPage\":{\"@id\":\"https:\/\/chrisopigi.gr\/de\/product\/diptam-20g\/#primaryimage\"},\"image\":{\"@id\":\"https:\/\/chrisopigi.gr\/de\/product\/diptam-20g\/#primaryimage\"},\"thumbnailUrl\":\"https:\/\/chrisopigi.gr\/wp-content\/uploads\/2025\/12\/image-11.png\",\"datePublished\":\"2026-04-29T20:49:07+00:00\",\"breadcrumb\":{\"@id\":\"https:\/\/chrisopigi.gr\/de\/product\/diptam-20g\/#breadcrumb\"},\"inLanguage\":\"de\",\"potentialAction\":[{\"@type\":\"ReadAction\",\"target\":[\"https:\/\/chrisopigi.gr\/de\/product\/diptam-20g\/\"]}]},{\"@type\":\"ImageObject\",\"inLanguage\":\"de\",\"@id\":\"https:\/\/chrisopigi.gr\/de\/product\/diptam-20g\/#primaryimage\",\"url\":\"https:\/\/chrisopigi.gr\/wp-content\/uploads\/2025\/12\/image-11.png\",\"contentUrl\":\"https:\/\/chrisopigi.gr\/wp-content\/uploads\/2025\/12\/image-11.png\",\"width\":500,\"height\":700},{\"@type\":\"BreadcrumbList\",\"@id\":\"https:\/\/chrisopigi.gr\/de\/product\/diptam-20g\/#breadcrumb\",\"itemListElement\":[{\"@type\":\"ListItem\",\"position\":1,\"name\":\"\u0391\u03c1\u03c7\u03b9\u03ba\u03ae\",\"item\":\"https:\/\/chrisopigi.gr\/de\/\"},{\"@type\":\"ListItem\",\"position\":2,\"name\":\"Online-Shop\",\"item\":\"https:\/\/chrisopigi.gr\/online-shop\/\"},{\"@type\":\"ListItem\",\"position\":3,\"name\":\"Diptam 20g\"}]},{\"@type\":\"WebSite\",\"@id\":\"https:\/\/chrisopigi.gr\/de\/#website\",\"url\":\"https:\/\/chrisopigi.gr\/de\/\",\"name\":\"Chrisopigi\",\"description\":\"\u039a\u03c1\u03b7\u03c4\u03b9\u03ba\u03cc \u03b5\u03bb\u03b1\u03b9\u03cc\u03bb\u03b1\u03b4\u03bf &amp; \u03bc\u03ad\u03bb\u03b9 \u03b1\u03c0\u03cc \u03c4\u03b7\u03bd \u03a7\u03c1\u03c5\u03c3\u03bf\u03c0\u03b7\u03b3\u03ae \u03a3\u03b7\u03c4\u03b5\u03af\u03b1\u03c2\",\"potentialAction\":[{\"@type\":\"SearchAction\",\"target\":{\"@type\":\"EntryPoint\",\"urlTemplate\":\"https:\/\/chrisopigi.gr\/de\/?s={search_term_string}\"},\"query-input\":{\"@type\":\"PropertyValueSpecification\",\"valueRequired\":true,\"valueName\":\"search_term_string\"}}],\"inLanguage\":\"de\"}]}<\/script>\n<!-- \/ Yoast SEO plugin. -->","yoast_head_json":{"title":"Diptam 20g - Chrisopigi","robots":{"index":"index","follow":"follow","max-snippet":"max-snippet:-1","max-image-preview":"max-image-preview:large","max-video-preview":"max-video-preview:-1"},"canonical":"https:\/\/chrisopigi.gr\/de\/product\/diptam-20g\/","og_locale":"de_DE","og_type":"article","og_title":"Diptam 20g - Chrisopigi","og_description":"Diptam ist eines der wertvollsten und historischsten Kr\u00e4uter der kretischen Erde, bekannt seit der Antike f\u00fcr seine Kraft und seine therapeutischen Eigenschaften. Mit seinem sanften, erdigen Aroma und seinem charakteristischen, feinen Geschmack ist Diptam seit Jahrhunderten ein Verb\u00fcndeter f\u00fcr Gesundheit und Wohlbefinden. Traditionell wird sie verwendet: \u2022 zur Linderung von Magenbeschwerden und Verdauungsst\u00f6rungen, \u2022 zur Entspannung des Nervensystems und zum Abbau von Anspannung, [&hellip;]","og_url":"https:\/\/chrisopigi.gr\/de\/product\/diptam-20g\/","og_site_name":"Chrisopigi","twitter_card":"summary_large_image","twitter_misc":{"Gesch\u00e4tzte Lesezeit":"1\u00a0Minute"},"schema":{"@context":"https:\/\/schema.org","@graph":[{"@type":"WebPage","@id":"https:\/\/chrisopigi.gr\/de\/product\/diptam-20g\/","url":"https:\/\/chrisopigi.gr\/de\/product\/diptam-20g\/","name":"Diptam 20g - Chrisopigi","isPartOf":{"@id":"https:\/\/chrisopigi.gr\/de\/#website"},"primaryImageOfPage":{"@id":"https:\/\/chrisopigi.gr\/de\/product\/diptam-20g\/#primaryimage"},"image":{"@id":"https:\/\/chrisopigi.gr\/de\/product\/diptam-20g\/#primaryimage"},"thumbnailUrl":"https:\/\/chrisopigi.gr\/wp-content\/uploads\/2025\/12\/image-11.png","datePublished":"2026-04-29T20:49:07+00:00","breadcrumb":{"@id":"https:\/\/chrisopigi.gr\/de\/product\/diptam-20g\/#breadcrumb"},"inLanguage":"de","potentialAction":[{"@type":"ReadAction","target":["https:\/\/chrisopigi.gr\/de\/product\/diptam-20g\/"]}]},{"@type":"ImageObject","inLanguage":"de","@id":"https:\/\/chrisopigi.gr\/de\/product\/diptam-20g\/#primaryimage","url":"https:\/\/chrisopigi.gr\/wp-content\/uploads\/2025\/12\/image-11.png","contentUrl":"https:\/\/chrisopigi.gr\/wp-content\/uploads\/2025\/12\/image-11.png","width":500,"height":700},{"@type":"BreadcrumbList","@id":"https:\/\/chrisopigi.gr\/de\/product\/diptam-20g\/#breadcrumb","itemListElement":[{"@type":"ListItem","position":1,"name":"\u0391\u03c1\u03c7\u03b9\u03ba\u03ae","item":"https:\/\/chrisopigi.gr\/de\/"},{"@type":"ListItem","position":2,"name":"Online-Shop","item":"https:\/\/chrisopigi.gr\/online-shop\/"},{"@type":"ListItem","position":3,"name":"Diptam 20g"}]},{"@type":"WebSite","@id":"https:\/\/chrisopigi.gr\/de\/#website","url":"https:\/\/chrisopigi.gr\/de\/","name":"Chrisopigi","description":"\u039a\u03c1\u03b7\u03c4\u03b9\u03ba\u03cc \u03b5\u03bb\u03b1\u03b9\u03cc\u03bb\u03b1\u03b4\u03bf &amp; \u03bc\u03ad\u03bb\u03b9 \u03b1\u03c0\u03cc \u03c4\u03b7\u03bd \u03a7\u03c1\u03c5\u03c3\u03bf\u03c0\u03b7\u03b3\u03ae \u03a3\u03b7\u03c4\u03b5\u03af\u03b1\u03c2","potentialAction":[{"@type":"SearchAction","target":{"@type":"EntryPoint","urlTemplate":"https:\/\/chrisopigi.gr\/de\/?s={search_term_string}"},"query-input":{"@type":"PropertyValueSpecification","valueRequired":true,"valueName":"search_term_string"}}],"inLanguage":"de"}]}},"_links":{"self":[{"href":"https:\/\/chrisopigi.gr\/de\/wp-json\/wp\/v2\/product\/49525"}],"collection":[{"href":"https:\/\/chrisopigi.gr\/de\/wp-json\/wp\/v2\/product"}],"about":[{"href":"https:\/\/chrisopigi.gr\/de\/wp-json\/wp\/v2\/types\/product"}],"replies":[{"embeddable":true,"href":"https:\/\/chrisopigi.gr\/de\/wp-json\/wp\/v2\/comments?post=49525"}],"wp:featuredmedia":[{"embeddable":true,"href":"https:\/\/chrisopigi.gr\/de\/wp-json\/wp\/v2\/media\/49526"}],"wp:attachment":[{"href":"https:\/\/chrisopigi.gr\/de\/wp-json\/wp\/v2\/media?parent=49525"}],"wp:term":[{"taxonomy":"product_cat","embeddable":true,"href":"https:\/\/chrisopigi.gr\/de\/wp-json\/wp\/v2\/product_cat?post=49525"},{"taxonomy":"product_tag","embeddable":true,"href":"https:\/\/chrisopigi.gr\/de\/wp-json\/wp\/v2\/product_tag?post=49525"}],"curies":[{"name":"wp","href":"https:\/\/api.w.org\/{rel}","templated":true}]}}