{"id":49527,"date":"2025-12-05T17:45:47","date_gmt":"2026-04-29T20:53:04","guid":{"rendered":"https:\/\/chrisopigi.gr\/product\/zitronen-mix-tee-20g\/"},"modified":"2026-04-29T23:53:04","modified_gmt":"2026-04-29T20:53:04","slug":"zitronen-mix-tee-20g","status":"publish","type":"product","link":"https:\/\/chrisopigi.gr\/de\/product\/zitronen-mix-tee-20g\/","title":{"rendered":"Zitronen-Mix-Tee 20g"},"content":{"rendered":"<p data-start=\"40\" data-end=\"365\">Der Zitronen-Mix-Tee ist eine harmonische Kombination erlesener kretischer Kr\u00e4uter: Zitronenmelisse, Majoran, Minze, Melomachairo, Malotira und Zitronenverbene. Ein aromatisches Getr\u00e4nk, das die Geschm\u00e4cker ausbalanciert und die traditionellen, wohltuenden Eigenschaften der beliebtesten Kr\u00e4uter der kretischen Erde vereint.<\/p>\n<p data-start=\"367\" data-end=\"393\">Wird besonders genossen:<\/p>\n<ul data-start=\"394\" data-end=\"516\">\n<li data-start=\"394\" data-end=\"443\">\n<p data-start=\"396\" data-end=\"443\">als entspannendes Getr\u00e4nk am Ende des Tages,<\/p>\n<\/li>\n<li data-start=\"444\" data-end=\"475\">\n<p data-start=\"446\" data-end=\"475\">f\u00fcr eine angenehme Erfrischung,<\/p>\n<\/li>\n<li data-start=\"476\" data-end=\"516\">\n<p data-start=\"478\" data-end=\"516\">hei\u00df im Winter oder kalt im Sommer.<\/p>\n<\/li>\n<\/ul>\n<p data-start=\"518\" data-end=\"608\">Sein reiches Aroma und sein ausgewogener Geschmack machen ihn ideal f\u00fcr den t\u00e4glichen Genuss.<\/p>\n<h4 style=\"text-align: center\" data-start=\"615\" data-end=\"645\">\ud83c\udf3f Kr\u00e4uteranbau<\/h4>\n<p data-start=\"647\" data-end=\"1041\">Alle unsere Kr\u00e4uter werden auf nat\u00fcrliche Weise auf unseren biologisch zertifizierten L\u00e4ndereien in Sitia, Kreta, angebaut. Sie werden zum richtigen Zeitpunkt geerntet und schonend getrocknet, um ihre Aromen, \u00e4therischen \u00d6le und nat\u00fcrlichen Eigenschaften zu bewahren.<br data-start=\"895\" data-end=\"898\">Mit Respekt f\u00fcr Natur und Mensch wenden wir Praktiken der biologischen Landwirtschaft an und produzieren \u00e4therische \u00d6le in unserer eigenen zertifizierten Destillieranlage.<\/p>\n","protected":false},"excerpt":{"rendered":"<p>Der Zitronen-Mix-Tee ist eine harmonische Kombination erlesener kretischer Kr\u00e4uter: Zitronenmelisse, Majoran, Minze, Melomachairo, Malotira und Zitronenverbene. Ein aromatisches Getr\u00e4nk, das die Geschm\u00e4cker ausbalanciert und die traditionellen, wohltuenden Eigenschaften der beliebtesten Kr\u00e4uter der kretischen Erde vereint. Wird besonders genossen: als entspannendes Getr\u00e4nk am Ende des Tages, f\u00fcr eine angenehme Erfrischung, hei\u00df im Winter oder kalt im Sommer. Sein reiches Aroma und sein ausgewogener Geschmack [&hellip;]<\/p>\n","protected":false},"featured_media":49528,"comment_status":"closed","ping_status":"closed","template":"","meta":[],"product_cat":[1838],"product_tag":[],"yoast_head":"<!-- This site is optimized with the Yoast SEO plugin v27.2 - https:\/\/yoast.com\/product\/yoast-seo-wordpress\/ -->\n<title>Zitronen-Mix-Tee 20g - Chrisopigi<\/title>\n<meta name=\"robots\" content=\"index, follow, max-snippet:-1, max-image-preview:large, max-video-preview:-1\" \/>\n<link rel=\"canonical\" href=\"https:\/\/chrisopigi.gr\/de\/product\/zitronen-mix-tee-20g\/\" \/>\n<meta property=\"og:locale\" content=\"de_DE\" \/>\n<meta property=\"og:type\" content=\"article\" \/>\n<meta property=\"og:title\" content=\"Zitronen-Mix-Tee 20g - Chrisopigi\" \/>\n<meta property=\"og:description\" content=\"Der Zitronen-Mix-Tee ist eine harmonische Kombination erlesener kretischer Kr\u00e4uter: Zitronenmelisse, Majoran, Minze, Melomachairo, Malotira und Zitronenverbene. Ein aromatisches Getr\u00e4nk, das die Geschm\u00e4cker ausbalanciert und die traditionellen, wohltuenden Eigenschaften der beliebtesten Kr\u00e4uter der kretischen Erde vereint. Wird besonders genossen: als entspannendes Getr\u00e4nk am Ende des Tages, f\u00fcr eine angenehme Erfrischung, hei\u00df im Winter oder kalt im Sommer. Sein reiches Aroma und sein ausgewogener Geschmack [&hellip;]\" \/>\n<meta property=\"og:url\" content=\"https:\/\/chrisopigi.gr\/de\/product\/zitronen-mix-tee-20g\/\" \/>\n<meta property=\"og:site_name\" content=\"Chrisopigi\" \/>\n<meta name=\"twitter:card\" content=\"summary_large_image\" \/>\n<meta name=\"twitter:label1\" content=\"Gesch\u00e4tzte Lesezeit\" \/>\n\t<meta name=\"twitter:data1\" content=\"1\u00a0Minute\" \/>\n<script type=\"application\/ld+json\" class=\"yoast-schema-graph\">{\"@context\":\"https:\/\/schema.org\",\"@graph\":[{\"@type\":\"WebPage\",\"@id\":\"https:\/\/chrisopigi.gr\/de\/product\/zitronen-mix-tee-20g\/\",\"url\":\"https:\/\/chrisopigi.gr\/de\/product\/zitronen-mix-tee-20g\/\",\"name\":\"Zitronen-Mix-Tee 20g - Chrisopigi\",\"isPartOf\":{\"@id\":\"https:\/\/chrisopigi.gr\/de\/#website\"},\"primaryImageOfPage\":{\"@id\":\"https:\/\/chrisopigi.gr\/de\/product\/zitronen-mix-tee-20g\/#primaryimage\"},\"image\":{\"@id\":\"https:\/\/chrisopigi.gr\/de\/product\/zitronen-mix-tee-20g\/#primaryimage\"},\"thumbnailUrl\":\"https:\/\/chrisopigi.gr\/wp-content\/uploads\/2025\/12\/image-10.png\",\"datePublished\":\"2026-04-29T20:53:04+00:00\",\"breadcrumb\":{\"@id\":\"https:\/\/chrisopigi.gr\/de\/product\/zitronen-mix-tee-20g\/#breadcrumb\"},\"inLanguage\":\"de\",\"potentialAction\":[{\"@type\":\"ReadAction\",\"target\":[\"https:\/\/chrisopigi.gr\/de\/product\/zitronen-mix-tee-20g\/\"]}]},{\"@type\":\"ImageObject\",\"inLanguage\":\"de\",\"@id\":\"https:\/\/chrisopigi.gr\/de\/product\/zitronen-mix-tee-20g\/#primaryimage\",\"url\":\"https:\/\/chrisopigi.gr\/wp-content\/uploads\/2025\/12\/image-10.png\",\"contentUrl\":\"https:\/\/chrisopigi.gr\/wp-content\/uploads\/2025\/12\/image-10.png\",\"width\":500,\"height\":700},{\"@type\":\"BreadcrumbList\",\"@id\":\"https:\/\/chrisopigi.gr\/de\/product\/zitronen-mix-tee-20g\/#breadcrumb\",\"itemListElement\":[{\"@type\":\"ListItem\",\"position\":1,\"name\":\"\u0391\u03c1\u03c7\u03b9\u03ba\u03ae\",\"item\":\"https:\/\/chrisopigi.gr\/de\/\"},{\"@type\":\"ListItem\",\"position\":2,\"name\":\"Online-Shop\",\"item\":\"https:\/\/chrisopigi.gr\/online-shop\/\"},{\"@type\":\"ListItem\",\"position\":3,\"name\":\"Zitronen-Mix-Tee 20g\"}]},{\"@type\":\"WebSite\",\"@id\":\"https:\/\/chrisopigi.gr\/de\/#website\",\"url\":\"https:\/\/chrisopigi.gr\/de\/\",\"name\":\"Chrisopigi\",\"description\":\"\u039a\u03c1\u03b7\u03c4\u03b9\u03ba\u03cc \u03b5\u03bb\u03b1\u03b9\u03cc\u03bb\u03b1\u03b4\u03bf &amp; \u03bc\u03ad\u03bb\u03b9 \u03b1\u03c0\u03cc \u03c4\u03b7\u03bd \u03a7\u03c1\u03c5\u03c3\u03bf\u03c0\u03b7\u03b3\u03ae \u03a3\u03b7\u03c4\u03b5\u03af\u03b1\u03c2\",\"potentialAction\":[{\"@type\":\"SearchAction\",\"target\":{\"@type\":\"EntryPoint\",\"urlTemplate\":\"https:\/\/chrisopigi.gr\/de\/?s={search_term_string}\"},\"query-input\":{\"@type\":\"PropertyValueSpecification\",\"valueRequired\":true,\"valueName\":\"search_term_string\"}}],\"inLanguage\":\"de\"}]}<\/script>\n<!-- \/ Yoast SEO plugin. -->","yoast_head_json":{"title":"Zitronen-Mix-Tee 20g - Chrisopigi","robots":{"index":"index","follow":"follow","max-snippet":"max-snippet:-1","max-image-preview":"max-image-preview:large","max-video-preview":"max-video-preview:-1"},"canonical":"https:\/\/chrisopigi.gr\/de\/product\/zitronen-mix-tee-20g\/","og_locale":"de_DE","og_type":"article","og_title":"Zitronen-Mix-Tee 20g - Chrisopigi","og_description":"Der Zitronen-Mix-Tee ist eine harmonische Kombination erlesener kretischer Kr\u00e4uter: Zitronenmelisse, Majoran, Minze, Melomachairo, Malotira und Zitronenverbene. Ein aromatisches Getr\u00e4nk, das die Geschm\u00e4cker ausbalanciert und die traditionellen, wohltuenden Eigenschaften der beliebtesten Kr\u00e4uter der kretischen Erde vereint. Wird besonders genossen: als entspannendes Getr\u00e4nk am Ende des Tages, f\u00fcr eine angenehme Erfrischung, hei\u00df im Winter oder kalt im Sommer. Sein reiches Aroma und sein ausgewogener Geschmack [&hellip;]","og_url":"https:\/\/chrisopigi.gr\/de\/product\/zitronen-mix-tee-20g\/","og_site_name":"Chrisopigi","twitter_card":"summary_large_image","twitter_misc":{"Gesch\u00e4tzte Lesezeit":"1\u00a0Minute"},"schema":{"@context":"https:\/\/schema.org","@graph":[{"@type":"WebPage","@id":"https:\/\/chrisopigi.gr\/de\/product\/zitronen-mix-tee-20g\/","url":"https:\/\/chrisopigi.gr\/de\/product\/zitronen-mix-tee-20g\/","name":"Zitronen-Mix-Tee 20g - Chrisopigi","isPartOf":{"@id":"https:\/\/chrisopigi.gr\/de\/#website"},"primaryImageOfPage":{"@id":"https:\/\/chrisopigi.gr\/de\/product\/zitronen-mix-tee-20g\/#primaryimage"},"image":{"@id":"https:\/\/chrisopigi.gr\/de\/product\/zitronen-mix-tee-20g\/#primaryimage"},"thumbnailUrl":"https:\/\/chrisopigi.gr\/wp-content\/uploads\/2025\/12\/image-10.png","datePublished":"2026-04-29T20:53:04+00:00","breadcrumb":{"@id":"https:\/\/chrisopigi.gr\/de\/product\/zitronen-mix-tee-20g\/#breadcrumb"},"inLanguage":"de","potentialAction":[{"@type":"ReadAction","target":["https:\/\/chrisopigi.gr\/de\/product\/zitronen-mix-tee-20g\/"]}]},{"@type":"ImageObject","inLanguage":"de","@id":"https:\/\/chrisopigi.gr\/de\/product\/zitronen-mix-tee-20g\/#primaryimage","url":"https:\/\/chrisopigi.gr\/wp-content\/uploads\/2025\/12\/image-10.png","contentUrl":"https:\/\/chrisopigi.gr\/wp-content\/uploads\/2025\/12\/image-10.png","width":500,"height":700},{"@type":"BreadcrumbList","@id":"https:\/\/chrisopigi.gr\/de\/product\/zitronen-mix-tee-20g\/#breadcrumb","itemListElement":[{"@type":"ListItem","position":1,"name":"\u0391\u03c1\u03c7\u03b9\u03ba\u03ae","item":"https:\/\/chrisopigi.gr\/de\/"},{"@type":"ListItem","position":2,"name":"Online-Shop","item":"https:\/\/chrisopigi.gr\/online-shop\/"},{"@type":"ListItem","position":3,"name":"Zitronen-Mix-Tee 20g"}]},{"@type":"WebSite","@id":"https:\/\/chrisopigi.gr\/de\/#website","url":"https:\/\/chrisopigi.gr\/de\/","name":"Chrisopigi","description":"\u039a\u03c1\u03b7\u03c4\u03b9\u03ba\u03cc \u03b5\u03bb\u03b1\u03b9\u03cc\u03bb\u03b1\u03b4\u03bf &amp; \u03bc\u03ad\u03bb\u03b9 \u03b1\u03c0\u03cc \u03c4\u03b7\u03bd \u03a7\u03c1\u03c5\u03c3\u03bf\u03c0\u03b7\u03b3\u03ae \u03a3\u03b7\u03c4\u03b5\u03af\u03b1\u03c2","potentialAction":[{"@type":"SearchAction","target":{"@type":"EntryPoint","urlTemplate":"https:\/\/chrisopigi.gr\/de\/?s={search_term_string}"},"query-input":{"@type":"PropertyValueSpecification","valueRequired":true,"valueName":"search_term_string"}}],"inLanguage":"de"}]}},"_links":{"self":[{"href":"https:\/\/chrisopigi.gr\/de\/wp-json\/wp\/v2\/product\/49527"}],"collection":[{"href":"https:\/\/chrisopigi.gr\/de\/wp-json\/wp\/v2\/product"}],"about":[{"href":"https:\/\/chrisopigi.gr\/de\/wp-json\/wp\/v2\/types\/product"}],"replies":[{"embeddable":true,"href":"https:\/\/chrisopigi.gr\/de\/wp-json\/wp\/v2\/comments?post=49527"}],"wp:featuredmedia":[{"embeddable":true,"href":"https:\/\/chrisopigi.gr\/de\/wp-json\/wp\/v2\/media\/49528"}],"wp:attachment":[{"href":"https:\/\/chrisopigi.gr\/de\/wp-json\/wp\/v2\/media?parent=49527"}],"wp:term":[{"taxonomy":"product_cat","embeddable":true,"href":"https:\/\/chrisopigi.gr\/de\/wp-json\/wp\/v2\/product_cat?post=49527"},{"taxonomy":"product_tag","embeddable":true,"href":"https:\/\/chrisopigi.gr\/de\/wp-json\/wp\/v2\/product_tag?post=49527"}],"curies":[{"name":"wp","href":"https:\/\/api.w.org\/{rel}","templated":true}]}}