{"id":49529,"date":"2025-12-05T17:33:30","date_gmt":"2026-04-29T20:58:10","guid":{"rendered":"https:\/\/chrisopigi.gr\/product\/kretische-kraeutermischung-20g\/"},"modified":"2026-04-29T23:58:10","modified_gmt":"2026-04-29T20:58:10","slug":"kretische-kraeutermischung-20g","status":"publish","type":"product","link":"https:\/\/chrisopigi.gr\/de\/product\/kretische-kraeutermischung-20g\/","title":{"rendered":"Kretische Kr\u00e4utermischung 20g"},"content":{"rendered":"<p data-start=\"156\" data-end=\"362\">Der Mix-Tee kombiniert weise ausgew\u00e4hlte kretische Kr\u00e4uter: Diptam, Salbei, Oregano und Diptam. Eine aromatische Mischung mit ausgewogenem Geschmack und reichen traditionellen Eigenschaften.<\/p>\n<p data-start=\"364\" data-end=\"424\">Jedes Kraut tr\u00e4gt sein eigenes, besonderes Element bei:<\/p>\n<ul data-start=\"425\" data-end=\"619\">\n<li data-start=\"425\" data-end=\"492\">\n<p data-start=\"427\" data-end=\"492\">Salbei und Oregano bieten Belebung und Wohlbefinden,<\/p>\n<\/li>\n<li data-start=\"493\" data-end=\"544\">\n<p data-start=\"495\" data-end=\"544\">Diptam sorgt f\u00fcr Ruhe und einen s\u00fc\u00dfen Geschmack,<\/p>\n<\/li>\n<li data-start=\"545\" data-end=\"619\">\n<p data-start=\"547\" data-end=\"619\">die gesamte Mischung funktioniert wunderbar als Getr\u00e4nk f\u00fcr den t\u00e4glichen Genuss.<\/p>\n<\/li>\n<\/ul>\n<p data-start=\"621\" data-end=\"701\">Ideal als hei\u00dfes Getr\u00e4nk, das beruhigt, aber auch als kalter Tee, der erfrischt.<\/p>\n<h4 style=\"text-align: center\" data-start=\"708\" data-end=\"739\">\ud83c\udf3f Kr\u00e4uteranbau<\/h4>\n<p data-start=\"740\" data-end=\"986\">Die f\u00fcr die Mischung verwendeten Kr\u00e4uter stammen aus biologischem Anbau in der Region Sitia auf Kreta. Sie werden im richtigen Stadium geerntet und schonend getrocknet, um ihr Aroma, ihren Geschmack und ihre nat\u00fcrlichen Eigenschaften zu bewahren.<\/p>\n<p data-start=\"988\" data-end=\"1131\">Die Mischung wird mit traditioneller Sorgfalt zubereitet und bietet ein reines, hochwertiges und wohltuendes Getr\u00e4nk, das dem Charakter der kretischen Erde treu bleibt.<\/p>\n","protected":false},"excerpt":{"rendered":"<p>Der Mix-Tee kombiniert weise ausgew\u00e4hlte kretische Kr\u00e4uter: Diptam, Salbei, Oregano und Diptam. Eine aromatische Mischung mit ausgewogenem Geschmack und reichen traditionellen Eigenschaften. Jedes Kraut tr\u00e4gt sein eigenes, besonderes Element bei: Salbei und Oregano bieten Belebung und Wohlbefinden, Diptam sorgt f\u00fcr Ruhe und einen s\u00fc\u00dfen Geschmack, die gesamte Mischung funktioniert wunderbar als Getr\u00e4nk f\u00fcr den t\u00e4glichen Genuss. Ideal als hei\u00dfes Getr\u00e4nk, das beruhigt, aber [&hellip;]<\/p>\n","protected":false},"featured_media":49530,"comment_status":"closed","ping_status":"closed","template":"","meta":[],"product_cat":[1838],"product_tag":[],"yoast_head":"<!-- This site is optimized with the Yoast SEO plugin v27.2 - https:\/\/yoast.com\/product\/yoast-seo-wordpress\/ -->\n<title>Kretische Kr\u00e4utermischung 20g - Chrisopigi<\/title>\n<meta name=\"robots\" content=\"index, follow, max-snippet:-1, max-image-preview:large, max-video-preview:-1\" \/>\n<link rel=\"canonical\" href=\"https:\/\/chrisopigi.gr\/de\/product\/kretische-kraeutermischung-20g\/\" \/>\n<meta property=\"og:locale\" content=\"de_DE\" \/>\n<meta property=\"og:type\" content=\"article\" \/>\n<meta property=\"og:title\" content=\"Kretische Kr\u00e4utermischung 20g - Chrisopigi\" \/>\n<meta property=\"og:description\" content=\"Der Mix-Tee kombiniert weise ausgew\u00e4hlte kretische Kr\u00e4uter: Diptam, Salbei, Oregano und Diptam. Eine aromatische Mischung mit ausgewogenem Geschmack und reichen traditionellen Eigenschaften. Jedes Kraut tr\u00e4gt sein eigenes, besonderes Element bei: Salbei und Oregano bieten Belebung und Wohlbefinden, Diptam sorgt f\u00fcr Ruhe und einen s\u00fc\u00dfen Geschmack, die gesamte Mischung funktioniert wunderbar als Getr\u00e4nk f\u00fcr den t\u00e4glichen Genuss. Ideal als hei\u00dfes Getr\u00e4nk, das beruhigt, aber [&hellip;]\" \/>\n<meta property=\"og:url\" content=\"https:\/\/chrisopigi.gr\/de\/product\/kretische-kraeutermischung-20g\/\" \/>\n<meta property=\"og:site_name\" content=\"Chrisopigi\" \/>\n<meta name=\"twitter:card\" content=\"summary_large_image\" \/>\n<meta name=\"twitter:label1\" content=\"Gesch\u00e4tzte Lesezeit\" \/>\n\t<meta name=\"twitter:data1\" content=\"1\u00a0Minute\" \/>\n<script type=\"application\/ld+json\" class=\"yoast-schema-graph\">{\"@context\":\"https:\/\/schema.org\",\"@graph\":[{\"@type\":\"WebPage\",\"@id\":\"https:\/\/chrisopigi.gr\/de\/product\/kretische-kraeutermischung-20g\/\",\"url\":\"https:\/\/chrisopigi.gr\/de\/product\/kretische-kraeutermischung-20g\/\",\"name\":\"Kretische Kr\u00e4utermischung 20g - Chrisopigi\",\"isPartOf\":{\"@id\":\"https:\/\/chrisopigi.gr\/de\/#website\"},\"primaryImageOfPage\":{\"@id\":\"https:\/\/chrisopigi.gr\/de\/product\/kretische-kraeutermischung-20g\/#primaryimage\"},\"image\":{\"@id\":\"https:\/\/chrisopigi.gr\/de\/product\/kretische-kraeutermischung-20g\/#primaryimage\"},\"thumbnailUrl\":\"https:\/\/chrisopigi.gr\/wp-content\/uploads\/2025\/12\/image-8.png\",\"datePublished\":\"2026-04-29T20:58:10+00:00\",\"breadcrumb\":{\"@id\":\"https:\/\/chrisopigi.gr\/de\/product\/kretische-kraeutermischung-20g\/#breadcrumb\"},\"inLanguage\":\"de\",\"potentialAction\":[{\"@type\":\"ReadAction\",\"target\":[\"https:\/\/chrisopigi.gr\/de\/product\/kretische-kraeutermischung-20g\/\"]}]},{\"@type\":\"ImageObject\",\"inLanguage\":\"de\",\"@id\":\"https:\/\/chrisopigi.gr\/de\/product\/kretische-kraeutermischung-20g\/#primaryimage\",\"url\":\"https:\/\/chrisopigi.gr\/wp-content\/uploads\/2025\/12\/image-8.png\",\"contentUrl\":\"https:\/\/chrisopigi.gr\/wp-content\/uploads\/2025\/12\/image-8.png\",\"width\":500,\"height\":700},{\"@type\":\"BreadcrumbList\",\"@id\":\"https:\/\/chrisopigi.gr\/de\/product\/kretische-kraeutermischung-20g\/#breadcrumb\",\"itemListElement\":[{\"@type\":\"ListItem\",\"position\":1,\"name\":\"\u0391\u03c1\u03c7\u03b9\u03ba\u03ae\",\"item\":\"https:\/\/chrisopigi.gr\/de\/\"},{\"@type\":\"ListItem\",\"position\":2,\"name\":\"Online-Shop\",\"item\":\"https:\/\/chrisopigi.gr\/online-shop\/\"},{\"@type\":\"ListItem\",\"position\":3,\"name\":\"Kretische Kr\u00e4utermischung 20g\"}]},{\"@type\":\"WebSite\",\"@id\":\"https:\/\/chrisopigi.gr\/de\/#website\",\"url\":\"https:\/\/chrisopigi.gr\/de\/\",\"name\":\"Chrisopigi\",\"description\":\"\u039a\u03c1\u03b7\u03c4\u03b9\u03ba\u03cc \u03b5\u03bb\u03b1\u03b9\u03cc\u03bb\u03b1\u03b4\u03bf &amp; \u03bc\u03ad\u03bb\u03b9 \u03b1\u03c0\u03cc \u03c4\u03b7\u03bd \u03a7\u03c1\u03c5\u03c3\u03bf\u03c0\u03b7\u03b3\u03ae \u03a3\u03b7\u03c4\u03b5\u03af\u03b1\u03c2\",\"potentialAction\":[{\"@type\":\"SearchAction\",\"target\":{\"@type\":\"EntryPoint\",\"urlTemplate\":\"https:\/\/chrisopigi.gr\/de\/?s={search_term_string}\"},\"query-input\":{\"@type\":\"PropertyValueSpecification\",\"valueRequired\":true,\"valueName\":\"search_term_string\"}}],\"inLanguage\":\"de\"}]}<\/script>\n<!-- \/ Yoast SEO plugin. -->","yoast_head_json":{"title":"Kretische Kr\u00e4utermischung 20g - Chrisopigi","robots":{"index":"index","follow":"follow","max-snippet":"max-snippet:-1","max-image-preview":"max-image-preview:large","max-video-preview":"max-video-preview:-1"},"canonical":"https:\/\/chrisopigi.gr\/de\/product\/kretische-kraeutermischung-20g\/","og_locale":"de_DE","og_type":"article","og_title":"Kretische Kr\u00e4utermischung 20g - Chrisopigi","og_description":"Der Mix-Tee kombiniert weise ausgew\u00e4hlte kretische Kr\u00e4uter: Diptam, Salbei, Oregano und Diptam. Eine aromatische Mischung mit ausgewogenem Geschmack und reichen traditionellen Eigenschaften. Jedes Kraut tr\u00e4gt sein eigenes, besonderes Element bei: Salbei und Oregano bieten Belebung und Wohlbefinden, Diptam sorgt f\u00fcr Ruhe und einen s\u00fc\u00dfen Geschmack, die gesamte Mischung funktioniert wunderbar als Getr\u00e4nk f\u00fcr den t\u00e4glichen Genuss. Ideal als hei\u00dfes Getr\u00e4nk, das beruhigt, aber [&hellip;]","og_url":"https:\/\/chrisopigi.gr\/de\/product\/kretische-kraeutermischung-20g\/","og_site_name":"Chrisopigi","twitter_card":"summary_large_image","twitter_misc":{"Gesch\u00e4tzte Lesezeit":"1\u00a0Minute"},"schema":{"@context":"https:\/\/schema.org","@graph":[{"@type":"WebPage","@id":"https:\/\/chrisopigi.gr\/de\/product\/kretische-kraeutermischung-20g\/","url":"https:\/\/chrisopigi.gr\/de\/product\/kretische-kraeutermischung-20g\/","name":"Kretische Kr\u00e4utermischung 20g - Chrisopigi","isPartOf":{"@id":"https:\/\/chrisopigi.gr\/de\/#website"},"primaryImageOfPage":{"@id":"https:\/\/chrisopigi.gr\/de\/product\/kretische-kraeutermischung-20g\/#primaryimage"},"image":{"@id":"https:\/\/chrisopigi.gr\/de\/product\/kretische-kraeutermischung-20g\/#primaryimage"},"thumbnailUrl":"https:\/\/chrisopigi.gr\/wp-content\/uploads\/2025\/12\/image-8.png","datePublished":"2026-04-29T20:58:10+00:00","breadcrumb":{"@id":"https:\/\/chrisopigi.gr\/de\/product\/kretische-kraeutermischung-20g\/#breadcrumb"},"inLanguage":"de","potentialAction":[{"@type":"ReadAction","target":["https:\/\/chrisopigi.gr\/de\/product\/kretische-kraeutermischung-20g\/"]}]},{"@type":"ImageObject","inLanguage":"de","@id":"https:\/\/chrisopigi.gr\/de\/product\/kretische-kraeutermischung-20g\/#primaryimage","url":"https:\/\/chrisopigi.gr\/wp-content\/uploads\/2025\/12\/image-8.png","contentUrl":"https:\/\/chrisopigi.gr\/wp-content\/uploads\/2025\/12\/image-8.png","width":500,"height":700},{"@type":"BreadcrumbList","@id":"https:\/\/chrisopigi.gr\/de\/product\/kretische-kraeutermischung-20g\/#breadcrumb","itemListElement":[{"@type":"ListItem","position":1,"name":"\u0391\u03c1\u03c7\u03b9\u03ba\u03ae","item":"https:\/\/chrisopigi.gr\/de\/"},{"@type":"ListItem","position":2,"name":"Online-Shop","item":"https:\/\/chrisopigi.gr\/online-shop\/"},{"@type":"ListItem","position":3,"name":"Kretische Kr\u00e4utermischung 20g"}]},{"@type":"WebSite","@id":"https:\/\/chrisopigi.gr\/de\/#website","url":"https:\/\/chrisopigi.gr\/de\/","name":"Chrisopigi","description":"\u039a\u03c1\u03b7\u03c4\u03b9\u03ba\u03cc \u03b5\u03bb\u03b1\u03b9\u03cc\u03bb\u03b1\u03b4\u03bf &amp; \u03bc\u03ad\u03bb\u03b9 \u03b1\u03c0\u03cc \u03c4\u03b7\u03bd \u03a7\u03c1\u03c5\u03c3\u03bf\u03c0\u03b7\u03b3\u03ae \u03a3\u03b7\u03c4\u03b5\u03af\u03b1\u03c2","potentialAction":[{"@type":"SearchAction","target":{"@type":"EntryPoint","urlTemplate":"https:\/\/chrisopigi.gr\/de\/?s={search_term_string}"},"query-input":{"@type":"PropertyValueSpecification","valueRequired":true,"valueName":"search_term_string"}}],"inLanguage":"de"}]}},"_links":{"self":[{"href":"https:\/\/chrisopigi.gr\/de\/wp-json\/wp\/v2\/product\/49529"}],"collection":[{"href":"https:\/\/chrisopigi.gr\/de\/wp-json\/wp\/v2\/product"}],"about":[{"href":"https:\/\/chrisopigi.gr\/de\/wp-json\/wp\/v2\/types\/product"}],"replies":[{"embeddable":true,"href":"https:\/\/chrisopigi.gr\/de\/wp-json\/wp\/v2\/comments?post=49529"}],"wp:featuredmedia":[{"embeddable":true,"href":"https:\/\/chrisopigi.gr\/de\/wp-json\/wp\/v2\/media\/49530"}],"wp:attachment":[{"href":"https:\/\/chrisopigi.gr\/de\/wp-json\/wp\/v2\/media?parent=49529"}],"wp:term":[{"taxonomy":"product_cat","embeddable":true,"href":"https:\/\/chrisopigi.gr\/de\/wp-json\/wp\/v2\/product_cat?post=49529"},{"taxonomy":"product_tag","embeddable":true,"href":"https:\/\/chrisopigi.gr\/de\/wp-json\/wp\/v2\/product_tag?post=49529"}],"curies":[{"name":"wp","href":"https:\/\/api.w.org\/{rel}","templated":true}]}}