{"id":49531,"date":"2025-12-04T00:57:00","date_gmt":"2026-04-29T21:02:18","guid":{"rendered":"https:\/\/chrisopigi.gr\/product\/malotira-bergtee-15g\/"},"modified":"2026-04-30T00:02:18","modified_gmt":"2026-04-29T21:02:18","slug":"malotira-bergtee-15g","status":"publish","type":"product","link":"https:\/\/chrisopigi.gr\/de\/product\/malotira-bergtee-15g\/","title":{"rendered":"Malotira &#8211; Bergtee 15g"},"content":{"rendered":"<p data-start=\"135\" data-end=\"461\"><br data-start=\"197\" data-end=\"200\">Malotira, der kretische Bergtee, ist eines der symboltr\u00e4chtigsten Kr\u00e4uter Kretas. Er wird traditionell in Bergregionen gesammelt, wo die saubere Luft und die wilde Landschaft der Pflanze ihren charakteristischen Duft und ihre wertvollen Eigenschaften verleihen. <\/p>\n<p data-start=\"463\" data-end=\"580\">Seit jeher gilt er als Kraut der Vitalit\u00e4t, zur St\u00e4rkung des Organismus und der nat\u00fcrlichen Energie. Traditionell wird sie verwendet:<\/p>\n<ul data-start=\"582\" data-end=\"804\">\n<li data-start=\"582\" data-end=\"624\">\n<p data-start=\"584\" data-end=\"624\">zur Unterst\u00fctzung des Immunsystems,<\/p>\n<\/li>\n<li data-start=\"625\" data-end=\"674\">\n<p data-start=\"627\" data-end=\"674\">zur Linderung von Erk\u00e4ltungen und Husten,<\/p>\n<\/li>\n<li data-start=\"675\" data-end=\"704\">\n<p data-start=\"677\" data-end=\"704\">als nat\u00fcrliches Antioxidans,<\/p>\n<\/li>\n<li data-start=\"705\" data-end=\"750\">\n<p data-start=\"707\" data-end=\"750\">zur Belebung und zum Wohlbefinden des K\u00f6rpers,<\/p>\n<\/li>\n<li data-start=\"751\" data-end=\"804\">\n<p data-start=\"753\" data-end=\"804\">zur Unterst\u00fctzung der Verdauung und zur sanften Entspannung.<\/p>\n<\/li>\n<\/ul>\n<p data-start=\"806\" data-end=\"913\">Als Getr\u00e4nk ist er leicht, duftend, mit einem einzigartigen erdigen und k\u00fchlen Geschmack, ideal f\u00fcr jede Tageszeit.<\/p>\n<h4 style=\"text-align: center\" data-start=\"920\" data-end=\"951\">\ud83c\udf3f Kr\u00e4uteranbau<\/h4>\n<p data-start=\"952\" data-end=\"1238\">Unser Malotira wird auf nat\u00fcrliche Weise auf unseren eigenen L\u00e4ndereien auf Kreta angebaut, in Regionen, die das Wachstum dieses spezifischen wilden Krauts beg\u00fcnstigen. Er wird sorgf\u00e4ltig im richtigen Stadium geerntet und schonend getrocknet, um seine wohltuenden Eigenschaften und sein zartes Aroma zu bewahren. <\/p>\n<p data-start=\"1240\" data-end=\"1449\">Wir wenden zertifizierte Praktiken der biologischen Landwirtschaft und traditionelle Verarbeitungsverfahren an, um ein authentisches, reines und hochwertiges Produkt anzubieten, das den Charakter der kretischen Natur widerspiegelt.<\/p>\n","protected":false},"excerpt":{"rendered":"<p>Malotira, der kretische Bergtee, ist eines der symboltr\u00e4chtigsten Kr\u00e4uter Kretas. Er wird traditionell in Bergregionen gesammelt, wo die saubere Luft und die wilde Landschaft der Pflanze ihren charakteristischen Duft und ihre wertvollen Eigenschaften verleihen. Seit jeher gilt er als Kraut der Vitalit\u00e4t, zur St\u00e4rkung des Organismus und der nat\u00fcrlichen Energie. Traditionell wird sie verwendet: zur Unterst\u00fctzung des Immunsystems, zur Linderung von Erk\u00e4ltungen und [&hellip;]<\/p>\n","protected":false},"featured_media":49532,"comment_status":"closed","ping_status":"closed","template":"","meta":[],"product_cat":[1838],"product_tag":[],"yoast_head":"<!-- This site is optimized with the Yoast SEO plugin v27.2 - https:\/\/yoast.com\/product\/yoast-seo-wordpress\/ -->\n<title>Malotira - Bergtee 15g - Chrisopigi<\/title>\n<meta name=\"robots\" content=\"index, follow, max-snippet:-1, max-image-preview:large, max-video-preview:-1\" \/>\n<link rel=\"canonical\" href=\"https:\/\/chrisopigi.gr\/de\/product\/malotira-bergtee-15g\/\" \/>\n<meta property=\"og:locale\" content=\"de_DE\" \/>\n<meta property=\"og:type\" content=\"article\" \/>\n<meta property=\"og:title\" content=\"Malotira - Bergtee 15g - Chrisopigi\" \/>\n<meta property=\"og:description\" content=\"Malotira, der kretische Bergtee, ist eines der symboltr\u00e4chtigsten Kr\u00e4uter Kretas. Er wird traditionell in Bergregionen gesammelt, wo die saubere Luft und die wilde Landschaft der Pflanze ihren charakteristischen Duft und ihre wertvollen Eigenschaften verleihen. Seit jeher gilt er als Kraut der Vitalit\u00e4t, zur St\u00e4rkung des Organismus und der nat\u00fcrlichen Energie. Traditionell wird sie verwendet: zur Unterst\u00fctzung des Immunsystems, zur Linderung von Erk\u00e4ltungen und [&hellip;]\" \/>\n<meta property=\"og:url\" content=\"https:\/\/chrisopigi.gr\/de\/product\/malotira-bergtee-15g\/\" \/>\n<meta property=\"og:site_name\" content=\"Chrisopigi\" \/>\n<meta name=\"twitter:card\" content=\"summary_large_image\" \/>\n<meta name=\"twitter:label1\" content=\"Gesch\u00e4tzte Lesezeit\" \/>\n\t<meta name=\"twitter:data1\" content=\"1\u00a0Minute\" \/>\n<script type=\"application\/ld+json\" class=\"yoast-schema-graph\">{\"@context\":\"https:\/\/schema.org\",\"@graph\":[{\"@type\":\"WebPage\",\"@id\":\"https:\/\/chrisopigi.gr\/de\/product\/malotira-bergtee-15g\/\",\"url\":\"https:\/\/chrisopigi.gr\/de\/product\/malotira-bergtee-15g\/\",\"name\":\"Malotira - Bergtee 15g - Chrisopigi\",\"isPartOf\":{\"@id\":\"https:\/\/chrisopigi.gr\/de\/#website\"},\"primaryImageOfPage\":{\"@id\":\"https:\/\/chrisopigi.gr\/de\/product\/malotira-bergtee-15g\/#primaryimage\"},\"image\":{\"@id\":\"https:\/\/chrisopigi.gr\/de\/product\/malotira-bergtee-15g\/#primaryimage\"},\"thumbnailUrl\":\"https:\/\/chrisopigi.gr\/wp-content\/uploads\/2025\/12\/image-7.png\",\"datePublished\":\"2026-04-29T21:02:18+00:00\",\"breadcrumb\":{\"@id\":\"https:\/\/chrisopigi.gr\/de\/product\/malotira-bergtee-15g\/#breadcrumb\"},\"inLanguage\":\"de\",\"potentialAction\":[{\"@type\":\"ReadAction\",\"target\":[\"https:\/\/chrisopigi.gr\/de\/product\/malotira-bergtee-15g\/\"]}]},{\"@type\":\"ImageObject\",\"inLanguage\":\"de\",\"@id\":\"https:\/\/chrisopigi.gr\/de\/product\/malotira-bergtee-15g\/#primaryimage\",\"url\":\"https:\/\/chrisopigi.gr\/wp-content\/uploads\/2025\/12\/image-7.png\",\"contentUrl\":\"https:\/\/chrisopigi.gr\/wp-content\/uploads\/2025\/12\/image-7.png\",\"width\":500,\"height\":700},{\"@type\":\"BreadcrumbList\",\"@id\":\"https:\/\/chrisopigi.gr\/de\/product\/malotira-bergtee-15g\/#breadcrumb\",\"itemListElement\":[{\"@type\":\"ListItem\",\"position\":1,\"name\":\"\u0391\u03c1\u03c7\u03b9\u03ba\u03ae\",\"item\":\"https:\/\/chrisopigi.gr\/de\/\"},{\"@type\":\"ListItem\",\"position\":2,\"name\":\"Online-Shop\",\"item\":\"https:\/\/chrisopigi.gr\/online-shop\/\"},{\"@type\":\"ListItem\",\"position\":3,\"name\":\"Malotira &#8211; Bergtee 15g\"}]},{\"@type\":\"WebSite\",\"@id\":\"https:\/\/chrisopigi.gr\/de\/#website\",\"url\":\"https:\/\/chrisopigi.gr\/de\/\",\"name\":\"Chrisopigi\",\"description\":\"\u039a\u03c1\u03b7\u03c4\u03b9\u03ba\u03cc \u03b5\u03bb\u03b1\u03b9\u03cc\u03bb\u03b1\u03b4\u03bf &amp; \u03bc\u03ad\u03bb\u03b9 \u03b1\u03c0\u03cc \u03c4\u03b7\u03bd \u03a7\u03c1\u03c5\u03c3\u03bf\u03c0\u03b7\u03b3\u03ae \u03a3\u03b7\u03c4\u03b5\u03af\u03b1\u03c2\",\"potentialAction\":[{\"@type\":\"SearchAction\",\"target\":{\"@type\":\"EntryPoint\",\"urlTemplate\":\"https:\/\/chrisopigi.gr\/de\/?s={search_term_string}\"},\"query-input\":{\"@type\":\"PropertyValueSpecification\",\"valueRequired\":true,\"valueName\":\"search_term_string\"}}],\"inLanguage\":\"de\"}]}<\/script>\n<!-- \/ Yoast SEO plugin. -->","yoast_head_json":{"title":"Malotira - Bergtee 15g - Chrisopigi","robots":{"index":"index","follow":"follow","max-snippet":"max-snippet:-1","max-image-preview":"max-image-preview:large","max-video-preview":"max-video-preview:-1"},"canonical":"https:\/\/chrisopigi.gr\/de\/product\/malotira-bergtee-15g\/","og_locale":"de_DE","og_type":"article","og_title":"Malotira - Bergtee 15g - Chrisopigi","og_description":"Malotira, der kretische Bergtee, ist eines der symboltr\u00e4chtigsten Kr\u00e4uter Kretas. Er wird traditionell in Bergregionen gesammelt, wo die saubere Luft und die wilde Landschaft der Pflanze ihren charakteristischen Duft und ihre wertvollen Eigenschaften verleihen. Seit jeher gilt er als Kraut der Vitalit\u00e4t, zur St\u00e4rkung des Organismus und der nat\u00fcrlichen Energie. Traditionell wird sie verwendet: zur Unterst\u00fctzung des Immunsystems, zur Linderung von Erk\u00e4ltungen und [&hellip;]","og_url":"https:\/\/chrisopigi.gr\/de\/product\/malotira-bergtee-15g\/","og_site_name":"Chrisopigi","twitter_card":"summary_large_image","twitter_misc":{"Gesch\u00e4tzte Lesezeit":"1\u00a0Minute"},"schema":{"@context":"https:\/\/schema.org","@graph":[{"@type":"WebPage","@id":"https:\/\/chrisopigi.gr\/de\/product\/malotira-bergtee-15g\/","url":"https:\/\/chrisopigi.gr\/de\/product\/malotira-bergtee-15g\/","name":"Malotira - Bergtee 15g - Chrisopigi","isPartOf":{"@id":"https:\/\/chrisopigi.gr\/de\/#website"},"primaryImageOfPage":{"@id":"https:\/\/chrisopigi.gr\/de\/product\/malotira-bergtee-15g\/#primaryimage"},"image":{"@id":"https:\/\/chrisopigi.gr\/de\/product\/malotira-bergtee-15g\/#primaryimage"},"thumbnailUrl":"https:\/\/chrisopigi.gr\/wp-content\/uploads\/2025\/12\/image-7.png","datePublished":"2026-04-29T21:02:18+00:00","breadcrumb":{"@id":"https:\/\/chrisopigi.gr\/de\/product\/malotira-bergtee-15g\/#breadcrumb"},"inLanguage":"de","potentialAction":[{"@type":"ReadAction","target":["https:\/\/chrisopigi.gr\/de\/product\/malotira-bergtee-15g\/"]}]},{"@type":"ImageObject","inLanguage":"de","@id":"https:\/\/chrisopigi.gr\/de\/product\/malotira-bergtee-15g\/#primaryimage","url":"https:\/\/chrisopigi.gr\/wp-content\/uploads\/2025\/12\/image-7.png","contentUrl":"https:\/\/chrisopigi.gr\/wp-content\/uploads\/2025\/12\/image-7.png","width":500,"height":700},{"@type":"BreadcrumbList","@id":"https:\/\/chrisopigi.gr\/de\/product\/malotira-bergtee-15g\/#breadcrumb","itemListElement":[{"@type":"ListItem","position":1,"name":"\u0391\u03c1\u03c7\u03b9\u03ba\u03ae","item":"https:\/\/chrisopigi.gr\/de\/"},{"@type":"ListItem","position":2,"name":"Online-Shop","item":"https:\/\/chrisopigi.gr\/online-shop\/"},{"@type":"ListItem","position":3,"name":"Malotira &#8211; Bergtee 15g"}]},{"@type":"WebSite","@id":"https:\/\/chrisopigi.gr\/de\/#website","url":"https:\/\/chrisopigi.gr\/de\/","name":"Chrisopigi","description":"\u039a\u03c1\u03b7\u03c4\u03b9\u03ba\u03cc \u03b5\u03bb\u03b1\u03b9\u03cc\u03bb\u03b1\u03b4\u03bf &amp; \u03bc\u03ad\u03bb\u03b9 \u03b1\u03c0\u03cc \u03c4\u03b7\u03bd \u03a7\u03c1\u03c5\u03c3\u03bf\u03c0\u03b7\u03b3\u03ae \u03a3\u03b7\u03c4\u03b5\u03af\u03b1\u03c2","potentialAction":[{"@type":"SearchAction","target":{"@type":"EntryPoint","urlTemplate":"https:\/\/chrisopigi.gr\/de\/?s={search_term_string}"},"query-input":{"@type":"PropertyValueSpecification","valueRequired":true,"valueName":"search_term_string"}}],"inLanguage":"de"}]}},"_links":{"self":[{"href":"https:\/\/chrisopigi.gr\/de\/wp-json\/wp\/v2\/product\/49531"}],"collection":[{"href":"https:\/\/chrisopigi.gr\/de\/wp-json\/wp\/v2\/product"}],"about":[{"href":"https:\/\/chrisopigi.gr\/de\/wp-json\/wp\/v2\/types\/product"}],"replies":[{"embeddable":true,"href":"https:\/\/chrisopigi.gr\/de\/wp-json\/wp\/v2\/comments?post=49531"}],"wp:featuredmedia":[{"embeddable":true,"href":"https:\/\/chrisopigi.gr\/de\/wp-json\/wp\/v2\/media\/49532"}],"wp:attachment":[{"href":"https:\/\/chrisopigi.gr\/de\/wp-json\/wp\/v2\/media?parent=49531"}],"wp:term":[{"taxonomy":"product_cat","embeddable":true,"href":"https:\/\/chrisopigi.gr\/de\/wp-json\/wp\/v2\/product_cat?post=49531"},{"taxonomy":"product_tag","embeddable":true,"href":"https:\/\/chrisopigi.gr\/de\/wp-json\/wp\/v2\/product_tag?post=49531"}],"curies":[{"name":"wp","href":"https:\/\/api.w.org\/{rel}","templated":true}]}}