{"id":49533,"date":"2025-12-04T00:49:34","date_gmt":"2026-04-29T21:06:15","guid":{"rendered":"https:\/\/chrisopigi.gr\/product\/zitronenverbene-15g\/"},"modified":"2026-04-30T00:06:15","modified_gmt":"2026-04-29T21:06:15","slug":"zitronenverbene-15g","status":"publish","type":"product","link":"https:\/\/chrisopigi.gr\/de\/product\/zitronenverbene-15g\/","title":{"rendered":"Zitronenverbene 15g"},"content":{"rendered":"<p data-start=\"163\" data-end=\"437\">Zitronenverbene ist eines der beliebtesten aromatischen Kr\u00e4uter der griechischen Erde, bekannt f\u00fcr ihr feines, zitroniges Aroma und ihre wohltuenden Eigenschaften. Seit jeher wurde sie als Kraut zur Reinigung und f\u00fcr das Wohlbefinden verwendet und ist bis heute ein Verb\u00fcndeter f\u00fcr K\u00f6rper und Geist.<\/p>\n<p data-start=\"439\" data-end=\"467\">Traditionell wird sie verwendet:<\/p>\n<ul data-start=\"469\" data-end=\"690\">\n<li data-start=\"469\" data-end=\"516\">\n<p data-start=\"471\" data-end=\"516\">\u2022 zur Linderung von Verdauungsst\u00f6rungen,<\/p>\n<\/li>\n<li data-start=\"517\" data-end=\"585\">\n<p data-start=\"519\" data-end=\"585\">\u2022 zur Verringerung von Wassereinlagerungen und dem Gef\u00fchl von \u201eSchwere\u201c,<\/p>\n<\/li>\n<li data-start=\"586\" data-end=\"632\">\n<p data-start=\"588\" data-end=\"632\">\u2022 als nat\u00fcrliches Entspannungsmittel und zur Stimmungsaufhellung,<\/p>\n<\/li>\n<li data-start=\"633\" data-end=\"690\">\n<p data-start=\"635\" data-end=\"690\">\u2022 zur Unterst\u00fctzung einer ruhigen und hochwertigen Erholung.<\/p>\n<\/li>\n<\/ul>\n<p data-start=\"692\" data-end=\"829\">Als Getr\u00e4nk ist sie \u00e4u\u00dferst aromatisch und k\u00f6stlich, w\u00e4hrend sie beim Kochen und Backen eine feine, frische Zitronennote verleiht.<\/p>\n<h4 style=\"text-align: center\" data-start=\"836\" data-end=\"867\">\ud83c\udf3f Kr\u00e4uteranbau<\/h4>\n<p data-start=\"868\" data-end=\"1136\">Unsere Zitronenverbene wird auf nat\u00fcrliche Weise auf unseren eigenen L\u00e4ndereien auf Kreta angebaut, auf B\u00f6den, die reich und ideal f\u00fcr das Wachstum von aromatischen Pflanzen sind. Sie wird sorgf\u00e4ltig geerntet und schonend getrocknet, um ihr Aroma und ihre wohltuenden Bestandteile unverf\u00e4lscht zu erhalten.<\/p>\n<p data-start=\"1138\" data-end=\"1390\">Mit Respekt f\u00fcr Natur und Mensch wenden wir zertifizierte biologische Landwirtschaft und traditionelle Verarbeitungsmethoden an. Das Ergebnis ist ein reines, authentisches und hochwertiges Produkt, das die Reinheit und Frische der mediterranen Erde vermittelt.<\/p>\n","protected":false},"excerpt":{"rendered":"<p>Zitronenverbene ist eines der beliebtesten aromatischen Kr\u00e4uter der griechischen Erde, bekannt f\u00fcr ihr feines, zitroniges Aroma und ihre wohltuenden Eigenschaften. Seit jeher wurde sie als Kraut zur Reinigung und f\u00fcr das Wohlbefinden verwendet und ist bis heute ein Verb\u00fcndeter f\u00fcr K\u00f6rper und Geist. Traditionell wird sie verwendet: \u2022 zur Linderung von Verdauungsst\u00f6rungen, \u2022 zur Verringerung von Wassereinlagerungen und dem Gef\u00fchl von \u201eSchwere\u201c, \u2022 [&hellip;]<\/p>\n","protected":false},"featured_media":49534,"comment_status":"closed","ping_status":"closed","template":"","meta":[],"product_cat":[1838],"product_tag":[],"yoast_head":"<!-- This site is optimized with the Yoast SEO plugin v27.2 - https:\/\/yoast.com\/product\/yoast-seo-wordpress\/ -->\n<title>Zitronenverbene 15g - Chrisopigi<\/title>\n<meta name=\"robots\" content=\"index, follow, max-snippet:-1, max-image-preview:large, max-video-preview:-1\" \/>\n<link rel=\"canonical\" href=\"https:\/\/chrisopigi.gr\/de\/product\/zitronenverbene-15g\/\" \/>\n<meta property=\"og:locale\" content=\"de_DE\" \/>\n<meta property=\"og:type\" content=\"article\" \/>\n<meta property=\"og:title\" content=\"Zitronenverbene 15g - Chrisopigi\" \/>\n<meta property=\"og:description\" content=\"Zitronenverbene ist eines der beliebtesten aromatischen Kr\u00e4uter der griechischen Erde, bekannt f\u00fcr ihr feines, zitroniges Aroma und ihre wohltuenden Eigenschaften. Seit jeher wurde sie als Kraut zur Reinigung und f\u00fcr das Wohlbefinden verwendet und ist bis heute ein Verb\u00fcndeter f\u00fcr K\u00f6rper und Geist. Traditionell wird sie verwendet: \u2022 zur Linderung von Verdauungsst\u00f6rungen, \u2022 zur Verringerung von Wassereinlagerungen und dem Gef\u00fchl von \u201eSchwere\u201c, \u2022 [&hellip;]\" \/>\n<meta property=\"og:url\" content=\"https:\/\/chrisopigi.gr\/de\/product\/zitronenverbene-15g\/\" \/>\n<meta property=\"og:site_name\" content=\"Chrisopigi\" \/>\n<meta name=\"twitter:card\" content=\"summary_large_image\" \/>\n<meta name=\"twitter:label1\" content=\"Gesch\u00e4tzte Lesezeit\" \/>\n\t<meta name=\"twitter:data1\" content=\"1\u00a0Minute\" \/>\n<script type=\"application\/ld+json\" class=\"yoast-schema-graph\">{\"@context\":\"https:\/\/schema.org\",\"@graph\":[{\"@type\":\"WebPage\",\"@id\":\"https:\/\/chrisopigi.gr\/de\/product\/zitronenverbene-15g\/\",\"url\":\"https:\/\/chrisopigi.gr\/de\/product\/zitronenverbene-15g\/\",\"name\":\"Zitronenverbene 15g - Chrisopigi\",\"isPartOf\":{\"@id\":\"https:\/\/chrisopigi.gr\/de\/#website\"},\"primaryImageOfPage\":{\"@id\":\"https:\/\/chrisopigi.gr\/de\/product\/zitronenverbene-15g\/#primaryimage\"},\"image\":{\"@id\":\"https:\/\/chrisopigi.gr\/de\/product\/zitronenverbene-15g\/#primaryimage\"},\"thumbnailUrl\":\"https:\/\/chrisopigi.gr\/wp-content\/uploads\/2025\/12\/image-6.png\",\"datePublished\":\"2026-04-29T21:06:15+00:00\",\"breadcrumb\":{\"@id\":\"https:\/\/chrisopigi.gr\/de\/product\/zitronenverbene-15g\/#breadcrumb\"},\"inLanguage\":\"de\",\"potentialAction\":[{\"@type\":\"ReadAction\",\"target\":[\"https:\/\/chrisopigi.gr\/de\/product\/zitronenverbene-15g\/\"]}]},{\"@type\":\"ImageObject\",\"inLanguage\":\"de\",\"@id\":\"https:\/\/chrisopigi.gr\/de\/product\/zitronenverbene-15g\/#primaryimage\",\"url\":\"https:\/\/chrisopigi.gr\/wp-content\/uploads\/2025\/12\/image-6.png\",\"contentUrl\":\"https:\/\/chrisopigi.gr\/wp-content\/uploads\/2025\/12\/image-6.png\",\"width\":500,\"height\":700},{\"@type\":\"BreadcrumbList\",\"@id\":\"https:\/\/chrisopigi.gr\/de\/product\/zitronenverbene-15g\/#breadcrumb\",\"itemListElement\":[{\"@type\":\"ListItem\",\"position\":1,\"name\":\"\u0391\u03c1\u03c7\u03b9\u03ba\u03ae\",\"item\":\"https:\/\/chrisopigi.gr\/de\/\"},{\"@type\":\"ListItem\",\"position\":2,\"name\":\"Online-Shop\",\"item\":\"https:\/\/chrisopigi.gr\/online-shop\/\"},{\"@type\":\"ListItem\",\"position\":3,\"name\":\"Zitronenverbene 15g\"}]},{\"@type\":\"WebSite\",\"@id\":\"https:\/\/chrisopigi.gr\/de\/#website\",\"url\":\"https:\/\/chrisopigi.gr\/de\/\",\"name\":\"Chrisopigi\",\"description\":\"\u039a\u03c1\u03b7\u03c4\u03b9\u03ba\u03cc \u03b5\u03bb\u03b1\u03b9\u03cc\u03bb\u03b1\u03b4\u03bf &amp; \u03bc\u03ad\u03bb\u03b9 \u03b1\u03c0\u03cc \u03c4\u03b7\u03bd \u03a7\u03c1\u03c5\u03c3\u03bf\u03c0\u03b7\u03b3\u03ae \u03a3\u03b7\u03c4\u03b5\u03af\u03b1\u03c2\",\"potentialAction\":[{\"@type\":\"SearchAction\",\"target\":{\"@type\":\"EntryPoint\",\"urlTemplate\":\"https:\/\/chrisopigi.gr\/de\/?s={search_term_string}\"},\"query-input\":{\"@type\":\"PropertyValueSpecification\",\"valueRequired\":true,\"valueName\":\"search_term_string\"}}],\"inLanguage\":\"de\"}]}<\/script>\n<!-- \/ Yoast SEO plugin. -->","yoast_head_json":{"title":"Zitronenverbene 15g - Chrisopigi","robots":{"index":"index","follow":"follow","max-snippet":"max-snippet:-1","max-image-preview":"max-image-preview:large","max-video-preview":"max-video-preview:-1"},"canonical":"https:\/\/chrisopigi.gr\/de\/product\/zitronenverbene-15g\/","og_locale":"de_DE","og_type":"article","og_title":"Zitronenverbene 15g - Chrisopigi","og_description":"Zitronenverbene ist eines der beliebtesten aromatischen Kr\u00e4uter der griechischen Erde, bekannt f\u00fcr ihr feines, zitroniges Aroma und ihre wohltuenden Eigenschaften. Seit jeher wurde sie als Kraut zur Reinigung und f\u00fcr das Wohlbefinden verwendet und ist bis heute ein Verb\u00fcndeter f\u00fcr K\u00f6rper und Geist. Traditionell wird sie verwendet: \u2022 zur Linderung von Verdauungsst\u00f6rungen, \u2022 zur Verringerung von Wassereinlagerungen und dem Gef\u00fchl von \u201eSchwere\u201c, \u2022 [&hellip;]","og_url":"https:\/\/chrisopigi.gr\/de\/product\/zitronenverbene-15g\/","og_site_name":"Chrisopigi","twitter_card":"summary_large_image","twitter_misc":{"Gesch\u00e4tzte Lesezeit":"1\u00a0Minute"},"schema":{"@context":"https:\/\/schema.org","@graph":[{"@type":"WebPage","@id":"https:\/\/chrisopigi.gr\/de\/product\/zitronenverbene-15g\/","url":"https:\/\/chrisopigi.gr\/de\/product\/zitronenverbene-15g\/","name":"Zitronenverbene 15g - Chrisopigi","isPartOf":{"@id":"https:\/\/chrisopigi.gr\/de\/#website"},"primaryImageOfPage":{"@id":"https:\/\/chrisopigi.gr\/de\/product\/zitronenverbene-15g\/#primaryimage"},"image":{"@id":"https:\/\/chrisopigi.gr\/de\/product\/zitronenverbene-15g\/#primaryimage"},"thumbnailUrl":"https:\/\/chrisopigi.gr\/wp-content\/uploads\/2025\/12\/image-6.png","datePublished":"2026-04-29T21:06:15+00:00","breadcrumb":{"@id":"https:\/\/chrisopigi.gr\/de\/product\/zitronenverbene-15g\/#breadcrumb"},"inLanguage":"de","potentialAction":[{"@type":"ReadAction","target":["https:\/\/chrisopigi.gr\/de\/product\/zitronenverbene-15g\/"]}]},{"@type":"ImageObject","inLanguage":"de","@id":"https:\/\/chrisopigi.gr\/de\/product\/zitronenverbene-15g\/#primaryimage","url":"https:\/\/chrisopigi.gr\/wp-content\/uploads\/2025\/12\/image-6.png","contentUrl":"https:\/\/chrisopigi.gr\/wp-content\/uploads\/2025\/12\/image-6.png","width":500,"height":700},{"@type":"BreadcrumbList","@id":"https:\/\/chrisopigi.gr\/de\/product\/zitronenverbene-15g\/#breadcrumb","itemListElement":[{"@type":"ListItem","position":1,"name":"\u0391\u03c1\u03c7\u03b9\u03ba\u03ae","item":"https:\/\/chrisopigi.gr\/de\/"},{"@type":"ListItem","position":2,"name":"Online-Shop","item":"https:\/\/chrisopigi.gr\/online-shop\/"},{"@type":"ListItem","position":3,"name":"Zitronenverbene 15g"}]},{"@type":"WebSite","@id":"https:\/\/chrisopigi.gr\/de\/#website","url":"https:\/\/chrisopigi.gr\/de\/","name":"Chrisopigi","description":"\u039a\u03c1\u03b7\u03c4\u03b9\u03ba\u03cc \u03b5\u03bb\u03b1\u03b9\u03cc\u03bb\u03b1\u03b4\u03bf &amp; \u03bc\u03ad\u03bb\u03b9 \u03b1\u03c0\u03cc \u03c4\u03b7\u03bd \u03a7\u03c1\u03c5\u03c3\u03bf\u03c0\u03b7\u03b3\u03ae \u03a3\u03b7\u03c4\u03b5\u03af\u03b1\u03c2","potentialAction":[{"@type":"SearchAction","target":{"@type":"EntryPoint","urlTemplate":"https:\/\/chrisopigi.gr\/de\/?s={search_term_string}"},"query-input":{"@type":"PropertyValueSpecification","valueRequired":true,"valueName":"search_term_string"}}],"inLanguage":"de"}]}},"_links":{"self":[{"href":"https:\/\/chrisopigi.gr\/de\/wp-json\/wp\/v2\/product\/49533"}],"collection":[{"href":"https:\/\/chrisopigi.gr\/de\/wp-json\/wp\/v2\/product"}],"about":[{"href":"https:\/\/chrisopigi.gr\/de\/wp-json\/wp\/v2\/types\/product"}],"replies":[{"embeddable":true,"href":"https:\/\/chrisopigi.gr\/de\/wp-json\/wp\/v2\/comments?post=49533"}],"wp:featuredmedia":[{"embeddable":true,"href":"https:\/\/chrisopigi.gr\/de\/wp-json\/wp\/v2\/media\/49534"}],"wp:attachment":[{"href":"https:\/\/chrisopigi.gr\/de\/wp-json\/wp\/v2\/media?parent=49533"}],"wp:term":[{"taxonomy":"product_cat","embeddable":true,"href":"https:\/\/chrisopigi.gr\/de\/wp-json\/wp\/v2\/product_cat?post=49533"},{"taxonomy":"product_tag","embeddable":true,"href":"https:\/\/chrisopigi.gr\/de\/wp-json\/wp\/v2\/product_tag?post=49533"}],"curies":[{"name":"wp","href":"https:\/\/api.w.org\/{rel}","templated":true}]}}