{"id":49535,"date":"2025-12-04T00:42:53","date_gmt":"2026-04-29T21:10:51","guid":{"rendered":"https:\/\/chrisopigi.gr\/product\/majoran-20g\/"},"modified":"2026-04-30T00:10:51","modified_gmt":"2026-04-29T21:10:51","slug":"majoran-20g","status":"publish","type":"product","link":"https:\/\/chrisopigi.gr\/de\/product\/majoran-20g\/","title":{"rendered":"Majoran 20g"},"content":{"rendered":"<p data-start=\"158\" data-end=\"439\">Majoran ist eines der feinsten und duftendsten Kr\u00e4uter der griechischen Natur, mit einem sanften, s\u00fc\u00dfen Aroma, das die Sinne beruhigt. Seit der Antike gilt er als Kraut des Gl\u00fccks und der Ruhe und wird bis heute f\u00fcr seine wohltuenden und beruhigenden Eigenschaften gesch\u00e4tzt.<\/p>\n<p data-start=\"441\" data-end=\"469\">Traditionell wird sie verwendet:<\/p>\n<ul data-start=\"471\" data-end=\"683\">\n<li data-start=\"471\" data-end=\"528\">\n<p data-start=\"473\" data-end=\"528\">zur Linderung von Stress, Anspannung und Nervosit\u00e4t,<\/p>\n<\/li>\n<li data-start=\"529\" data-end=\"581\">\n<p data-start=\"531\" data-end=\"581\">als nat\u00fcrliches Beruhigungsmittel f\u00fcr das Verdauungssystem,<\/p>\n<\/li>\n<li data-start=\"582\" data-end=\"622\">\n<p data-start=\"584\" data-end=\"622\">zur Linderung von Kopfschmerzen,<\/p>\n<\/li>\n<li data-start=\"623\" data-end=\"683\">\n<p data-start=\"625\" data-end=\"683\">zur Erleichterung der Atmung und zur sanften Abschwellung.<\/p>\n<\/li>\n<\/ul>\n<p data-start=\"685\" data-end=\"861\">Beim Kochen verleiht er Suppen, Saucen, H\u00fclsenfr\u00fcchten, Gem\u00fcse, H\u00e4hnchengerichten sowie Kr\u00e4utermischungen einen milden, s\u00fc\u00dfen Geschmack. Er passt auch wunderbar in aromatische Getr\u00e4nke.<\/p>\n<h4 style=\"text-align: center\" data-start=\"868\" data-end=\"899\">\ud83c\udf3f Kr\u00e4uteranbau<\/h4>\n<p data-start=\"900\" data-end=\"1174\">Unser Majoran wird auf nat\u00fcrliche Weise auf unseren eigenen L\u00e4ndereien auf Kreta angebaut, in einer Umgebung, die ideal f\u00fcr das Wachstum von aromatischen Pflanzen ist. Er wird sorgf\u00e4ltig geerntet und mit schonenden Methoden getrocknet, um sein Aroma, seine \u00e4therischen \u00d6le und seine wertvollen Inhaltsstoffe zu bewahren.<\/p>\n<p data-start=\"1176\" data-end=\"1384\">Wir befolgen zertifizierte Praktiken der biologischen Landwirtschaft und traditionelle Verarbeitungstechniken und garantieren so ein reines, authentisches und hochwertiges Produkt, voller nat\u00fcrlichem Duft und wohltuenden Eigenschaften.<\/p>\n","protected":false},"excerpt":{"rendered":"<p>Majoran ist eines der feinsten und duftendsten Kr\u00e4uter der griechischen Natur, mit einem sanften, s\u00fc\u00dfen Aroma, das die Sinne beruhigt. Seit der Antike gilt er als Kraut des Gl\u00fccks und der Ruhe und wird bis heute f\u00fcr seine wohltuenden und beruhigenden Eigenschaften gesch\u00e4tzt. Traditionell wird sie verwendet: zur Linderung von Stress, Anspannung und Nervosit\u00e4t, als nat\u00fcrliches Beruhigungsmittel f\u00fcr das Verdauungssystem, zur Linderung von [&hellip;]<\/p>\n","protected":false},"featured_media":49536,"comment_status":"closed","ping_status":"closed","template":"","meta":[],"product_cat":[1838],"product_tag":[],"yoast_head":"<!-- This site is optimized with the Yoast SEO plugin v27.2 - https:\/\/yoast.com\/product\/yoast-seo-wordpress\/ -->\n<title>Majoran 20g - Chrisopigi<\/title>\n<meta name=\"robots\" content=\"index, follow, max-snippet:-1, max-image-preview:large, max-video-preview:-1\" \/>\n<link rel=\"canonical\" href=\"https:\/\/chrisopigi.gr\/de\/product\/majoran-20g\/\" \/>\n<meta property=\"og:locale\" content=\"de_DE\" \/>\n<meta property=\"og:type\" content=\"article\" \/>\n<meta property=\"og:title\" content=\"Majoran 20g - Chrisopigi\" \/>\n<meta property=\"og:description\" content=\"Majoran ist eines der feinsten und duftendsten Kr\u00e4uter der griechischen Natur, mit einem sanften, s\u00fc\u00dfen Aroma, das die Sinne beruhigt. Seit der Antike gilt er als Kraut des Gl\u00fccks und der Ruhe und wird bis heute f\u00fcr seine wohltuenden und beruhigenden Eigenschaften gesch\u00e4tzt. Traditionell wird sie verwendet: zur Linderung von Stress, Anspannung und Nervosit\u00e4t, als nat\u00fcrliches Beruhigungsmittel f\u00fcr das Verdauungssystem, zur Linderung von [&hellip;]\" \/>\n<meta property=\"og:url\" content=\"https:\/\/chrisopigi.gr\/de\/product\/majoran-20g\/\" \/>\n<meta property=\"og:site_name\" content=\"Chrisopigi\" \/>\n<meta name=\"twitter:card\" content=\"summary_large_image\" \/>\n<meta name=\"twitter:label1\" content=\"Gesch\u00e4tzte Lesezeit\" \/>\n\t<meta name=\"twitter:data1\" content=\"1\u00a0Minute\" \/>\n<script type=\"application\/ld+json\" class=\"yoast-schema-graph\">{\"@context\":\"https:\/\/schema.org\",\"@graph\":[{\"@type\":\"WebPage\",\"@id\":\"https:\/\/chrisopigi.gr\/de\/product\/majoran-20g\/\",\"url\":\"https:\/\/chrisopigi.gr\/de\/product\/majoran-20g\/\",\"name\":\"Majoran 20g - Chrisopigi\",\"isPartOf\":{\"@id\":\"https:\/\/chrisopigi.gr\/de\/#website\"},\"primaryImageOfPage\":{\"@id\":\"https:\/\/chrisopigi.gr\/de\/product\/majoran-20g\/#primaryimage\"},\"image\":{\"@id\":\"https:\/\/chrisopigi.gr\/de\/product\/majoran-20g\/#primaryimage\"},\"thumbnailUrl\":\"https:\/\/chrisopigi.gr\/wp-content\/uploads\/2025\/12\/image-5.png\",\"datePublished\":\"2026-04-29T21:10:51+00:00\",\"breadcrumb\":{\"@id\":\"https:\/\/chrisopigi.gr\/de\/product\/majoran-20g\/#breadcrumb\"},\"inLanguage\":\"de\",\"potentialAction\":[{\"@type\":\"ReadAction\",\"target\":[\"https:\/\/chrisopigi.gr\/de\/product\/majoran-20g\/\"]}]},{\"@type\":\"ImageObject\",\"inLanguage\":\"de\",\"@id\":\"https:\/\/chrisopigi.gr\/de\/product\/majoran-20g\/#primaryimage\",\"url\":\"https:\/\/chrisopigi.gr\/wp-content\/uploads\/2025\/12\/image-5.png\",\"contentUrl\":\"https:\/\/chrisopigi.gr\/wp-content\/uploads\/2025\/12\/image-5.png\",\"width\":500,\"height\":700},{\"@type\":\"BreadcrumbList\",\"@id\":\"https:\/\/chrisopigi.gr\/de\/product\/majoran-20g\/#breadcrumb\",\"itemListElement\":[{\"@type\":\"ListItem\",\"position\":1,\"name\":\"\u0391\u03c1\u03c7\u03b9\u03ba\u03ae\",\"item\":\"https:\/\/chrisopigi.gr\/de\/\"},{\"@type\":\"ListItem\",\"position\":2,\"name\":\"Online-Shop\",\"item\":\"https:\/\/chrisopigi.gr\/online-shop\/\"},{\"@type\":\"ListItem\",\"position\":3,\"name\":\"Majoran 20g\"}]},{\"@type\":\"WebSite\",\"@id\":\"https:\/\/chrisopigi.gr\/de\/#website\",\"url\":\"https:\/\/chrisopigi.gr\/de\/\",\"name\":\"Chrisopigi\",\"description\":\"\u039a\u03c1\u03b7\u03c4\u03b9\u03ba\u03cc \u03b5\u03bb\u03b1\u03b9\u03cc\u03bb\u03b1\u03b4\u03bf &amp; \u03bc\u03ad\u03bb\u03b9 \u03b1\u03c0\u03cc \u03c4\u03b7\u03bd \u03a7\u03c1\u03c5\u03c3\u03bf\u03c0\u03b7\u03b3\u03ae \u03a3\u03b7\u03c4\u03b5\u03af\u03b1\u03c2\",\"potentialAction\":[{\"@type\":\"SearchAction\",\"target\":{\"@type\":\"EntryPoint\",\"urlTemplate\":\"https:\/\/chrisopigi.gr\/de\/?s={search_term_string}\"},\"query-input\":{\"@type\":\"PropertyValueSpecification\",\"valueRequired\":true,\"valueName\":\"search_term_string\"}}],\"inLanguage\":\"de\"}]}<\/script>\n<!-- \/ Yoast SEO plugin. -->","yoast_head_json":{"title":"Majoran 20g - Chrisopigi","robots":{"index":"index","follow":"follow","max-snippet":"max-snippet:-1","max-image-preview":"max-image-preview:large","max-video-preview":"max-video-preview:-1"},"canonical":"https:\/\/chrisopigi.gr\/de\/product\/majoran-20g\/","og_locale":"de_DE","og_type":"article","og_title":"Majoran 20g - Chrisopigi","og_description":"Majoran ist eines der feinsten und duftendsten Kr\u00e4uter der griechischen Natur, mit einem sanften, s\u00fc\u00dfen Aroma, das die Sinne beruhigt. Seit der Antike gilt er als Kraut des Gl\u00fccks und der Ruhe und wird bis heute f\u00fcr seine wohltuenden und beruhigenden Eigenschaften gesch\u00e4tzt. Traditionell wird sie verwendet: zur Linderung von Stress, Anspannung und Nervosit\u00e4t, als nat\u00fcrliches Beruhigungsmittel f\u00fcr das Verdauungssystem, zur Linderung von [&hellip;]","og_url":"https:\/\/chrisopigi.gr\/de\/product\/majoran-20g\/","og_site_name":"Chrisopigi","twitter_card":"summary_large_image","twitter_misc":{"Gesch\u00e4tzte Lesezeit":"1\u00a0Minute"},"schema":{"@context":"https:\/\/schema.org","@graph":[{"@type":"WebPage","@id":"https:\/\/chrisopigi.gr\/de\/product\/majoran-20g\/","url":"https:\/\/chrisopigi.gr\/de\/product\/majoran-20g\/","name":"Majoran 20g - Chrisopigi","isPartOf":{"@id":"https:\/\/chrisopigi.gr\/de\/#website"},"primaryImageOfPage":{"@id":"https:\/\/chrisopigi.gr\/de\/product\/majoran-20g\/#primaryimage"},"image":{"@id":"https:\/\/chrisopigi.gr\/de\/product\/majoran-20g\/#primaryimage"},"thumbnailUrl":"https:\/\/chrisopigi.gr\/wp-content\/uploads\/2025\/12\/image-5.png","datePublished":"2026-04-29T21:10:51+00:00","breadcrumb":{"@id":"https:\/\/chrisopigi.gr\/de\/product\/majoran-20g\/#breadcrumb"},"inLanguage":"de","potentialAction":[{"@type":"ReadAction","target":["https:\/\/chrisopigi.gr\/de\/product\/majoran-20g\/"]}]},{"@type":"ImageObject","inLanguage":"de","@id":"https:\/\/chrisopigi.gr\/de\/product\/majoran-20g\/#primaryimage","url":"https:\/\/chrisopigi.gr\/wp-content\/uploads\/2025\/12\/image-5.png","contentUrl":"https:\/\/chrisopigi.gr\/wp-content\/uploads\/2025\/12\/image-5.png","width":500,"height":700},{"@type":"BreadcrumbList","@id":"https:\/\/chrisopigi.gr\/de\/product\/majoran-20g\/#breadcrumb","itemListElement":[{"@type":"ListItem","position":1,"name":"\u0391\u03c1\u03c7\u03b9\u03ba\u03ae","item":"https:\/\/chrisopigi.gr\/de\/"},{"@type":"ListItem","position":2,"name":"Online-Shop","item":"https:\/\/chrisopigi.gr\/online-shop\/"},{"@type":"ListItem","position":3,"name":"Majoran 20g"}]},{"@type":"WebSite","@id":"https:\/\/chrisopigi.gr\/de\/#website","url":"https:\/\/chrisopigi.gr\/de\/","name":"Chrisopigi","description":"\u039a\u03c1\u03b7\u03c4\u03b9\u03ba\u03cc \u03b5\u03bb\u03b1\u03b9\u03cc\u03bb\u03b1\u03b4\u03bf &amp; \u03bc\u03ad\u03bb\u03b9 \u03b1\u03c0\u03cc \u03c4\u03b7\u03bd \u03a7\u03c1\u03c5\u03c3\u03bf\u03c0\u03b7\u03b3\u03ae \u03a3\u03b7\u03c4\u03b5\u03af\u03b1\u03c2","potentialAction":[{"@type":"SearchAction","target":{"@type":"EntryPoint","urlTemplate":"https:\/\/chrisopigi.gr\/de\/?s={search_term_string}"},"query-input":{"@type":"PropertyValueSpecification","valueRequired":true,"valueName":"search_term_string"}}],"inLanguage":"de"}]}},"_links":{"self":[{"href":"https:\/\/chrisopigi.gr\/de\/wp-json\/wp\/v2\/product\/49535"}],"collection":[{"href":"https:\/\/chrisopigi.gr\/de\/wp-json\/wp\/v2\/product"}],"about":[{"href":"https:\/\/chrisopigi.gr\/de\/wp-json\/wp\/v2\/types\/product"}],"replies":[{"embeddable":true,"href":"https:\/\/chrisopigi.gr\/de\/wp-json\/wp\/v2\/comments?post=49535"}],"wp:featuredmedia":[{"embeddable":true,"href":"https:\/\/chrisopigi.gr\/de\/wp-json\/wp\/v2\/media\/49536"}],"wp:attachment":[{"href":"https:\/\/chrisopigi.gr\/de\/wp-json\/wp\/v2\/media?parent=49535"}],"wp:term":[{"taxonomy":"product_cat","embeddable":true,"href":"https:\/\/chrisopigi.gr\/de\/wp-json\/wp\/v2\/product_cat?post=49535"},{"taxonomy":"product_tag","embeddable":true,"href":"https:\/\/chrisopigi.gr\/de\/wp-json\/wp\/v2\/product_tag?post=49535"}],"curies":[{"name":"wp","href":"https:\/\/api.w.org\/{rel}","templated":true}]}}