{"id":49537,"date":"2025-12-04T00:36:20","date_gmt":"2026-04-29T21:15:13","guid":{"rendered":"https:\/\/chrisopigi.gr\/product\/minze-20g\/"},"modified":"2026-04-30T00:15:13","modified_gmt":"2026-04-29T21:15:13","slug":"minze-20g","status":"publish","type":"product","link":"https:\/\/chrisopigi.gr\/de\/product\/minze-20g\/","title":{"rendered":"Minze 20g"},"content":{"rendered":"<p data-start=\"166\" data-end=\"510\">Minze ist eines der bekanntesten und beliebtesten aromatischen Kr\u00e4uter, mit einer charakteristischen K\u00fchle und einem intensiven Aroma, das die Sinne belebt. Seit der Antike wird sie f\u00fcr ihre beruhigenden und belebenden Eigenschaften verwendet und bleibt bis heute sowohl in der t\u00e4glichen Ern\u00e4hrung als auch in der nat\u00fcrlichen K\u00f6rperpflege wertvoll.<\/p>\n<p data-start=\"512\" data-end=\"540\">Traditionell wird sie verwendet:<\/p>\n<ul data-start=\"542\" data-end=\"774\">\n<li data-start=\"542\" data-end=\"604\">\n<p data-start=\"544\" data-end=\"604\">zur Linderung von Magen- und Verdauungsbeschwerden,<\/p>\n<\/li>\n<li data-start=\"605\" data-end=\"660\">\n<p data-start=\"607\" data-end=\"660\">als nat\u00fcrliches abschwellendes Mittel und zur Erleichterung der Atmung,<\/p>\n<\/li>\n<li data-start=\"661\" data-end=\"712\">\n<p data-start=\"663\" data-end=\"712\">zur Bek\u00e4mpfung von M\u00fcdigkeit und Stress,<\/p>\n<\/li>\n<li data-start=\"713\" data-end=\"774\">\n<p data-start=\"715\" data-end=\"774\">zur Steigerung der Wachsamkeit und der geistigen Klarheit.<\/p>\n<\/li>\n<\/ul>\n<p data-start=\"776\" data-end=\"1014\">Beim Kochen verleiht sie Salaten, Saucen, Fleisch, Teigen und Pasteten eine s\u00fc\u00dfe Frische, w\u00e4hrend sie bei Desserts und in Getr\u00e4nken ein \u00e4u\u00dferst aromatisches Ergebnis liefert. Ideal auch f\u00fcr die Zubereitung eines erfrischenden, beruhigenden Tees.<\/p>\n<h4 style=\"text-align: center\" data-start=\"1021\" data-end=\"1052\">\ud83c\udf3f Kr\u00e4uteranbau<\/h4>\n<p data-start=\"1053\" data-end=\"1346\">Unsere Minze wird auf nat\u00fcrliche Weise auf unseren eigenen L\u00e4ndereien auf Kreta angebaut, in Regionen, in denen das Mikroklima das Wachstum von aromatischen Pflanzen beg\u00fcnstigt. Sie wird sorgf\u00e4ltig im richtigen Reifestadium geerntet und schonend getrocknet, um ihre Frische und ihre wertvollen Inhaltsstoffe zu bewahren.<\/p>\n<p data-start=\"1348\" data-end=\"1542\">Wir befolgen zertifizierte Praktiken der biologischen Landwirtschaft und traditionelle Verarbeitungsmethoden und bieten Ihnen ein reines, authentisches und hochwertiges Produkt, voller nat\u00fcrlicher Frische und Aroma.<\/p>\n","protected":false},"excerpt":{"rendered":"<p>Minze ist eines der bekanntesten und beliebtesten aromatischen Kr\u00e4uter, mit einer charakteristischen K\u00fchle und einem intensiven Aroma, das die Sinne belebt. Seit der Antike wird sie f\u00fcr ihre beruhigenden und belebenden Eigenschaften verwendet und bleibt bis heute sowohl in der t\u00e4glichen Ern\u00e4hrung als auch in der nat\u00fcrlichen K\u00f6rperpflege wertvoll. Traditionell wird sie verwendet: zur Linderung von Magen- und Verdauungsbeschwerden, als nat\u00fcrliches abschwellendes Mittel [&hellip;]<\/p>\n","protected":false},"featured_media":49538,"comment_status":"closed","ping_status":"closed","template":"","meta":[],"product_cat":[1838],"product_tag":[],"yoast_head":"<!-- This site is optimized with the Yoast SEO plugin v27.2 - https:\/\/yoast.com\/product\/yoast-seo-wordpress\/ -->\n<title>Minze 20g - Chrisopigi<\/title>\n<meta name=\"robots\" content=\"index, follow, max-snippet:-1, max-image-preview:large, max-video-preview:-1\" \/>\n<link rel=\"canonical\" href=\"https:\/\/chrisopigi.gr\/de\/product\/minze-20g\/\" \/>\n<meta property=\"og:locale\" content=\"de_DE\" \/>\n<meta property=\"og:type\" content=\"article\" \/>\n<meta property=\"og:title\" content=\"Minze 20g - Chrisopigi\" \/>\n<meta property=\"og:description\" content=\"Minze ist eines der bekanntesten und beliebtesten aromatischen Kr\u00e4uter, mit einer charakteristischen K\u00fchle und einem intensiven Aroma, das die Sinne belebt. Seit der Antike wird sie f\u00fcr ihre beruhigenden und belebenden Eigenschaften verwendet und bleibt bis heute sowohl in der t\u00e4glichen Ern\u00e4hrung als auch in der nat\u00fcrlichen K\u00f6rperpflege wertvoll. Traditionell wird sie verwendet: zur Linderung von Magen- und Verdauungsbeschwerden, als nat\u00fcrliches abschwellendes Mittel [&hellip;]\" \/>\n<meta property=\"og:url\" content=\"https:\/\/chrisopigi.gr\/de\/product\/minze-20g\/\" \/>\n<meta property=\"og:site_name\" content=\"Chrisopigi\" \/>\n<meta name=\"twitter:card\" content=\"summary_large_image\" \/>\n<meta name=\"twitter:label1\" content=\"Gesch\u00e4tzte Lesezeit\" \/>\n\t<meta name=\"twitter:data1\" content=\"1\u00a0Minute\" \/>\n<script type=\"application\/ld+json\" class=\"yoast-schema-graph\">{\"@context\":\"https:\/\/schema.org\",\"@graph\":[{\"@type\":\"WebPage\",\"@id\":\"https:\/\/chrisopigi.gr\/de\/product\/minze-20g\/\",\"url\":\"https:\/\/chrisopigi.gr\/de\/product\/minze-20g\/\",\"name\":\"Minze 20g - Chrisopigi\",\"isPartOf\":{\"@id\":\"https:\/\/chrisopigi.gr\/de\/#website\"},\"primaryImageOfPage\":{\"@id\":\"https:\/\/chrisopigi.gr\/de\/product\/minze-20g\/#primaryimage\"},\"image\":{\"@id\":\"https:\/\/chrisopigi.gr\/de\/product\/minze-20g\/#primaryimage\"},\"thumbnailUrl\":\"https:\/\/chrisopigi.gr\/wp-content\/uploads\/2025\/12\/image-4.png\",\"datePublished\":\"2026-04-29T21:15:13+00:00\",\"breadcrumb\":{\"@id\":\"https:\/\/chrisopigi.gr\/de\/product\/minze-20g\/#breadcrumb\"},\"inLanguage\":\"de\",\"potentialAction\":[{\"@type\":\"ReadAction\",\"target\":[\"https:\/\/chrisopigi.gr\/de\/product\/minze-20g\/\"]}]},{\"@type\":\"ImageObject\",\"inLanguage\":\"de\",\"@id\":\"https:\/\/chrisopigi.gr\/de\/product\/minze-20g\/#primaryimage\",\"url\":\"https:\/\/chrisopigi.gr\/wp-content\/uploads\/2025\/12\/image-4.png\",\"contentUrl\":\"https:\/\/chrisopigi.gr\/wp-content\/uploads\/2025\/12\/image-4.png\",\"width\":500,\"height\":700},{\"@type\":\"BreadcrumbList\",\"@id\":\"https:\/\/chrisopigi.gr\/de\/product\/minze-20g\/#breadcrumb\",\"itemListElement\":[{\"@type\":\"ListItem\",\"position\":1,\"name\":\"\u0391\u03c1\u03c7\u03b9\u03ba\u03ae\",\"item\":\"https:\/\/chrisopigi.gr\/de\/\"},{\"@type\":\"ListItem\",\"position\":2,\"name\":\"Online-Shop\",\"item\":\"https:\/\/chrisopigi.gr\/online-shop\/\"},{\"@type\":\"ListItem\",\"position\":3,\"name\":\"Minze 20g\"}]},{\"@type\":\"WebSite\",\"@id\":\"https:\/\/chrisopigi.gr\/de\/#website\",\"url\":\"https:\/\/chrisopigi.gr\/de\/\",\"name\":\"Chrisopigi\",\"description\":\"\u039a\u03c1\u03b7\u03c4\u03b9\u03ba\u03cc \u03b5\u03bb\u03b1\u03b9\u03cc\u03bb\u03b1\u03b4\u03bf &amp; \u03bc\u03ad\u03bb\u03b9 \u03b1\u03c0\u03cc \u03c4\u03b7\u03bd \u03a7\u03c1\u03c5\u03c3\u03bf\u03c0\u03b7\u03b3\u03ae \u03a3\u03b7\u03c4\u03b5\u03af\u03b1\u03c2\",\"potentialAction\":[{\"@type\":\"SearchAction\",\"target\":{\"@type\":\"EntryPoint\",\"urlTemplate\":\"https:\/\/chrisopigi.gr\/de\/?s={search_term_string}\"},\"query-input\":{\"@type\":\"PropertyValueSpecification\",\"valueRequired\":true,\"valueName\":\"search_term_string\"}}],\"inLanguage\":\"de\"}]}<\/script>\n<!-- \/ Yoast SEO plugin. -->","yoast_head_json":{"title":"Minze 20g - Chrisopigi","robots":{"index":"index","follow":"follow","max-snippet":"max-snippet:-1","max-image-preview":"max-image-preview:large","max-video-preview":"max-video-preview:-1"},"canonical":"https:\/\/chrisopigi.gr\/de\/product\/minze-20g\/","og_locale":"de_DE","og_type":"article","og_title":"Minze 20g - Chrisopigi","og_description":"Minze ist eines der bekanntesten und beliebtesten aromatischen Kr\u00e4uter, mit einer charakteristischen K\u00fchle und einem intensiven Aroma, das die Sinne belebt. Seit der Antike wird sie f\u00fcr ihre beruhigenden und belebenden Eigenschaften verwendet und bleibt bis heute sowohl in der t\u00e4glichen Ern\u00e4hrung als auch in der nat\u00fcrlichen K\u00f6rperpflege wertvoll. Traditionell wird sie verwendet: zur Linderung von Magen- und Verdauungsbeschwerden, als nat\u00fcrliches abschwellendes Mittel [&hellip;]","og_url":"https:\/\/chrisopigi.gr\/de\/product\/minze-20g\/","og_site_name":"Chrisopigi","twitter_card":"summary_large_image","twitter_misc":{"Gesch\u00e4tzte Lesezeit":"1\u00a0Minute"},"schema":{"@context":"https:\/\/schema.org","@graph":[{"@type":"WebPage","@id":"https:\/\/chrisopigi.gr\/de\/product\/minze-20g\/","url":"https:\/\/chrisopigi.gr\/de\/product\/minze-20g\/","name":"Minze 20g - Chrisopigi","isPartOf":{"@id":"https:\/\/chrisopigi.gr\/de\/#website"},"primaryImageOfPage":{"@id":"https:\/\/chrisopigi.gr\/de\/product\/minze-20g\/#primaryimage"},"image":{"@id":"https:\/\/chrisopigi.gr\/de\/product\/minze-20g\/#primaryimage"},"thumbnailUrl":"https:\/\/chrisopigi.gr\/wp-content\/uploads\/2025\/12\/image-4.png","datePublished":"2026-04-29T21:15:13+00:00","breadcrumb":{"@id":"https:\/\/chrisopigi.gr\/de\/product\/minze-20g\/#breadcrumb"},"inLanguage":"de","potentialAction":[{"@type":"ReadAction","target":["https:\/\/chrisopigi.gr\/de\/product\/minze-20g\/"]}]},{"@type":"ImageObject","inLanguage":"de","@id":"https:\/\/chrisopigi.gr\/de\/product\/minze-20g\/#primaryimage","url":"https:\/\/chrisopigi.gr\/wp-content\/uploads\/2025\/12\/image-4.png","contentUrl":"https:\/\/chrisopigi.gr\/wp-content\/uploads\/2025\/12\/image-4.png","width":500,"height":700},{"@type":"BreadcrumbList","@id":"https:\/\/chrisopigi.gr\/de\/product\/minze-20g\/#breadcrumb","itemListElement":[{"@type":"ListItem","position":1,"name":"\u0391\u03c1\u03c7\u03b9\u03ba\u03ae","item":"https:\/\/chrisopigi.gr\/de\/"},{"@type":"ListItem","position":2,"name":"Online-Shop","item":"https:\/\/chrisopigi.gr\/online-shop\/"},{"@type":"ListItem","position":3,"name":"Minze 20g"}]},{"@type":"WebSite","@id":"https:\/\/chrisopigi.gr\/de\/#website","url":"https:\/\/chrisopigi.gr\/de\/","name":"Chrisopigi","description":"\u039a\u03c1\u03b7\u03c4\u03b9\u03ba\u03cc \u03b5\u03bb\u03b1\u03b9\u03cc\u03bb\u03b1\u03b4\u03bf &amp; \u03bc\u03ad\u03bb\u03b9 \u03b1\u03c0\u03cc \u03c4\u03b7\u03bd \u03a7\u03c1\u03c5\u03c3\u03bf\u03c0\u03b7\u03b3\u03ae \u03a3\u03b7\u03c4\u03b5\u03af\u03b1\u03c2","potentialAction":[{"@type":"SearchAction","target":{"@type":"EntryPoint","urlTemplate":"https:\/\/chrisopigi.gr\/de\/?s={search_term_string}"},"query-input":{"@type":"PropertyValueSpecification","valueRequired":true,"valueName":"search_term_string"}}],"inLanguage":"de"}]}},"_links":{"self":[{"href":"https:\/\/chrisopigi.gr\/de\/wp-json\/wp\/v2\/product\/49537"}],"collection":[{"href":"https:\/\/chrisopigi.gr\/de\/wp-json\/wp\/v2\/product"}],"about":[{"href":"https:\/\/chrisopigi.gr\/de\/wp-json\/wp\/v2\/types\/product"}],"replies":[{"embeddable":true,"href":"https:\/\/chrisopigi.gr\/de\/wp-json\/wp\/v2\/comments?post=49537"}],"wp:featuredmedia":[{"embeddable":true,"href":"https:\/\/chrisopigi.gr\/de\/wp-json\/wp\/v2\/media\/49538"}],"wp:attachment":[{"href":"https:\/\/chrisopigi.gr\/de\/wp-json\/wp\/v2\/media?parent=49537"}],"wp:term":[{"taxonomy":"product_cat","embeddable":true,"href":"https:\/\/chrisopigi.gr\/de\/wp-json\/wp\/v2\/product_cat?post=49537"},{"taxonomy":"product_tag","embeddable":true,"href":"https:\/\/chrisopigi.gr\/de\/wp-json\/wp\/v2\/product_tag?post=49537"}],"curies":[{"name":"wp","href":"https:\/\/api.w.org\/{rel}","templated":true}]}}