{"id":49539,"date":"2025-12-04T00:30:00","date_gmt":"2026-04-29T21:20:23","guid":{"rendered":"https:\/\/chrisopigi.gr\/product\/gruene-minze-20g\/"},"modified":"2026-04-30T00:20:23","modified_gmt":"2026-04-29T21:20:23","slug":"gruene-minze-20g","status":"publish","type":"product","link":"https:\/\/chrisopigi.gr\/de\/product\/gruene-minze-20g\/","title":{"rendered":"Gr\u00fcne Minze 20g"},"content":{"rendered":"<p data-start=\"150\" data-end=\"469\">Gr\u00fcne Minze ist eines der beliebtesten Kr\u00e4uter der mediterranen Erde, bekannt f\u00fcr ihr k\u00fchles Aroma und ihre wohltuenden Eigenschaften. Seit der Antike wird sie als Kraut zur Belebung und f\u00fcr das Wohlbefinden verwendet und ist bis heute ein wertvoller Bestandteil der t\u00e4glichen Ern\u00e4hrung und der nat\u00fcrlichen K\u00f6rperpflege.<\/p>\n<p data-start=\"471\" data-end=\"499\">Traditionell wird sie verwendet:<\/p>\n<ul data-start=\"501\" data-end=\"688\">\n<li data-start=\"501\" data-end=\"548\">\n<p data-start=\"503\" data-end=\"548\">\u2022 zur Linderung von Verdauungsst\u00f6rungen,<\/p>\n<\/li>\n<li data-start=\"549\" data-end=\"604\">\n<p data-start=\"551\" data-end=\"604\">als nat\u00fcrliches abschwellendes Mittel und zur Erleichterung der Atmung,<\/p>\n<\/li>\n<li data-start=\"605\" data-end=\"649\">\n<p data-start=\"607\" data-end=\"649\">zur Verringerung von Anspannung und Stress,<\/p>\n<\/li>\n<li data-start=\"650\" data-end=\"688\">\n<p data-start=\"652\" data-end=\"688\">zur Belebung des K\u00f6rpers.<\/p>\n<\/li>\n<\/ul>\n<p data-start=\"690\" data-end=\"871\">Beim Kochen und Backen verleiht sie Saucen, Pasteten, Salaten, Fleisch, Getr\u00e4nken und Desserts ein wunderbares, frisches Aroma. Ideal auch f\u00fcr einen beruhigenden und aromatischen Tee.<\/p>\n<h4 style=\"text-align: center\" data-start=\"878\" data-end=\"909\">\ud83c\udf3f Kr\u00e4uteranbau<\/h4>\n<p data-start=\"910\" data-end=\"1167\">Unsere Gr\u00fcne Minze wird auf nat\u00fcrliche Weise auf unseren eigenen L\u00e4ndereien auf Kreta angebaut, in Regionen mit einem idealen Klima f\u00fcr aromatische Pflanzen. Sie wird sorgf\u00e4ltig geerntet und schonend getrocknet, um ihren k\u00fchlen Duft und ihre wertvollen aktiven Inhaltsstoffe zu bewahren.<\/p>\n<p data-start=\"1169\" data-end=\"1372\">Wir befolgen zertifizierte Praktiken der biologischen Landwirtschaft, mit Respekt f\u00fcr Umwelt und Mensch. Mit traditionellen Verarbeitungsmethoden garantieren wir ein reines, authentisches und hochwertiges Produkt.<\/p>\n","protected":false},"excerpt":{"rendered":"<p>Gr\u00fcne Minze ist eines der beliebtesten Kr\u00e4uter der mediterranen Erde, bekannt f\u00fcr ihr k\u00fchles Aroma und ihre wohltuenden Eigenschaften. Seit der Antike wird sie als Kraut zur Belebung und f\u00fcr das Wohlbefinden verwendet und ist bis heute ein wertvoller Bestandteil der t\u00e4glichen Ern\u00e4hrung und der nat\u00fcrlichen K\u00f6rperpflege. Traditionell wird sie verwendet: \u2022 zur Linderung von Verdauungsst\u00f6rungen, als nat\u00fcrliches abschwellendes Mittel und zur Erleichterung [&hellip;]<\/p>\n","protected":false},"featured_media":49540,"comment_status":"closed","ping_status":"closed","template":"","meta":[],"product_cat":[1838],"product_tag":[],"yoast_head":"<!-- This site is optimized with the Yoast SEO plugin v27.2 - https:\/\/yoast.com\/product\/yoast-seo-wordpress\/ -->\n<title>Gr\u00fcne Minze 20g - Chrisopigi<\/title>\n<meta name=\"robots\" content=\"index, follow, max-snippet:-1, max-image-preview:large, max-video-preview:-1\" \/>\n<link rel=\"canonical\" href=\"https:\/\/chrisopigi.gr\/de\/product\/gruene-minze-20g\/\" \/>\n<meta property=\"og:locale\" content=\"de_DE\" \/>\n<meta property=\"og:type\" content=\"article\" \/>\n<meta property=\"og:title\" content=\"Gr\u00fcne Minze 20g - Chrisopigi\" \/>\n<meta property=\"og:description\" content=\"Gr\u00fcne Minze ist eines der beliebtesten Kr\u00e4uter der mediterranen Erde, bekannt f\u00fcr ihr k\u00fchles Aroma und ihre wohltuenden Eigenschaften. Seit der Antike wird sie als Kraut zur Belebung und f\u00fcr das Wohlbefinden verwendet und ist bis heute ein wertvoller Bestandteil der t\u00e4glichen Ern\u00e4hrung und der nat\u00fcrlichen K\u00f6rperpflege. Traditionell wird sie verwendet: \u2022 zur Linderung von Verdauungsst\u00f6rungen, als nat\u00fcrliches abschwellendes Mittel und zur Erleichterung [&hellip;]\" \/>\n<meta property=\"og:url\" content=\"https:\/\/chrisopigi.gr\/de\/product\/gruene-minze-20g\/\" \/>\n<meta property=\"og:site_name\" content=\"Chrisopigi\" \/>\n<meta name=\"twitter:card\" content=\"summary_large_image\" \/>\n<meta name=\"twitter:label1\" content=\"Gesch\u00e4tzte Lesezeit\" \/>\n\t<meta name=\"twitter:data1\" content=\"1\u00a0Minute\" \/>\n<script type=\"application\/ld+json\" class=\"yoast-schema-graph\">{\"@context\":\"https:\/\/schema.org\",\"@graph\":[{\"@type\":\"WebPage\",\"@id\":\"https:\/\/chrisopigi.gr\/de\/product\/gruene-minze-20g\/\",\"url\":\"https:\/\/chrisopigi.gr\/de\/product\/gruene-minze-20g\/\",\"name\":\"Gr\u00fcne Minze 20g - Chrisopigi\",\"isPartOf\":{\"@id\":\"https:\/\/chrisopigi.gr\/de\/#website\"},\"primaryImageOfPage\":{\"@id\":\"https:\/\/chrisopigi.gr\/de\/product\/gruene-minze-20g\/#primaryimage\"},\"image\":{\"@id\":\"https:\/\/chrisopigi.gr\/de\/product\/gruene-minze-20g\/#primaryimage\"},\"thumbnailUrl\":\"https:\/\/chrisopigi.gr\/wp-content\/uploads\/2025\/12\/image-3.png\",\"datePublished\":\"2026-04-29T21:20:23+00:00\",\"breadcrumb\":{\"@id\":\"https:\/\/chrisopigi.gr\/de\/product\/gruene-minze-20g\/#breadcrumb\"},\"inLanguage\":\"de\",\"potentialAction\":[{\"@type\":\"ReadAction\",\"target\":[\"https:\/\/chrisopigi.gr\/de\/product\/gruene-minze-20g\/\"]}]},{\"@type\":\"ImageObject\",\"inLanguage\":\"de\",\"@id\":\"https:\/\/chrisopigi.gr\/de\/product\/gruene-minze-20g\/#primaryimage\",\"url\":\"https:\/\/chrisopigi.gr\/wp-content\/uploads\/2025\/12\/image-3.png\",\"contentUrl\":\"https:\/\/chrisopigi.gr\/wp-content\/uploads\/2025\/12\/image-3.png\",\"width\":500,\"height\":700},{\"@type\":\"BreadcrumbList\",\"@id\":\"https:\/\/chrisopigi.gr\/de\/product\/gruene-minze-20g\/#breadcrumb\",\"itemListElement\":[{\"@type\":\"ListItem\",\"position\":1,\"name\":\"\u0391\u03c1\u03c7\u03b9\u03ba\u03ae\",\"item\":\"https:\/\/chrisopigi.gr\/de\/\"},{\"@type\":\"ListItem\",\"position\":2,\"name\":\"Online-Shop\",\"item\":\"https:\/\/chrisopigi.gr\/online-shop\/\"},{\"@type\":\"ListItem\",\"position\":3,\"name\":\"Gr\u00fcne Minze 20g\"}]},{\"@type\":\"WebSite\",\"@id\":\"https:\/\/chrisopigi.gr\/de\/#website\",\"url\":\"https:\/\/chrisopigi.gr\/de\/\",\"name\":\"Chrisopigi\",\"description\":\"\u039a\u03c1\u03b7\u03c4\u03b9\u03ba\u03cc \u03b5\u03bb\u03b1\u03b9\u03cc\u03bb\u03b1\u03b4\u03bf &amp; \u03bc\u03ad\u03bb\u03b9 \u03b1\u03c0\u03cc \u03c4\u03b7\u03bd \u03a7\u03c1\u03c5\u03c3\u03bf\u03c0\u03b7\u03b3\u03ae \u03a3\u03b7\u03c4\u03b5\u03af\u03b1\u03c2\",\"potentialAction\":[{\"@type\":\"SearchAction\",\"target\":{\"@type\":\"EntryPoint\",\"urlTemplate\":\"https:\/\/chrisopigi.gr\/de\/?s={search_term_string}\"},\"query-input\":{\"@type\":\"PropertyValueSpecification\",\"valueRequired\":true,\"valueName\":\"search_term_string\"}}],\"inLanguage\":\"de\"}]}<\/script>\n<!-- \/ Yoast SEO plugin. -->","yoast_head_json":{"title":"Gr\u00fcne Minze 20g - Chrisopigi","robots":{"index":"index","follow":"follow","max-snippet":"max-snippet:-1","max-image-preview":"max-image-preview:large","max-video-preview":"max-video-preview:-1"},"canonical":"https:\/\/chrisopigi.gr\/de\/product\/gruene-minze-20g\/","og_locale":"de_DE","og_type":"article","og_title":"Gr\u00fcne Minze 20g - Chrisopigi","og_description":"Gr\u00fcne Minze ist eines der beliebtesten Kr\u00e4uter der mediterranen Erde, bekannt f\u00fcr ihr k\u00fchles Aroma und ihre wohltuenden Eigenschaften. Seit der Antike wird sie als Kraut zur Belebung und f\u00fcr das Wohlbefinden verwendet und ist bis heute ein wertvoller Bestandteil der t\u00e4glichen Ern\u00e4hrung und der nat\u00fcrlichen K\u00f6rperpflege. Traditionell wird sie verwendet: \u2022 zur Linderung von Verdauungsst\u00f6rungen, als nat\u00fcrliches abschwellendes Mittel und zur Erleichterung [&hellip;]","og_url":"https:\/\/chrisopigi.gr\/de\/product\/gruene-minze-20g\/","og_site_name":"Chrisopigi","twitter_card":"summary_large_image","twitter_misc":{"Gesch\u00e4tzte Lesezeit":"1\u00a0Minute"},"schema":{"@context":"https:\/\/schema.org","@graph":[{"@type":"WebPage","@id":"https:\/\/chrisopigi.gr\/de\/product\/gruene-minze-20g\/","url":"https:\/\/chrisopigi.gr\/de\/product\/gruene-minze-20g\/","name":"Gr\u00fcne Minze 20g - Chrisopigi","isPartOf":{"@id":"https:\/\/chrisopigi.gr\/de\/#website"},"primaryImageOfPage":{"@id":"https:\/\/chrisopigi.gr\/de\/product\/gruene-minze-20g\/#primaryimage"},"image":{"@id":"https:\/\/chrisopigi.gr\/de\/product\/gruene-minze-20g\/#primaryimage"},"thumbnailUrl":"https:\/\/chrisopigi.gr\/wp-content\/uploads\/2025\/12\/image-3.png","datePublished":"2026-04-29T21:20:23+00:00","breadcrumb":{"@id":"https:\/\/chrisopigi.gr\/de\/product\/gruene-minze-20g\/#breadcrumb"},"inLanguage":"de","potentialAction":[{"@type":"ReadAction","target":["https:\/\/chrisopigi.gr\/de\/product\/gruene-minze-20g\/"]}]},{"@type":"ImageObject","inLanguage":"de","@id":"https:\/\/chrisopigi.gr\/de\/product\/gruene-minze-20g\/#primaryimage","url":"https:\/\/chrisopigi.gr\/wp-content\/uploads\/2025\/12\/image-3.png","contentUrl":"https:\/\/chrisopigi.gr\/wp-content\/uploads\/2025\/12\/image-3.png","width":500,"height":700},{"@type":"BreadcrumbList","@id":"https:\/\/chrisopigi.gr\/de\/product\/gruene-minze-20g\/#breadcrumb","itemListElement":[{"@type":"ListItem","position":1,"name":"\u0391\u03c1\u03c7\u03b9\u03ba\u03ae","item":"https:\/\/chrisopigi.gr\/de\/"},{"@type":"ListItem","position":2,"name":"Online-Shop","item":"https:\/\/chrisopigi.gr\/online-shop\/"},{"@type":"ListItem","position":3,"name":"Gr\u00fcne Minze 20g"}]},{"@type":"WebSite","@id":"https:\/\/chrisopigi.gr\/de\/#website","url":"https:\/\/chrisopigi.gr\/de\/","name":"Chrisopigi","description":"\u039a\u03c1\u03b7\u03c4\u03b9\u03ba\u03cc \u03b5\u03bb\u03b1\u03b9\u03cc\u03bb\u03b1\u03b4\u03bf &amp; \u03bc\u03ad\u03bb\u03b9 \u03b1\u03c0\u03cc \u03c4\u03b7\u03bd \u03a7\u03c1\u03c5\u03c3\u03bf\u03c0\u03b7\u03b3\u03ae \u03a3\u03b7\u03c4\u03b5\u03af\u03b1\u03c2","potentialAction":[{"@type":"SearchAction","target":{"@type":"EntryPoint","urlTemplate":"https:\/\/chrisopigi.gr\/de\/?s={search_term_string}"},"query-input":{"@type":"PropertyValueSpecification","valueRequired":true,"valueName":"search_term_string"}}],"inLanguage":"de"}]}},"_links":{"self":[{"href":"https:\/\/chrisopigi.gr\/de\/wp-json\/wp\/v2\/product\/49539"}],"collection":[{"href":"https:\/\/chrisopigi.gr\/de\/wp-json\/wp\/v2\/product"}],"about":[{"href":"https:\/\/chrisopigi.gr\/de\/wp-json\/wp\/v2\/types\/product"}],"replies":[{"embeddable":true,"href":"https:\/\/chrisopigi.gr\/de\/wp-json\/wp\/v2\/comments?post=49539"}],"wp:featuredmedia":[{"embeddable":true,"href":"https:\/\/chrisopigi.gr\/de\/wp-json\/wp\/v2\/media\/49540"}],"wp:attachment":[{"href":"https:\/\/chrisopigi.gr\/de\/wp-json\/wp\/v2\/media?parent=49539"}],"wp:term":[{"taxonomy":"product_cat","embeddable":true,"href":"https:\/\/chrisopigi.gr\/de\/wp-json\/wp\/v2\/product_cat?post=49539"},{"taxonomy":"product_tag","embeddable":true,"href":"https:\/\/chrisopigi.gr\/de\/wp-json\/wp\/v2\/product_tag?post=49539"}],"curies":[{"name":"wp","href":"https:\/\/api.w.org\/{rel}","templated":true}]}}