{"id":49541,"date":"2025-12-04T00:24:13","date_gmt":"2026-04-29T21:23:35","guid":{"rendered":"https:\/\/chrisopigi.gr\/product\/thymian-30g\/"},"modified":"2026-04-30T00:23:35","modified_gmt":"2026-04-29T21:23:35","slug":"thymian-30g","status":"publish","type":"product","link":"https:\/\/chrisopigi.gr\/de\/product\/thymian-30g\/","title":{"rendered":"Thymian 30g"},"content":{"rendered":"<p data-start=\"182\" data-end=\"461\">Thymian ist eines der beliebtesten Kr\u00e4uter der griechischen Natur, mit einem intensiven Aroma und einem charakteristischen, warmen Geschmack. Seit der Antike gilt er als Symbol f\u00fcr Kraft und Energie und bleibt bis heute sowohl wegen seiner wohltuenden Eigenschaften als auch in der K\u00fcche wertvoll. <\/p>\n<p data-start=\"463\" data-end=\"491\">Traditionell wird sie verwendet:<\/p>\n<ul data-start=\"493\" data-end=\"667\">\n<li data-start=\"493\" data-end=\"558\">\n<p data-start=\"495\" data-end=\"558\">zur Linderung von Husten und Atemwegsbeschwerden,<\/p>\n<\/li>\n<li data-start=\"559\" data-end=\"602\">\n<p data-start=\"561\" data-end=\"602\">als nat\u00fcrliches antiseptisches und schleiml\u00f6sendes Mittel,<\/p>\n<\/li>\n<li data-start=\"603\" data-end=\"634\">\n<p data-start=\"605\" data-end=\"634\">zur Unterst\u00fctzung der Verdauung,<\/p>\n<\/li>\n<li data-start=\"635\" data-end=\"667\">\n<p data-start=\"637\" data-end=\"667\">zur Belebung des K\u00f6rpers.<\/p>\n<\/li>\n<\/ul>\n<p data-start=\"669\" data-end=\"851\">In der K\u00fcche bietet er das ultimative Aroma der mediterranen Kochkunst: ideal f\u00fcr Fleisch, Fisch, Kartoffeln, Gem\u00fcse, Marinaden, Brot und Teige, sowie f\u00fcr Saucen und Ofengerichte.<\/p>\n<h4 style=\"text-align: center\" data-start=\"858\" data-end=\"889\">\ud83c\udf3f Kr\u00e4uteranbau<\/h4>\n<p data-start=\"890\" data-end=\"1171\">Unser Thymian wird mit Respekt f\u00fcr die nat\u00fcrliche Umwelt auf unseren eigenen L\u00e4ndereien auf Kreta angebaut. Er wird zur richtigen Jahreszeit geerntet, wenn die Konzentration seiner \u00e4therischen \u00d6le am h\u00f6chsten ist, und schonend getrocknet, um sein Aroma und seine aktiven Bestandteile zu bewahren. <\/p>\n","protected":false},"excerpt":{"rendered":"<p>Thymian ist eines der beliebtesten Kr\u00e4uter der griechischen Natur, mit einem intensiven Aroma und einem charakteristischen, warmen Geschmack. Seit der Antike gilt er als Symbol f\u00fcr Kraft und Energie und bleibt bis heute sowohl wegen seiner wohltuenden Eigenschaften als auch in der K\u00fcche wertvoll. Traditionell wird sie verwendet: zur Linderung von Husten und Atemwegsbeschwerden, als nat\u00fcrliches antiseptisches und schleiml\u00f6sendes Mittel, zur Unterst\u00fctzung der [&hellip;]<\/p>\n","protected":false},"featured_media":49542,"comment_status":"closed","ping_status":"closed","template":"","meta":[],"product_cat":[1838],"product_tag":[],"yoast_head":"<!-- This site is optimized with the Yoast SEO plugin v27.2 - https:\/\/yoast.com\/product\/yoast-seo-wordpress\/ -->\n<title>Thymian 30g - Chrisopigi<\/title>\n<meta name=\"robots\" content=\"index, follow, max-snippet:-1, max-image-preview:large, max-video-preview:-1\" \/>\n<link rel=\"canonical\" href=\"https:\/\/chrisopigi.gr\/de\/product\/thymian-30g\/\" \/>\n<meta property=\"og:locale\" content=\"de_DE\" \/>\n<meta property=\"og:type\" content=\"article\" \/>\n<meta property=\"og:title\" content=\"Thymian 30g - Chrisopigi\" \/>\n<meta property=\"og:description\" content=\"Thymian ist eines der beliebtesten Kr\u00e4uter der griechischen Natur, mit einem intensiven Aroma und einem charakteristischen, warmen Geschmack. Seit der Antike gilt er als Symbol f\u00fcr Kraft und Energie und bleibt bis heute sowohl wegen seiner wohltuenden Eigenschaften als auch in der K\u00fcche wertvoll. Traditionell wird sie verwendet: zur Linderung von Husten und Atemwegsbeschwerden, als nat\u00fcrliches antiseptisches und schleiml\u00f6sendes Mittel, zur Unterst\u00fctzung der [&hellip;]\" \/>\n<meta property=\"og:url\" content=\"https:\/\/chrisopigi.gr\/de\/product\/thymian-30g\/\" \/>\n<meta property=\"og:site_name\" content=\"Chrisopigi\" \/>\n<meta name=\"twitter:card\" content=\"summary_large_image\" \/>\n<meta name=\"twitter:label1\" content=\"Gesch\u00e4tzte Lesezeit\" \/>\n\t<meta name=\"twitter:data1\" content=\"1\u00a0Minute\" \/>\n<script type=\"application\/ld+json\" class=\"yoast-schema-graph\">{\"@context\":\"https:\/\/schema.org\",\"@graph\":[{\"@type\":\"WebPage\",\"@id\":\"https:\/\/chrisopigi.gr\/de\/product\/thymian-30g\/\",\"url\":\"https:\/\/chrisopigi.gr\/de\/product\/thymian-30g\/\",\"name\":\"Thymian 30g - Chrisopigi\",\"isPartOf\":{\"@id\":\"https:\/\/chrisopigi.gr\/de\/#website\"},\"primaryImageOfPage\":{\"@id\":\"https:\/\/chrisopigi.gr\/de\/product\/thymian-30g\/#primaryimage\"},\"image\":{\"@id\":\"https:\/\/chrisopigi.gr\/de\/product\/thymian-30g\/#primaryimage\"},\"thumbnailUrl\":\"https:\/\/chrisopigi.gr\/wp-content\/uploads\/2025\/12\/image-2.png\",\"datePublished\":\"2026-04-29T21:23:35+00:00\",\"breadcrumb\":{\"@id\":\"https:\/\/chrisopigi.gr\/de\/product\/thymian-30g\/#breadcrumb\"},\"inLanguage\":\"de\",\"potentialAction\":[{\"@type\":\"ReadAction\",\"target\":[\"https:\/\/chrisopigi.gr\/de\/product\/thymian-30g\/\"]}]},{\"@type\":\"ImageObject\",\"inLanguage\":\"de\",\"@id\":\"https:\/\/chrisopigi.gr\/de\/product\/thymian-30g\/#primaryimage\",\"url\":\"https:\/\/chrisopigi.gr\/wp-content\/uploads\/2025\/12\/image-2.png\",\"contentUrl\":\"https:\/\/chrisopigi.gr\/wp-content\/uploads\/2025\/12\/image-2.png\",\"width\":500,\"height\":700},{\"@type\":\"BreadcrumbList\",\"@id\":\"https:\/\/chrisopigi.gr\/de\/product\/thymian-30g\/#breadcrumb\",\"itemListElement\":[{\"@type\":\"ListItem\",\"position\":1,\"name\":\"\u0391\u03c1\u03c7\u03b9\u03ba\u03ae\",\"item\":\"https:\/\/chrisopigi.gr\/de\/\"},{\"@type\":\"ListItem\",\"position\":2,\"name\":\"Online-Shop\",\"item\":\"https:\/\/chrisopigi.gr\/online-shop\/\"},{\"@type\":\"ListItem\",\"position\":3,\"name\":\"Thymian 30g\"}]},{\"@type\":\"WebSite\",\"@id\":\"https:\/\/chrisopigi.gr\/de\/#website\",\"url\":\"https:\/\/chrisopigi.gr\/de\/\",\"name\":\"Chrisopigi\",\"description\":\"\u039a\u03c1\u03b7\u03c4\u03b9\u03ba\u03cc \u03b5\u03bb\u03b1\u03b9\u03cc\u03bb\u03b1\u03b4\u03bf &amp; \u03bc\u03ad\u03bb\u03b9 \u03b1\u03c0\u03cc \u03c4\u03b7\u03bd \u03a7\u03c1\u03c5\u03c3\u03bf\u03c0\u03b7\u03b3\u03ae \u03a3\u03b7\u03c4\u03b5\u03af\u03b1\u03c2\",\"potentialAction\":[{\"@type\":\"SearchAction\",\"target\":{\"@type\":\"EntryPoint\",\"urlTemplate\":\"https:\/\/chrisopigi.gr\/de\/?s={search_term_string}\"},\"query-input\":{\"@type\":\"PropertyValueSpecification\",\"valueRequired\":true,\"valueName\":\"search_term_string\"}}],\"inLanguage\":\"de\"}]}<\/script>\n<!-- \/ Yoast SEO plugin. -->","yoast_head_json":{"title":"Thymian 30g - Chrisopigi","robots":{"index":"index","follow":"follow","max-snippet":"max-snippet:-1","max-image-preview":"max-image-preview:large","max-video-preview":"max-video-preview:-1"},"canonical":"https:\/\/chrisopigi.gr\/de\/product\/thymian-30g\/","og_locale":"de_DE","og_type":"article","og_title":"Thymian 30g - Chrisopigi","og_description":"Thymian ist eines der beliebtesten Kr\u00e4uter der griechischen Natur, mit einem intensiven Aroma und einem charakteristischen, warmen Geschmack. Seit der Antike gilt er als Symbol f\u00fcr Kraft und Energie und bleibt bis heute sowohl wegen seiner wohltuenden Eigenschaften als auch in der K\u00fcche wertvoll. Traditionell wird sie verwendet: zur Linderung von Husten und Atemwegsbeschwerden, als nat\u00fcrliches antiseptisches und schleiml\u00f6sendes Mittel, zur Unterst\u00fctzung der [&hellip;]","og_url":"https:\/\/chrisopigi.gr\/de\/product\/thymian-30g\/","og_site_name":"Chrisopigi","twitter_card":"summary_large_image","twitter_misc":{"Gesch\u00e4tzte Lesezeit":"1\u00a0Minute"},"schema":{"@context":"https:\/\/schema.org","@graph":[{"@type":"WebPage","@id":"https:\/\/chrisopigi.gr\/de\/product\/thymian-30g\/","url":"https:\/\/chrisopigi.gr\/de\/product\/thymian-30g\/","name":"Thymian 30g - Chrisopigi","isPartOf":{"@id":"https:\/\/chrisopigi.gr\/de\/#website"},"primaryImageOfPage":{"@id":"https:\/\/chrisopigi.gr\/de\/product\/thymian-30g\/#primaryimage"},"image":{"@id":"https:\/\/chrisopigi.gr\/de\/product\/thymian-30g\/#primaryimage"},"thumbnailUrl":"https:\/\/chrisopigi.gr\/wp-content\/uploads\/2025\/12\/image-2.png","datePublished":"2026-04-29T21:23:35+00:00","breadcrumb":{"@id":"https:\/\/chrisopigi.gr\/de\/product\/thymian-30g\/#breadcrumb"},"inLanguage":"de","potentialAction":[{"@type":"ReadAction","target":["https:\/\/chrisopigi.gr\/de\/product\/thymian-30g\/"]}]},{"@type":"ImageObject","inLanguage":"de","@id":"https:\/\/chrisopigi.gr\/de\/product\/thymian-30g\/#primaryimage","url":"https:\/\/chrisopigi.gr\/wp-content\/uploads\/2025\/12\/image-2.png","contentUrl":"https:\/\/chrisopigi.gr\/wp-content\/uploads\/2025\/12\/image-2.png","width":500,"height":700},{"@type":"BreadcrumbList","@id":"https:\/\/chrisopigi.gr\/de\/product\/thymian-30g\/#breadcrumb","itemListElement":[{"@type":"ListItem","position":1,"name":"\u0391\u03c1\u03c7\u03b9\u03ba\u03ae","item":"https:\/\/chrisopigi.gr\/de\/"},{"@type":"ListItem","position":2,"name":"Online-Shop","item":"https:\/\/chrisopigi.gr\/online-shop\/"},{"@type":"ListItem","position":3,"name":"Thymian 30g"}]},{"@type":"WebSite","@id":"https:\/\/chrisopigi.gr\/de\/#website","url":"https:\/\/chrisopigi.gr\/de\/","name":"Chrisopigi","description":"\u039a\u03c1\u03b7\u03c4\u03b9\u03ba\u03cc \u03b5\u03bb\u03b1\u03b9\u03cc\u03bb\u03b1\u03b4\u03bf &amp; \u03bc\u03ad\u03bb\u03b9 \u03b1\u03c0\u03cc \u03c4\u03b7\u03bd \u03a7\u03c1\u03c5\u03c3\u03bf\u03c0\u03b7\u03b3\u03ae \u03a3\u03b7\u03c4\u03b5\u03af\u03b1\u03c2","potentialAction":[{"@type":"SearchAction","target":{"@type":"EntryPoint","urlTemplate":"https:\/\/chrisopigi.gr\/de\/?s={search_term_string}"},"query-input":{"@type":"PropertyValueSpecification","valueRequired":true,"valueName":"search_term_string"}}],"inLanguage":"de"}]}},"_links":{"self":[{"href":"https:\/\/chrisopigi.gr\/de\/wp-json\/wp\/v2\/product\/49541"}],"collection":[{"href":"https:\/\/chrisopigi.gr\/de\/wp-json\/wp\/v2\/product"}],"about":[{"href":"https:\/\/chrisopigi.gr\/de\/wp-json\/wp\/v2\/types\/product"}],"replies":[{"embeddable":true,"href":"https:\/\/chrisopigi.gr\/de\/wp-json\/wp\/v2\/comments?post=49541"}],"wp:featuredmedia":[{"embeddable":true,"href":"https:\/\/chrisopigi.gr\/de\/wp-json\/wp\/v2\/media\/49542"}],"wp:attachment":[{"href":"https:\/\/chrisopigi.gr\/de\/wp-json\/wp\/v2\/media?parent=49541"}],"wp:term":[{"taxonomy":"product_cat","embeddable":true,"href":"https:\/\/chrisopigi.gr\/de\/wp-json\/wp\/v2\/product_cat?post=49541"},{"taxonomy":"product_tag","embeddable":true,"href":"https:\/\/chrisopigi.gr\/de\/wp-json\/wp\/v2\/product_tag?post=49541"}],"curies":[{"name":"wp","href":"https:\/\/api.w.org\/{rel}","templated":true}]}}