{"id":49543,"date":"2025-12-04T00:16:09","date_gmt":"2026-04-29T21:32:17","guid":{"rendered":"https:\/\/chrisopigi.gr\/product\/bohnenkraut-30g\/"},"modified":"2026-04-30T00:32:17","modified_gmt":"2026-04-29T21:32:17","slug":"bohnenkraut-30g","status":"publish","type":"product","link":"https:\/\/chrisopigi.gr\/de\/product\/bohnenkraut-30g\/","title":{"rendered":"Bohnenkraut 30g"},"content":{"rendered":"<p data-start=\"208\" data-end=\"499\">Bohnenkraut ist eines der erlesensten aromatischen Kr\u00e4uter der mediterranen Natur, mit einem intensiven Aroma und einem charakteristischen pikanten Geschmack. Seit der Antike ist es f\u00fcr seine belebenden und therapeutischen Eigenschaften bekannt und bleibt bis heute ein wertvolles Kraut f\u00fcr Gesundheit und K\u00fcche.<\/p>\n<p data-start=\"501\" data-end=\"529\">Traditionell wird sie verwendet:<\/p>\n<ul data-start=\"531\" data-end=\"778\">\n<li data-start=\"531\" data-end=\"609\">\n<p data-start=\"533\" data-end=\"609\">zur Unterst\u00fctzung der Verdauung und zur Linderung von Magenbeschwerden,<\/p>\n<\/li>\n<li data-start=\"610\" data-end=\"655\">\n<p data-start=\"612\" data-end=\"655\">als nat\u00fcrliches Antiseptikum und Antioxidans,<\/p>\n<\/li>\n<li data-start=\"656\" data-end=\"718\">\n<p data-start=\"658\" data-end=\"718\">zur Belebung des Organismus und zur St\u00e4rkung der Abwehrkr\u00e4fte,<\/p>\n<\/li>\n<li data-start=\"719\" data-end=\"778\">\n<p data-start=\"721\" data-end=\"778\">zur Linderung von Husten und Atemwegsbeschwerden.<\/p>\n<\/li>\n<\/ul>\n<p data-start=\"780\" data-end=\"902\">In der K\u00fcche bietet es H\u00fclsenfr\u00fcchten, Eint\u00f6pfen, Fleisch, Gem\u00fcse, Fisch, Saucen und Grillgerichten ein einzigartiges, pikantes Aroma.<\/p>\n<h4 style=\"text-align: center\" data-start=\"909\" data-end=\"940\"><strong>\ud83c\udf3f Kr\u00e4uteranbau<\/strong><\/h4>\n<p data-start=\"941\" data-end=\"1185\">Unser Bohnenkraut wird auf nat\u00fcrliche Weise auf unseren eigenen L\u00e4ndereien in den Berglandschaften Kretas angebaut. Es wird im richtigen Entwicklungsstadium geerntet und schonend getrocknet, um seine wertvollen Eigenschaften und sein charakteristisches Aroma zu bewahren.<\/p>\n<p data-start=\"1187\" data-end=\"1408\">Mit absolutem Respekt f\u00fcr die Natur befolgen wir zertifizierte Praktiken der biologischen Landwirtschaft. Die Verarbeitung und Verpackung erfolgen mit Sorgfalt und Fachwissen, damit ein reines, authentisches und hochwertiges Produkt bei Ihnen ankommt.<\/p>\n","protected":false},"excerpt":{"rendered":"<p>Bohnenkraut ist eines der erlesensten aromatischen Kr\u00e4uter der mediterranen Natur, mit einem intensiven Aroma und einem charakteristischen pikanten Geschmack. Seit der Antike ist es f\u00fcr seine belebenden und therapeutischen Eigenschaften bekannt und bleibt bis heute ein wertvolles Kraut f\u00fcr Gesundheit und K\u00fcche. Traditionell wird sie verwendet: zur Unterst\u00fctzung der Verdauung und zur Linderung von Magenbeschwerden, als nat\u00fcrliches Antiseptikum und Antioxidans, zur Belebung des [&hellip;]<\/p>\n","protected":false},"featured_media":49544,"comment_status":"closed","ping_status":"closed","template":"","meta":[],"product_cat":[1838],"product_tag":[],"yoast_head":"<!-- This site is optimized with the Yoast SEO plugin v27.2 - https:\/\/yoast.com\/product\/yoast-seo-wordpress\/ -->\n<title>Bohnenkraut 30g - Chrisopigi<\/title>\n<meta name=\"robots\" content=\"index, follow, max-snippet:-1, max-image-preview:large, max-video-preview:-1\" \/>\n<link rel=\"canonical\" href=\"https:\/\/chrisopigi.gr\/de\/product\/bohnenkraut-30g\/\" \/>\n<meta property=\"og:locale\" content=\"de_DE\" \/>\n<meta property=\"og:type\" content=\"article\" \/>\n<meta property=\"og:title\" content=\"Bohnenkraut 30g - Chrisopigi\" \/>\n<meta property=\"og:description\" content=\"Bohnenkraut ist eines der erlesensten aromatischen Kr\u00e4uter der mediterranen Natur, mit einem intensiven Aroma und einem charakteristischen pikanten Geschmack. Seit der Antike ist es f\u00fcr seine belebenden und therapeutischen Eigenschaften bekannt und bleibt bis heute ein wertvolles Kraut f\u00fcr Gesundheit und K\u00fcche. Traditionell wird sie verwendet: zur Unterst\u00fctzung der Verdauung und zur Linderung von Magenbeschwerden, als nat\u00fcrliches Antiseptikum und Antioxidans, zur Belebung des [&hellip;]\" \/>\n<meta property=\"og:url\" content=\"https:\/\/chrisopigi.gr\/de\/product\/bohnenkraut-30g\/\" \/>\n<meta property=\"og:site_name\" content=\"Chrisopigi\" \/>\n<meta name=\"twitter:card\" content=\"summary_large_image\" \/>\n<meta name=\"twitter:label1\" content=\"Gesch\u00e4tzte Lesezeit\" \/>\n\t<meta name=\"twitter:data1\" content=\"1\u00a0Minute\" \/>\n<script type=\"application\/ld+json\" class=\"yoast-schema-graph\">{\"@context\":\"https:\/\/schema.org\",\"@graph\":[{\"@type\":\"WebPage\",\"@id\":\"https:\/\/chrisopigi.gr\/de\/product\/bohnenkraut-30g\/\",\"url\":\"https:\/\/chrisopigi.gr\/de\/product\/bohnenkraut-30g\/\",\"name\":\"Bohnenkraut 30g - Chrisopigi\",\"isPartOf\":{\"@id\":\"https:\/\/chrisopigi.gr\/de\/#website\"},\"primaryImageOfPage\":{\"@id\":\"https:\/\/chrisopigi.gr\/de\/product\/bohnenkraut-30g\/#primaryimage\"},\"image\":{\"@id\":\"https:\/\/chrisopigi.gr\/de\/product\/bohnenkraut-30g\/#primaryimage\"},\"thumbnailUrl\":\"https:\/\/chrisopigi.gr\/wp-content\/uploads\/2025\/12\/image-1.png\",\"datePublished\":\"2026-04-29T21:32:17+00:00\",\"breadcrumb\":{\"@id\":\"https:\/\/chrisopigi.gr\/de\/product\/bohnenkraut-30g\/#breadcrumb\"},\"inLanguage\":\"de\",\"potentialAction\":[{\"@type\":\"ReadAction\",\"target\":[\"https:\/\/chrisopigi.gr\/de\/product\/bohnenkraut-30g\/\"]}]},{\"@type\":\"ImageObject\",\"inLanguage\":\"de\",\"@id\":\"https:\/\/chrisopigi.gr\/de\/product\/bohnenkraut-30g\/#primaryimage\",\"url\":\"https:\/\/chrisopigi.gr\/wp-content\/uploads\/2025\/12\/image-1.png\",\"contentUrl\":\"https:\/\/chrisopigi.gr\/wp-content\/uploads\/2025\/12\/image-1.png\",\"width\":500,\"height\":700},{\"@type\":\"BreadcrumbList\",\"@id\":\"https:\/\/chrisopigi.gr\/de\/product\/bohnenkraut-30g\/#breadcrumb\",\"itemListElement\":[{\"@type\":\"ListItem\",\"position\":1,\"name\":\"\u0391\u03c1\u03c7\u03b9\u03ba\u03ae\",\"item\":\"https:\/\/chrisopigi.gr\/de\/\"},{\"@type\":\"ListItem\",\"position\":2,\"name\":\"Online-Shop\",\"item\":\"https:\/\/chrisopigi.gr\/online-shop\/\"},{\"@type\":\"ListItem\",\"position\":3,\"name\":\"Bohnenkraut 30g\"}]},{\"@type\":\"WebSite\",\"@id\":\"https:\/\/chrisopigi.gr\/de\/#website\",\"url\":\"https:\/\/chrisopigi.gr\/de\/\",\"name\":\"Chrisopigi\",\"description\":\"\u039a\u03c1\u03b7\u03c4\u03b9\u03ba\u03cc \u03b5\u03bb\u03b1\u03b9\u03cc\u03bb\u03b1\u03b4\u03bf &amp; \u03bc\u03ad\u03bb\u03b9 \u03b1\u03c0\u03cc \u03c4\u03b7\u03bd \u03a7\u03c1\u03c5\u03c3\u03bf\u03c0\u03b7\u03b3\u03ae \u03a3\u03b7\u03c4\u03b5\u03af\u03b1\u03c2\",\"potentialAction\":[{\"@type\":\"SearchAction\",\"target\":{\"@type\":\"EntryPoint\",\"urlTemplate\":\"https:\/\/chrisopigi.gr\/de\/?s={search_term_string}\"},\"query-input\":{\"@type\":\"PropertyValueSpecification\",\"valueRequired\":true,\"valueName\":\"search_term_string\"}}],\"inLanguage\":\"de\"}]}<\/script>\n<!-- \/ Yoast SEO plugin. -->","yoast_head_json":{"title":"Bohnenkraut 30g - Chrisopigi","robots":{"index":"index","follow":"follow","max-snippet":"max-snippet:-1","max-image-preview":"max-image-preview:large","max-video-preview":"max-video-preview:-1"},"canonical":"https:\/\/chrisopigi.gr\/de\/product\/bohnenkraut-30g\/","og_locale":"de_DE","og_type":"article","og_title":"Bohnenkraut 30g - Chrisopigi","og_description":"Bohnenkraut ist eines der erlesensten aromatischen Kr\u00e4uter der mediterranen Natur, mit einem intensiven Aroma und einem charakteristischen pikanten Geschmack. Seit der Antike ist es f\u00fcr seine belebenden und therapeutischen Eigenschaften bekannt und bleibt bis heute ein wertvolles Kraut f\u00fcr Gesundheit und K\u00fcche. Traditionell wird sie verwendet: zur Unterst\u00fctzung der Verdauung und zur Linderung von Magenbeschwerden, als nat\u00fcrliches Antiseptikum und Antioxidans, zur Belebung des [&hellip;]","og_url":"https:\/\/chrisopigi.gr\/de\/product\/bohnenkraut-30g\/","og_site_name":"Chrisopigi","twitter_card":"summary_large_image","twitter_misc":{"Gesch\u00e4tzte Lesezeit":"1\u00a0Minute"},"schema":{"@context":"https:\/\/schema.org","@graph":[{"@type":"WebPage","@id":"https:\/\/chrisopigi.gr\/de\/product\/bohnenkraut-30g\/","url":"https:\/\/chrisopigi.gr\/de\/product\/bohnenkraut-30g\/","name":"Bohnenkraut 30g - Chrisopigi","isPartOf":{"@id":"https:\/\/chrisopigi.gr\/de\/#website"},"primaryImageOfPage":{"@id":"https:\/\/chrisopigi.gr\/de\/product\/bohnenkraut-30g\/#primaryimage"},"image":{"@id":"https:\/\/chrisopigi.gr\/de\/product\/bohnenkraut-30g\/#primaryimage"},"thumbnailUrl":"https:\/\/chrisopigi.gr\/wp-content\/uploads\/2025\/12\/image-1.png","datePublished":"2026-04-29T21:32:17+00:00","breadcrumb":{"@id":"https:\/\/chrisopigi.gr\/de\/product\/bohnenkraut-30g\/#breadcrumb"},"inLanguage":"de","potentialAction":[{"@type":"ReadAction","target":["https:\/\/chrisopigi.gr\/de\/product\/bohnenkraut-30g\/"]}]},{"@type":"ImageObject","inLanguage":"de","@id":"https:\/\/chrisopigi.gr\/de\/product\/bohnenkraut-30g\/#primaryimage","url":"https:\/\/chrisopigi.gr\/wp-content\/uploads\/2025\/12\/image-1.png","contentUrl":"https:\/\/chrisopigi.gr\/wp-content\/uploads\/2025\/12\/image-1.png","width":500,"height":700},{"@type":"BreadcrumbList","@id":"https:\/\/chrisopigi.gr\/de\/product\/bohnenkraut-30g\/#breadcrumb","itemListElement":[{"@type":"ListItem","position":1,"name":"\u0391\u03c1\u03c7\u03b9\u03ba\u03ae","item":"https:\/\/chrisopigi.gr\/de\/"},{"@type":"ListItem","position":2,"name":"Online-Shop","item":"https:\/\/chrisopigi.gr\/online-shop\/"},{"@type":"ListItem","position":3,"name":"Bohnenkraut 30g"}]},{"@type":"WebSite","@id":"https:\/\/chrisopigi.gr\/de\/#website","url":"https:\/\/chrisopigi.gr\/de\/","name":"Chrisopigi","description":"\u039a\u03c1\u03b7\u03c4\u03b9\u03ba\u03cc \u03b5\u03bb\u03b1\u03b9\u03cc\u03bb\u03b1\u03b4\u03bf &amp; \u03bc\u03ad\u03bb\u03b9 \u03b1\u03c0\u03cc \u03c4\u03b7\u03bd \u03a7\u03c1\u03c5\u03c3\u03bf\u03c0\u03b7\u03b3\u03ae \u03a3\u03b7\u03c4\u03b5\u03af\u03b1\u03c2","potentialAction":[{"@type":"SearchAction","target":{"@type":"EntryPoint","urlTemplate":"https:\/\/chrisopigi.gr\/de\/?s={search_term_string}"},"query-input":{"@type":"PropertyValueSpecification","valueRequired":true,"valueName":"search_term_string"}}],"inLanguage":"de"}]}},"_links":{"self":[{"href":"https:\/\/chrisopigi.gr\/de\/wp-json\/wp\/v2\/product\/49543"}],"collection":[{"href":"https:\/\/chrisopigi.gr\/de\/wp-json\/wp\/v2\/product"}],"about":[{"href":"https:\/\/chrisopigi.gr\/de\/wp-json\/wp\/v2\/types\/product"}],"replies":[{"embeddable":true,"href":"https:\/\/chrisopigi.gr\/de\/wp-json\/wp\/v2\/comments?post=49543"}],"wp:featuredmedia":[{"embeddable":true,"href":"https:\/\/chrisopigi.gr\/de\/wp-json\/wp\/v2\/media\/49544"}],"wp:attachment":[{"href":"https:\/\/chrisopigi.gr\/de\/wp-json\/wp\/v2\/media?parent=49543"}],"wp:term":[{"taxonomy":"product_cat","embeddable":true,"href":"https:\/\/chrisopigi.gr\/de\/wp-json\/wp\/v2\/product_cat?post=49543"},{"taxonomy":"product_tag","embeddable":true,"href":"https:\/\/chrisopigi.gr\/de\/wp-json\/wp\/v2\/product_tag?post=49543"}],"curies":[{"name":"wp","href":"https:\/\/api.w.org\/{rel}","templated":true}]}}