{"id":49545,"date":"2025-12-04T00:09:46","date_gmt":"2026-04-29T21:37:17","guid":{"rendered":"https:\/\/chrisopigi.gr\/product\/oregano-30g\/"},"modified":"2026-04-30T00:37:17","modified_gmt":"2026-04-29T21:37:17","slug":"oregano-30g","status":"publish","type":"product","link":"https:\/\/chrisopigi.gr\/de\/product\/oregano-30g\/","title":{"rendered":"Oregano 30g"},"content":{"rendered":"<p style=\"text-align: center\" data-start=\"402\" data-end=\"612\">Oregano ist eines der charakteristischsten aromatischen Kr\u00e4uter der griechischen Natur, seit der Antike bekannt f\u00fcr sein intensives Aroma und seine wohltuenden Eigenschaften. Traditionell wird sie verwendet:<\/p>\n<ul style=\"text-align: center\" data-start=\"614\" data-end=\"799\">\n<li data-start=\"614\" data-end=\"654\">\n<p data-start=\"616\" data-end=\"654\">zur St\u00e4rkung des Immunsystems,<\/p>\n<\/li>\n<li data-start=\"655\" data-end=\"703\">\n<p data-start=\"657\" data-end=\"703\">als nat\u00fcrliches antimikrobielles und antioxidatives Mittel,<\/p>\n<\/li>\n<li data-start=\"704\" data-end=\"747\">\n<p data-start=\"706\" data-end=\"747\">zur Linderung von Verdauungsbeschwerden,<\/p>\n<\/li>\n<li data-start=\"748\" data-end=\"799\">\n<p data-start=\"750\" data-end=\"799\">zur Unterst\u00fctzung der Atemwegsfunktion.<\/p>\n<\/li>\n<\/ul>\n<p style=\"text-align: center\" data-start=\"801\" data-end=\"949\">Beim Kochen verleiht er das klassische Aroma der griechischen K\u00fcche: ideal f\u00fcr Salate, Fleisch, Fisch, Gem\u00fcse, Marinaden und jedes mediterrane Rezept.<\/p>\n<h4 style=\"text-align: center\" data-start=\"956\" data-end=\"987\">\ud83c\udf3f Kr\u00e4uteranbau<\/h4>\n<p style=\"text-align: center\" data-start=\"988\" data-end=\"1200\">Unser Oregano wird auf nat\u00fcrliche Weise auf unseren eigenen L\u00e4ndereien auf den fruchtbaren B\u00f6den Kretas angebaut und geerntet. Er wird schonend getrocknet, um sein Aroma und seine aktiven Bestandteile unverf\u00e4lscht zu erhalten. <\/p>\n<p style=\"text-align: center\" data-start=\"1202\" data-end=\"1425\">Mit Respekt f\u00fcr Umwelt und Mensch wenden wir zertifizierte Praktiken der biologischen Landwirtschaft an, w\u00e4hrend die Verarbeitung und Verpackung mit Wissen und Sorgfalt erfolgen, damit ein reines und authentisches Produkt bei Ihnen ankommt.<\/p>\n","protected":false},"excerpt":{"rendered":"<p>Oregano ist eines der charakteristischsten aromatischen Kr\u00e4uter der griechischen Natur, seit der Antike bekannt f\u00fcr sein intensives Aroma und seine wohltuenden Eigenschaften. Traditionell wird sie verwendet: zur St\u00e4rkung des Immunsystems, als nat\u00fcrliches antimikrobielles und antioxidatives Mittel, zur Linderung von Verdauungsbeschwerden, zur Unterst\u00fctzung der Atemwegsfunktion. Beim Kochen verleiht er das klassische Aroma der griechischen K\u00fcche: ideal f\u00fcr Salate, Fleisch, Fisch, Gem\u00fcse, Marinaden und jedes [&hellip;]<\/p>\n","protected":false},"featured_media":49546,"comment_status":"closed","ping_status":"closed","template":"","meta":[],"product_cat":[1838],"product_tag":[],"yoast_head":"<!-- This site is optimized with the Yoast SEO plugin v27.2 - https:\/\/yoast.com\/product\/yoast-seo-wordpress\/ -->\n<title>Oregano 30g - Chrisopigi<\/title>\n<meta name=\"robots\" content=\"index, follow, max-snippet:-1, max-image-preview:large, max-video-preview:-1\" \/>\n<link rel=\"canonical\" href=\"https:\/\/chrisopigi.gr\/de\/product\/oregano-30g\/\" \/>\n<meta property=\"og:locale\" content=\"de_DE\" \/>\n<meta property=\"og:type\" content=\"article\" \/>\n<meta property=\"og:title\" content=\"Oregano 30g - Chrisopigi\" \/>\n<meta property=\"og:description\" content=\"Oregano ist eines der charakteristischsten aromatischen Kr\u00e4uter der griechischen Natur, seit der Antike bekannt f\u00fcr sein intensives Aroma und seine wohltuenden Eigenschaften. Traditionell wird sie verwendet: zur St\u00e4rkung des Immunsystems, als nat\u00fcrliches antimikrobielles und antioxidatives Mittel, zur Linderung von Verdauungsbeschwerden, zur Unterst\u00fctzung der Atemwegsfunktion. Beim Kochen verleiht er das klassische Aroma der griechischen K\u00fcche: ideal f\u00fcr Salate, Fleisch, Fisch, Gem\u00fcse, Marinaden und jedes [&hellip;]\" \/>\n<meta property=\"og:url\" content=\"https:\/\/chrisopigi.gr\/de\/product\/oregano-30g\/\" \/>\n<meta property=\"og:site_name\" content=\"Chrisopigi\" \/>\n<meta name=\"twitter:card\" content=\"summary_large_image\" \/>\n<meta name=\"twitter:label1\" content=\"Gesch\u00e4tzte Lesezeit\" \/>\n\t<meta name=\"twitter:data1\" content=\"1\u00a0Minute\" \/>\n<script type=\"application\/ld+json\" class=\"yoast-schema-graph\">{\"@context\":\"https:\/\/schema.org\",\"@graph\":[{\"@type\":\"WebPage\",\"@id\":\"https:\/\/chrisopigi.gr\/de\/product\/oregano-30g\/\",\"url\":\"https:\/\/chrisopigi.gr\/de\/product\/oregano-30g\/\",\"name\":\"Oregano 30g - Chrisopigi\",\"isPartOf\":{\"@id\":\"https:\/\/chrisopigi.gr\/de\/#website\"},\"primaryImageOfPage\":{\"@id\":\"https:\/\/chrisopigi.gr\/de\/product\/oregano-30g\/#primaryimage\"},\"image\":{\"@id\":\"https:\/\/chrisopigi.gr\/de\/product\/oregano-30g\/#primaryimage\"},\"thumbnailUrl\":\"https:\/\/chrisopigi.gr\/wp-content\/uploads\/2025\/12\/image.png\",\"datePublished\":\"2026-04-29T21:37:17+00:00\",\"breadcrumb\":{\"@id\":\"https:\/\/chrisopigi.gr\/de\/product\/oregano-30g\/#breadcrumb\"},\"inLanguage\":\"de\",\"potentialAction\":[{\"@type\":\"ReadAction\",\"target\":[\"https:\/\/chrisopigi.gr\/de\/product\/oregano-30g\/\"]}]},{\"@type\":\"ImageObject\",\"inLanguage\":\"de\",\"@id\":\"https:\/\/chrisopigi.gr\/de\/product\/oregano-30g\/#primaryimage\",\"url\":\"https:\/\/chrisopigi.gr\/wp-content\/uploads\/2025\/12\/image.png\",\"contentUrl\":\"https:\/\/chrisopigi.gr\/wp-content\/uploads\/2025\/12\/image.png\",\"width\":500,\"height\":700},{\"@type\":\"BreadcrumbList\",\"@id\":\"https:\/\/chrisopigi.gr\/de\/product\/oregano-30g\/#breadcrumb\",\"itemListElement\":[{\"@type\":\"ListItem\",\"position\":1,\"name\":\"\u0391\u03c1\u03c7\u03b9\u03ba\u03ae\",\"item\":\"https:\/\/chrisopigi.gr\/de\/\"},{\"@type\":\"ListItem\",\"position\":2,\"name\":\"Online-Shop\",\"item\":\"https:\/\/chrisopigi.gr\/online-shop\/\"},{\"@type\":\"ListItem\",\"position\":3,\"name\":\"Oregano 30g\"}]},{\"@type\":\"WebSite\",\"@id\":\"https:\/\/chrisopigi.gr\/de\/#website\",\"url\":\"https:\/\/chrisopigi.gr\/de\/\",\"name\":\"Chrisopigi\",\"description\":\"\u039a\u03c1\u03b7\u03c4\u03b9\u03ba\u03cc \u03b5\u03bb\u03b1\u03b9\u03cc\u03bb\u03b1\u03b4\u03bf &amp; \u03bc\u03ad\u03bb\u03b9 \u03b1\u03c0\u03cc \u03c4\u03b7\u03bd \u03a7\u03c1\u03c5\u03c3\u03bf\u03c0\u03b7\u03b3\u03ae \u03a3\u03b7\u03c4\u03b5\u03af\u03b1\u03c2\",\"potentialAction\":[{\"@type\":\"SearchAction\",\"target\":{\"@type\":\"EntryPoint\",\"urlTemplate\":\"https:\/\/chrisopigi.gr\/de\/?s={search_term_string}\"},\"query-input\":{\"@type\":\"PropertyValueSpecification\",\"valueRequired\":true,\"valueName\":\"search_term_string\"}}],\"inLanguage\":\"de\"}]}<\/script>\n<!-- \/ Yoast SEO plugin. -->","yoast_head_json":{"title":"Oregano 30g - Chrisopigi","robots":{"index":"index","follow":"follow","max-snippet":"max-snippet:-1","max-image-preview":"max-image-preview:large","max-video-preview":"max-video-preview:-1"},"canonical":"https:\/\/chrisopigi.gr\/de\/product\/oregano-30g\/","og_locale":"de_DE","og_type":"article","og_title":"Oregano 30g - Chrisopigi","og_description":"Oregano ist eines der charakteristischsten aromatischen Kr\u00e4uter der griechischen Natur, seit der Antike bekannt f\u00fcr sein intensives Aroma und seine wohltuenden Eigenschaften. Traditionell wird sie verwendet: zur St\u00e4rkung des Immunsystems, als nat\u00fcrliches antimikrobielles und antioxidatives Mittel, zur Linderung von Verdauungsbeschwerden, zur Unterst\u00fctzung der Atemwegsfunktion. Beim Kochen verleiht er das klassische Aroma der griechischen K\u00fcche: ideal f\u00fcr Salate, Fleisch, Fisch, Gem\u00fcse, Marinaden und jedes [&hellip;]","og_url":"https:\/\/chrisopigi.gr\/de\/product\/oregano-30g\/","og_site_name":"Chrisopigi","twitter_card":"summary_large_image","twitter_misc":{"Gesch\u00e4tzte Lesezeit":"1\u00a0Minute"},"schema":{"@context":"https:\/\/schema.org","@graph":[{"@type":"WebPage","@id":"https:\/\/chrisopigi.gr\/de\/product\/oregano-30g\/","url":"https:\/\/chrisopigi.gr\/de\/product\/oregano-30g\/","name":"Oregano 30g - Chrisopigi","isPartOf":{"@id":"https:\/\/chrisopigi.gr\/de\/#website"},"primaryImageOfPage":{"@id":"https:\/\/chrisopigi.gr\/de\/product\/oregano-30g\/#primaryimage"},"image":{"@id":"https:\/\/chrisopigi.gr\/de\/product\/oregano-30g\/#primaryimage"},"thumbnailUrl":"https:\/\/chrisopigi.gr\/wp-content\/uploads\/2025\/12\/image.png","datePublished":"2026-04-29T21:37:17+00:00","breadcrumb":{"@id":"https:\/\/chrisopigi.gr\/de\/product\/oregano-30g\/#breadcrumb"},"inLanguage":"de","potentialAction":[{"@type":"ReadAction","target":["https:\/\/chrisopigi.gr\/de\/product\/oregano-30g\/"]}]},{"@type":"ImageObject","inLanguage":"de","@id":"https:\/\/chrisopigi.gr\/de\/product\/oregano-30g\/#primaryimage","url":"https:\/\/chrisopigi.gr\/wp-content\/uploads\/2025\/12\/image.png","contentUrl":"https:\/\/chrisopigi.gr\/wp-content\/uploads\/2025\/12\/image.png","width":500,"height":700},{"@type":"BreadcrumbList","@id":"https:\/\/chrisopigi.gr\/de\/product\/oregano-30g\/#breadcrumb","itemListElement":[{"@type":"ListItem","position":1,"name":"\u0391\u03c1\u03c7\u03b9\u03ba\u03ae","item":"https:\/\/chrisopigi.gr\/de\/"},{"@type":"ListItem","position":2,"name":"Online-Shop","item":"https:\/\/chrisopigi.gr\/online-shop\/"},{"@type":"ListItem","position":3,"name":"Oregano 30g"}]},{"@type":"WebSite","@id":"https:\/\/chrisopigi.gr\/de\/#website","url":"https:\/\/chrisopigi.gr\/de\/","name":"Chrisopigi","description":"\u039a\u03c1\u03b7\u03c4\u03b9\u03ba\u03cc \u03b5\u03bb\u03b1\u03b9\u03cc\u03bb\u03b1\u03b4\u03bf &amp; \u03bc\u03ad\u03bb\u03b9 \u03b1\u03c0\u03cc \u03c4\u03b7\u03bd \u03a7\u03c1\u03c5\u03c3\u03bf\u03c0\u03b7\u03b3\u03ae \u03a3\u03b7\u03c4\u03b5\u03af\u03b1\u03c2","potentialAction":[{"@type":"SearchAction","target":{"@type":"EntryPoint","urlTemplate":"https:\/\/chrisopigi.gr\/de\/?s={search_term_string}"},"query-input":{"@type":"PropertyValueSpecification","valueRequired":true,"valueName":"search_term_string"}}],"inLanguage":"de"}]}},"_links":{"self":[{"href":"https:\/\/chrisopigi.gr\/de\/wp-json\/wp\/v2\/product\/49545"}],"collection":[{"href":"https:\/\/chrisopigi.gr\/de\/wp-json\/wp\/v2\/product"}],"about":[{"href":"https:\/\/chrisopigi.gr\/de\/wp-json\/wp\/v2\/types\/product"}],"replies":[{"embeddable":true,"href":"https:\/\/chrisopigi.gr\/de\/wp-json\/wp\/v2\/comments?post=49545"}],"wp:featuredmedia":[{"embeddable":true,"href":"https:\/\/chrisopigi.gr\/de\/wp-json\/wp\/v2\/media\/49546"}],"wp:attachment":[{"href":"https:\/\/chrisopigi.gr\/de\/wp-json\/wp\/v2\/media?parent=49545"}],"wp:term":[{"taxonomy":"product_cat","embeddable":true,"href":"https:\/\/chrisopigi.gr\/de\/wp-json\/wp\/v2\/product_cat?post=49545"},{"taxonomy":"product_tag","embeddable":true,"href":"https:\/\/chrisopigi.gr\/de\/wp-json\/wp\/v2\/product_tag?post=49545"}],"curies":[{"name":"wp","href":"https:\/\/api.w.org\/{rel}","templated":true}]}}