{"id":49547,"date":"2025-09-01T15:47:05","date_gmt":"2026-04-29T21:42:11","guid":{"rendered":"https:\/\/chrisopigi.gr\/product\/rosmarin-30g\/"},"modified":"2026-04-30T00:42:11","modified_gmt":"2026-04-29T21:42:11","slug":"rosmarin-30g","status":"publish","type":"product","link":"https:\/\/chrisopigi.gr\/de\/product\/rosmarin-30g\/","title":{"rendered":"Rosmarin 30g"},"content":{"rendered":"<p data-start=\"293\" data-end=\"469\">Rosmarin ist eines der beliebtesten aromatischen Kr\u00e4uter der mediterranen Erde, bekannt f\u00fcr seine belebenden und therapeutischen Eigenschaften. Traditionell wird sie verwendet:<\/p>\n<ul data-start=\"470\" data-end=\"634\">\n<li data-start=\"470\" data-end=\"511\">\n<p data-start=\"472\" data-end=\"511\">als Tonikum und zur Stimmungsaufhellung,<\/p>\n<\/li>\n<li data-start=\"512\" data-end=\"573\">\n<p data-start=\"514\" data-end=\"573\">zur Linderung von Verdauungsst\u00f6rungen und Kopfschmerzen,<\/p>\n<\/li>\n<li data-start=\"574\" data-end=\"634\">\n<p data-start=\"576\" data-end=\"634\">gegen Schlaflosigkeit, M\u00fcdigkeit und Erk\u00e4ltungen.<\/p>\n<\/li>\n<\/ul>\n<p data-start=\"636\" data-end=\"785\">\u00c4u\u00dferlich wird er bei Haarausfall und Schuppen angewendet. Beim Kochen verleiht er Saucen, Braten und Grillgerichten ein wunderbares Aroma.<\/p>\n<p data-start=\"787\" data-end=\"1171\">\ud83c\udf3f Kr\u00e4uteranbau<br data-start=\"813\" data-end=\"816\">Alle unsere Kr\u00e4uter werden auf nat\u00fcrliche Weise auf unseren eigenen L\u00e4ndereien angebaut und geerntet. Sie werden schonend getrocknet, um ihre Aromen und wohltuenden Bestandteile zu bewahren. Mit Respekt f\u00fcr Natur und Mensch wenden wir Praktiken der zertifizierten biologischen Landwirtschaft an und produzieren \u00e4therische \u00d6le in unserer eigenen zertifizierten Destillieranlage. <\/p>\n","protected":false},"excerpt":{"rendered":"<p>Rosmarin ist eines der beliebtesten aromatischen Kr\u00e4uter der mediterranen Erde, bekannt f\u00fcr seine belebenden und therapeutischen Eigenschaften. Traditionell wird sie verwendet: als Tonikum und zur Stimmungsaufhellung, zur Linderung von Verdauungsst\u00f6rungen und Kopfschmerzen, gegen Schlaflosigkeit, M\u00fcdigkeit und Erk\u00e4ltungen. \u00c4u\u00dferlich wird er bei Haarausfall und Schuppen angewendet. Beim Kochen verleiht er Saucen, Braten und Grillgerichten ein wunderbares Aroma. \ud83c\udf3f Kr\u00e4uteranbauAlle unsere Kr\u00e4uter werden auf nat\u00fcrliche [&hellip;]<\/p>\n","protected":false},"featured_media":49548,"comment_status":"closed","ping_status":"closed","template":"","meta":[],"product_cat":[1838],"product_tag":[],"yoast_head":"<!-- This site is optimized with the Yoast SEO plugin v27.2 - https:\/\/yoast.com\/product\/yoast-seo-wordpress\/ -->\n<title>Rosmarin 30g - Chrisopigi<\/title>\n<meta name=\"robots\" content=\"index, follow, max-snippet:-1, max-image-preview:large, max-video-preview:-1\" \/>\n<link rel=\"canonical\" href=\"https:\/\/chrisopigi.gr\/de\/product\/rosmarin-30g\/\" \/>\n<meta property=\"og:locale\" content=\"de_DE\" \/>\n<meta property=\"og:type\" content=\"article\" \/>\n<meta property=\"og:title\" content=\"Rosmarin 30g - Chrisopigi\" \/>\n<meta property=\"og:description\" content=\"Rosmarin ist eines der beliebtesten aromatischen Kr\u00e4uter der mediterranen Erde, bekannt f\u00fcr seine belebenden und therapeutischen Eigenschaften. Traditionell wird sie verwendet: als Tonikum und zur Stimmungsaufhellung, zur Linderung von Verdauungsst\u00f6rungen und Kopfschmerzen, gegen Schlaflosigkeit, M\u00fcdigkeit und Erk\u00e4ltungen. \u00c4u\u00dferlich wird er bei Haarausfall und Schuppen angewendet. Beim Kochen verleiht er Saucen, Braten und Grillgerichten ein wunderbares Aroma. \ud83c\udf3f Kr\u00e4uteranbauAlle unsere Kr\u00e4uter werden auf nat\u00fcrliche [&hellip;]\" \/>\n<meta property=\"og:url\" content=\"https:\/\/chrisopigi.gr\/de\/product\/rosmarin-30g\/\" \/>\n<meta property=\"og:site_name\" content=\"Chrisopigi\" \/>\n<meta name=\"twitter:card\" content=\"summary_large_image\" \/>\n<meta name=\"twitter:label1\" content=\"Gesch\u00e4tzte Lesezeit\" \/>\n\t<meta name=\"twitter:data1\" content=\"1\u00a0Minute\" \/>\n<script type=\"application\/ld+json\" class=\"yoast-schema-graph\">{\"@context\":\"https:\/\/schema.org\",\"@graph\":[{\"@type\":\"WebPage\",\"@id\":\"https:\/\/chrisopigi.gr\/de\/product\/rosmarin-30g\/\",\"url\":\"https:\/\/chrisopigi.gr\/de\/product\/rosmarin-30g\/\",\"name\":\"Rosmarin 30g - Chrisopigi\",\"isPartOf\":{\"@id\":\"https:\/\/chrisopigi.gr\/de\/#website\"},\"primaryImageOfPage\":{\"@id\":\"https:\/\/chrisopigi.gr\/de\/product\/rosmarin-30g\/#primaryimage\"},\"image\":{\"@id\":\"https:\/\/chrisopigi.gr\/de\/product\/rosmarin-30g\/#primaryimage\"},\"thumbnailUrl\":\"https:\/\/chrisopigi.gr\/wp-content\/uploads\/2025\/09\/image.png\",\"datePublished\":\"2026-04-29T21:42:11+00:00\",\"breadcrumb\":{\"@id\":\"https:\/\/chrisopigi.gr\/de\/product\/rosmarin-30g\/#breadcrumb\"},\"inLanguage\":\"de\",\"potentialAction\":[{\"@type\":\"ReadAction\",\"target\":[\"https:\/\/chrisopigi.gr\/de\/product\/rosmarin-30g\/\"]}]},{\"@type\":\"ImageObject\",\"inLanguage\":\"de\",\"@id\":\"https:\/\/chrisopigi.gr\/de\/product\/rosmarin-30g\/#primaryimage\",\"url\":\"https:\/\/chrisopigi.gr\/wp-content\/uploads\/2025\/09\/image.png\",\"contentUrl\":\"https:\/\/chrisopigi.gr\/wp-content\/uploads\/2025\/09\/image.png\",\"width\":2000,\"height\":2000},{\"@type\":\"BreadcrumbList\",\"@id\":\"https:\/\/chrisopigi.gr\/de\/product\/rosmarin-30g\/#breadcrumb\",\"itemListElement\":[{\"@type\":\"ListItem\",\"position\":1,\"name\":\"\u0391\u03c1\u03c7\u03b9\u03ba\u03ae\",\"item\":\"https:\/\/chrisopigi.gr\/de\/\"},{\"@type\":\"ListItem\",\"position\":2,\"name\":\"Online-Shop\",\"item\":\"https:\/\/chrisopigi.gr\/online-shop\/\"},{\"@type\":\"ListItem\",\"position\":3,\"name\":\"Rosmarin 30g\"}]},{\"@type\":\"WebSite\",\"@id\":\"https:\/\/chrisopigi.gr\/de\/#website\",\"url\":\"https:\/\/chrisopigi.gr\/de\/\",\"name\":\"Chrisopigi\",\"description\":\"\u039a\u03c1\u03b7\u03c4\u03b9\u03ba\u03cc \u03b5\u03bb\u03b1\u03b9\u03cc\u03bb\u03b1\u03b4\u03bf &amp; \u03bc\u03ad\u03bb\u03b9 \u03b1\u03c0\u03cc \u03c4\u03b7\u03bd \u03a7\u03c1\u03c5\u03c3\u03bf\u03c0\u03b7\u03b3\u03ae \u03a3\u03b7\u03c4\u03b5\u03af\u03b1\u03c2\",\"potentialAction\":[{\"@type\":\"SearchAction\",\"target\":{\"@type\":\"EntryPoint\",\"urlTemplate\":\"https:\/\/chrisopigi.gr\/de\/?s={search_term_string}\"},\"query-input\":{\"@type\":\"PropertyValueSpecification\",\"valueRequired\":true,\"valueName\":\"search_term_string\"}}],\"inLanguage\":\"de\"}]}<\/script>\n<!-- \/ Yoast SEO plugin. -->","yoast_head_json":{"title":"Rosmarin 30g - Chrisopigi","robots":{"index":"index","follow":"follow","max-snippet":"max-snippet:-1","max-image-preview":"max-image-preview:large","max-video-preview":"max-video-preview:-1"},"canonical":"https:\/\/chrisopigi.gr\/de\/product\/rosmarin-30g\/","og_locale":"de_DE","og_type":"article","og_title":"Rosmarin 30g - Chrisopigi","og_description":"Rosmarin ist eines der beliebtesten aromatischen Kr\u00e4uter der mediterranen Erde, bekannt f\u00fcr seine belebenden und therapeutischen Eigenschaften. Traditionell wird sie verwendet: als Tonikum und zur Stimmungsaufhellung, zur Linderung von Verdauungsst\u00f6rungen und Kopfschmerzen, gegen Schlaflosigkeit, M\u00fcdigkeit und Erk\u00e4ltungen. \u00c4u\u00dferlich wird er bei Haarausfall und Schuppen angewendet. Beim Kochen verleiht er Saucen, Braten und Grillgerichten ein wunderbares Aroma. \ud83c\udf3f Kr\u00e4uteranbauAlle unsere Kr\u00e4uter werden auf nat\u00fcrliche [&hellip;]","og_url":"https:\/\/chrisopigi.gr\/de\/product\/rosmarin-30g\/","og_site_name":"Chrisopigi","twitter_card":"summary_large_image","twitter_misc":{"Gesch\u00e4tzte Lesezeit":"1\u00a0Minute"},"schema":{"@context":"https:\/\/schema.org","@graph":[{"@type":"WebPage","@id":"https:\/\/chrisopigi.gr\/de\/product\/rosmarin-30g\/","url":"https:\/\/chrisopigi.gr\/de\/product\/rosmarin-30g\/","name":"Rosmarin 30g - Chrisopigi","isPartOf":{"@id":"https:\/\/chrisopigi.gr\/de\/#website"},"primaryImageOfPage":{"@id":"https:\/\/chrisopigi.gr\/de\/product\/rosmarin-30g\/#primaryimage"},"image":{"@id":"https:\/\/chrisopigi.gr\/de\/product\/rosmarin-30g\/#primaryimage"},"thumbnailUrl":"https:\/\/chrisopigi.gr\/wp-content\/uploads\/2025\/09\/image.png","datePublished":"2026-04-29T21:42:11+00:00","breadcrumb":{"@id":"https:\/\/chrisopigi.gr\/de\/product\/rosmarin-30g\/#breadcrumb"},"inLanguage":"de","potentialAction":[{"@type":"ReadAction","target":["https:\/\/chrisopigi.gr\/de\/product\/rosmarin-30g\/"]}]},{"@type":"ImageObject","inLanguage":"de","@id":"https:\/\/chrisopigi.gr\/de\/product\/rosmarin-30g\/#primaryimage","url":"https:\/\/chrisopigi.gr\/wp-content\/uploads\/2025\/09\/image.png","contentUrl":"https:\/\/chrisopigi.gr\/wp-content\/uploads\/2025\/09\/image.png","width":2000,"height":2000},{"@type":"BreadcrumbList","@id":"https:\/\/chrisopigi.gr\/de\/product\/rosmarin-30g\/#breadcrumb","itemListElement":[{"@type":"ListItem","position":1,"name":"\u0391\u03c1\u03c7\u03b9\u03ba\u03ae","item":"https:\/\/chrisopigi.gr\/de\/"},{"@type":"ListItem","position":2,"name":"Online-Shop","item":"https:\/\/chrisopigi.gr\/online-shop\/"},{"@type":"ListItem","position":3,"name":"Rosmarin 30g"}]},{"@type":"WebSite","@id":"https:\/\/chrisopigi.gr\/de\/#website","url":"https:\/\/chrisopigi.gr\/de\/","name":"Chrisopigi","description":"\u039a\u03c1\u03b7\u03c4\u03b9\u03ba\u03cc \u03b5\u03bb\u03b1\u03b9\u03cc\u03bb\u03b1\u03b4\u03bf &amp; \u03bc\u03ad\u03bb\u03b9 \u03b1\u03c0\u03cc \u03c4\u03b7\u03bd \u03a7\u03c1\u03c5\u03c3\u03bf\u03c0\u03b7\u03b3\u03ae \u03a3\u03b7\u03c4\u03b5\u03af\u03b1\u03c2","potentialAction":[{"@type":"SearchAction","target":{"@type":"EntryPoint","urlTemplate":"https:\/\/chrisopigi.gr\/de\/?s={search_term_string}"},"query-input":{"@type":"PropertyValueSpecification","valueRequired":true,"valueName":"search_term_string"}}],"inLanguage":"de"}]}},"_links":{"self":[{"href":"https:\/\/chrisopigi.gr\/de\/wp-json\/wp\/v2\/product\/49547"}],"collection":[{"href":"https:\/\/chrisopigi.gr\/de\/wp-json\/wp\/v2\/product"}],"about":[{"href":"https:\/\/chrisopigi.gr\/de\/wp-json\/wp\/v2\/types\/product"}],"replies":[{"embeddable":true,"href":"https:\/\/chrisopigi.gr\/de\/wp-json\/wp\/v2\/comments?post=49547"}],"wp:featuredmedia":[{"embeddable":true,"href":"https:\/\/chrisopigi.gr\/de\/wp-json\/wp\/v2\/media\/49548"}],"wp:attachment":[{"href":"https:\/\/chrisopigi.gr\/de\/wp-json\/wp\/v2\/media?parent=49547"}],"wp:term":[{"taxonomy":"product_cat","embeddable":true,"href":"https:\/\/chrisopigi.gr\/de\/wp-json\/wp\/v2\/product_cat?post=49547"},{"taxonomy":"product_tag","embeddable":true,"href":"https:\/\/chrisopigi.gr\/de\/wp-json\/wp\/v2\/product_tag?post=49547"}],"curies":[{"name":"wp","href":"https:\/\/api.w.org\/{rel}","templated":true}]}}