{"id":49549,"date":"2025-07-14T23:49:03","date_gmt":"2026-04-29T21:44:50","guid":{"rendered":"https:\/\/chrisopigi.gr\/product\/chrisopigi-johannisbrotsirup-100ml\/"},"modified":"2026-04-30T00:44:50","modified_gmt":"2026-04-29T21:44:50","slug":"chrisopigi-johannisbrotsirup-100ml","status":"publish","type":"product","link":"https:\/\/chrisopigi.gr\/de\/product\/chrisopigi-johannisbrotsirup-100ml\/","title":{"rendered":"Chrisopigi Johannisbrotsirup 100ml"},"content":{"rendered":"<p>100% nat\u00fcrlicher Sirup aus Johannisbrot aus biologischem Anbau.<\/p>\n<p>\u2714\ufe0f Ohne Zucker \u2714\ufe0f Ohne Konservierungsstoffe \u2714\ufe0f Griechisches Produkt<\/p>\n<p>Johannisbrotsirup ist eine nat\u00fcrliche Alternative zu Zucker, reich an Kalzium und Antioxidantien. Ideal f\u00fcr Getr\u00e4nke, Desserts oder als Topping f\u00fcr Joghurt &amp; Pancakes. <\/p>\n","protected":false},"excerpt":{"rendered":"<p>100% nat\u00fcrlicher Sirup aus Johannisbrot aus biologischem Anbau. \u2714\ufe0f Ohne Zucker \u2714\ufe0f Ohne Konservierungsstoffe \u2714\ufe0f Griechisches Produkt Johannisbrotsirup ist eine nat\u00fcrliche Alternative zu Zucker, reich an Kalzium und Antioxidantien. Ideal f\u00fcr Getr\u00e4nke, Desserts oder als Topping f\u00fcr Joghurt &amp; Pancakes.<\/p>\n","protected":false},"featured_media":49550,"comment_status":"closed","ping_status":"closed","template":"","meta":[],"product_cat":[1839],"product_tag":[1768],"yoast_head":"<!-- This site is optimized with the Yoast SEO plugin v27.2 - https:\/\/yoast.com\/product\/yoast-seo-wordpress\/ -->\n<title>Chrisopigi Johannisbrotsirup 100ml - Chrisopigi<\/title>\n<meta name=\"robots\" content=\"index, follow, max-snippet:-1, max-image-preview:large, max-video-preview:-1\" \/>\n<link rel=\"canonical\" href=\"https:\/\/chrisopigi.gr\/de\/product\/chrisopigi-johannisbrotsirup-100ml\/\" \/>\n<meta property=\"og:locale\" content=\"de_DE\" \/>\n<meta property=\"og:type\" content=\"article\" \/>\n<meta property=\"og:title\" content=\"Chrisopigi Johannisbrotsirup 100ml - Chrisopigi\" \/>\n<meta property=\"og:description\" content=\"100% nat\u00fcrlicher Sirup aus Johannisbrot aus biologischem Anbau. \u2714\ufe0f Ohne Zucker \u2714\ufe0f Ohne Konservierungsstoffe \u2714\ufe0f Griechisches Produkt Johannisbrotsirup ist eine nat\u00fcrliche Alternative zu Zucker, reich an Kalzium und Antioxidantien. Ideal f\u00fcr Getr\u00e4nke, Desserts oder als Topping f\u00fcr Joghurt &amp; Pancakes.\" \/>\n<meta property=\"og:url\" content=\"https:\/\/chrisopigi.gr\/de\/product\/chrisopigi-johannisbrotsirup-100ml\/\" \/>\n<meta property=\"og:site_name\" content=\"Chrisopigi\" \/>\n<meta property=\"og:image\" content=\"https:\/\/chrisopigi.gr\/wp-content\/uploads\/2025\/07\/CAROB-SYRUP-100GR.jpg\" \/>\n\t<meta property=\"og:image:width\" content=\"1078\" \/>\n\t<meta property=\"og:image:height\" content=\"1084\" \/>\n\t<meta property=\"og:image:type\" content=\"image\/jpeg\" \/>\n<meta name=\"twitter:card\" content=\"summary_large_image\" \/>\n<script type=\"application\/ld+json\" class=\"yoast-schema-graph\">{\"@context\":\"https:\/\/schema.org\",\"@graph\":[{\"@type\":\"WebPage\",\"@id\":\"https:\/\/chrisopigi.gr\/de\/product\/chrisopigi-johannisbrotsirup-100ml\/\",\"url\":\"https:\/\/chrisopigi.gr\/de\/product\/chrisopigi-johannisbrotsirup-100ml\/\",\"name\":\"Chrisopigi Johannisbrotsirup 100ml - Chrisopigi\",\"isPartOf\":{\"@id\":\"https:\/\/chrisopigi.gr\/de\/#website\"},\"primaryImageOfPage\":{\"@id\":\"https:\/\/chrisopigi.gr\/de\/product\/chrisopigi-johannisbrotsirup-100ml\/#primaryimage\"},\"image\":{\"@id\":\"https:\/\/chrisopigi.gr\/de\/product\/chrisopigi-johannisbrotsirup-100ml\/#primaryimage\"},\"thumbnailUrl\":\"https:\/\/chrisopigi.gr\/wp-content\/uploads\/2025\/07\/CAROB-SYRUP-100GR.jpg\",\"datePublished\":\"2026-04-29T21:44:50+00:00\",\"breadcrumb\":{\"@id\":\"https:\/\/chrisopigi.gr\/de\/product\/chrisopigi-johannisbrotsirup-100ml\/#breadcrumb\"},\"inLanguage\":\"de\",\"potentialAction\":[{\"@type\":\"ReadAction\",\"target\":[\"https:\/\/chrisopigi.gr\/de\/product\/chrisopigi-johannisbrotsirup-100ml\/\"]}]},{\"@type\":\"ImageObject\",\"inLanguage\":\"de\",\"@id\":\"https:\/\/chrisopigi.gr\/de\/product\/chrisopigi-johannisbrotsirup-100ml\/#primaryimage\",\"url\":\"https:\/\/chrisopigi.gr\/wp-content\/uploads\/2025\/07\/CAROB-SYRUP-100GR.jpg\",\"contentUrl\":\"https:\/\/chrisopigi.gr\/wp-content\/uploads\/2025\/07\/CAROB-SYRUP-100GR.jpg\",\"width\":1078,\"height\":1084,\"caption\":\"Screenshot\"},{\"@type\":\"BreadcrumbList\",\"@id\":\"https:\/\/chrisopigi.gr\/de\/product\/chrisopigi-johannisbrotsirup-100ml\/#breadcrumb\",\"itemListElement\":[{\"@type\":\"ListItem\",\"position\":1,\"name\":\"\u0391\u03c1\u03c7\u03b9\u03ba\u03ae\",\"item\":\"https:\/\/chrisopigi.gr\/de\/\"},{\"@type\":\"ListItem\",\"position\":2,\"name\":\"Online-Shop\",\"item\":\"https:\/\/chrisopigi.gr\/online-shop\/\"},{\"@type\":\"ListItem\",\"position\":3,\"name\":\"Chrisopigi Johannisbrotsirup 100ml\"}]},{\"@type\":\"WebSite\",\"@id\":\"https:\/\/chrisopigi.gr\/de\/#website\",\"url\":\"https:\/\/chrisopigi.gr\/de\/\",\"name\":\"Chrisopigi\",\"description\":\"\u039a\u03c1\u03b7\u03c4\u03b9\u03ba\u03cc \u03b5\u03bb\u03b1\u03b9\u03cc\u03bb\u03b1\u03b4\u03bf &amp; \u03bc\u03ad\u03bb\u03b9 \u03b1\u03c0\u03cc \u03c4\u03b7\u03bd \u03a7\u03c1\u03c5\u03c3\u03bf\u03c0\u03b7\u03b3\u03ae \u03a3\u03b7\u03c4\u03b5\u03af\u03b1\u03c2\",\"potentialAction\":[{\"@type\":\"SearchAction\",\"target\":{\"@type\":\"EntryPoint\",\"urlTemplate\":\"https:\/\/chrisopigi.gr\/de\/?s={search_term_string}\"},\"query-input\":{\"@type\":\"PropertyValueSpecification\",\"valueRequired\":true,\"valueName\":\"search_term_string\"}}],\"inLanguage\":\"de\"}]}<\/script>\n<!-- \/ Yoast SEO plugin. -->","yoast_head_json":{"title":"Chrisopigi Johannisbrotsirup 100ml - Chrisopigi","robots":{"index":"index","follow":"follow","max-snippet":"max-snippet:-1","max-image-preview":"max-image-preview:large","max-video-preview":"max-video-preview:-1"},"canonical":"https:\/\/chrisopigi.gr\/de\/product\/chrisopigi-johannisbrotsirup-100ml\/","og_locale":"de_DE","og_type":"article","og_title":"Chrisopigi Johannisbrotsirup 100ml - Chrisopigi","og_description":"100% nat\u00fcrlicher Sirup aus Johannisbrot aus biologischem Anbau. \u2714\ufe0f Ohne Zucker \u2714\ufe0f Ohne Konservierungsstoffe \u2714\ufe0f Griechisches Produkt Johannisbrotsirup ist eine nat\u00fcrliche Alternative zu Zucker, reich an Kalzium und Antioxidantien. Ideal f\u00fcr Getr\u00e4nke, Desserts oder als Topping f\u00fcr Joghurt &amp; Pancakes.","og_url":"https:\/\/chrisopigi.gr\/de\/product\/chrisopigi-johannisbrotsirup-100ml\/","og_site_name":"Chrisopigi","og_image":[{"width":1078,"height":1084,"url":"https:\/\/chrisopigi.gr\/wp-content\/uploads\/2025\/07\/CAROB-SYRUP-100GR.jpg","type":"image\/jpeg"}],"twitter_card":"summary_large_image","schema":{"@context":"https:\/\/schema.org","@graph":[{"@type":"WebPage","@id":"https:\/\/chrisopigi.gr\/de\/product\/chrisopigi-johannisbrotsirup-100ml\/","url":"https:\/\/chrisopigi.gr\/de\/product\/chrisopigi-johannisbrotsirup-100ml\/","name":"Chrisopigi Johannisbrotsirup 100ml - Chrisopigi","isPartOf":{"@id":"https:\/\/chrisopigi.gr\/de\/#website"},"primaryImageOfPage":{"@id":"https:\/\/chrisopigi.gr\/de\/product\/chrisopigi-johannisbrotsirup-100ml\/#primaryimage"},"image":{"@id":"https:\/\/chrisopigi.gr\/de\/product\/chrisopigi-johannisbrotsirup-100ml\/#primaryimage"},"thumbnailUrl":"https:\/\/chrisopigi.gr\/wp-content\/uploads\/2025\/07\/CAROB-SYRUP-100GR.jpg","datePublished":"2026-04-29T21:44:50+00:00","breadcrumb":{"@id":"https:\/\/chrisopigi.gr\/de\/product\/chrisopigi-johannisbrotsirup-100ml\/#breadcrumb"},"inLanguage":"de","potentialAction":[{"@type":"ReadAction","target":["https:\/\/chrisopigi.gr\/de\/product\/chrisopigi-johannisbrotsirup-100ml\/"]}]},{"@type":"ImageObject","inLanguage":"de","@id":"https:\/\/chrisopigi.gr\/de\/product\/chrisopigi-johannisbrotsirup-100ml\/#primaryimage","url":"https:\/\/chrisopigi.gr\/wp-content\/uploads\/2025\/07\/CAROB-SYRUP-100GR.jpg","contentUrl":"https:\/\/chrisopigi.gr\/wp-content\/uploads\/2025\/07\/CAROB-SYRUP-100GR.jpg","width":1078,"height":1084,"caption":"Screenshot"},{"@type":"BreadcrumbList","@id":"https:\/\/chrisopigi.gr\/de\/product\/chrisopigi-johannisbrotsirup-100ml\/#breadcrumb","itemListElement":[{"@type":"ListItem","position":1,"name":"\u0391\u03c1\u03c7\u03b9\u03ba\u03ae","item":"https:\/\/chrisopigi.gr\/de\/"},{"@type":"ListItem","position":2,"name":"Online-Shop","item":"https:\/\/chrisopigi.gr\/online-shop\/"},{"@type":"ListItem","position":3,"name":"Chrisopigi Johannisbrotsirup 100ml"}]},{"@type":"WebSite","@id":"https:\/\/chrisopigi.gr\/de\/#website","url":"https:\/\/chrisopigi.gr\/de\/","name":"Chrisopigi","description":"\u039a\u03c1\u03b7\u03c4\u03b9\u03ba\u03cc \u03b5\u03bb\u03b1\u03b9\u03cc\u03bb\u03b1\u03b4\u03bf &amp; \u03bc\u03ad\u03bb\u03b9 \u03b1\u03c0\u03cc \u03c4\u03b7\u03bd \u03a7\u03c1\u03c5\u03c3\u03bf\u03c0\u03b7\u03b3\u03ae \u03a3\u03b7\u03c4\u03b5\u03af\u03b1\u03c2","potentialAction":[{"@type":"SearchAction","target":{"@type":"EntryPoint","urlTemplate":"https:\/\/chrisopigi.gr\/de\/?s={search_term_string}"},"query-input":{"@type":"PropertyValueSpecification","valueRequired":true,"valueName":"search_term_string"}}],"inLanguage":"de"}]}},"_links":{"self":[{"href":"https:\/\/chrisopigi.gr\/de\/wp-json\/wp\/v2\/product\/49549"}],"collection":[{"href":"https:\/\/chrisopigi.gr\/de\/wp-json\/wp\/v2\/product"}],"about":[{"href":"https:\/\/chrisopigi.gr\/de\/wp-json\/wp\/v2\/types\/product"}],"replies":[{"embeddable":true,"href":"https:\/\/chrisopigi.gr\/de\/wp-json\/wp\/v2\/comments?post=49549"}],"wp:featuredmedia":[{"embeddable":true,"href":"https:\/\/chrisopigi.gr\/de\/wp-json\/wp\/v2\/media\/49550"}],"wp:attachment":[{"href":"https:\/\/chrisopigi.gr\/de\/wp-json\/wp\/v2\/media?parent=49549"}],"wp:term":[{"taxonomy":"product_cat","embeddable":true,"href":"https:\/\/chrisopigi.gr\/de\/wp-json\/wp\/v2\/product_cat?post=49549"},{"taxonomy":"product_tag","embeddable":true,"href":"https:\/\/chrisopigi.gr\/de\/wp-json\/wp\/v2\/product_tag?post=49549"}],"curies":[{"name":"wp","href":"https:\/\/api.w.org\/{rel}","templated":true}]}}